{"id":2423,"date":"2024-10-03T10:05:38","date_gmt":"2024-10-03T03:05:38","guid":{"rendered":"https:\/\/fixmobile.vn\/?post_type=product&#038;p=2423"},"modified":"2024-11-29T13:49:56","modified_gmt":"2024-11-29T06:49:56","slug":"iphone-15-pro-maxapple-chinh-hang","status":"publish","type":"product","link":"https:\/\/fixmobile.vn\/?product=iphone-15-pro-maxapple-chinh-hang","title":{"rendered":"Iphone 15 Pro Max|Ch\u00ednh h\u00e3ng VN\/A"},"content":{"rendered":"<h1 style=\"text-align: center;\">Iphone 15 Pro Max<\/h1>\n<h3>Thi\u1ebft k\u1ebf titan chu\u1ea9n h\u00e0ng kh\u00f4ng v\u0169 tr\u1ee5<\/h3>\n<p>iPhone 15 Pro Max\u00a0th\u1ec3 hi\u1ec7n \u0111\u1eb3ng c\u1ea5p ngay t\u1eeb v\u1ebb b\u1ec1 ngo\u00e0i v\u1edbi khung vi\u1ec1n b\u1eb1ng titan b\u00f3ng b\u1ea9y, tinh t\u1ebf, \u0111\u1eb9p m\u1ed9t c\u00e1ch sang tr\u1ecdng. Apple \u0111\u00e3 m\u1ea5t r\u1ea5t nhi\u1ec1u quy tr\u00ecnh gia c\u00f4ng c\u01a1 kh\u00ed, ch\u00e0 nh\u00e1m, \u0111\u00e1nh b\u00f3ng v\u00e0 phun m\u00e0i \u0111\u1ec3 t\u1ea1o n\u00ean m\u1ed9t ch\u1ea5t li\u1ec7u v\u1eeba \u0111\u1eb9p, v\u1eeba b\u1ec1n, l\u1ea1i r\u1ea5t nh\u1eb9. Ph\u1ea7n khung iPhone 15 Pro Max c\u00f2n \u0111\u01b0\u1ee3c u\u1ed1n cong, k\u1ebft h\u1ee3p v\u1edbi ki\u1ec3u d\u00e1ng si\u00eau m\u1ecfng gi\u00fap ho\u00e0n h\u1ea3o trong l\u00f2ng b\u00e0n tay.<\/p>\n<p><img loading=\"lazy\" decoding=\"async\" class=\"size-full wp-image-2429 aligncenter\" src=\"http:\/\/fixmobile.vn\/wp-content\/uploads\/2024\/10\/iphone_15-1.jpg\" alt=\"\" width=\"564\" height=\"376\" \/><\/p>\n<p>N\u00f3i qua m\u1ed9t ch\u00fat v\u1ec1 khung vi\u1ec1n titan tr\u00ean iPhone 15 Pro Max, ph\u1ea7n khung s\u01b0\u1eddn \u0111\u01b0\u1ee3c l\u00e0m t\u1eeb 100% nh\u00f4m t\u00e1i ch\u1ebf, \u0111\u1ea3m b\u1ea3o nh\u1eb9 v\u00e0 th\u00e2n thi\u1ec7n v\u1edbi m\u00f4i tr\u01b0\u1eddng. Ph\u1ea7n vi\u1ec1n titan s\u1ebd \u0111\u01b0\u1ee3c g\u1eafn v\u1edbi khung s\u01b0\u1eddn nh\u00f4m b\u1eb1ng c\u00f4ng ngh\u1ec7 khu\u1ebfch t\u00e1n tr\u1ea1ng th\u00e1i r\u1eafn, s\u1eed d\u1ee5ng quy tr\u00ecnh nhi\u1ec7t c\u01a1 kh\u00ed \u0111\u1ec3 n\u1ed1i hai v\u1eadt li\u1ec7u kim lo\u1ea1i l\u1ea1i v\u1edbi nhau, t\u1ea1o \u0111\u1ed9 b\u1ec1n ch\u1eafc ho\u00e0n h\u1ea3o. B\u1ea1n s\u1ebd c\u00f3 chi\u1ebfc iPhone b\u1ea3n Pro Max nh\u1eb9 nh\u1ea5t t\u1eeb tr\u01b0\u1edbc \u0111\u1ebfn nay, tho\u1ea3i m\u00e1i \u0111\u1ec3 c\u1ea7m tr\u00ean tay v\u00e0 s\u1eed d\u1ee5ng trong th\u1eddi gian d\u00e0i.<\/p>\n<h3>M\u00e0n h\u00ecnh Super Retina XDR ti\u00ean ti\u1ebfn si\u00eau m\u01b0\u1ee3t<\/h3>\n<p>Tr\u1ea3i nghi\u1ec7m h\u00ecnh \u1ea3nh tr\u00ean iPhone 15 Pro Max h\u1ebft s\u1ee9c \u1ea5n t\u01b0\u1ee3ng v\u1ec1 c\u1ea3 ch\u1ea5t l\u01b0\u1ee3ng hi\u1ec3n th\u1ecb l\u1eabn \u0111\u1ed9 m\u01b0\u1ee3t m\u00e0. C\u00f4ng ngh\u1ec7 Super Retina XDR k\u00edch th\u01b0\u1edbc l\u1edbn t\u1edbi 6,7 inch OLED, \u0111\u1ed9 ph\u00e2n gi\u1ea3i 2796&#215;1290 pixel v\u1edbi m\u1eadt \u0111\u1ed9 \u0111i\u1ec3m \u1ea3nh 460 ppi si\u00eau n\u00e9t, t\u00e1i hi\u1ec7n m\u1ecdi th\u1ee9 m\u1ed9t c\u00e1ch s\u1ed1ng \u0111\u1ed9ng \u0111\u00e1ng kinh ng\u1ea1c. C\u00f4ng ngh\u1ec7 ProMotion v\u1edbi t\u1ed1c \u0111\u1ed9 l\u00e0m m\u1edbi l\u00ean t\u1edbi 120Hz, c\u00f3 th\u1ec3 thay \u0111\u1ed5i linh ho\u1ea1t, gi\u00fap c\u00e1c thao t\u00e1c vu\u1ed1t ch\u1ea1m lu\u00f4n lu\u00f4n m\u01b0\u1ee3t m\u00e0, \u0111\u1ed3ng th\u1eddi v\u1eabn \u0111\u1ea3m b\u1ea3o ti\u1ebft ki\u1ec7m pin.<\/p>\n<p><img loading=\"lazy\" decoding=\"async\" class=\"size-full wp-image-2425 aligncenter\" src=\"http:\/\/fixmobile.vn\/wp-content\/uploads\/2024\/10\/iphone_151.jpg\" alt=\"\" width=\"564\" height=\"376\" \/><\/p>\n<p>Khu v\u1ef1c Dynamic Island tr\u00ean m\u00e0n h\u00ecnh iPhone 15 Pro Max s\u1ebd l\u00e0 n\u01a1i hi\u1ec3n th\u1ecb c\u00e1c th\u00f4ng b\u00e1o v\u00e0 nh\u1eefng th\u00f4ng tin ch\u00ednh c\u1ee7a \u1ee9ng d\u1ee5ng m\u1ed9t c\u00e1ch tr\u1ef1c quan \u0111\u1ec3 b\u1ea1n lu\u00f4n \u0111\u01b0\u1ee3c c\u1eadp nh\u1eadt theo c\u00e1ch ti\u1ec7n l\u1ee3i nh\u1ea5t. T\u00ednh n\u0103ng m\u00e0n h\u00ecnh lu\u00f4n b\u1eadt c\u1ea3i ti\u1ebfn v\u1edbi ch\u1ebf \u0111\u1ed9 ch\u1edd, s\u1ebd bi\u1ebfn iPhone 15 Pro Max th\u00e0nh m\u1ed9t chi\u1ebfc \u0111\u1ed3ng h\u1ed3 \u0111\u1ec3 b\u00e0n c\u1ef1c ch\u1ea5t, hi\u1ec3n th\u1ecb nh\u1eefng th\u00f4ng tin c\u1ea7n thi\u1ebft.<\/p>\n<h3>Chip A17 Pro, \u0111\u01b0a s\u1ee9c m\u1ea1nh c\u1ee7a iPhone l\u00ean gi\u1edbi h\u1ea1n m\u1edbi<\/h3>\n<p>\u0110\u1ec3 x\u1ee9ng t\u1ea7m v\u1edbi iPhone 15 Pro Max, l\u1ea7n \u0111\u1ea7u ti\u00ean m\u1ed9t con chip mang t\u00ean Pro xu\u1ea5t hi\u1ec7n. Apple A17 Pro \u0111\u01b0a s\u1ee9c m\u1ea1nh c\u1ee7a\u00a0<a href=\"https:\/\/fptshop.com.vn\/dien-thoai\/apple-iphone\" target=\"_blank\" rel=\"noopener\">iPhone<\/a>\u00a0l\u00ean m\u1ed9t \u0111\u1eb3ng c\u1ea5p ho\u00e0n to\u00e0n m\u1edbi, khi kh\u00f4ng ch\u1ec9 m\u1ea1nh m\u1ebd trong m\u1ecdi t\u00e1c v\u1ee5 th\u01b0\u1eddng ng\u00e0y m\u00e0 c\u00f2n mang t\u1edbi kh\u1ea3 n\u0103ng ch\u01a1i game ho\u00e0n h\u1ea3o. C\u00e1c game di \u0111\u1ed9ng gi\u1edd \u0111\u00e2y s\u1ebd tr\u1edf n\u00ean v\u00f4 c\u00f9ng ch\u00e2n th\u1ef1c, s\u1ed1ng \u0111\u1ed9ng v\u1edbi \u0111\u1ed9 chi ti\u1ebft tuy\u1ec7t v\u1eddi, t\u1ef1a nh\u01b0 nh\u1eefng game bom t\u1ea5n AAA tr\u00ean PC. GPU c\u1ee7a iPhone 15 Pro Max s\u1eed d\u1ee5ng c\u00f4ng ngh\u1ec7 d\u00f2 tia b\u1eb1ng ph\u1ea7n c\u1ee9ng, nhanh h\u01a1n t\u1edbi 4 l\u1ea7n th\u1ebf h\u1ec7 tr\u01b0\u1edbc, t\u1ea1o n\u00ean hi\u1ec7u \u1ee9ng \u00e1nh s\u00e1ng ch\u00e2n th\u1ef1c h\u01a1n bao gi\u1edd h\u1ebft trong c\u00e1c t\u1ef1a game.<\/p>\n<h3>H\u1ec7 th\u1ed1ng camera zoom 5x m\u1ea1nh m\u1ebd<\/h3>\n<p>iPhone 15 Pro Max s\u1edf h\u1eefu c\u1ee5m camera chuy\u00ean nghi\u1ec7p v\u00e0 m\u1ea1nh m\u1ebd. B\u1ea1n s\u1ebd c\u00f3 t\u1edbi 7 ti\u00eau c\u1ef1 \u0111\u1ec3 ch\u1ee5p \u1ea3nh, gi\u1ed1ng nh\u01b0 \u0111ang s\u1edf h\u1eefu m\u1ed9t chi\u1ebfc m\u00e1y \u1ea3nh v\u1edbi 7 \u1ed1ng k\u00ednh chuy\u00ean d\u1ee5ng. T\u1eeb g\u00f3c si\u00eau r\u1ed9ng, g\u00f3c r\u1ed9ng, c\u1eadn c\u1ea3nh cho \u0111\u1ebfn zoom quang 5x, iPhone 15 Pro Max cung c\u1ea5p cho ng\u01b0\u1eddi d\u00f9ng \u0111\u1ea7y \u0111\u1ee7 g\u00f3c \u0111\u1ed9 \u0111\u1ec3 c\u00f3 \u0111\u01b0\u1ee3c nh\u1eefng b\u1ee9c \u1ea3nh \u0111\u1ed9c \u0111\u00e1o v\u1edbi \u0111\u1ed9 chi ti\u1ebft, m\u00e0u s\u1eafc ch\u01b0a t\u1eebng th\u1ea5y.<\/p>\n<p>\u1ea2nh ch\u00e2n dung l\u00e0 m\u1ed9t trong nh\u1eefng t\u00ednh n\u0103ng ng\u01b0\u1eddi d\u00f9ng s\u1eed d\u1ee5ng th\u01b0\u1eddng xuy\u00ean nh\u1ea5t tr\u00ean iPhone. iPhone 15 Pro Max hi\u1ec3u \u0111i\u1ec1u \u0111\u00f3 v\u00e0 cung c\u1ea5p r\u1ea5t nhi\u1ec1u n\u00e2ng c\u1ea5p khi ch\u1ee5p \u1ea3nh ch\u00e2n dung. Gi\u1edd \u0111\u00e2y iPhone c\u00f3 th\u1ec3 t\u1ef1 \u0111\u1ed9ng ph\u00e1t hi\u1ec7n \u0111\u01b0\u1ee3c nh\u1eefng ho\u00e0n c\u1ea3nh c\u1ea7n ch\u1ee5p ch\u00e2n dung \u0111\u1ec3 chuy\u1ec3n sang ch\u1ebf \u0111\u1ed9 ch\u00e2n dung m\u00e0 b\u1ea1n kh\u00f4ng c\u1ea7n ph\u1ea3i thao t\u00e1c. Hi\u1ec7u \u1ee9ng l\u00e0m m\u1edd c\u0169ng c\u00f3 chi\u1ec1u s\u00e2u v\u00e0 ch\u00ednh x\u00e1c h\u01a1n, th\u1eadm ch\u00ed b\u1ea1n c\u00f2n c\u00f3 th\u1ec3 \u0111i\u1ec1u ch\u1ec9nh \u0111\u1ed9 m\u1edd ngay c\u1ea3 khi sau khi ch\u1ee5p \u1ea3nh. C\u00f4ng ngh\u1ec7 Photonic Engine h\u1ed7 tr\u1ee3 ch\u1ee5p \u1ea3nh ch\u00e2n dung chuy\u00ean nghi\u1ec7p h\u01a1n, t\u0103ng c\u01b0\u1eddng \u0111\u1ed9 chi ti\u1ebft, m\u00e0u s\u1eafc ch\u00e2n th\u1ef1c, t\u0103ng t\u1ed1c \u0111\u1ed9 ch\u1ee5p v\u00e0 kh\u1ea3 n\u0103ng ch\u1ee5p \u1ea3nh trong \u0111i\u1ec1u ki\u1ec7n \u00e1nh s\u00e1ng y\u1ebfu h\u01a1n g\u1ea5p \u0111\u00f4i.<\/p>\n<p>Camera ch\u00ednh 48MP c\u1ee7a iPhone 15 Pro Max ki\u1ec3m so\u00e1t \u00e1nh s\u00e1ng r\u1ea5t th\u00f4ng minh. Ch\u1ebf \u0111\u1ed9 Ban \u0110\u00eam cho ph\u00e9p b\u1ea1n b\u1eaft tr\u1ecdn h\u00ecnh \u1ea3nh ch\u1ee7 th\u1ec3 r\u00f5 r\u00e0ng h\u01a1n trong \u0111\u00eam t\u1ed1i nh\u1edd d\u1ea3i t\u1ea7n nh\u1ea1y s\u00e1ng \u0111\u01b0\u1ee3c t\u0103ng c\u01b0\u1eddng. Trong nh\u1eefng \u0111i\u1ec1u ki\u1ec7n \u00e1nh s\u00e1ng ph\u1ee9c t\u1ea1p nh\u01b0 n\u1eafng g\u1eaft hay ng\u01b0\u1ee3c s\u00e1ng, HDR s\u1ebd t\u1ed1i \u01b0u h\u00f3a th\u00f4ng minh cho c\u1ea3 ch\u1ee7 th\u1ec3 v\u00e0 h\u1eadu c\u1ea3nh, t\u00e1i t\u1ea1o t\u00f4ng m\u00e0u da ch\u00ednh x\u00e1c, m\u00e0u s\u1eafc tuy\u1ec7t \u0111\u1eb9p \u0111\u1ec3 mang t\u1edbi nh\u1eefng b\u1ee9c \u1ea3nh \u0111\u1ea7y ngh\u1ec7 thu\u1eadt.<\/p>\n<p>iPhone 15 Pro Max \u0111\u00e3 n\u00e2ng c\u1ea5p kh\u1ea3 n\u0103ng zoom ch\u01b0a t\u1eebng c\u00f3 tr\u00ean iPhone v\u1edbi camera Tele 5x. Ngh\u0129a l\u00e0 b\u1ea1n c\u00f3 th\u1ec3 zoom quang h\u1ecdc, ph\u00f3ng to h\u00ecnh \u1ea3nh t\u1edbi 5 l\u1ea7n \u0111\u1ec3 thu \u0111\u01b0\u1ee3c nh\u1eefng khung c\u1ea3nh t\u1eeb xa m\u1ed9t c\u00e1ch r\u00f5 n\u00e9t. Kh\u00f4ng c\u1ea7n ph\u1ea3i di chuy\u1ec3n l\u1ea1i g\u1ea7n, b\u1ea1n v\u1eabn c\u00f3 th\u1ec3 ch\u1ee5p l\u1ea1i c\u00e1c b\u1ee9c \u1ea3nh thi\u00ean nhi\u00ean hay con ng\u01b0\u1eddi s\u1eafc n\u00e9t \u0111\u00e1ng kinh ng\u1ea1c.<\/p>\n<p><img loading=\"lazy\" decoding=\"async\" class=\"size-full wp-image-2427 aligncenter\" src=\"http:\/\/fixmobile.vn\/wp-content\/uploads\/2024\/10\/iphone_153.jpg\" alt=\"\" width=\"564\" height=\"336\" \/><\/p>\n<h3>Kh\u00e1m ph\u00e1 n\u00fat t\u00e1c v\u1ee5 ho\u00e0n to\u00e0n m\u1edbi<\/h3>\n<p>N\u00fat t\u00e1c v\u1ee5 c\u1ee7a iPhone 15 Pro Max l\u00e0 t\u00ednh n\u0103ng l\u1ea7n \u0111\u1ea7u ti\u00ean xu\u1ea5t hi\u1ec7n tr\u00ean iPhone. N\u00fat t\u00e1c v\u1ee5 cho ph\u00e9p b\u1ea1n t\u01b0\u01a1ng t\u00e1c nhanh ch\u00f3ng v\u00e0 ti\u1ec7n l\u1ee3i h\u01a1n, t\u00f9y theo t\u00e1c v\u1ee5 b\u1ea1n th\u01b0\u1eddng xuy\u00ean s\u1eed d\u1ee5ng. B\u1ea1n c\u00f3 th\u1ec3 g\u00e1n m\u1ed9t ch\u1ee9c n\u0103ng cho n\u00fat n\u00e0y nh\u01b0 chuy\u1ec3n sang ch\u1ebf \u0111\u1ed9 im l\u1eb7ng; m\u1edf camera; \u0111\u00e8n pin; ghi \u00e2m; d\u1ecbch v\u00e0 nhi\u1ec1u t\u00ednh n\u0103ng kh\u00e1c. V\u00ed d\u1ee5 b\u1ea1n l\u00e0 m\u1ed9t ng\u01b0\u1eddi th\u00edch ch\u1ee5p \u1ea3nh, \u0111\u01a1n gi\u1ea3n ch\u1ec9 c\u1ea7n nh\u1ea5n v\u00e0o n\u00fat t\u00e1c v\u1ee5 v\u00e0 \u0111\u01b0a iPhone l\u00ean ch\u1ee5p b\u1ea5t c\u1ee9 l\u00fac n\u00e0o. Kh\u00f4ng c\u1ea7n nh\u00ecn, ch\u1ec9 c\u1ea7n m\u1ed9t thao t\u00e1c duy nh\u1ea5t, \u0111i\u1ec7n tho\u1ea1i \u0111\u00e3 s\u1eb5n s\u00e0ng \u0111\u1ec3 l\u01b0u l\u1ea1i kho\u1ea3nh kh\u1eafc \u0111\u00e1ng nh\u1edb.<\/p>\n<p><img loading=\"lazy\" decoding=\"async\" class=\"size-full wp-image-2424 aligncenter\" src=\"http:\/\/fixmobile.vn\/wp-content\/uploads\/2024\/10\/iphone_15.jpg\" alt=\"\" width=\"564\" height=\"376\" \/><\/p>\n<h3>C\u1ed5ng USB-C m\u1edbi truy\u1ec1n d\u1eef li\u1ec7u c\u1ef1c nhanh<\/h3>\n<p>iPhone 15 Pro Max l\u00e0 chi\u1ebfc iPhone \u0111\u1ea7u ti\u00ean h\u1ed7 tr\u1ee3 chu\u1ea9n USB 3, cho b\u01b0\u1edbc nh\u1ea3y v\u1ecdt v\u1ec1 t\u1ed1c \u0111\u1ed9 truy\u1ec1n d\u1eef li\u1ec7u v\u1edbi 10Gb\/s. Ngay c\u1ea3 khi bi\u00ean t\u1eadp nh\u1eefng video ProRes n\u1eb7ng, b\u1ea1n c\u0169ng c\u00f3 th\u1ec3 truy\u1ec1n file trong ch\u1edbp m\u1eaft. H\u01a1n n\u1eefa, iPhone 15 Pro Max c\u00f2n \u0111\u00e1nh d\u1ea5u s\u1ef1 thay \u0111\u1ed5i l\u1edbn v\u1ec1 giao th\u1ee9c k\u1ebft n\u1ed1i khi s\u1eed d\u1ee5ng c\u1ed5ng USB-C. \u0110\u00e2y l\u00e0 c\u1ed5ng k\u1ebft n\u1ed1i ph\u1ed5 bi\u1ebfn nh\u1ea5t th\u1ebf gi\u1edbi hi\u1ec7n nay, cho ph\u00e9p b\u1ea1n k\u1ebft n\u1ed1i v\u1edbi r\u1ea5t nhi\u1ec1u ph\u1ee5 ki\u1ec7n, c\u1ee7 s\u1ea1c hay c\u1ea3 c\u00e1c s\u1ea3n ph\u1ea9m kh\u00e1c thu\u1ed9c h\u1ec7 sinh th\u00e1i Apple nh\u01b0 iPad, MacBook, AirPods, Apple Watch.<\/p>\n<p><img loading=\"lazy\" decoding=\"async\" class=\"size-full wp-image-2428 aligncenter\" src=\"http:\/\/fixmobile.vn\/wp-content\/uploads\/2024\/10\/iphone_155.jpg\" alt=\"\" width=\"800\" height=\"533\" \/><\/p>\n<h3>Th\u1eddi l\u01b0\u1ee3ng pin h\u00e0ng \u0111\u1ea7u<\/h3>\n<p>Ngay c\u1ea3 khi n\u00e2ng c\u1ea5p m\u1ea1nh m\u1ebd v\u00e0 to\u00e0n di\u1ec7n m\u1ecdi t\u00ednh n\u0103ng, iPhone 15 Pro Max v\u1eabn duy tr\u00ec \u0111\u01b0\u1ee3c th\u1eddi l\u01b0\u1ee3ng pin \u0111\u1ea7u b\u1ea3ng tr\u00ean th\u1ecb tr\u01b0\u1eddng. B\u1ea1n c\u00f3 th\u1ec3 xem video li\u00ean t\u1ee5c trong 29 gi\u1edd \u0111\u1ed3ng h\u1ed3 tr\u00ean iPhone 15 Pro Max, nhi\u1ec1u h\u01a1n t\u1edbi 9 gi\u1edd so v\u1edbi th\u1ebf h\u1ec7 iPhone 12 Pro Max. Tho\u1ea3i m\u00e1i s\u1eed d\u1ee5ng, l\u00e0m vi\u1ec7c v\u00e0 gi\u1ea3i tr\u00ed m\u00e0 kh\u00f4ng ph\u1ea3i lo \u0111\u1ebfn vi\u1ec7c h\u1ebft pin. Vi\u1ec7c h\u1ed7 tr\u1ee3 s\u1ea1c nhanh v\u00e0 s\u1ea1c nhanh kh\u00f4ng d\u00e2y qua b\u1ed9 s\u1ea1c MagSafe gi\u00fap s\u1ea1c iPhone tr\u1edf n\u00ean d\u1ec5 d\u00e0ng h\u01a1n bao gi\u1edd h\u1ebft.<\/p>\n<h2>iPhone 15 Pro Max c\u00f3 m\u1ea5y m\u00e0u?<\/h2>\n<p>N\u0103m nay, iPhone 15 Pro Max c\u00f3 4 m\u00e0u t\u00f9y ch\u1ecdn\u00a0bao g\u1ed3m: Titan \u0110en, Titan Tr\u1eafng, Titan Xanh v\u00e0 Titan T\u1ef1 Nhi\u00ean.\u00a0Trong \u0111\u00f3, iPhone 15 Pro Max m\u00e0u Titan T\u1ef1 nhi\u00ean s\u1ebd gi\u00fap b\u1ea1n c\u1ea3m nh\u1eadn ch\u00e2n th\u1eadt nh\u1ea5t m\u00e0u s\u1eafc c\u1ee7a Titanium trong th\u1ef1c t\u1ebf. B\u1ea1n c\u00f3 th\u1ec3 l\u1ef1a ch\u1ecdn c\u00e1c gam m\u00e0u t\u00f9y theo s\u1edf th\u00edch v\u00e0 gu th\u1ea9m m\u1ef9 c\u00e1 nh\u00e2n.<\/p>\n<p><img loading=\"lazy\" decoding=\"async\" class=\"size-full wp-image-2426 aligncenter\" src=\"http:\/\/fixmobile.vn\/wp-content\/uploads\/2024\/10\/iphone_152.jpg\" alt=\"\" width=\"564\" height=\"376\" \/><\/p>\n<p>C\u00f3 th\u1ec3 th\u1ea5y r\u1eb1ng ngay t\u1eeb t\u00ean g\u1ecdi, to\u00e0n b\u1ed9 c\u00e1c l\u1ef1a ch\u1ecdn m\u00e0u n\u00e0y \u0111\u1ec1u l\u00e0 bi\u1ebfn th\u1ec3 c\u1ee7a m\u00e0u Titan \u2013 v\u1eadt li\u1ec7u ch\u1ee7 \u0111\u1ea1o \u0111\u1ec3 ho\u00e0n thi\u1ec7n khung v\u1ecf cho iPhone 15 Pro Max. Tr\u00ean trang ch\u1ee7 Apple, h\u00e3ng t\u1ef1 h\u00e0o r\u1eb1ng iPhone 15 Pro Max c\u00f3 b\u1ed1n m\u00e0u m\u1edbi tuy\u1ec7t \u0111\u1eb9p. Th\u1ef1c ch\u1ea5t, c\u1ea3 b\u1ed1n gam m\u00e0u n\u00e0y \u0111\u1ec1u gi\u00fap t\u00f4 \u0111i\u1ec3m cho v\u1ebb \u0111\u1eb9p c\u1ee7a ch\u1ea5t li\u1ec7u th\u00e2n m\u00e1y l\u00ean m\u1ee9c t\u1ed1t nh\u1ea5t.<\/p>\n<p>&nbsp;<\/p>\n","protected":false},"excerpt":{"rendered":"<p>Iphone 15 Pro Max Thi\u1ebft k\u1ebf titan chu\u1ea9n h\u00e0ng kh\u00f4ng v\u0169 tr\u1ee5 iPhone 15 Pro Max\u00a0th\u1ec3 hi\u1ec7n \u0111\u1eb3ng c\u1ea5p ngay t\u1eeb v\u1ebb b\u1ec1 ngo\u00e0i v\u1edbi khung vi\u1ec1n b\u1eb1ng titan b\u00f3ng b\u1ea9y, tinh t\u1ebf, \u0111\u1eb9p m\u1ed9t c\u00e1ch sang tr\u1ecdng. Apple \u0111\u00e3 m\u1ea5t r\u1ea5t nhi\u1ec1u quy tr\u00ecnh gia c\u00f4ng c\u01a1 kh\u00ed, ch\u00e0 nh\u00e1m, \u0111\u00e1nh b\u00f3ng v\u00e0 phun&#8230;<\/p>\n","protected":false},"featured_media":2442,"comment_status":"open","ping_status":"closed","template":"","meta":{"rank_math_lock_modified_date":false},"product_cat":[15,383,387],"product_tag":[],"class_list":{"0":"post-2423","1":"product","2":"type-product","3":"status-publish","4":"has-post-thumbnail","6":"product_cat-dien-thoai","7":"product_cat-iphone","8":"product_cat-sua-iphone","10":"first","11":"instock","12":"shipping-taxable","13":"purchasable","14":"product-type-variable"},"_links":{"self":[{"href":"https:\/\/fixmobile.vn\/index.php?rest_route=\/wp\/v2\/product\/2423","targetHints":{"allow":["GET"]}}],"collection":[{"href":"https:\/\/fixmobile.vn\/index.php?rest_route=\/wp\/v2\/product"}],"about":[{"href":"https:\/\/fixmobile.vn\/index.php?rest_route=\/wp\/v2\/types\/product"}],"replies":[{"embeddable":true,"href":"https:\/\/fixmobile.vn\/index.php?rest_route=%2Fwp%2Fv2%2Fcomments&post=2423"}],"wp:featuredmedia":[{"embeddable":true,"href":"https:\/\/fixmobile.vn\/index.php?rest_route=\/wp\/v2\/media\/2442"}],"wp:attachment":[{"href":"https:\/\/fixmobile.vn\/index.php?rest_route=%2Fwp%2Fv2%2Fmedia&parent=2423"}],"wp:term":[{"taxonomy":"product_cat","embeddable":true,"href":"https:\/\/fixmobile.vn\/index.php?rest_route=%2Fwp%2Fv2%2Fproduct_cat&post=2423"},{"taxonomy":"product_tag","embeddable":true,"href":"https:\/\/fixmobile.vn\/index.php?rest_route=%2Fwp%2Fv2%2Fproduct_tag&post=2423"}],"curies":[{"name":"wp","href":"https:\/\/api.w.org\/{rel}","templated":true}]}}