{"id":2414,"date":"2024-10-03T10:32:22","date_gmt":"2024-10-03T03:32:22","guid":{"rendered":"https:\/\/fixmobile.vn\/?post_type=product&#038;p=2414"},"modified":"2024-11-29T20:51:34","modified_gmt":"2024-11-29T13:51:34","slug":"iphone-16-plus-128gb","status":"publish","type":"product","link":"https:\/\/fixmobile.vn\/?product=iphone-16-plus-128gb","title":{"rendered":"Iphone 16 Plus 128GB|Ch\u00ednh h\u00e3ng VN\/A"},"content":{"rendered":"<div class=\"product-section active\">\n<div class=\"entry-content\">\n<h1>Iphone 16 Plus<\/h1>\n<p>\u0110\u00e1nh d\u1ea5u cu\u1ed9c b\u1ee9t ph\u00e1 v\u1ec1 c\u1ea3 ph\u1ea7n c\u1ee9ng v\u00e0 ph\u1ea7n m\u1ec1m,\u00a0iPhone 16 th\u01b0\u1eddng\u00a0phi\u00ean b\u1ea3n 128GB s\u1edf h\u1eefu chip x\u1eed l\u00fd A18 m\u1ea1nh m\u1ebd, \u0111\u1ed3ng th\u1eddi \u0111\u01b0\u1ee3c thi\u1ebft k\u1ebf nh\u1eb1m ph\u00e1t huy h\u1ebft s\u1ee9c m\u1ea1nh c\u1ee7a b\u1ed9 c\u00f4ng c\u1ee5 Apple Intelligence. S\u1ea3n ph\u1ea9m c\u00f3 n\u00fat \u0110i\u1ec1u Khi\u1ec3n Camera t\u00e2n ti\u1ebfn v\u00e0 \u0111\u1ea1t th\u1eddi l\u01b0\u1ee3ng pin c\u1ef1c k\u1ef3 \u1ea5n t\u01b0\u1ee3ng.<\/p>\n<p><img loading=\"lazy\" decoding=\"async\" class=\"wp-image-2397 aligncenter\" src=\"http:\/\/fixmobile.vn\/wp-content\/uploads\/2024\/10\/banner-2.png\" alt=\"\" width=\"762\" height=\"400\" \/><\/p>\n<h3>\u0110i\u1ec1u khi\u1ec3n camera v\u1edbi n\u00fat b\u1ea5m ti\u1ec7n d\u1ee5ng<\/h3>\n<p><img loading=\"lazy\" decoding=\"async\" class=\"wp-image-2400 aligncenter\" src=\"http:\/\/fixmobile.vn\/wp-content\/uploads\/2024\/10\/iphone_16_plus.jpg\" alt=\"\" width=\"687\" height=\"458\" \/><\/p>\n<p>Tr\u1ea3i nghi\u1ec7m ch\u1ee5p \u1ea3nh tr\u00ean\u00a0iPhone\u00a0ch\u01b0a khi n\u00e0o d\u1ec5 d\u00e0ng \u0111\u1ebfn th\u1ebf, s\u1ef1 xu\u1ea5t hi\u1ec7n c\u1ee7a n\u00fat \u0110i\u1ec1u Khi\u1ec3n Camera gi\u00fap ng\u01b0\u1eddi d\u00f9ng\u00a0iPhone 16\u00a0nhanh ch\u00f3ng quay ch\u1ee5p trong t\u00edch t\u1eafc. M\u1ed7i khi c\u1ea7n chuy\u1ec3n \u0111\u1ed5i gi\u1eefa c\u00e1c ch\u1ee9c n\u0103ng nhi\u1ebfp \u1ea3nh, b\u1ea1n ch\u1ec9 c\u1ea7n vu\u1ed1t nh\u1eb9 ng\u00f3n tay tr\u00ean n\u00fat b\u1ea5m thay v\u00ec thao t\u00e1c ph\u1ee9c t\u1ea1p qua m\u00e0n h\u00ecnh nh\u01b0 tr\u01b0\u1edbc.<\/p>\n<p>B\u1ea1n h\u00e3y nh\u1ea5n m\u1ed9t l\u1ea7n n\u1ebfu mu\u1ed1n kh\u1edfi ch\u1ea1y camera, nh\u1ea5n th\u00eam m\u1ed9t l\u1ea7n n\u1eefa l\u00e0 c\u00f3 th\u1ec3 ch\u1ee5p h\u00ecnh ngay l\u1eadp t\u1ee9c. Khi \u0111ang \u1edf ch\u1ebf \u0111\u1ed9 video, thao t\u00e1c nh\u1ea5n m\u1ed9t l\u1ea7n s\u1ebd ra l\u1ec7nh cho iPhone 16 b\u1eaft \u0111\u1ea7u ghi h\u00ecnh. T\u1ea5t c\u1ea3 nh\u1eb1m gi\u00fap cho tr\u1ea3i nghi\u1ec7m quay ch\u1ee5p \u0111\u01b0\u1ee3c thu\u1eadn ti\u1ec7n h\u01a1n, chuy\u00ean nghi\u1ec7p h\u01a1n.<\/p>\n<h3>Camera \u0111\u1eb3ng c\u1ea5p v\u00e0 ch\u1ee5p \u1ea3nh tuy\u1ec7t \u0111\u1eb9p<\/h3>\n<p>V\u1edbi h\u1ec7 th\u1ed1ng camera th\u1ebf h\u1ec7 m\u1edbi, iPhone 16 th\u1ec3 hi\u1ec7n n\u0103ng l\u1ef1c nhi\u1ebfp \u1ea3nh tuy\u1ec7t v\u1eddi. Trong \u0111\u00f3, camera Fusion 48MP cho ph\u00e9p chi\u1ebfc\u00a0\u0111i\u1ec7n tho\u1ea1i\u00a0b\u1eaft \u0111\u01b0\u1ee3c nh\u1eefng khu\u00f4n h\u00ecnh tuy\u1ec7t \u0111\u1eb9p v\u1edbi \u0111\u1ed9 ph\u00e2n gi\u1ea3i c\u1ef1c cao, \u0111\u1ed3ng th\u1eddi th\u1ef1c hi\u1ec7n t\u00e1c v\u1ee5 Telephoto \u0111\u1ea1t ch\u1ea5t l\u01b0\u1ee3ng quang h\u1ecdc 2x.<\/p>\n<p><img loading=\"lazy\" decoding=\"async\" class=\"wp-image-2403 aligncenter\" src=\"http:\/\/fixmobile.vn\/wp-content\/uploads\/2024\/10\/iphone_16_plus.1jpg.jpg\" alt=\"\" width=\"655\" height=\"436\" \/><\/p>\n<p>Ngo\u00e0i ra, camera Ultra Wide s\u1ebd h\u1ed7 tr\u1ee3 ng\u01b0\u1eddi d\u00f9ng ch\u1ee5p v\u00e0 quay video macro v\u1edbi \u0111\u1ed9 s\u1eafc n\u00e9t r\u1ea5t cao, \u0111\u1ed3ng th\u1eddi d\u1ec5 d\u00e0ng thu tr\u1ecdn c\u00e1c b\u1ed1i c\u1ea3nh r\u1ed9ng l\u1edbn v\u00e0o trong khu\u00f4n h\u00ecnh. \u01afu th\u1ebf v\u01b0\u1ee3t tr\u1ed9i v\u1ec1 kh\u1ea9u \u0111\u1ed9 v\u00e0 s\u1ed1 l\u01b0\u1ee3ng pixel khi\u1ebfn \u1ed1ng k\u00ednh n\u00e0y c\u00f3 th\u1ec3 ch\u1ee5p \u1ea3nh s\u00e1ng h\u01a1n \u0111\u1ebfn 2,6x, th\u1ecfa s\u1ee9c s\u00e1ng t\u1ea1o nh\u1eefng b\u1ee9c \u1ea3nh tuy\u1ec7t \u0111\u1eb9p ngay c\u1ea3 trong c\u00e1c b\u1ed1i c\u1ea3nh \u00e1nh s\u00e1ng y\u1ebfu.<\/p>\n<h3>Chuy\u1ec3n \u0111\u1ed5i qua l\u1ea1i gi\u1eefa c\u00e1c phong c\u00e1ch \u1ea3nh<\/h3>\n<p>\u0110\u1ec3 ng\u01b0\u1eddi d\u00f9ng ch\u1ec9nh s\u1eeda \u1ea3nh d\u1ec5 d\u00e0ng h\u01a1n,\u00a0Apple\u00a0cung c\u1ea5p cho iPhone 16 nhi\u1ec1u l\u1ef1a ch\u1ecdn Phong C\u00e1ch Nhi\u1ebfp \u1ea2nh khi th\u1ef1c hi\u1ec7n t\u00e1c v\u1ee5 h\u1eadu k\u1ef3. B\u1ea1n s\u1ebd tho\u1ea3i m\u00e1i bi\u1ebfn t\u1ea5u b\u1ee9c h\u00ecnh v\u1edbi c\u00e1c t\u00f4ng m\u00e0u kh\u00e1c nhau v\u00e0 ch\u1ecdn phong c\u00e1ch \u01b0ng \u00fd l\u00e0m thi\u1ebft l\u1eadp m\u1eb7c \u0111\u1ecbnh n\u1ebfu c\u1ea7n.<\/p>\n<p>Tr\u01b0\u1edbc khi \u00e1p d\u1ee5ng m\u1ed9t n\u01b0\u1edbc \u1ea3nh n\u00e0o \u0111\u00f3 cho b\u1ee9c h\u00ecnh c\u1ee7a m\u00ecnh, b\u1ea1n c\u00f3 th\u1ec3 xem tr\u01b0\u1edbc h\u00ecnh \u1ea3nh th\u00e0nh ph\u1ea9m ra sao sau khi ch\u1ec9nh s\u1eeda. S\u1ef1 m\u1ea1nh m\u1ebd c\u1ee7a chip A18 t\u1ea1o \u0111i\u1ec1u ki\u1ec7n cho ng\u01b0\u1eddi d\u00f9ng s\u1eed d\u1ee5ng thanh tr\u01b0\u1ee3t nh\u1eb1m t\u0103ng\/gi\u1ea3m \u0111\u1ed9 \u0111\u1eadm nh\u1ea1t cho m\u1ed9t s\u1ed1 m\u00e0u s\u1eafc c\u1ee5 th\u1ec3 trong \u1ea3nh, n\u00e2ng cao t\u00ednh chuy\u00ean nghi\u1ec7p khi ch\u1ec9nh s\u1eeda \u1ea3nh h\u1eadu k\u1ef3.<\/p>\n<h3>Apple A18 \u2013 B\u01b0\u1edbc nh\u1ea3y v\u1ecdt h\u01a1n hai th\u1ebf h\u1ec7 chip<\/h3>\n<p>\u0110\u01b0\u1ee3c thi\u1ebft k\u1ebf nh\u1eb1m mang l\u1ea1i s\u1ee9c m\u1ea1nh v\u01b0\u1ee3t tr\u1ed9i cho iPhone 16, b\u1ed9 vi x\u1eed l\u00fd A18 l\u00e0 cu\u1ed9c b\u1ee9t ph\u00e1 h\u01a1n hai th\u1ebf h\u1ec7 chip so v\u1edbi phi\u00ean b\u1ea3n A16 Bionic tr\u01b0\u1edbc kia. S\u1ef1 tr\u1ee3 gi\u00fap \u0111\u1eafc l\u1ef1c t\u1eeb A18 cho ph\u00e9p chi\u1ebfc \u0111i\u1ec7n tho\u1ea1i x\u1eed l\u00fd m\u01b0\u1ee3t nh\u1eefng t\u00e1c v\u1ee5 ph\u1ee9c t\u1ea1p nh\u01b0 Phong C\u00e1ch Nhi\u1ebfp \u1ea2nh, \u0110i\u1ec1u Khi\u1ec3n Camera hay ch\u01a1i game v\u1edbi m\u1ee9c thi\u1ebft l\u1eadp \u0111\u1ed3 h\u1ecda cao.<\/p>\n<p><img loading=\"lazy\" decoding=\"async\" class=\"wp-image-2401 aligncenter\" src=\"http:\/\/fixmobile.vn\/wp-content\/uploads\/2024\/10\/iphone_16_plus.5jpg.jpg\" alt=\"\" width=\"689\" height=\"459\" \/><\/p>\n<p>So v\u1edbi chip c\u1ee7a\u00a0iPhone 15, b\u1ed9 vi x\u1eed l\u00fd A18 c\u00f3 CPU 6 l\u00f5i nhanh h\u01a1n \u0111\u1ebfn 30% v\u00e0 GPU 5 l\u00f5i nhanh h\u01a1n \u0111\u1ebfn 40%. B\u1ea1n c\u00f3 th\u1ec3 c\u1ea3m nh\u1eadn r\u00f5 r\u00e0ng s\u1ef1 m\u01b0\u1ee3t m\u00e0, s\u1ee9c m\u1ea1nh v\u00e0 \u0111\u1ed9 hi\u1ec7u qu\u1ea3 m\u00e0 th\u1ebf h\u1ec7 chip m\u1edbi mang l\u1ea1i khi s\u1eed d\u1ee5ng iPhone 16.<\/p>\n<h3>Th\u1ecfa s\u1ee9c tr\u1ea3i nghi\u1ec7m v\u1edbi th\u1eddi l\u01b0\u1ee3ng pin d\u00e0i l\u00e2u<\/h3>\n<p><img loading=\"lazy\" decoding=\"async\" class=\"wp-image-2402 aligncenter\" src=\"http:\/\/fixmobile.vn\/wp-content\/uploads\/2024\/10\/iphone_16_plus.2jpg.jpg\" alt=\"\" width=\"704\" height=\"469\" \/><\/p>\n<p>iPhone 16 \u0111\u01b0\u1ee3c t\u00e1i thi\u1ebft k\u1ebf c\u1ea5u tr\u00fac th\u00e2n m\u00e1y \u0111\u1ec3 c\u00f3 \u0111\u01b0\u1ee3c kh\u00f4ng gian cho vi\u00ean pin l\u1edbn h\u01a1n. Nh\u1edd \u0111\u00f3, s\u1ea3n ph\u1ea9m \u0111\u1ea1t th\u1eddi l\u01b0\u1ee3ng s\u1eed d\u1ee5ng h\u1ebft s\u1ee9c d\u00e0i l\u00e2u. Thi\u1ebft b\u1ecb c\u00f3 th\u1ec3 ph\u00e1t video li\u00ean t\u1ee5c \u0111\u1ebfn 22 ti\u1ebfng, nghe nh\u1ea1c kh\u00f4ng ng\u1eebng ngh\u1ec9 su\u1ed1t 80 gi\u1edd v\u00e0 tr\u1ea3i nghi\u1ec7m xem phim online \u0111\u1ea1t ng\u01b0\u1ee1ng 18 ti\u1ebfng \u1ea5n t\u01b0\u1ee3ng.<\/p>\n<p>Ng\u01b0\u1eddi d\u00f9ng iPhone 16 s\u1ebd th\u1ecfa m\u00e1i ch\u01a1i game, xem phim, l\u01b0\u1edbt m\u1ea1ng x\u00e3 h\u1ed9i, quay video, ch\u1ec9nh s\u1eeda \u1ea3nh v\u00e0 l\u00e0m m\u1ecdi t\u00e1c v\u1ee5 m\u00ecnh th\u00edch su\u1ed1t ng\u00e0y d\u00e0i m\u00e0 kh\u00f4ng b\u1eadn t\u00e2m nhi\u1ec1u v\u1ec1 v\u1ea5n \u0111\u1ec1 s\u1ea1c pin. Ngo\u00e0i ra, c\u01a1 ch\u1ebf s\u1ea1c kh\u00f4ng d\u00e2y MagSafe \u0111\u01b0\u1ee3c c\u1ea3i ti\u1ebfn v\u1edbi c\u00f4ng su\u1ea5t \u0111\u1ebfn 25W s\u1ebd cung c\u1ea5p th\u1eddi gian s\u1ea1c nhanh \u1ea5n t\u01b0\u1ee3ng khi b\u1ea1n s\u1eed d\u1ee5ng c\u00f9ng b\u1ed9 ti\u1ebfp h\u1ee3p ngu\u1ed3n 30W.<\/p>\n<h3>Thi\u1ebft k\u1ebf \u0111\u1eb9p xu\u1ea5t s\u1eafc, khung v\u1ecf si\u00eau b\u1ec1n ch\u1eafc<\/h3>\n<p>B\u1ed9 khung v\u1ecf c\u1ee7a iPhone 16 \u0111\u01b0\u1ee3c ch\u1ebf t\u1ea1o t\u1eeb ch\u1ea5t li\u1ec7u nh\u00f4m \u0111\u1ea1t chu\u1ea9n h\u00e0ng kh\u00f4ng v\u0169 tr\u1ee5, \u0111em l\u1ea1i tr\u1ecdng l\u01b0\u1ee3ng nh\u1eb9 nh\u00e0ng c\u00f9ng \u0111\u1ed9 b\u1ec1n xu\u1ea5t s\u1eafc cho chi\u1ebfc \u0111i\u1ec7n tho\u1ea1i. L\u1edbp k\u00ednh Ceramic Shield c\u1ee9ng c\u00e1p s\u1ebd b\u1ea3o v\u1ec7 m\u00e0n h\u00ecnh iPhone 16 theo c\u00e1ch hi\u1ec7u qu\u1ea3 h\u01a1n.<\/p>\n<p>S\u1ef1 t\u00e1i thi\u1ebft c\u1ea5u tr\u00fac b\u00ean trong th\u00e2n m\u00e1y gi\u00fap chi\u1ebfc \u0111i\u1ec7n tho\u1ea1i \u0111\u1ea1t hi\u1ec7u su\u1ea5t t\u1ea3n nhi\u1ec7t r\u1ea5t t\u1ed1t, qua \u0111\u00f3 n\u00e2ng cao hi\u1ec7u su\u1ea5t t\u1ed5ng th\u1ec3 cho thi\u1ebft b\u1ecb, gi\u00fap \u00edch r\u1ea5t nhi\u1ec1u cho nh\u1eefng t\u00e1c v\u1ee5 \u0111\u1eb7c th\u00f9 nh\u01b0 ch\u01a1i game. V\u1ec1 m\u00e0u s\u1eafc, iPhone 16 khoe d\u00e1ng thanh l\u1ecbch v\u1edbi c\u00e1c gam m\u00e0u \u1ea5n t\u01b0\u1ee3ng g\u1ed3m: \u0110en, Tr\u1eafng, H\u1ed3ng, Xanh L\u01b0u Ly v\u00e0 Xanh M\u00f2ng K\u00e9t<\/p>\n<h3>L\u00e0m v\u00f4 v\u00e0n \u0111i\u1ec1u hay ho c\u00f9ng n\u00fat T\u00e1c V\u1ee5<\/h3>\n<p><img loading=\"lazy\" decoding=\"async\" class=\"wp-image-2399 aligncenter\" src=\"http:\/\/fixmobile.vn\/wp-content\/uploads\/2024\/10\/iphone_16_plus.4jpg.jpg\" alt=\"\" width=\"611\" height=\"407\" \/><\/p>\n<p>S\u1ef1 xu\u1ea5t hi\u1ec7n c\u1ee7a n\u00fat T\u00e1c V\u1ee5 thay cho ph\u00edm g\u1ea1t t\u1eaft \u00e2m tr\u00ean iPhone 16 \u0111em l\u1ea1i tr\u1ea3i nghi\u1ec7m ti\u1ec7n l\u1ee3i v\u1edbi nhi\u1ec1u c\u00e1ch s\u1eed d\u1ee5ng kh\u00e1c nhau. B\u1ea1n c\u00f3 th\u1ec3 thi\u1ebft l\u1eadp cho n\u00fat b\u1ea5m n\u00e0y t\u00ednh n\u0103ng \u0110\u00e8n Pin, Ghi \u00c2m, Nh\u1eadn D\u1ea1ng Nh\u1ea1c, D\u1ecbch Thu\u1eadt, Tr\u1ee3 N\u0103ng, K\u00ednh L\u00fap, Ch\u1ebf \u0111\u1ed9 Im L\u1eb7ng\u2026<\/p>\n<p>N\u00fat T\u00e1c V\u1ee5 linh ho\u1ea1t \u0111\u1ebfn m\u1ee9c cho ph\u00e9p b\u1ea1n thay \u0111\u1ed5i ch\u1ee9c n\u0103ng n\u00fat b\u1ea5m t\u00f9y theo t\u1eebng kho\u1ea3ng th\u1eddi gian trong ng\u00e0y, ho\u1eb7c thi\u1ebft l\u1eadp c\u00e1c t\u00e1c v\u1ee5 c\u1ee5 th\u1ec3 b\u00ean trong m\u1ed9t \u1ee9ng d\u1ee5ng nh\u1ea5t \u0111\u1ecbnh n\u00e0o \u0111\u00f3 nh\u01b0 b\u00e1o th\u1ee9c ho\u1eb7c order m\u00f3n \u0103n y\u00eau th\u00edch.<\/p>\n<\/div>\n<\/div>\n<div class=\"product-reviews\">\n<div class=\"row\">\n<div class=\"large-12 col pb-0 mb-0\">\n<div class=\"panel entry-content\">\n<div id=\"ywar_reviews\">\n<div id=\"reviews_summary\"><\/div>\n<\/div>\n<\/div>\n<\/div>\n<\/div>\n<\/div>\n","protected":false},"excerpt":{"rendered":"<p>Iphone 16 Plus \u0110\u00e1nh d\u1ea5u cu\u1ed9c b\u1ee9t ph\u00e1 v\u1ec1 c\u1ea3 ph\u1ea7n c\u1ee9ng v\u00e0 ph\u1ea7n m\u1ec1m,\u00a0iPhone 16 th\u01b0\u1eddng\u00a0phi\u00ean b\u1ea3n 128GB s\u1edf h\u1eefu chip x\u1eed l\u00fd A18 m\u1ea1nh m\u1ebd, \u0111\u1ed3ng th\u1eddi \u0111\u01b0\u1ee3c thi\u1ebft k\u1ebf nh\u1eb1m ph\u00e1t huy h\u1ebft s\u1ee9c m\u1ea1nh c\u1ee7a b\u1ed9 c\u00f4ng c\u1ee5 Apple Intelligence. S\u1ea3n ph\u1ea9m c\u00f3 n\u00fat \u0110i\u1ec1u Khi\u1ec3n Camera t\u00e2n ti\u1ebfn v\u00e0 \u0111\u1ea1t&#8230;<\/p>\n","protected":false},"featured_media":2404,"comment_status":"open","ping_status":"closed","template":"","meta":{"rank_math_lock_modified_date":false},"product_cat":[15,383,387],"product_tag":[],"class_list":{"0":"post-2414","1":"product","2":"type-product","3":"status-publish","4":"has-post-thumbnail","6":"product_cat-dien-thoai","7":"product_cat-iphone","8":"product_cat-sua-iphone","10":"first","11":"instock","12":"featured","13":"shipping-taxable","14":"purchasable","15":"product-type-variable"},"_links":{"self":[{"href":"https:\/\/fixmobile.vn\/index.php?rest_route=\/wp\/v2\/product\/2414","targetHints":{"allow":["GET"]}}],"collection":[{"href":"https:\/\/fixmobile.vn\/index.php?rest_route=\/wp\/v2\/product"}],"about":[{"href":"https:\/\/fixmobile.vn\/index.php?rest_route=\/wp\/v2\/types\/product"}],"replies":[{"embeddable":true,"href":"https:\/\/fixmobile.vn\/index.php?rest_route=%2Fwp%2Fv2%2Fcomments&post=2414"}],"wp:featuredmedia":[{"embeddable":true,"href":"https:\/\/fixmobile.vn\/index.php?rest_route=\/wp\/v2\/media\/2404"}],"wp:attachment":[{"href":"https:\/\/fixmobile.vn\/index.php?rest_route=%2Fwp%2Fv2%2Fmedia&parent=2414"}],"wp:term":[{"taxonomy":"product_cat","embeddable":true,"href":"https:\/\/fixmobile.vn\/index.php?rest_route=%2Fwp%2Fv2%2Fproduct_cat&post=2414"},{"taxonomy":"product_tag","embeddable":true,"href":"https:\/\/fixmobile.vn\/index.php?rest_route=%2Fwp%2Fv2%2Fproduct_tag&post=2414"}],"curies":[{"name":"wp","href":"https:\/\/api.w.org\/{rel}","templated":true}]}}