{"id":2387,"date":"2024-10-02T21:22:52","date_gmt":"2024-10-02T14:22:52","guid":{"rendered":"https:\/\/fixmobile.vn\/?post_type=product&#038;p=2387"},"modified":"2025-11-09T08:58:23","modified_gmt":"2025-11-09T01:58:23","slug":"iphone-pro-max-16-128gbapple-chinh-hang","status":"publish","type":"product","link":"https:\/\/fixmobile.vn\/?product=iphone-pro-max-16-128gbapple-chinh-hang","title":{"rendered":"Iphone Pro max 16 128GB|Ch\u00ednh h\u00e3ng VN\/A"},"content":{"rendered":"<h1 style=\"text-align: center;\">Iphone 16 pro max 258GB<\/h1>\n<p>\u0110\u00e1nh d\u1ea5u b\u01b0\u1edbc nh\u1ea3y v\u1ecdt v\u1ec1 th\u1eddi l\u01b0\u1ee3ng pin v\u00e0 s\u1edf h\u1eefu chip A18 Pro xu\u1ea5t s\u1eafc,\u00a0iPhone 16 Pro Max\u00a0\u0111em l\u1ea1i tr\u1ea3i nghi\u1ec7m v\u01b0\u1ee3t tr\u1ed9i tr\u00ean m\u1ecdi kh\u00eda c\u1ea1nh. S\u1ea3n ph\u1ea9m g\u00e2y \u1ea5n t\u01b0\u1ee3ng v\u1edbi vi\u1ec1n m\u00e0n h\u00ecnh si\u00eau m\u1ecfng, \u0111\u01b0\u1ee3c trang b\u1ecb n\u00fat \u0110i\u1ec1u Khi\u1ec3n Camera m\u1edbi v\u00e0 c\u00f3 b\u1ed9 t\u00ednh n\u0103ng Apple Intelligence c\u1ef1c k\u1ef3 ti\u1ec7n d\u1ee5ng.<\/p>\n<h3 style=\"font-weight: inherit;\">V\u1ebb \u0111\u1eb9p sang tr\u1ecdng c\u1ee7a khung v\u1ecf Titan<\/h3>\n<p style=\"font-weight: 400;\">G\u00e2y \u1ea5n t\u01b0\u1ee3ng b\u1edfi ki\u1ec3u d\u00e1ng thanh l\u1ecbch, iPhone 16 Pro Max c\u00f3 c\u1ea5u tr\u00fac khung v\u1ecf \u0111\u01b0\u1ee3c ch\u1ebf t\u00e1c k\u1ef3 c\u00f4ng t\u1eeb ch\u1ea5t li\u1ec7u Titan C\u1ea5p 5 si\u00eau b\u1ec1n v\u00e0 si\u00eau nh\u1eb9. Ngo\u00e0i ra, Apple c\u0169ng c\u1ea3i ti\u1ebfn c\u1ea5u tr\u00fac t\u1ea3n nhi\u1ec7t b\u00ean trong th\u00e2n m\u00e1y \u0111\u1ec3 duy tr\u00ec hi\u1ec7u su\u1ea5t t\u1ed1t h\u01a1n 20% so v\u1edbi th\u1ebf h\u1ec7 c\u0169, \u0111em \u0111\u1ebfn cho ng\u01b0\u1eddi d\u00f9ng m\u1ed9t thi\u1ebft b\u1ecb v\u1eeba sang tr\u1ecdng, v\u1eeba m\u1ea1nh m\u1ebd.<\/p>\n<p style=\"font-weight: 400;\">Ngo\u00e0i kh\u1ea3 n\u0103ng ch\u1ed1ng n\u01b0\u1edbc v\u00e0 ch\u1ed1ng b\u1ee5i \u0111\u00e1ng kinh ng\u1ea1c, iPhone 16 Pro Max c\u00f2n \u0111\u1ea1t \u0111\u1ebfn chu\u1ea9n m\u1ef1c m\u1edbi v\u1ec1 \u0111\u1ed9 b\u1ec1n khi s\u1eed d\u1ee5ng ch\u1ea5t li\u1ec7u Ceramic Shield b\u1ea3o v\u1ec7 c\u1ef1c t\u1ed1t cho m\u00e0n h\u00ecnh. S\u1ea3n ph\u1ea9m l\u00ean k\u1ec7 v\u1edbi c\u00e1c t\u00f9y ch\u1ecdn m\u00e0u sang tr\u1ecdng g\u1ed3m: Titan \u0110en, Titan Tr\u1eafng, Titan T\u1ef1 Nhi\u00ean v\u00e0 Titan Sa M\u1ea1c.<\/p>\n<p><img loading=\"lazy\" decoding=\"async\" class=\"alignnone size-full wp-image-2353\" src=\"http:\/\/fixmobile.vn\/wp-content\/uploads\/2024\/10\/iphone_16_pro.jpg\" alt=\"\" width=\"800\" height=\"533\" \/><\/p>\n<h2><span style=\"font-size: 105%;\">iPhone 16 Pro Max c\u00f3 m\u1ea5y m\u00e0u<\/span><\/h2>\n<p><img loading=\"lazy\" decoding=\"async\" class=\"alignnone size-full wp-image-2352\" src=\"http:\/\/fixmobile.vn\/wp-content\/uploads\/2024\/10\/iphone_16_pro8jpg.jpg\" alt=\"\" width=\"800\" height=\"533\" \/><\/p>\n<p dir=\"ltr\">Theo c\u00f4ng b\u1ed1, iPhone 16 Pro v\u00e0 iPhone 16 Pro Max c\u00f3 4 phi\u00ean b\u1ea3n m\u00e0u s\u1eafc \u0111\u1ec3 ng\u01b0\u1eddi d\u00f9ng l\u1ef1a ch\u1ecdn bao g\u1ed3m Titan \u0110en (Black Titanium), Titan Tr\u1eafng (White Titanium), Titan T\u1ef1 nhi\u00ean (Natural Titanium) v\u00e0 m\u00e0u m\u1edbi\u00a0Titan sa m\u1ea1c\u00a0(Desert Titanium). V\u1edbi d\u1ea3i m\u00e0u th\u1eddi th\u01b0\u1ee3ng v\u00e0 cao c\u1ea5p tr\u00ean khung vi\u1ec1n Titanium c\u1ea5p 5, iPhone 16 Pro Max th\u1ec3 hi\u1ec7n \u0111\u1eb3ng c\u1ea5p v\u00e0 s\u1eafc th\u00e1i ri\u00eang khi s\u1edf h\u1eefu tr\u00ean tay.<\/p>\n<p dir=\"ltr\">V\u1edbi phi\u00ean b\u1ea3n m\u00e0u m\u1edbi k\u1ebft h\u1ee3p v\u1edbi 3 phi\u00ean b\u1ea3n quen thu\u1ed9c t\u1eebng xu\u1ea5t hi\u1ec7n tr\u00ean ng\u01b0\u1eddi ti\u1ec1n nhi\u1ec7m, Apple t\u1ef1 h\u00e0o v\u1ec1 c\u00e1c s\u1eafc th\u00e1i n\u00e0y tr\u00ean iPhone 16 Pro Max khi c\u1ea3 4 phi\u00ean b\u1ea3n n\u00e0y \u0111\u1ec1u l\u00e0 bi\u1ebfn th\u1ec3 c\u1ee7a Titanium &#8211; v\u1eadt li\u1ec7u ch\u1ee7 \u0111\u1ea1o tr\u00ean thi\u1ebft k\u1ebf khung v\u1ecf c\u1ee7a thi\u1ebft b\u1ecb.<\/p>\n<h3 style=\"font-weight: inherit;\">Nhi\u1ebfp \u1ea3nh linh ho\u1ea1t v\u1edbi n\u00fat \u0110i\u1ec1u Khi\u1ec3n Camera<\/h3>\n<p style=\"font-weight: 400;\">N\u00fat \u0110i\u1ec1u Khi\u1ec3n Camera \u1edf c\u1ea1nh ph\u1ea3i iPhone 16 Pro Max l\u00e0 t\u00ednh n\u0103ng ho\u00e0n to\u00e0n m\u1edbi, cho ph\u00e9p ch\u00fang ta d\u1ec5 d\u00e0ng k\u00edch ho\u1ea1t t\u00e1c v\u1ee5 ch\u1ee5p \u1ea3nh ho\u1eb7c quay phim. B\u1ea1n ch\u1ec9 c\u1ea7n vu\u1ed1t nh\u1eb9 ng\u00f3n tay tr\u00ean n\u00fat b\u1ea5m n\u00e0y l\u00e0 c\u00f3 th\u1ec3 tinh ch\u1ec9nh c\u00e1c ch\u1ee9c n\u0103ng nhi\u1ebfp \u1ea3nh nh\u01b0: ph\u01a1i s\u00e1ng, \u0111\u1ed9 s\u00e2u tr\u01b0\u1eddng \u1ea3nh, chuy\u1ec3n \u0111\u1ed5i gi\u1eefa c\u00e1c \u1ed1ng k\u00ednh ho\u1eb7c thu ph\u00f3ng k\u1ef9 thu\u1eadt s\u1ed1&#8230;<\/p>\n<p style=\"font-weight: 400;\">\u0110\u00e2y l\u00e0 y\u1ebfu t\u1ed1 th\u1ec3 hi\u1ec7n s\u1ef1 tinh t\u1ebf c\u1ee7a Apple trong vi\u1ec7c n\u00e2ng cao tr\u1ea3i nghi\u1ec7m quay ch\u1ee5p. M\u1eb7t ngo\u00e0i c\u1ee7a N\u00fat \u0110i\u1ec1u Khi\u1ec3n Camera \u0111\u01b0\u1ee3c ho\u00e0n thi\u1ec7n b\u1eb1ng tinh th\u1ec3 sapphire, cho tr\u1ea3i nghi\u1ec7m vu\u1ed1t ch\u1ea1m m\u1ecbn m\u00e0ng. C\u1ea3m bi\u1ebfn b\u00ean trong n\u00fat b\u1ea5m s\u1ebd nh\u1eadn di\u1ec7n l\u1ef1c nh\u1ea5n m\u1ea1nh\/nh\u1eb9 t\u1eeb ng\u00f3n tay nh\u1eb1m m\u00f4 ph\u1ecfng c\u01a1 ch\u1ebf ph\u1ea3n h\u1ed3i, t\u1ea1o c\u1ea3m gi\u00e1c nh\u01b0 \u0111ang ch\u1ee5p \u1ea3nh b\u1eb1ng camera DSLR.<\/p>\n<p><img loading=\"lazy\" decoding=\"async\" class=\"alignnone size-full wp-image-2347\" src=\"http:\/\/fixmobile.vn\/wp-content\/uploads\/2024\/10\/iphone_16_pro2jpg.jpg\" alt=\"\" width=\"800\" height=\"533\" \/><\/p>\n<h3 style=\"font-weight: inherit;\">Nhi\u1ebfp \u1ea3nh \u0111\u1ec9nh cao v\u1edbi camera Ultra Wide 48MP<\/h3>\n<p style=\"font-weight: 400;\">Ngo\u00e0i camera Fusion 48MP, iPhone 16 Pro Max gi\u1edd \u0111\u00e2y c\u00f3 th\u00eam camera Ultra Wide 48MP v\u1edbi c\u1ea3m bi\u1ebfn quad-pixel th\u1ebf h\u1ec7 m\u1edbi, cho ph\u00e9p ch\u1ee7 nh\u00e2n chi\u1ebfc\u00a0\u0111i\u1ec7n tho\u1ea1i\u00a0th\u1ecfa s\u1ee9c ch\u1ee5p \u1ea3nh HEIF ho\u1eb7c th\u1ef1c hi\u1ec7n c\u00e1c khu\u00f4n h\u00ecnh ProRAW v\u1edbi ch\u1ea5t l\u01b0\u1ee3ng si\u00eau cao.<\/p>\n<p style=\"font-weight: 400;\">Ngo\u00e0i ra, camera Telephoto 5x c\u0169ng h\u1ed7 tr\u1ee3 ch\u1ee5p \u1ea3nh v\u1edbi ti\u00eau c\u1ef1 120mm, h\u1ed7 tr\u1ee3 ch\u1ee5p \u1ea3nh r\u00f5 n\u00e9t t\u1eeb kho\u1ea3ng c\u00e1ch xa h\u01a1n. B\u1ea1n s\u1ebd c\u00f3 nhi\u1ec1u m\u1ee9c khung h\u00ecnh kh\u00e1c nhau \u0111\u1ec3 th\u1ecfa s\u1ee9c s\u00e1ng t\u1ea1o v\u1edbi ni\u1ec1m \u0111am m\u00ea nhi\u1ebfp \u1ea3nh c\u1ee7a m\u00ecnh, bao g\u1ed3m t\u1eeb Macro, 13 mm, 24 mm, 28 mm, 35 mm, 48 mm v\u00e0 120 mm.<\/p>\n<p><img loading=\"lazy\" decoding=\"async\" class=\"alignnone size-full wp-image-2348\" src=\"http:\/\/fixmobile.vn\/wp-content\/uploads\/2024\/10\/iphone_16_pro3jpg.jpg\" alt=\"\" width=\"800\" height=\"533\" \/><\/p>\n<h3 style=\"font-weight: inherit;\">Bi\u1ebfn t\u1ea5u m\u1ed7i b\u1ee9c \u1ea3nh theo phong c\u00e1ch ri\u00eang<\/h3>\n<p style=\"font-weight: 400;\">Ch\u1ebf \u0111\u1ed9 Phong C\u00e1ch Nhi\u1ebfp \u1ea2nh tr\u00ean iPhone 16 Pro Max kh\u00e9o l\u00e9o t\u1eadn d\u1ee5ng s\u1ee9c m\u1ea1nh t\u1eeb chip A18 Pro \u0111\u1ec3 h\u1ed7 tr\u1ee3 ng\u01b0\u1eddi d\u00f9ng bi\u1ebfn t\u1ea5u phong c\u00e1ch linh ho\u1ea1t cho \u1ea3nh ch\u1ee5p trong qu\u00e1 tr\u00ecnh h\u1eadu k\u1ef3. B\u1ea1n c\u00f3 th\u1ec3 thay \u0111\u1ed5i s\u1eafc th\u00e1i b\u1ee9c \u1ea3nh qua vi\u1ec7c ch\u1ec9nh s\u1eeda m\u00e0u s\u1eafc.<\/p>\n<p style=\"font-weight: 400;\">Apple c\u0169ng s\u00e1ng t\u1ea1o n\u00ean nh\u1eefng phong c\u00e1ch m\u1edbi \u0111\u1ec3 ch\u00fang ta tho\u1ea3i m\u00e1i ch\u1ecdn \u0111\u01b0\u1ee3c n\u01b0\u1edbc \u1ea3nh \u01b0ng \u00fd nh\u1ea5t v\u1edbi k\u1ebft xu\u1ea5t t\u00f4ng m\u00e0u da ti\u00ean ti\u1ebfn h\u01a1n. Trong tr\u01b0\u1eddng h\u1ee3p ch\u01b0a h\u00e0i l\u00f2ng v\u1edbi c\u00e1c filter s\u1eb5n c\u00f3, b\u1ea1n c\u00f3 th\u1ec3 c\u00e1 nh\u00e2n h\u00f3a b\u1ee9c \u1ea3nh theo phong c\u00e1ch ri\u00eang qua b\u1ea3ng \u0111i\u1ec1u khi\u1ec3n t\u00f4ng m\u00e0u ho\u00e0n to\u00e0n m\u1edbi.<\/p>\n<p><img loading=\"lazy\" decoding=\"async\" class=\"alignnone size-full wp-image-2349\" src=\"http:\/\/fixmobile.vn\/wp-content\/uploads\/2024\/10\/iphone_16_pro4jpg.jpg\" alt=\"\" width=\"800\" height=\"533\" \/><\/p>\n<h3 style=\"font-weight: inherit;\">A18 Pro &#8211; B\u01b0\u1edbc ti\u1ebfn v\u01b0\u1ee3t b\u1eadc v\u1ec1 hi\u1ec7u n\u0103ng<\/h3>\n<p style=\"font-weight: 400;\">Mang trong m\u00ecnh chip A18 Pro c\u1ef1c m\u1ea1nh, iPhone 16 Pro Max s\u1edf h\u1eefu ngu\u1ed3n hi\u1ec7u n\u0103ng \u1ea5n t\u01b0\u1ee3ng \u0111\u1ec3 gi\u1ea3i quy\u1ebft trong ch\u1edbp m\u1eaft m\u1ecdi t\u00e1c v\u1ee5 b\u1ea1n c\u1ea7n. B\u1ed9 vi x\u1eed l\u00fd chuy\u00ean nghi\u1ec7p th\u1ebf h\u1ec7 m\u1edbi g\u1ed3m 6 l\u00f5i CPU, 6 l\u00f5i GPU v\u00e0 16 l\u00f5i Neural Engine, gia t\u0103ng t\u1ed5ng l\u01b0\u1ee3ng b\u0103ng th\u00f4ng b\u1ed9 nh\u1edb th\u00eam 20%.<\/p>\n<p style=\"font-weight: 400;\">So v\u1edbi chip tr\u00ean th\u1ebf h\u1ec7 iPhone ti\u1ec1n nhi\u1ec7m, A18 Pro c\u00f3 6 l\u00f5i CPU nhanh h\u01a1n \u0111\u1ebfn 15% v\u00e0 6 l\u00f5i GPU nhanh h\u01a1n 20%. C\u00f4ng ngh\u1ec7 d\u00f2 tia t\u1ed1c \u0111\u1ed9 cao b\u1eb1ng ph\u1ea7n c\u1ee9ng \u0111\u01b0\u1ee3c gia t\u0103ng t\u1ed1c \u0111\u1ed9 g\u1ea5p 2 l\u1ea7n, gi\u00fap c\u00e1c t\u1ef1a game \u0111\u01b0\u1ee3c di\u1ec5n \u0111\u1ea1t s\u1ed1ng \u0111\u1ed9ng h\u01a1n, hi\u1ec7u \u1ee9ng \u0111\u1ed3 h\u1ecda v\u00e0 \u00e1nh s\u00e1ng c\u1ef1c \u0111\u1ed9 trung th\u1ef1c, \u0111em l\u1ea1i tr\u1ea3i nghi\u1ec7m ch\u01a1i game tuy\u1ec7t \u0111\u1ec9nh.<\/p>\n<p><img loading=\"lazy\" decoding=\"async\" class=\"alignnone size-full wp-image-2350\" src=\"http:\/\/fixmobile.vn\/wp-content\/uploads\/2024\/10\/iphone_16_pro5jpg.jpg\" alt=\"\" width=\"800\" height=\"533\" \/><\/p>\n<h3 style=\"font-weight: inherit;\">Chi\u1ebfc iPhone \u0111\u01b0\u1ee3c thi\u1ebft k\u1ebf cho Apple Intelligence<\/h3>\n<p style=\"font-weight: 400;\">S\u1ef1 g\u00f3p m\u1eb7t c\u1ee7a\u00a0Apple Intelligence\u00a0\u0111em l\u1ea1i cho ng\u01b0\u1eddi d\u00f9ng iPhone 16 Pro Max nh\u1eefng tr\u1ea3i nghi\u1ec7m ti\u1ec7n d\u1ee5ng h\u01a1n nhi\u1ec1u. C\u00f4ng ngh\u1ec7 tr\u00ed tu\u1ec7 c\u00e1 nh\u00e2n c\u00f3 th\u1ec3 h\u1ed7 tr\u1ee3 \u0111\u1eafc l\u1ef1c cho vi\u1ec7c vi\u1ebft l\u00e1ch, t\u00f3m t\u1eaft n\u1ed9i dung ghi \u00e2m, s\u00e1ng t\u1ea1o c\u00e1c b\u1ee9c \u1ea3nh m\u1edbi v\u00e0 t\u1ef1 t\u1ea1o Genmoji \u0111\u1ed9c \u0111\u00e1o tr\u00ean b\u00e0n ph\u00edm.<\/p>\n<p style=\"font-weight: 400;\">Th\u00eam v\u00e0o \u0111\u00f3, tr\u1ee3 l\u00fd \u1ea3o Siri gi\u1edd \u0111\u00e2y c\u00f3 kh\u1ea3 n\u0103ng th\u1ea5u hi\u1ec3u s\u00e2u s\u1eafc h\u01a1n v\u00e0 giao ti\u1ebfp t\u1ef1 nhi\u00ean h\u01a1n v\u1edbi b\u1ea1n, \u0111em l\u1ea1i s\u1ef1 h\u1ed7 tr\u1ee3 ti\u1ec7n d\u1ee5ng h\u01a1<\/p>\n","protected":false},"excerpt":{"rendered":"<p>Iphone 16 pro max 258GB \u0110\u00e1nh d\u1ea5u b\u01b0\u1edbc nh\u1ea3y v\u1ecdt v\u1ec1 th\u1eddi l\u01b0\u1ee3ng pin v\u00e0 s\u1edf h\u1eefu chip A18 Pro xu\u1ea5t s\u1eafc,\u00a0iPhone 16 Pro Max\u00a0\u0111em l\u1ea1i tr\u1ea3i nghi\u1ec7m v\u01b0\u1ee3t tr\u1ed9i tr\u00ean m\u1ecdi kh\u00eda c\u1ea1nh. S\u1ea3n ph\u1ea9m g\u00e2y \u1ea5n t\u01b0\u1ee3ng v\u1edbi vi\u1ec1n m\u00e0n h\u00ecnh si\u00eau m\u1ecfng, \u0111\u01b0\u1ee3c trang b\u1ecb n\u00fat \u0110i\u1ec1u Khi\u1ec3n Camera m\u1edbi v\u00e0 c\u00f3&#8230;<\/p>\n","protected":false},"featured_media":2357,"comment_status":"open","ping_status":"closed","template":"","meta":{"rank_math_lock_modified_date":false},"product_cat":[15,383,387],"product_tag":[],"class_list":{"0":"post-2387","1":"product","2":"type-product","3":"status-publish","4":"has-post-thumbnail","6":"product_cat-dien-thoai","7":"product_cat-iphone","8":"product_cat-sua-iphone","10":"first","11":"instock","12":"featured","13":"shipping-taxable","14":"purchasable","15":"product-type-variable","16":"has-default-attributes"},"_links":{"self":[{"href":"https:\/\/fixmobile.vn\/index.php?rest_route=\/wp\/v2\/product\/2387","targetHints":{"allow":["GET"]}}],"collection":[{"href":"https:\/\/fixmobile.vn\/index.php?rest_route=\/wp\/v2\/product"}],"about":[{"href":"https:\/\/fixmobile.vn\/index.php?rest_route=\/wp\/v2\/types\/product"}],"replies":[{"embeddable":true,"href":"https:\/\/fixmobile.vn\/index.php?rest_route=%2Fwp%2Fv2%2Fcomments&post=2387"}],"wp:featuredmedia":[{"embeddable":true,"href":"https:\/\/fixmobile.vn\/index.php?rest_route=\/wp\/v2\/media\/2357"}],"wp:attachment":[{"href":"https:\/\/fixmobile.vn\/index.php?rest_route=%2Fwp%2Fv2%2Fmedia&parent=2387"}],"wp:term":[{"taxonomy":"product_cat","embeddable":true,"href":"https:\/\/fixmobile.vn\/index.php?rest_route=%2Fwp%2Fv2%2Fproduct_cat&post=2387"},{"taxonomy":"product_tag","embeddable":true,"href":"https:\/\/fixmobile.vn\/index.php?rest_route=%2Fwp%2Fv2%2Fproduct_tag&post=2387"}],"curies":[{"name":"wp","href":"https:\/\/api.w.org\/{rel}","templated":true}]}}