{"id":2710,"date":"2024-10-15T17:55:08","date_gmt":"2024-10-15T10:55:08","guid":{"rendered":"https:\/\/fixmobile.vn\/?post_type=product&#038;p=2710"},"modified":"2025-11-09T08:47:55","modified_gmt":"2025-11-09T01:47:55","slug":"apple-watch-se-2-gps","status":"publish","type":"product","link":"http:\/\/fixmobile.vn\/?product=apple-watch-se-2-gps","title":{"rendered":"Apple Watch SE 2 GPS"},"content":{"rendered":"<p><strong>Apple Watch SE 2 kh\u00f4ng ch\u1ec9 l\u00e0 m\u1ed9t s\u1ea3n ph\u1ea9m c\u00f4ng ngh\u1ec7, m\u00e0 c\u00f2n l\u00e0 ng\u01b0\u1eddi b\u1ea1n \u0111\u1ed3ng h\u00e0nh l\u00fd t\u01b0\u1edfng, g\u00f3p ph\u1ea7n n\u00e2ng cao ch\u1ea5t l\u01b0\u1ee3ng cu\u1ed9c s\u1ed1ng v\u00e0 t\u1ea1o n\u00ean nh\u1eefng tr\u1ea3i nghi\u1ec7m \u00fd ngh\u0129a cho ng\u01b0\u1eddi d\u00f9ng.\u00a0<\/strong><\/p>\n<h3><strong>S\u1ea3n ph\u1ea9m b\u1ea3o v\u1ec7 m\u00f4i tr\u01b0\u1eddng<\/strong><\/h3>\n<p>Khi k\u1ebft h\u1ee3p c\u00f9ng d\u00e2y \u0111eo v\u1ea3i Sport Loop phi\u00ean b\u1ea3n m\u1edbi nh\u1ea5t, Apple Watch SE 2 \u0111\u00e3 \u0111\u1ea1t ti\u00eau chu\u1ea9n \u201cCarbon Neutral\u201d, minh ch\u1ee9ng cho s\u1ef1 cam k\u1ebft kh\u00f4ng ng\u1eebng c\u1ee7a Apple trong vi\u1ec7c b\u1ea3o v\u1ec7 m\u00f4i tr\u01b0\u1eddng v\u00e0 ph\u1ea5n \u0111\u1ea5u h\u01b0\u1edbng t\u1edbi m\u1ed9t t\u01b0\u01a1ng lai xanh s\u1ea1ch. M\u1ee5c ti\u00eau n\u00e0y kh\u00f4ng ch\u1ec9 l\u00e0 b\u01b0\u1edbc ti\u1ebfn quan tr\u1ecdng trong vi\u1ec7c gi\u1ea3m thi\u1ec3u \u1ea3nh h\u01b0\u1edfng \u0111\u1ebfn m\u00f4i tr\u01b0\u1eddng, m\u00e0 c\u00f2n th\u1ec3 hi\u1ec7n tr\u00e1ch nhi\u1ec7m v\u00e0 t\u1ea7m v\u00f3c c\u1ee7a Apple trong vi\u1ec7c d\u1eabn d\u1eaft ng\u00e0nh c\u00f4ng nghi\u1ec7p v\u00e0 t\u1ea1o ra l\u1ed1i s\u1ed1ng b\u1ec1n v\u1eefng.<\/p>\n<p><img decoding=\"async\" src=\"https:\/\/cdn.fptshop.com.vn\/Uploads\/images\/2015\/Tin-Tuc\/11\/10\/02-apple-watch-se-2-gps-cellular-vien-nhom-day-vai-01.jpg\" alt=\"Apple Watch SE 2 GPS + Cellular 40mm Vi\u1ec1n nh\u00f4m D\u00e2y v\u1ea3i\" data-cke-saved-src=\"https:\/\/fptshop.com.vn\/Uploads\/images\/2015\/Tin-Tuc\/11\/10\/02-apple-watch-se-2-gps-cellular-vien-nhom-day-vai-01.jpg\" \/><\/p>\n<h3><strong>T\u00ednh n\u0103ng \u0111a d\u1ea1ng<\/strong><\/h3>\n<p>Apple Watch SE 2 phi\u00ean b\u1ea3n GPS + Cellular kh\u00f4ng ch\u1ec9 l\u00e0 m\u1ed9t chi\u1ebfc \u0111\u1ed3ng h\u1ed3 th\u00f4ng minh v\u1edbi nh\u1eefng t\u00ednh n\u0103ng n\u1ed5i b\u1eadt nh\u01b0 Crash Detection v\u00e0 c\u00e1c ch\u1ec9 s\u1ed1 workout ti\u00ean ti\u1ebfn, m\u00e0 c\u00f2n l\u00e0 m\u1ed9t tr\u1ee3 l\u00fd c\u00e1 nh\u00e2n ho\u00e0n h\u1ea3o tr\u00ean c\u1ed5 tay b\u1ea1n. V\u1edbi h\u1ec7 \u0111i\u1ec1u h\u00e0nh watchOS 10, c\u00e1c \u1ee9ng d\u1ee5ng \u0111\u00e3 \u0111\u01b0\u1ee3c thi\u1ebft k\u1ebf l\u1ea1i v\u00e0 t\u00ednh n\u0103ng Smart Stack, chi\u1ebfc \u0111\u1ed3ng h\u1ed3 n\u00e0y s\u1ebd mang \u0111\u1ebfn tr\u1ea3i nghi\u1ec7m ng\u01b0\u1eddi d\u00f9ng linh ho\u1ea1t v\u00e0 th\u00f4ng minh, gi\u00fap b\u1ea1n d\u1ec5 d\u00e0ng theo d\u00f5i v\u00e0 qu\u1ea3n l\u00fd s\u1ee9c kh\u1ecfe, duy tr\u00ec l\u1ed1i s\u1ed1ng n\u0103ng \u0111\u1ed9ng v\u00e0 k\u1ebft n\u1ed1i m\u1ecdi l\u00fac, m\u1ecdi n\u01a1i.<\/p>\n<p>B\u1ea1n s\u1ebd c\u00f3 th\u1ec3 truy c\u1eadp nhanh ch\u00f3ng v\u00e0 thu\u1eadn ti\u1ec7n v\u00e0o c\u00e1c th\u00f4ng tin quan tr\u1ecdng, \u0111\u1ed3ng th\u1eddi t\u1eadn h\u01b0\u1edfng nh\u1eefng t\u00ednh n\u0103ng \u0111\u1ed9c \u0111\u00e1o v\u00e0 ti\u1ec7n \u00edch, ph\u1ee5c v\u1ee5 cho nhu c\u1ea7u \u0111a d\u1ea1ng c\u1ee7a cu\u1ed9c s\u1ed1ng h\u00e0ng ng\u00e0y.<\/p>\n<p><img decoding=\"async\" src=\"https:\/\/cdn.fptshop.com.vn\/Uploads\/images\/2015\/Tin-Tuc\/11\/10\/02-apple-watch-se-2-gps-cellular-vien-nhom-day-vai-02.jpg\" alt=\"Apple Watch SE 2 GPS + Cellular 40mm Vi\u1ec1n nh\u00f4m D\u00e2y v\u1ea3i 2\" data-cke-saved-src=\"https:\/\/fptshop.com.vn\/Uploads\/images\/2015\/Tin-Tuc\/11\/10\/02-apple-watch-se-2-gps-cellular-vien-nhom-day-vai-02.jpg\" \/><\/p>\n<h3><strong>K\u1ebft n\u1ed1i m\u1ea1ng di \u0111\u1ed9ng<\/strong><\/h3>\n<p>V\u1edbi c\u00f4ng ngh\u1ec7 eSIM t\u00edch h\u1ee3p, Apple Watch SE 2 phi\u00ean b\u1ea3n GPS + Cellular s\u1ebd m\u1edf ra m\u1ed9t k\u1ef7 nguy\u00ean m\u1edbi v\u1ec1 s\u1ef1 linh ho\u1ea1t v\u00e0 k\u1ebft n\u1ed1i cho ng\u01b0\u1eddi d\u00f9ng. Kh\u00f4ng ch\u1ec9 gi\u00fap b\u1ea1n g\u1eedi tin nh\u1eafn v\u00e0 th\u1ef1c hi\u1ec7n cu\u1ed9c g\u1ecdi m\u00e0 kh\u00f4ng c\u1ea7n \u0111\u1ebfn iPhone b\u00ean c\u1ea1nh, chi\u1ebfc \u0111\u1ed3ng h\u1ed3 th\u00f4ng minh n\u00e0y c\u00f2n cho ph\u00e9p b\u1ea1n th\u01b0\u1edfng th\u1ee9c \u00e2m nh\u1ea1c v\u00e0 podcast \u1edf m\u1ecdi n\u01a1i, m\u1ecdi l\u00fac, mang l\u1ea1i tr\u1ea3i nghi\u1ec7m gi\u1ea3i tr\u00ed kh\u00f4ng gi\u1edbi h\u1ea1n. V\u00ec v\u1eady, b\u1ea1n s\u1ebd c\u00f3 th\u1ec3 m\u1edf r\u1ed9ng kh\u1ea3 n\u0103ng k\u1ebft n\u1ed1i c\u1ee7a m\u00ecnh, gi\u00fap b\u1ea1n lu\u00f4n gi\u1eef li\u00ean l\u1ea1c v\u00e0 c\u1eadp nh\u1eadt th\u00f4ng tin, d\u00f9 b\u1ea1n \u0111ang \u1edf b\u1ea5t k\u1ef3 \u0111\u00e2u.<\/p>\n<p><img decoding=\"async\" src=\"https:\/\/cdn.fptshop.com.vn\/Uploads\/images\/2015\/Tin-Tuc\/11\/10\/02-apple-watch-se-2-gps-cellular-vien-nhom-day-vai-03.jpg\" alt=\"Apple Watch SE 2 GPS + Cellular 40mm Vi\u1ec1n nh\u00f4m D\u00e2y v\u1ea3i 2\" data-cke-saved-src=\"https:\/\/fptshop.com.vn\/Uploads\/images\/2015\/Tin-Tuc\/11\/10\/02-apple-watch-se-2-gps-cellular-vien-nhom-day-vai-03.jpg\" \/><\/p>\n<h3><strong>B\u1ea3o v\u1ec7 t\u1ed1i \u0111a cho ng\u01b0\u1eddi d\u00f9ng<\/strong><\/h3>\n<p>V\u1edbi vi\u1ec7c s\u1edf h\u1eefu c\u00e1c t\u00ednh n\u0103ng ti\u00ean ti\u1ebfn nh\u01b0 Fall Detection, Crash Detection v\u00e0 Emergency SOS, Apple Watch SE 2 phi\u00ean b\u1ea3n GPS + Cellular s\u1ebd tr\u1edf th\u00e0nh ng\u01b0\u1eddi b\u1ea1n \u0111\u1ed3ng h\u00e0nh l\u00fd t\u01b0\u1edfng, s\u1eb5n s\u00e0ng cung c\u1ea5p s\u1ef1 gi\u00fap \u0111\u1ee1 ngay l\u1eadp t\u1ee9c khi b\u1ea1n g\u1eb7p ph\u1ea3i t\u00ecnh hu\u1ed1ng kh\u1ea9n c\u1ea5p.<\/p>\n<p>Kh\u00f4ng ch\u1ec9 v\u1eady, chi\u1ebfc \u0111\u1ed3ng h\u1ed3 th\u00f4ng minh n\u00e0y c\u00f2n theo d\u00f5i s\u1ee9c kh\u1ecfe c\u1ee7a b\u1ea1n m\u1ed9t c\u00e1ch ch\u00ednh x\u00e1c, g\u1eedi th\u00f4ng b\u00e1o ngay l\u1eadp t\u1ee9c n\u1ebfu ph\u00e1t hi\u1ec7n nh\u1ecbp tim kh\u00f4ng \u0111\u1ec1u, qu\u00e1 cao ho\u1eb7c qu\u00e1 th\u1ea5p, gi\u00fap b\u1ea1n lu\u00f4n duy tr\u00ec tr\u1ea1ng th\u00e1i s\u1ee9c kh\u1ecfe t\u1ed1t nh\u1ea5t v\u00e0 ph\u00f2ng tr\u00e1nh k\u1ecbp th\u1eddi c\u00e1c r\u1ee7i ro v\u1ec1 s\u1ee9c kh\u1ecfe.<\/p>\n<p><img decoding=\"async\" src=\"https:\/\/cdn.fptshop.com.vn\/Uploads\/images\/2015\/Tin-Tuc\/11\/10\/02-apple-watch-se-2-gps-cellular-vien-nhom-day-vai-04.jpg\" alt=\"Apple Watch SE 2 GPS + Cellular 40mm Vi\u1ec1n nh\u00f4m D\u00e2y v\u1ea3i 5\" data-cke-saved-src=\"https:\/\/fptshop.com.vn\/Uploads\/images\/2015\/Tin-Tuc\/11\/10\/02-apple-watch-se-2-gps-cellular-vien-nhom-day-vai-04.jpg\" \/><\/p>\n<h3><strong>T\u01b0\u01a1ng th\u00edch v\u1edbi thi\u1ebft b\u1ecb v\u00e0 d\u1ecbch v\u1ee5 Apple<\/strong><\/h3>\n<p>Apple Watch SE 2 phi\u00ean b\u1ea3n GPS + Cellular mang l\u1ea1i tr\u1ea3i nghi\u1ec7m t\u00edch h\u1ee3p ho\u00e0n h\u1ea3o v\u1edbi h\u1ec7 sinh th\u00e1i s\u1ea3n ph\u1ea9m v\u00e0 d\u1ecbch v\u1ee5 c\u1ee7a Apple. Chi\u1ebfc \u0111\u1ed3ng h\u1ed3 th\u00f4ng minh n\u00e0y kh\u00f4ng ch\u1ec9 t\u1ef1 \u0111\u1ed9ng m\u1edf kh\u00f3a Mac m\u00e0 c\u00f2n gi\u00fap b\u1ea1n d\u1ec5 d\u00e0ng t\u00ecm ra thi\u1ebft b\u1ecb Apple kh\u00e1c c\u1ee7a m\u00ecnh ch\u1ec9 b\u1eb1ng m\u1ed9t c\u00fa ch\u1ea1m nh\u1eb9.<\/p>\n<p>Ngo\u00e0i ra, v\u1edbi Apple Pay t\u00edch h\u1ee3p s\u1eb5n, vi\u1ec7c thanh to\u00e1n \u0111\u00e3 tr\u1edf n\u00ean nhanh ch\u00f3ng v\u00e0 thu\u1eadn ti\u1ec7n h\u01a1n bao gi\u1edd h\u1ebft. V\u1edbi vi\u1ec7c s\u1eed d\u1ee5ng Apple Watch SE 2, b\u1ea1n s\u1ebd l\u00e0m t\u0103ng th\u00eam s\u1ef1 ti\u1ec7n l\u1ee3i v\u00e0 hi\u1ec7u qu\u1ea3 trong cu\u1ed9c s\u1ed1ng h\u00e0ng ng\u00e0y c\u1ee7a m\u00ecnh.<\/p>\n<p><img decoding=\"async\" src=\"https:\/\/cdn.fptshop.com.vn\/Uploads\/images\/2015\/Tin-Tuc\/11\/10\/02-apple-watch-se-2-gps-cellular-vien-nhom-day-vai-05.jpg\" alt=\"Apple Watch SE 2 GPS + Cellular 40mm Vi\u1ec1n nh\u00f4m D\u00e2y v\u1ea3i 8\" data-cke-saved-src=\"https:\/\/fptshop.com.vn\/Uploads\/images\/2015\/Tin-Tuc\/11\/10\/02-apple-watch-se-2-gps-cellular-vien-nhom-day-vai-05.jpg\" \/><\/p>\n<h3><strong>Tr\u1ea3i nghi\u1ec7m b\u1ec1n b\u1ec9 v\u00e0 \u0111\u1ea7y phong c\u00e1ch<\/strong><\/h3>\n<p>Apple Watch SE 2 phi\u00ean b\u1ea3n GPS + Cellular t\u1ef1 h\u00e0o s\u1edf h\u1eefu thi\u1ebft k\u1ebf m\u00e0n h\u00ecnh OLED Retina kh\u00f4ng vi\u1ec1n k\u1ebft h\u1ee3p khung vi\u1ec1n nh\u00f4m cao c\u1ea5p v\u00e0 b\u1ec1n b\u1ec9, \u0111\u1ea3m b\u1ea3o kh\u1ea3 n\u0103ng ch\u1ecbu \u0111\u1ef1ng tr\u01b0\u1edbc nh\u1eefng t\u00e1c \u0111\u1ed9ng t\u1eeb m\u00f4i tr\u01b0\u1eddng b\u00ean ngo\u00e0i. \u0110\u1eb7c bi\u1ec7t, chi\u1ebfc \u0111\u1ed3ng h\u1ed3 th\u00f4ng minh n\u00e0y c\u00f3 kh\u1ea3 n\u0103ng ch\u1ed1ng n\u01b0\u1edbc \u1ea5n t\u01b0\u1ee3ng l\u00ean \u0111\u1ebfn 50 m\u00e9t, cho ph\u00e9p b\u1ea1n tho\u1ea3i m\u00e1i s\u1eed d\u1ee5ng trong m\u1ecdi ho\u00e0n c\u1ea3nh v\u00e0 \u0111i\u1ec1u ki\u1ec7n th\u1eddi ti\u1ebft, k\u1ec3 c\u1ea3 khi tr\u1eddi m\u01b0a hay trong c\u00e1c ho\u1ea1t \u0111\u1ed9ng th\u1ec3 thao d\u01b0\u1edbi n\u01b0\u1edbc.<\/p>\n<p>Th\u00eam v\u00e0o \u0111\u00f3, Apple Watch SE 2 c\u00f2n mang \u0111\u1ebfn s\u1ef1 \u0111a d\u1ea1ng v\u1edbi ba phi\u00ean b\u1ea3n m\u00e0u s\u1eafc \u0111\u1ed9c \u0111\u00e1o v\u00e0 th\u1eddi trang, gi\u00fap ng\u01b0\u1eddi d\u00f9ng c\u00f3 th\u00eam nhi\u1ec1u l\u1ef1a ch\u1ecdn \u0111\u1ec3 c\u00e1 nh\u00e2n h\u00f3a v\u00e0 th\u1ec3 hi\u1ec7n phong c\u00e1ch c\u00e1 nh\u00e2n.<\/p>\n<p><img decoding=\"async\" src=\"https:\/\/cdn.fptshop.com.vn\/Uploads\/images\/2015\/Tin-Tuc\/11\/10\/02-apple-watch-se-2-gps-cellular-vien-nhom-day-vai-06.jpg\" alt=\"Apple Watch SE 2 GPS + Cellular 40mm Vi\u1ec1n nh\u00f4m D\u00e2y v\u1ea3i 9\" data-cke-saved-src=\"https:\/\/fptshop.com.vn\/Uploads\/images\/2015\/Tin-Tuc\/11\/10\/02-apple-watch-se-2-gps-cellular-vien-nhom-day-vai-06.jpg\" \/><\/p>\n<h3><strong>D\u1ec5 d\u00e0ng t\u00f9y ch\u1ec9nh<\/strong><\/h3>\n<p>Apple Watch SE 2 phi\u00ean b\u1ea3n GPS + Cellular mang \u0111\u1ebfn s\u1ef1 linh ho\u1ea1t trong vi\u1ec7c l\u1ef1a ch\u1ecdn d\u00e2y \u0111eo v\u1ea3i th\u1ec3 thao Sport Loop \u0111\u1ec3 b\u1ea1n t\u1ef1 tin th\u1ec3 hi\u1ec7n phong c\u00e1ch v\u00e0 c\u00e1 t\u00ednh c\u1ee7a m\u00ecnh. Ngo\u00e0i ra, watchOS 10 tr\u00ean smartwatch n\u00e0y c\u00f2n cung c\u1ea5p cho b\u1ea1n kh\u1ea3 n\u0103ng t\u00f9y ch\u1ec9nh m\u1eb7t \u0111\u1ed3ng h\u1ed3 theo \u00fd mu\u1ed1n. Nh\u1edd v\u1eady, b\u1ea1n c\u00f3 th\u1ec3 d\u1ec5 d\u00e0ng thay \u0111\u1ed5i v\u00e0 c\u00e1 nh\u00e2n h\u00f3a chi\u1ebfc \u0111\u1ed3ng h\u1ed3 c\u1ee7a m\u00ecnh \u0111\u1ec3 ph\u00f9 h\u1ee3p v\u1edbi s\u1edf th\u00edch v\u00e0 t\u00e2m tr\u1ea1ng kh\u00e1c nhau.<\/p>\n<p><img decoding=\"async\" src=\"https:\/\/cdn.fptshop.com.vn\/Uploads\/images\/2015\/Tin-Tuc\/11\/10\/02-apple-watch-se-2-gps-cellular-vien-nhom-day-vai-06.jpg\" alt=\"Apple Watch SE 2 GPS + Cellular 40mm Vi\u1ec1n nh\u00f4m D\u00e2y v\u1ea3i 11\" data-cke-saved-src=\"https:\/\/fptshop.com.vn\/Uploads\/images\/2015\/Tin-Tuc\/11\/10\/02-apple-watch-se-2-gps-cellular-vien-nhom-day-vai-06.jpg\" \/><\/p>\n<h3><strong>Hu\u1ea5n luy\u1ec7n vi\u00ean s\u1ee9c kh\u1ecfe c\u1ee7a b\u1ea1n<\/strong><\/h3>\n<p>\u1ee8ng d\u1ee5ng Workout t\u00edch h\u1ee3p s\u1eb5n tr\u00ean Apple Watch SE 2 kh\u00f4ng ch\u1ec9 mang l\u1ea1i cho b\u1ea1n nh\u1eefng b\u00e0i t\u1eadp luy\u1ec7n \u0111a d\u1ea1ng, m\u00e0 c\u00f2n gi\u00fap b\u1ea1n theo d\u00f5i v\u00e0 \u0111\u00e1nh gi\u00e1 hi\u1ec7u su\u1ea5t t\u1eadp luy\u1ec7n c\u1ee7a m\u00ecnh m\u1ed9t c\u00e1ch chi ti\u1ebft v\u00e0 ch\u00ednh x\u00e1c.<\/p>\n<p>B\u1ea1n s\u1ebd c\u00f3 c\u01a1 h\u1ed9i tr\u1ea3i nghi\u1ec7m v\u00e0 kh\u00e1m ph\u00e1 nhi\u1ec1u h\u00ecnh th\u1ee9c t\u1eadp luy\u1ec7n m\u1edbi, t\u1eeb \u0111\u00f3 t\u00ecm ra ph\u01b0\u01a1ng ph\u00e1p t\u1eadp luy\u1ec7n ph\u00f9 h\u1ee3p v\u00e0 hi\u1ec7u qu\u1ea3 nh\u1ea5t cho b\u1ea3n th\u00e2n. Ngo\u00e0i ra, b\u1ea1n c\u00f2n c\u00f3 th\u1ec3 s\u1eed d\u1ee5ng h\u00e0ng ngh\u00ecn \u1ee9ng d\u1ee5ng v\u00e0 ti\u1ec7n \u00edch kh\u00e1c t\u1eeb Apple Store tr\u00ean ch\u00ednh c\u1ed5 tay c\u1ee7a m\u00ecnh.<\/p>\n<p><img decoding=\"async\" src=\"https:\/\/cdn.fptshop.com.vn\/Uploads\/images\/2015\/Tin-Tuc\/11\/10\/02-apple-watch-se-2-gps-cellular-vien-nhom-day-vai-07.jpg\" alt=\"Apple Watch SE 2 GPS + Cellular 40mm Vi\u1ec1n nh\u00f4m D\u00e2y v\u1ea3i 29\" data-cke-saved-src=\"https:\/\/fptshop.com.vn\/Uploads\/images\/2015\/Tin-Tuc\/11\/10\/02-apple-watch-se-2-gps-cellular-vien-nhom-day-vai-07.jpg\" \/><\/p>\n","protected":false},"excerpt":{"rendered":"<p>Apple Watch SE 2 kh\u00f4ng ch\u1ec9 l\u00e0 m\u1ed9t s\u1ea3n ph\u1ea9m c\u00f4ng ngh\u1ec7, m\u00e0 c\u00f2n l\u00e0 ng\u01b0\u1eddi b\u1ea1n \u0111\u1ed3ng h\u00e0nh l\u00fd t\u01b0\u1edfng, g\u00f3p ph\u1ea7n n\u00e2ng cao ch\u1ea5t l\u01b0\u1ee3ng cu\u1ed9c s\u1ed1ng v\u00e0 t\u1ea1o n\u00ean nh\u1eefng tr\u1ea3i nghi\u1ec7m \u00fd ngh\u0129a cho ng\u01b0\u1eddi d\u00f9ng.\u00a0 S\u1ea3n ph\u1ea9m b\u1ea3o v\u1ec7 m\u00f4i tr\u01b0\u1eddng Khi k\u1ebft h\u1ee3p c\u00f9ng d\u00e2y \u0111eo v\u1ea3i Sport Loop&#8230;<\/p>\n","protected":false},"featured_media":2706,"comment_status":"open","ping_status":"closed","template":"","meta":{"rank_math_lock_modified_date":false},"product_cat":[386,390],"product_tag":[],"class_list":{"0":"post-2710","1":"product","2":"type-product","3":"status-publish","4":"has-post-thumbnail","6":"product_cat-apple-watch","7":"product_cat-sua-apple-watch","9":"first","10":"instock","11":"shipping-taxable","12":"purchasable","13":"product-type-simple"},"_links":{"self":[{"href":"http:\/\/fixmobile.vn\/index.php?rest_route=\/wp\/v2\/product\/2710","targetHints":{"allow":["GET"]}}],"collection":[{"href":"http:\/\/fixmobile.vn\/index.php?rest_route=\/wp\/v2\/product"}],"about":[{"href":"http:\/\/fixmobile.vn\/index.php?rest_route=\/wp\/v2\/types\/product"}],"replies":[{"embeddable":true,"href":"http:\/\/fixmobile.vn\/index.php?rest_route=%2Fwp%2Fv2%2Fcomments&post=2710"}],"wp:featuredmedia":[{"embeddable":true,"href":"http:\/\/fixmobile.vn\/index.php?rest_route=\/wp\/v2\/media\/2706"}],"wp:attachment":[{"href":"http:\/\/fixmobile.vn\/index.php?rest_route=%2Fwp%2Fv2%2Fmedia&parent=2710"}],"wp:term":[{"taxonomy":"product_cat","embeddable":true,"href":"http:\/\/fixmobile.vn\/index.php?rest_route=%2Fwp%2Fv2%2Fproduct_cat&post=2710"},{"taxonomy":"product_tag","embeddable":true,"href":"http:\/\/fixmobile.vn\/index.php?rest_route=%2Fwp%2Fv2%2Fproduct_tag&post=2710"}],"curies":[{"name":"wp","href":"https:\/\/api.w.org\/{rel}","templated":true}]}}