{"id":2709,"date":"2024-10-15T18:01:45","date_gmt":"2024-10-15T11:01:45","guid":{"rendered":"https:\/\/fixmobile.vn\/?post_type=product&#038;p=2709"},"modified":"2025-11-09T08:49:20","modified_gmt":"2025-11-09T01:49:20","slug":"apple-watch-ultra-gps","status":"publish","type":"product","link":"http:\/\/fixmobile.vn\/?product=apple-watch-ultra-gps","title":{"rendered":"Apple Watch Ultra GPS"},"content":{"rendered":"<h3><b>Khung Titan, k\u00ednh Sapphire, \u0111\u1ed9 b\u1ec1n chu\u1ea9n qu\u00e2n \u0111\u1ed9i<\/b><\/h3>\n<p>Apple \u0111\u1ea7u t\u01b0 m\u1ea1nh trong kh\u00e2u tuy\u1ec3n ch\u1ecdn nguy\u00ean li\u1ec7u \u0111\u1ec3 gi\u00fap Apple Watch Ultra \u0111\u1ea1t \u0111\u1ed9 b\u1ec1n t\u1ed1i \u0111a. S\u1ea3n ph\u1ea9m \u0111\u01b0\u1ee3c ch\u1ebf t\u00e1c k\u1ef3 c\u00f4ng t\u1eeb khung v\u1ecf Titanium, k\u00ednh Sapphire v\u00e0 c\u00f3 th\u1ec3 ch\u1ecbu \u00e1p l\u1ef1c n\u01b0\u1edbc \u1edf \u0111\u1ed9 s\u00e2u 100 m\u00e9t. Chi\u1ebfc \u0111\u1ed3ng h\u1ed3 cao c\u1ea5p n\u00e0y \u0111\u1ea1t \u0111\u1ed9 b\u1ec1n chu\u1ea9n qu\u00e2n s\u1ef1 MIL-STD 810H, d\u1ec5 d\u00e0ng ch\u1ed1ng ch\u1ecbu trong m\u00f4i tr\u01b0\u1eddng c\u00e1t b\u1ee5i nh\u1edd v\u1edbi chu\u1ea9n IP6X. C\u00f3 th\u1ec3 n\u00f3i, \u0111\u00e2y l\u00e0 m\u1eabu Apple Watch l\u00fd t\u01b0\u1edfng nh\u1ea5t cho nh\u1eefng ai y\u00eau th\u00edch v\u1eadn \u0111\u1ed9ng m\u1ea1nh v\u00e0 th\u1ec3 thao m\u1ea1o hi\u1ec3m.<\/p>\n<p><img decoding=\"async\" src=\"https:\/\/cdn2.fptshop.com.vn\/unsafe\/564x0\/filters:quality(80)\/Uploads\/images\/2015\/Tin-Tuc\/HaoPA\/meizu\/Apple-watch-ultra-gps-cellular-2.jpg\" alt=\"Ch\u1ea5t li\u1ec7u \u0110\u1ed3ng h\u1ed3 Apple Watch Ultra\" \/><\/p>\n<h3><b>M\u00e0n h\u00ecnh l\u1edbn, \u0111\u1ea1t \u0111\u1ed9 s\u00e1ng 2000 nits<\/b><\/h3>\n<p>Kh\u00f4ng gian hi\u1ec3n th\u1ecb h\u00ecnh \u1ea3nh c\u1ee7a Apple Watch Ultra \u0111\u01b0\u1ee3c ch\u1ebf t\u1ea1o t\u1eeb t\u1ea5m n\u1ec1n Retina v\u1edbi \u0111\u1ed9 s\u00e1ng t\u1ed1i \u0111a l\u00e0 2000 nits \u2013 t\u1ed1t nh\u1ea5t trong l\u1ecbch s\u1eed d\u00f2ng Apple Watch. B\u1ea1n s\u1ebd tho\u1ea3i m\u00e1i quan s\u00e1t c\u00e1c th\u00f4ng tin, ch\u1ec9 s\u1ed1 tr\u00ean m\u1eb7t \u0111\u1ed3ng h\u1ed3 trong m\u1ecdi \u0111i\u1ec1u ki\u1ec7n \u00e1nh s\u00e1ng kh\u00e1c nhau. \u0110\u1eb7c bi\u1ec7t khi v\u1ec1 \u0111\u00eam, ng\u01b0\u1eddi d\u00f9ng d\u1ec5 d\u00e0ng chuy\u1ec3n m\u1eb7t \u0111\u1ed3ng h\u1ed3 Wayfinder \u0111\u1ed9c quy\u1ec1n qua tone \u0111\u1ecf r\u1ef1c r\u1ee1 ch\u1ec9 v\u1edbi thao t\u00e1c xoay n\u00fat Digital Crown \u0111\u01a1n gi\u1ea3n.<\/p>\n<p><img decoding=\"async\" src=\"https:\/\/cdn2.fptshop.com.vn\/unsafe\/564x0\/filters:quality(80)\/Uploads\/images\/2015\/Tin-Tuc\/HaoPA\/meizu\/Apple-watch-ultra-gps-cellular-5.jpg\" alt=\"m\u1eb7t \u0110\u1ed3ng h\u1ed3 Apple Watch Ultra\" \/><\/p>\n<h3><b>Nhi\u1ec1u t\u00ednh n\u0103ng m\u1edbi cho ho\u1ea1t \u0111\u1ed9ng ngo\u00e0i tr\u1eddi<\/b><\/h3>\n<p>B\u1ea1n s\u1ebd t\u00ecm th\u1ea5y tr\u00ean Apple Watch Ultra c\u00e1c t\u00ednh n\u0103ng ho\u00e0n to\u00e0n m\u1edbi, t\u1eadp trung ph\u1ee5c v\u1ee5 tinh th\u1ea7n th\u00e1m hi\u1ec3m v\u00e0 kh\u00e1m ph\u00e1. Ti\u00eau bi\u1ec3u nh\u01b0 ph\u00edm Action gi\u00fap chuy\u1ec3n \u0111\u1ed5i t\u00ednh n\u0103ng d\u1ec5 h\u01a1n ho\u1eb7c h\u1ec7 th\u1ed1ng GPS chuy\u00ean s\u00e2u, loa k\u00e9p \u00e2m l\u01b0\u1ee3ng l\u1edbn, c\u00f2i b\u00e1o \u0111\u1ed9ng d\u00e0nh cho tr\u01b0\u1eddng h\u1ee3p kh\u1ea9n c\u1ea5p. T\u1ea5t c\u1ea3 c\u00f4ng ngh\u1ec7 b\u1ea1n c\u1ea7n khi d\u1ea5n th\u00e2n v\u00e0o m\u1ed9t chuy\u1ebfn phi\u00eau l\u01b0u \u0111\u1ec1u h\u1ed9i t\u1ee5 trong chi\u1ebfc \u0111\u1ed3ng h\u1ed3 cao c\u1ea5p n\u00e0y.<\/p>\n<p><img decoding=\"async\" src=\"https:\/\/cdn2.fptshop.com.vn\/unsafe\/564x0\/filters:quality(80)\/Uploads\/images\/2015\/Tin-Tuc\/HaoPA\/meizu\/Apple-watch-ultra-gps-cellular-6.jpg\" alt=\"Apple Watch Ultra S\u1eb5n s\u00e0ng cho c\u00e1c ho\u1ea1t \u0111\u1ed9ng c\u1ee7a b\u1ea1n\" \/><\/p>\n<h3><b>\u0110\u00e1nh b\u1ea1i m\u1ecdi m\u1eabu Apple Watch kh\u00e1c v\u1ec1 pin<\/b><\/h3>\n<p>Ch\u01b0a bao gi\u1edd pin c\u1ee7a Apple Watch l\u1ea1i t\u1ed1t \u0111\u1ebfn th\u1ebf! Phi\u00ean b\u1ea3n Ultra \u0111\u01b0\u1ee3c trang b\u1ecb ph\u1ea7n c\u1ee9ng v\u00e0 t\u1ed1i \u01b0u ph\u1ea7n m\u1ec1m \u0111\u1ec3 ho\u1ea1t \u0111\u1ed9ng b\u1ec1n b\u1ec9 su\u1ed1t 36 gi\u1edd sau khi s\u1ea1c \u0111\u1ea7y. Tr\u01b0\u1eddng h\u1ee3p b\u1ea1n k\u00edch ho\u1ea1t ch\u1ebf \u0111\u1ed9 ti\u1ebft ki\u1ec7m pin, Apple Watch Ultra s\u1ebd duy tr\u00ec tr\u1ea3i nghi\u1ec7m t\u1edbi h\u01a1n 60 gi\u1edd m\u00e0 kh\u00f4ng c\u1ea7n s\u1ea1c, gi\u1ea3m b\u1edbt s\u1ef1 phi\u1ec1n to\u00e1n trong nh\u1eefng chuy\u1ebfn \u0111i v\u00e0 gi\u00fap b\u1ea1n lu\u00f4n c\u00f3 ng\u01b0\u1eddi c\u1ed9ng s\u1ef1 \u0111\u00e1ng tin c\u1eady su\u1ed1t nhi\u1ec1u ng\u00e0y.<\/p>\n<p><img decoding=\"async\" id=\"Th\u1eddi l\u01b0\u1ee3ng pin 60 gi\u1edd c\u1ef1c k\u1ef3 \u1ea5n t\u01b0\u1ee3ng 33\" src=\"https:\/\/cdn2.fptshop.com.vn\/unsafe\/564x0\/filters:quality(80)\/Uploads\/images\/2015\/Tin-Tuc\/HaoPA\/meizu\/Apple-watch-ultra-gps-cellular-c.jpg\" alt=\"Th\u1eddi l\u01b0\u1ee3ng pin \u0110\u1ed3ng h\u1ed3 Apple Watch Ultra\" \/><\/p>\n<h3><b>Quai \u0111eo \u0111\u1eb7c bi\u1ec7t, \u0111\u1ed9 d\u00e0i medium<\/b><\/h3>\n<p>Bi\u1ebfn th\u1ec3 Apple Watch Ultra m\u00e0 b\u1ea1n \u0111ang quan t\u00e2m kh\u00e1c so v\u1edbi b\u1ea3n th\u01b0\u1eddng khi s\u1eed d\u1ee5ng quai Alpine Loop c\u1ee1 v\u1eeba, ph\u00f9 h\u1ee3p v\u1edbi nh\u1eefng ng\u01b0\u1eddi c\u00f3 c\u1ed5 tay trung b\u00ecnh. \u0110\u00e2y l\u00e0 lo\u1ea1i quai \u0111eo ch\u01b0a t\u1eebng xu\u1ea5t hi\u1ec7n tr\u01b0\u1edbc \u0111\u00f3 v\u00e0 \u0111\u01b0\u1ee3c nghi\u00ean c\u1ee9u \u0111\u1ec3 t\u1ea1o s\u1ef1 ch\u1eafc ch\u1eafn, m\u1ec1m m\u1ea1i m\u00e0 v\u1eabn d\u1ec5 d\u00f9ng. Ch\u1ee7 nh\u00e2n chi\u1ebfc \u0111\u1ed3ng h\u1ed3 ch\u1ec9 c\u1ea7n g\u00e0i ng\u00e0m G-titan v\u00e0o m\u1ed9t trong c\u00e1c m\u1eaft x\u00edch n\u1eb1m gi\u1eefa hai l\u1edbp v\u1ea3i d\u1ec7t l\u00e0 c\u00f3 th\u1ec3 an t\u00e2m leo n\u00fai, l\u1eb7n bi\u1ec3n, ch\u1ea1y v\u00e0 l\u00e0m m\u1ecdi \u0111i\u1ec1u m\u00ecnh th\u00edch m\u00e0 kh\u00f4ng lo r\u01a1i r\u1edbt.<\/p>\n<p><img decoding=\"async\" src=\"https:\/\/cdn2.fptshop.com.vn\/unsafe\/564x0\/filters:quality(80)\/Uploads\/images\/2015\/Tin-Tuc\/HaoPA\/meizu\/Apple-watch-ultra-gps-cellular-f.jpg\" alt=\"D\u00e2y \u0111eo \u0110\u1ed3ng h\u1ed3 Apple Watch Ultra\" \/><\/p>\n<h3><b>Th\u1ea5u hi\u1ec3u b\u1ea1n qua t\u1eebng ch\u1ec9 s\u1ed1<\/b><\/h3>\n<p>\u1ee8ng d\u1ee5ng Workout tr\u00ean Apple Watch Ultra \u0111\u01b0\u1ee3c n\u00e2ng c\u1ea5p \u0111\u1ec3 th\u1ed1ng k\u00ea chi ti\u1ebft h\u01a1n c\u00e1c ch\u1ec9 s\u1ed1 s\u1ee9c kh\u1ecfe ng\u01b0\u1eddi d\u00f9ng. M\u1ee5c Heart Rate Zones c\u1ee7a \u1ee9ng d\u1ee5ng s\u1ebd th\u00f4ng b\u00e1o nh\u1eefng thay \u0111\u1ed5i tr\u1ea1ng th\u00e1i tim m\u1ea1ch nh\u1ecf nh\u1ea5t, trong khi ch\u1ebf \u0111\u1ed9 Running Form s\u1ebd gi\u00fap b\u1ea1n th\u1ea5y \u0111\u01b0\u1ee3c chi\u1ec1u d\u00e0i s\u1ea3i b\u01b0\u1edbc c\u1ee7a m\u00ecnh. Ngo\u00e0i ra, b\u1ea1n c\u0169ng c\u00f3 th\u1ec3 t\u00ecm \u0111\u1ebfn ch\u1ebf \u0111\u1ed9 Workout \u0111\u1ec3 t\u00ecm ki\u1ebfm b\u1ea3n \u0111\u1ed3 v\u00e0 ho\u1ea1ch \u0111\u1ecbnh l\u1ed9 tr\u00ecnh tuy\u1ebfn \u0111\u01b0\u1eddng th\u1eadt ch\u00ednh x\u00e1c.<\/p>\n<p><img decoding=\"async\" src=\"https:\/\/cdn2.fptshop.com.vn\/unsafe\/564x0\/filters:quality(80)\/Uploads\/images\/2015\/Tin-Tuc\/HaoPA\/meizu\/Apple-watch-ultra-gps-cellular-8.jpg\" alt=\"Th\u1ed1ng k\u00ea \u0111o \u0111\u1ea1c \u0110\u1ed3ng h\u1ed3 Apple Watch Ultra\" \/><\/p>\n<h3><b>H\u1ed7 tr\u1ee3 ch\u1ec9 \u0111\u01b0\u1eddng v\u1edbi c\u00f4ng ngh\u1ec7 GPS k\u00e9p<\/b><\/h3>\n<p>\u0110\u1ec3 h\u1ed7 tr\u1ee3 \u0111\u1ecbnh v\u1ecb v\u00e0 \u0111i\u1ec1u h\u01b0\u1edbng tuy\u1ebfn \u0111\u01b0\u1eddng chuy\u00ean s\u00e2u h\u01a1n, Apple Watch Ultra s\u1eed d\u1ee5ng c\u00f4ng ngh\u1ec7 GPS t\u1ea7n s\u1ed1 k\u00e9p, g\u1ed3m GPS L1 v\u00e0 GPS L5. S\u1ea3n ph\u1ea9m s\u1ebd lo\u1ea1i b\u1ecf m\u1ecdi th\u00e1ch th\u1ee9c \u0111\u1ec3 h\u00f3a th\u00e2n th\u00e0nh c\u00f4ng c\u1ee5 d\u1eabn \u0111\u01b0\u1eddng \u0111\u00e1ng tin c\u1eady trong m\u1ecdi ho\u00e0n c\u1ea3nh. Ch\u1ec9 v\u1edbi thao t\u00e1c xoay Digital Crown nh\u1eb9 nh\u00e0ng, b\u1ea1n s\u1ebd bi\u1ebft \u0111\u01b0\u1ee3c ch\u00ednh x\u00e1c v\u1ecb tr\u00ed n\u01a1i m\u00ecnh \u0111ang \u0111\u1ee9ng, n\u1eafm \u0111\u01b0\u1ee3c c\u1ea3 kinh \u0111\u1ed9, v\u0129 \u0111\u1ed9, \u0111\u1ed9 cao v\u00e0 \u0111\u1ed9 nghi\u00eang.<\/p>\n<p><img decoding=\"async\" src=\"https:\/\/cdn2.fptshop.com.vn\/unsafe\/564x0\/filters:quality(80)\/Uploads\/images\/2015\/Tin-Tuc\/HaoPA\/meizu\/Apple-watch-ultra-gps-cellular-9.jpg\" alt=\"\u0110\u1ed3ng h\u1ed3 Apple Watch Ultra GPS t\u1ea7n s\u1ed1 k\u00e9p\" \/><\/p>\n<h3><b>Qu\u1ea3n l\u00fd v\u1ecb tr\u00ed d\u1ec5 d\u00e0ng qua Waypoint<\/b><\/h3>\n<p>\u0110\u1ed9i ng\u0169 Apple s\u00e1ng t\u1ea1o n\u00ean c\u00f4ng ngh\u1ec7 Waypoint nh\u1eb1m gi\u00fap ng\u01b0\u1eddi d\u00f9ng \u0111\u00e1nh d\u1ea5u nh\u1eefng \u0111i\u1ec3m tham chi\u1ebfu tr\u00ean c\u00e1c cung \u0111\u01b0\u1eddng t\u1eebng \u0111i qua, ho\u1eb7c l\u01b0u l\u1ea1i c\u00e1c \u0111\u1ecba \u0111i\u1ec3m \u0111\u1eb9p trong chuy\u1ebfn h\u00e0nh tr\u00ecnh t\u00ecnh c\u1edd th\u1ea5y \u0111\u01b0\u1ee3c. C\u01a1 ch\u1ebf qu\u1ea3n l\u00fd th\u00f4ng minh v\u00e0o khoa h\u1ecdc c\u00f2n cho ph\u00e9p \u0111\u1eb7t t\u00ean ri\u00eang cho t\u1eebng v\u1ecb tr\u00ed \u0111\u1ec3 t\u1ea1o c\u1ea3m gi\u00e1c li\u00ean t\u01b0\u1edfng t\u1ed1t h\u01a1n khi t\u00ecm l\u1ea1i.<\/p>\n<p><img decoding=\"async\" src=\"https:\/\/cdn2.fptshop.com.vn\/unsafe\/564x0\/filters:quality(80)\/Uploads\/images\/2015\/Tin-Tuc\/HaoPA\/meizu\/Apple-watch-ultra-gps-cellular-b.jpg\" alt=\"\u0110\u00e1nh d\u1ea5u v\u1ecb tr\u00ed \u0110\u1ed3ng h\u1ed3 Apple Watch Ultra\" \/><\/p>\n<h3><strong>G\u1ecdi tr\u1ee3 gi\u00fap v\u1edbi c\u00f2i b\u00e1o \u0111\u1ed9ng 86-decibel<\/strong><\/h3>\n<p>Th\u00eam m\u1ed9t t\u00ednh n\u0103ng ch\u01b0a t\u1eebng c\u00f3 tr\u00ean b\u1ea5t c\u1ee9 m\u1eabu Apple Watch n\u00e0o, c\u00f2i b\u00e1o \u0111\u1ed9ng \u0111\u1eb7t \u1edf c\u1ea1nh b\u00ean Apple Watch Ultra v\u1edbi c\u01b0\u1eddng \u0111\u1ed9 \u00e2m thanh l\u00ean \u0111\u1ebfn 86-decibel s\u1ebd gi\u00fap b\u1ea1n thu h\u00fat s\u1ef1 ch\u00fa \u00fd c\u1ee7a m\u1ecdi ng\u01b0\u1eddi khi g\u1eb7p s\u1ef1 c\u1ed1 b\u1ea5t th\u01b0\u1eddng trong chuy\u1ebfn \u0111i. Apple cho bi\u1ebft \u00e2m thanh b\u00e1o \u0111\u1ed9ng n\u00e0y s\u1ebd vang xa t\u1edbi 180 m\u00e9t v\u00e0 li\u00ean t\u1ee5c thay \u0111\u1ed5i nhi\u1ec1u ki\u1ec3u chu\u00f4ng \u0111\u1ec3 t\u1ea1o hi\u1ec7u \u1ee9ng g\u00e2y ch\u00fa \u00fd t\u1ed1t nh\u1ea5t.<\/p>\n<p><img decoding=\"async\" src=\"https:\/\/cdn2.fptshop.com.vn\/unsafe\/564x0\/filters:quality(80)\/Uploads\/images\/2015\/Tin-Tuc\/HaoPA\/meizu\/Apple-watch-ultra-gps-cellular-h.jpg\" alt=\"C\u00f2i b\u00e1o \u0111\u1ed9ng Apple Watch Ultra\" \/><\/p>\n<h3><b>Kh\u00f4ng ch\u1ec9 ch\u1ed1ng n\u01b0\u1edbc t\u1ed1t, m\u00e0 c\u00f2n h\u1ed7 tr\u1ee3 l\u1eb7n<\/b><\/h3>\n<p>Ngo\u00e0i n\u0103ng l\u1ef1c ch\u1ed1ng ch\u1ecbu \u00e1p l\u1ef1c n\u01b0\u1edbc \u1edf \u0111\u1ed9 s\u00e2u 100 m\u00e9t, Apple Watch Ultra c\u00f2n cho th\u1ea5y b\u1ea3n th\u00e2n l\u00e0 chi\u1ebfc \u0111\u1ed3ng h\u1ed3 chuy\u00ean d\u1ee5ng cho nh\u1eefng ai th\u00edch l\u1eb7n bi\u1ec3n khi cung c\u1ea5p \u1ee9ng d\u1ee5ng Depth \u2013 c\u00f3 th\u1ec3 t\u1eadn d\u1ee5ng th\u00f4ng tin \u0111o \u0111\u1ea1c t\u1eeb h\u1ec7 th\u1ed1ng c\u1ea3m bi\u1ebfn \u0111\u1ec3 th\u00f4ng b\u00e1o \u0111\u1ed9 s\u00e2u m\u1ef1c n\u01b0\u1edbc b\u1ea1n \u0111ang hi\u1ec7n di\u1ec7n, \u0111o \u0111\u1ea1c th\u1eddi gian b\u1ea1n \u1edf d\u01b0\u1edbi n\u01b0\u1edbc v\u00e0 thi\u1ebft l\u1eadp c\u00e1c m\u1ee9c k\u1ef7 l\u1ee5c v\u1ec1 \u0111\u1ed9 s\u00e2u.<\/p>\n<p><img decoding=\"async\" src=\"https:\/\/cdn2.fptshop.com.vn\/unsafe\/564x0\/filters:quality(80)\/Uploads\/images\/2015\/Tin-Tuc\/HaoPA\/meizu\/Apple-watch-ultra-gps-cellular-e.jpg\" alt=\"Apple Watch Ultra cho nh\u1eefng ai y\u00eau th\u00edch l\u1eb7n bi\u1ec3n\" \/><\/p>\n<h3><b>Theo d\u00f5i nh\u1ecbp tim v\u00e0 n\u1ed3ng \u0111\u1ed9 oxy trong m\u00e1u<\/b><\/h3>\n<p>To\u00e0n b\u1ed9 c\u00f4ng ngh\u1ec7 ch\u0103m s\u00f3c s\u1ee9c kh\u1ecfe ng\u01b0\u1eddi d\u00f9ng t\u1ed1i t\u00e2n nh\u1ea5t \u0111\u1ec1u \u0111\u01b0\u1ee3c d\u1ed3n n\u00e9n tr\u00ean Apple Watch Ultra, t\u1eeb theo d\u00f5i chu k\u1ef3 kinh nguy\u1ec7t, \u0111\u00e1nh gi\u00e1 ch\u1ea5t l\u01b0\u1ee3ng gi\u1ea5c ng\u1ee7 m\u1ed7i \u0111\u00eam, \u0111o \u0111i\u1ec7n t\u00e2m \u0111\u1ed3, theo d\u00f5i nh\u1ecbp tim, nh\u1eafc nh\u1edf khi b\u1ea1n stress v\u00e0 \u0111o n\u1ed3ng \u0111\u1ed9 oxy trong m\u00e1u. \u0110\u1eb7c bi\u1ec7t, c\u1ea3m bi\u1ebfn nhi\u1ec7t tr\u00ean Apple Watch Ultra l\u00e0 c\u00f4ng ngh\u1ec7 m\u1edbi, gi\u00fap t\u0103ng \u0111\u1ed9 ch\u00ednh x\u00e1c trong vi\u1ec7c \u0111o \u0111\u1ea1c ch\u1ec9 s\u1ed1 v\u00e0 h\u1ed7 tr\u1ee3 ch\u0103m s\u00f3c s\u1ee9c kh\u1ecfe.<\/p>\n<p><img decoding=\"async\" src=\"https:\/\/cdn2.fptshop.com.vn\/unsafe\/564x0\/filters:quality(80)\/Uploads\/images\/2015\/Tin-Tuc\/HaoPA\/meizu\/Apple-watch-ultra-gps-cellular-.jpg\" alt=\"C\u1ea3m bi\u1ebfn nhi\u1ec7t \u0111\u1ed9 Apple Watch Ultra\" \/><\/p>\n<h3><b>Nh\u1eadn cu\u1ed9c g\u1ecdi, ph\u1ea3n h\u1ed3i tin nh\u1eafn, h\u1ed7 tr\u1ee3 eSIM<\/b><\/h3>\n<p>Kh\u00f4ng c\u1ea7n k\u1ebft n\u1ed1i v\u1edbi iPhone \u0111\u1ec3 th\u00f4ng b\u00e1o cu\u1ed9c g\u1ecdi v\u00e0 hi\u1ec3n th\u1ecb SMS, vi\u1ec7c h\u1ed7 tr\u1ee3 eSIM tr\u1ef1c ti\u1ebfp gi\u00fap Apple Watch Ultra tr\u1edf th\u00e0nh c\u00f4ng c\u1ee5 li\u00ean l\u1ea1c ch\u1ee7 \u0111\u1ed9ng tr\u00ean c\u1ed5 tay b\u1ea1n. Ng\u01b0\u1eddi d\u00f9ng c\u00f2n c\u00f3 th\u1ec3 t\u1eadn d\u1ee5ng k\u1ebft n\u1ed1i di \u0111\u1ed9ng \u0111\u1ec3 truy c\u1eadp m\u1ea1ng, nghe nh\u1ea1c tr\u1ef1c tuy\u1ebfn, th\u01b0\u1edfng th\u1ee9c podcast khi di chuy\u1ec3n ho\u1eb7c t\u1ea3i v\u1ec1 \u1ee9ng d\u1ee5ng, m\u1eb7t \u0111\u1ed3ng h\u1ed3 m\u1edbi t\u1eeb App Store.<\/p>\n<p><img decoding=\"async\" src=\"https:\/\/cdn2.fptshop.com.vn\/unsafe\/564x0\/filters:quality(80)\/Uploads\/images\/2015\/Tin-Tuc\/DuyLe\/Event\/Pantech\/apple-watch-ultra-1.jpg\" alt=\"Nh\u1eadn cu\u1ed9c g\u1ecdi, ph\u1ea3n h\u1ed3i tin nh\u1eafn, h\u1ed7 tr\u1ee3 eSIM 123\" \/><\/p>\n","protected":false},"excerpt":{"rendered":"<p>Khung Titan, k\u00ednh Sapphire, \u0111\u1ed9 b\u1ec1n chu\u1ea9n qu\u00e2n \u0111\u1ed9i Apple \u0111\u1ea7u t\u01b0 m\u1ea1nh trong kh\u00e2u tuy\u1ec3n ch\u1ecdn nguy\u00ean li\u1ec7u \u0111\u1ec3 gi\u00fap Apple Watch Ultra \u0111\u1ea1t \u0111\u1ed9 b\u1ec1n t\u1ed1i \u0111a. S\u1ea3n ph\u1ea9m \u0111\u01b0\u1ee3c ch\u1ebf t\u00e1c k\u1ef3 c\u00f4ng t\u1eeb khung v\u1ecf Titanium, k\u00ednh Sapphire v\u00e0 c\u00f3 th\u1ec3 ch\u1ecbu \u00e1p l\u1ef1c n\u01b0\u1edbc \u1edf \u0111\u1ed9 s\u00e2u 100 m\u00e9t. Chi\u1ebfc&#8230;<\/p>\n","protected":false},"featured_media":2711,"comment_status":"open","ping_status":"closed","template":"","meta":{"rank_math_lock_modified_date":false},"product_cat":[386,390],"product_tag":[],"class_list":{"0":"post-2709","1":"product","2":"type-product","3":"status-publish","4":"has-post-thumbnail","6":"product_cat-apple-watch","7":"product_cat-sua-apple-watch","9":"first","10":"instock","11":"shipping-taxable","12":"purchasable","13":"product-type-simple"},"_links":{"self":[{"href":"http:\/\/fixmobile.vn\/index.php?rest_route=\/wp\/v2\/product\/2709","targetHints":{"allow":["GET"]}}],"collection":[{"href":"http:\/\/fixmobile.vn\/index.php?rest_route=\/wp\/v2\/product"}],"about":[{"href":"http:\/\/fixmobile.vn\/index.php?rest_route=\/wp\/v2\/types\/product"}],"replies":[{"embeddable":true,"href":"http:\/\/fixmobile.vn\/index.php?rest_route=%2Fwp%2Fv2%2Fcomments&post=2709"}],"wp:featuredmedia":[{"embeddable":true,"href":"http:\/\/fixmobile.vn\/index.php?rest_route=\/wp\/v2\/media\/2711"}],"wp:attachment":[{"href":"http:\/\/fixmobile.vn\/index.php?rest_route=%2Fwp%2Fv2%2Fmedia&parent=2709"}],"wp:term":[{"taxonomy":"product_cat","embeddable":true,"href":"http:\/\/fixmobile.vn\/index.php?rest_route=%2Fwp%2Fv2%2Fproduct_cat&post=2709"},{"taxonomy":"product_tag","embeddable":true,"href":"http:\/\/fixmobile.vn\/index.php?rest_route=%2Fwp%2Fv2%2Fproduct_tag&post=2709"}],"curies":[{"name":"wp","href":"https:\/\/api.w.org\/{rel}","templated":true}]}}