{"id":2705,"date":"2024-10-15T00:59:55","date_gmt":"2024-10-14T17:59:55","guid":{"rendered":"https:\/\/fixmobile.vn\/?post_type=product&#038;p=2705"},"modified":"2025-11-09T08:48:56","modified_gmt":"2025-11-09T01:48:56","slug":"apple-watch-series-9-gps","status":"publish","type":"product","link":"http:\/\/fixmobile.vn\/?product=apple-watch-series-9-gps","title":{"rendered":"Apple Watch Series 9 GPS"},"content":{"rendered":"<h3><b>Nhanh h\u01a1n v\u00e0 th\u00f4ng minh h\u01a1n v\u1edbi chip S9<\/b><\/h3>\n<p>Apple Watch Series 9 GPS + Cellular 45mm l\u00e0 chi\u1ebfc \u0111\u1ed3ng h\u1ed3 nhanh, m\u1ea1nh v\u00e0 gi\u00e0u n\u0103ng l\u01b0\u1ee3ng ch\u01b0a t\u1eebng th\u1ea5y v\u1edbi b\u1ed9 vi x\u1eed l\u00fd S9. \u0110\u00e2y l\u00e0 con chip Apple silicon t\u00f9y ch\u1ec9nh v\u1edbi CPU l\u00f5i k\u00e9p m\u1edbi s\u1edf h\u1eefu t\u1edbi 5,6 t\u1ef7 b\u00f3ng b\u00e1n d\u1eabn, nhi\u1ec1u h\u01a1n 60% so v\u1edbi th\u1ebf h\u1ec7 S8. Nh\u00e2n Neural Engine b\u1ed1n l\u00f5i m\u1edbi c\u0169ng x\u1eed l\u00fd c\u00e1c t\u00e1c v\u1ee5 m\u00e1y h\u1ecdc nhanh h\u01a1n \u0111\u1ebfn g\u1ea5p hai l\u1ea7n. Nh\u1edd v\u1eady chi\u1ebfc \u0111\u1ed3ng h\u1ed3 th\u00f4ng minh c\u1ee7a b\u1ea1n s\u1ebd lu\u00f4n lu\u00f4n m\u01b0\u1ee3t m\u00e0, ch\u1ea1y m\u1ecdi \u1ee9ng d\u1ee5ng d\u1ec5 d\u00e0ng v\u00e0 ph\u1ea3n h\u1ed3i trong ch\u1edbp m\u1eaft. \u0110\u1ed3ng th\u1eddi chip S9 c\u0169ng mang \u0111\u1ebfn nhi\u1ec1u \u0111\u1ed9t ph\u00e1 nh\u01b0 th\u1eddi l\u01b0\u1ee3ng pin d\u00e0i h\u01a1n hay thao t\u00e1c ch\u1ea1m hai l\u1ea7n ho\u00e0n to\u00e0n m\u1edbi.<\/p>\n<p><img decoding=\"async\" src=\"https:\/\/cdn2.fptshop.com.vn\/unsafe\/564x0\/filters:quality(80)\/Uploads\/images\/2015\/0511\/apple-watch-s9-1.JPG\" alt=\"Apple Watch Series 9 GPS + Cellular 45mm vi\u1ec1n nh\u00f4m d\u00e2y v\u1ea3i (\u1ea3nh 2)\" \/><\/p>\n<h3><b>Thao t\u00e1c ch\u1ea1m hai l\u1ea7n si\u00eau ti\u1ec7n l\u1ee3i<\/b><\/h3>\n<p>Gi\u1edd \u0111\u00e2y b\u1ea1n \u0111\u00e3 c\u00f3 th\u1ec3 s\u1eed d\u1ee5ng v\u00e0 t\u01b0\u01a1ng t\u00e1c v\u1edbi Apple Watch Series 9 GPS + Cellular 45mm ch\u1ec9 b\u1eb1ng m\u1ed9t tay nh\u1edd thao t\u00e1c m\u1edbi ch\u1ea1m hai l\u1ea7n. B\u1ea1n ch\u1ec9 c\u1ea7n ch\u1ea1m hai l\u1ea7n ng\u00f3n tr\u1ecf v\u00e0 ng\u00f3n c\u00e1i v\u1edbi nhau \u1edf tay \u0111eo \u0111\u1ed3ng h\u1ed3 \u0111\u1ec3 th\u1ef1c hi\u1ec7n c\u00e1c t\u00e1c v\u1ee5 th\u00f4ng minh m\u00e0 kh\u00f4ng c\u1ea7n ph\u1ea3i ch\u1ea1m v\u00e0o m\u1eb7t \u0111\u1ed3ng h\u1ed3. B\u1ea1n c\u00f3 th\u1ec3 tr\u1ea3 l\u1eddi cu\u1ed9c g\u1ecdi, m\u1edf th\u00f4ng b\u00e1o, ph\u00e1t\/t\u1ea1m d\u1eebng nh\u1ea1c v\u00e0 nhi\u1ec1u thao t\u00e1c kh\u00e1c n\u1eefa, cho c\u00e1ch s\u1eed d\u1ee5ng \u0111\u1ed3ng h\u1ed3 c\u1ee7a b\u1ea1n th\u00fa v\u1ecb h\u01a1n bao gi\u1edd h\u1ebft.<\/p>\n<p><img decoding=\"async\" src=\"https:\/\/cdn2.fptshop.com.vn\/unsafe\/564x0\/filters:quality(80)\/Uploads\/images\/2015\/0511\/apple-watch-s9-2.JPG\" alt=\"Apple Watch Series 9 GPS + Cellular 45mm vi\u1ec1n nh\u00f4m d\u00e2y v\u1ea3i (\u1ea3nh 3)\" \/><\/p>\n<p>\u0110\u00e2y l\u00e0 m\u1ed9t thao t\u00e1c r\u1ea5t ti\u1ec7n l\u1ee3i khi b\u1ea1n \u0111ang l\u00e0m d\u1edf tay m\u1ed9t vi\u1ec7c g\u00ec \u0111\u00f3 ho\u1eb7c tay c\u1ee7a b\u1ea1n b\u1ecb b\u1ea9n hay \u0111ang c\u1ea7m n\u1eafm m\u00e0 kh\u00f4ng th\u1ec3 ch\u1ea1m v\u00e0o m\u1eb7t \u0111\u1ed3ng h\u1ed3. V\u00ed d\u1ee5 nh\u01b0 khi \u0111ang x\u00e1ch \u0111\u1ed3, n\u1ea5u \u0103n hay b\u1ebf em b\u00e9 ch\u1eb3ng h\u1ea1n, b\u1ea1n v\u1eabn ho\u00e0n to\u00e0n c\u00f3 th\u1ec3 tr\u1ea3 l\u1eddi cu\u1ed9c g\u1ecdi \u0111\u1ebfn, xem th\u00f4ng b\u00e1o hay ph\u00e1t\/t\u1ea1m d\u1eebng nh\u1ea1c m\u1ed9t c\u00e1ch d\u1ec5 d\u00e0ng b\u1eb1ng thao t\u00e1c ch\u1ea1m hai l\u1ea7n.<\/p>\n<p><img decoding=\"async\" src=\"https:\/\/cdn2.fptshop.com.vn\/unsafe\/564x0\/filters:quality(80)\/Uploads\/images\/2015\/0511\/apple-watch-s9-3.JPG\" alt=\"Apple Watch Series 9 GPS + Cellular 45mm vi\u1ec1n nh\u00f4m d\u00e2y v\u1ea3i (\u1ea3nh 4)\" \/><\/p>\n<h3><b>M\u00e0n h\u00ecnh s\u00e1ng 2000 nit, tho\u1ea3i m\u00e1i s\u1eed d\u1ee5ng d\u01b0\u1edbi \u00e1nh n\u1eafng<\/b><\/h3>\n<p>Nh\u1eefng ng\u00e0y n\u1eafng s\u1ebd kh\u00f4ng \u1ea3nh h\u01b0\u1edfng \u0111\u1ebfn c\u00e1c ho\u1ea1t \u0111\u1ed9ng ngo\u00e0i tr\u1eddi c\u1ee7a b\u1ea1n. \u0110\u01a1n gi\u1ea3n v\u00ec h\u1ec7 th\u1ed1ng m\u00e0n h\u00ecnh tr\u00ean Apple Watch Series 9 GPS + Cellular 45mm \u0111\u00e3 \u0111\u01b0\u1ee3c n\u00e2ng c\u1ea5p l\u00ean \u0111\u1ed9 s\u00e1ng t\u1ed1i \u0111a t\u1edbi 2000 nit, g\u1ea5p \u0111\u00f4i th\u1ebf h\u1ec7 tr\u01b0\u1edbc Series 8. D\u00f9 l\u00e0 d\u01b0\u1edbi \u00e1nh n\u1eafng m\u1eb7t tr\u1eddi ch\u00f3i chang, m\u00e0n h\u00ecnh Apple Watch Series 9 GPS + Cellular 45mm v\u1eabn hi\u1ec3n th\u1ecb t\u1ed1t, s\u1eafc n\u00e9t v\u00e0 r\u00f5 r\u00e0ng.<\/p>\n<p><img decoding=\"async\" src=\"https:\/\/cdn2.fptshop.com.vn\/unsafe\/564x0\/filters:quality(80)\/Uploads\/images\/2015\/0511\/apple-watch-s9-4.JPG\" alt=\"Apple Watch Series 9 GPS + Cellular 45mm vi\u1ec1n nh\u00f4m d\u00e2y v\u1ea3i (\u1ea3nh 5)\" \/><\/p>\n<p>Kh\u00f4ng ch\u1ec9 hi\u1ec3n th\u1ecb r\u00f5 d\u01b0\u1edbi tr\u1eddi n\u1eafng, Apple Watch Series 9 GPS + Cellular 45mm c\u00f2n \u0111\u01b0\u1ee3c thi\u1ebft k\u1ebf \u0111\u1ec3 hi\u1ec3n th\u1ecb t\u1ed1t h\u01a1n trong \u0111i\u1ec1u ki\u1ec7n \u00e1nh s\u00e1ng y\u1ebfu. Trong r\u1ea1p chi\u1ebfu phim hay trong ph\u00f2ng ng\u1ee7 \u0111\u00e3 t\u1eaft h\u1ebft \u0111\u00e8n, m\u00e0n h\u00ecnh s\u1ebd ch\u1ec9 c\u00f2n \u0111\u1ed9 s\u00e1ng t\u1ed1i thi\u1ec3u 1 nit, kh\u00f4ng g\u00e2y c\u1ea3m gi\u00e1c ch\u00f3i v\u00e0 r\u1ea5t d\u1ecbu d\u00e0ng cho \u0111\u00f4i m\u1eaft c\u1ee7a b\u1ea1n.<\/p>\n<p><img decoding=\"async\" src=\"https:\/\/cdn2.fptshop.com.vn\/unsafe\/564x0\/filters:quality(80)\/Uploads\/images\/2015\/0511\/apple-watch-s9-5.JPG\" alt=\"Apple Watch Series 9 GPS + Cellular 45mm vi\u1ec1n nh\u00f4m d\u00e2y v\u1ea3i (\u1ea3nh 6)\" \/><\/p>\n<h3><b>Lo\u1ea1t t\u00ednh n\u0103ng th\u00f4ng minh tr\u00ean watchOS 10<\/b><\/h3>\n<p>H\u1ec7 \u0111i\u1ec1u h\u00e0nh watchOS 10 m\u1edbi tr\u00ean Apple Watch Series 9 GPS + Cellular 45mm kh\u00f4ng ch\u1ec9 mang t\u1edbi giao di\u1ec7n m\u1edbi m\u1ebb m\u00e0 c\u00f2n c\u1eadp nh\u1eadt th\u00eam r\u1ea5t nhi\u1ec1u t\u00ednh n\u0103ng th\u00f4ng minh. C\u00e1c \u1ee9ng d\u1ee5ng ph\u1ed5 bi\u1ebfn \u0111\u1ec1u \u0111\u01b0\u1ee3c thi\u1ebft k\u1ebf l\u1ea1i \u0111\u1ec3 b\u1ea1n xem \u0111\u01b0\u1ee3c nhi\u1ec1u th\u00f4ng tin h\u01a1n. D\u00f9 \u0111ang \u1edf trong m\u1eb7t \u0111\u1ed3ng h\u1ed3 n\u00e0o, b\u1ea1n ch\u1ec9 c\u1ea7n xoay n\u00fat Digital Crown \u0111\u1ec3 hi\u1ec3n th\u1ecb c\u00e1c ti\u1ec7n \u00edch v\u00e0 Ng\u0103n X\u1ebfp Th\u00f4ng Minh, gi\u00fap c\u00f3 \u0111\u01b0\u1ee3c c\u00e1c th\u00f4ng tin, thao t\u00e1c d\u1ec5 d\u00e0ng nh\u1ea5t.<\/p>\n<p><img decoding=\"async\" src=\"https:\/\/cdn2.fptshop.com.vn\/unsafe\/564x0\/filters:quality(80)\/Uploads\/images\/2015\/0511\/apple-watch-s9-6.JPG\" alt=\"Apple Watch Series 9 GPS + Cellular 45mm vi\u1ec1n nh\u00f4m d\u00e2y v\u1ea3i (\u1ea3nh 7)\" \/><\/p>\n<h3><b>Ch\u0103m s\u00f3c s\u1ee9c kh\u1ecfe h\u1eefu \u00edch<\/b><\/h3>\n<p>Apple Watch Series 9 GPS + Cellular 45mm gi\u00fap b\u1ea1n lu\u00f4n c\u00f3 \u0111\u01b0\u1ee3c nh\u1eefng d\u1eef li\u1ec7u s\u1ee9c kh\u1ecfe h\u1eefu \u00edch \u0111\u1ec3 \u0111\u01b0a ra \u0111i\u1ec1u ch\u1ec9nh k\u1ecbp th\u1eddi, \u0111\u1ea1t \u0111\u01b0\u1ee3c th\u1ec3 tr\u1ea1ng t\u1ed1i \u01b0u c\u1ea3 v\u1ec1 th\u1ec3 ch\u1ea5t v\u00e0 tinh th\u1ea7n. \u0110\u1eb7c bi\u1ec7t, th\u00f4ng tin d\u1eef li\u1ec7u s\u1ee9c kh\u1ecfe c\u1ee7a b\u1ea1n lu\u00f4n \u0111\u1ea3m b\u1ea3o ri\u00eang t\u01b0 v\u00e0 an to\u00e0n.<\/p>\n<p><img decoding=\"async\" src=\"https:\/\/cdn2.fptshop.com.vn\/unsafe\/564x0\/filters:quality(80)\/Uploads\/images\/2015\/0511\/apple-watch-s9-7.JPG\" alt=\"Apple Watch Series 9 GPS + Cellular 45mm vi\u1ec1n nh\u00f4m d\u00e2y v\u1ea3i (\u1ea3nh 8)\" \/><\/p>\n<p>\u1ee8ng d\u1ee5ng ECG cho ph\u00e9p Apple Watch Series 9 GPS + Cellular 45mm theo d\u00f5i s\u1ee9c kh\u1ecfe tim m\u1ea1ch c\u1ee7a b\u1ea1n m\u1ed9t c\u00e1ch chuy\u00ean nghi\u1ec7p. Th\u1eadm ch\u00ed chi\u1ebfc \u0111\u1ed3ng h\u1ed3 ngay tr\u00ean c\u1ed5 tay b\u1ea1n c\u00f2n c\u00f3 kh\u1ea3 n\u0103ng t\u1ea1o ra k\u1ebft qu\u1ea3 ECG t\u01b0\u01a1ng t\u1ef1 nh\u01b0 \u0111i\u1ec7n t\u00e2m \u0111\u1ed3. N\u1ebfu mu\u1ed1n bi\u1ebft c\u00e1c v\u1ea5n \u0111\u1ec1 li\u00ean quan \u0111\u1ebfn tim, b\u1ea1n c\u00f3 th\u1ec3 m\u1edf \u1ee9ng d\u1ee5ng Nh\u1ecbp Tim \u0111\u1ec3 nh\u1eadn th\u00f4ng b\u00e1o v\u00e0 c\u00f3 \u0111\u01b0\u1ee3c th\u00f4ng tin v\u1ec1 nh\u1ecbp tim c\u1ee7a b\u1ea1n cao, th\u1ea5p hay kh\u00f4ng \u0111\u1ec1u.<\/p>\n<p>Kh\u00f4ng ch\u1ec9 nh\u1ecbp tim, m\u1ed9t th\u00f4ng s\u1ed1 quan tr\u1ecdng kh\u00e1c v\u1ec1 s\u1ee9c kh\u1ecfe l\u00e0 n\u1ed3ng \u0111\u1ed9 oxi trong m\u00e1u SPO2 c\u0169ng c\u00f3 th\u1ec3 \u0111\u01b0\u1ee3c \u0111o ngay tr\u00ean Apple Watch Series 9 GPS + Cellular 45mm. \u0110\u1ed3ng h\u1ed3 cho ph\u00e9p \u0111o n\u1ed3ng \u0111\u1ed9 oxi trong m\u00e1u theo y\u00eau c\u1ea7u b\u1ea5t c\u1ee9 l\u00fac n\u00e0o, ho\u1eb7c \u0111o khi ch\u1ea1y n\u1ec1n \u0111\u1ec3 c\u00f3 th\u1ec3 theo d\u00f5i s\u1ee9c kh\u1ecfe, \u0111\u1ec1 ph\u00f2ng c\u00e1c hi\u1ec7n t\u01b0\u1ee3ng b\u1ea5t th\u01b0\u1eddng.<\/p>\n<p>\u0110\u1ec3 gi\u1ea5c ng\u1ee7 c\u1ee7a b\u1ea1n ch\u1ea5t l\u01b0\u1ee3ng h\u01a1n, \u1ee9ng d\u1ee5ng Ng\u1ee7 tr\u00ean Apple Watch Series 9 GPS + Cellular 45mm s\u1ebd theo d\u00f5i th\u1eddi gian b\u1ea1n ng\u1ee7, th\u1eddi l\u01b0\u1ee3ng c\u1ee7a c\u00e1c giai \u0111o\u1ea1n ng\u1ee7 nh\u01b0 REM, ng\u1ee7 Ch\u00ednh hay ng\u1ee7 S\u00e2u. Qua \u0111\u00f3 b\u1ea1n s\u1ebd c\u00f3 \u0111\u01b0\u1ee3c c\u00e1c th\u00f4ng tin c\u1ea7n thi\u1ebft \u0111\u1ec3 c\u1ea3i thi\u1ec7n v\u00e0 ng\u1ee7 ngon h\u01a1n m\u1ed7i ng\u00e0y.<\/p>\n<h3><b>Lu\u00f4n lu\u00f4n k\u1ebft n\u1ed1i<\/b><\/h3>\n<p>Apple Watch Series 9 l\u00e0 ph\u01b0\u01a1ng ti\u1ec7n k\u1ebft n\u1ed1i tuy\u1ec7t v\u1eddi ngay tr\u00ean c\u1ed5 tay c\u1ee7a b\u1ea1n. Phi\u00ean b\u1ea3n Apple Watch Series 9 GPS + Cellular 45mm vi\u1ec1n nh\u00f4m d\u00e2y v\u1ea3i trong b\u00e0i c\u00f3 kh\u1ea3 n\u0103ng v\u00e0o m\u1ea1ng 4G, cho ph\u00e9p l\u00e0m m\u1ecdi vi\u1ec7c m\u00e0 kh\u00f4ng c\u1ea7n iPhone b\u00ean c\u1ea1nh. B\u1ea1n c\u00f3 th\u1ec3 tr\u1ea3 l\u1eddi tin nh\u1eafn, nh\u1eadn cu\u1ed9c g\u1ecdi, nghe nh\u1ea1c tr\u1ef1c tuy\u1ebfn, thanh to\u00e1n Apple Pay v\u00e0 h\u01a1n th\u1ebf n\u1eefa tr\u00ean chi\u1ebfc \u0111\u1ed3ng h\u1ed3 Series 9 c\u1ee7a m\u00ecnh m\u1ed9t c\u00e1ch ti\u1ec7n l\u1ee3i.<\/p>\n<p><img decoding=\"async\" src=\"https:\/\/cdn2.fptshop.com.vn\/unsafe\/564x0\/filters:quality(80)\/Uploads\/images\/2015\/0511\/apple-watch-s9-8.JPG\" alt=\"Apple Watch Series 9 GPS + Cellular 45mm vi\u1ec1n nh\u00f4m d\u00e2y v\u1ea3i (\u1ea3nh 9)\" \/><\/p>\n<h3><b>\u0110\u1ed9ng l\u1ef1c \u0111\u1ec3 t\u1eadp luy\u1ec7n kh\u00f4ng ng\u1eebng<\/b><\/h3>\n<p>B\u1ea1n c\u00f3 th\u1ec3 luy\u1ec7n t\u1eadp m\u1ecdi m\u00f4n th\u1ec3 d\u1ee5c, th\u1ec3 thao theo c\u00e1ch th\u00fa v\u1ecb v\u00e0 c\u1ea3m h\u1ee9ng h\u01a1n nh\u1edd Apple Watch Series 9 GPS + Cellular 45mm. \u0110\u1ed3ng h\u1ed3 cung c\u1ea5p m\u1ecdi ch\u1ec9 s\u1ed1 li\u00ean quan \u0111\u1ebfn b\u00e0i t\u1eadp \u0111\u1ec3 duy tr\u00ec \u0111\u1ed9ng l\u1ef1c v\u00e0 gi\u00fap b\u1ea1n t\u1eadp luy\u1ec7n hi\u1ec7u qu\u1ea3 h\u01a1n. T\u1eeb Squat, \u0110\u1ea1p xe, Ch\u1ea1y cho \u0111\u1ebfn b\u01a1i l\u1ed9i, Apple Watch v\u1edbi \u0111\u1ed9 b\u1ec1n v\u00e0 c\u1ea3 kh\u1ea3 n\u0103ng ch\u1ed1ng n\u01b0\u1edbc ho\u00e0n h\u1ea3o s\u1ebd l\u00e0 HLV c\u00e1 nh\u00e2n tuy\u1ec7t v\u1eddi c\u1ee7a ri\u00eang b\u1ea1n. Ch\u1ec9 c\u1ea7n m\u1ed9t c\u00e1i xoay Digital Crown, m\u1ecdi ch\u1ec9 s\u1ed1 nh\u01b0 nh\u1ecbp tim, qu\u00e3ng \u0111\u01b0\u1eddng, th\u1eddi gian t\u1eadp luy\u1ec7n, t\u1ed1c \u0111\u1ed9 v\u00e0 c\u00e1c th\u00f4ng s\u1ed1 ph\u00e2n t\u00edch chuy\u00ean s\u00e2u s\u1ebd hi\u1ec3n th\u1ecb m\u1ed9t c\u00e1ch tr\u1ef1c quan.<\/p>\n<p><img decoding=\"async\" src=\"https:\/\/cdn2.fptshop.com.vn\/unsafe\/564x0\/filters:quality(80)\/Uploads\/images\/2015\/0511\/apple-watch-s9-9.JPG\" alt=\"Apple Watch Series 9 GPS + Cellular 45mm vi\u1ec1n nh\u00f4m d\u00e2y v\u1ea3i (\u1ea3nh 10)\" \/><\/p>\n<p>Ngay c\u1ea3 khi \u0111ang t\u1eadp luy\u1ec7n, b\u1ea1n c\u0169ng c\u00f3 th\u1ec3 s\u1eed d\u1ee5ng t\u00ednh n\u0103ng Ho\u1ea1t \u0110\u1ed9ng Tr\u1ef1c Ti\u1ebfp \u0111\u1ec3 hi\u1ec3n th\u1ecb tr\u1ef1c ti\u1ebfp c\u00e1c th\u00f4ng s\u1ed1. V\u00ed d\u1ee5 b\u1ea1n \u0111ang \u0111\u1ea1p xe, tr\u00ean m\u1eb7t \u0111\u1ed3ng h\u1ed3 s\u1ebd hi\u1ec3n th\u1ecb c\u00e1c th\u00f4ng s\u1ed1 theo th\u1eddi gian th\u1ef1c v\u1ec1 th\u1eddi gian \u0111\u1ea1p xe, t\u1ed1c \u0111\u1ed9 di chuy\u1ec3n, qu\u00e3ng \u0111\u01b0\u1eddng, nh\u1ecbp tim. Nh\u1eefng ho\u1ea1t \u0111\u1ed9ng t\u1eadp luy\u1ec7n c\u1ee7a b\u1ea1n s\u1ebd \u0111\u1ec1u tr\u1edf n\u00ean chuy\u00ean nghi\u1ec7p v\u00e0 h\u1ee9ng kh\u1edfi h\u01a1n.<\/p>\n<p><img decoding=\"async\" src=\"https:\/\/cdn2.fptshop.com.vn\/unsafe\/564x0\/filters:quality(80)\/Uploads\/images\/2015\/0511\/apple-watch-s9-11.JPG\" alt=\"Apple Watch Series 9 GPS + Cellular 45mm vi\u1ec1n nh\u00f4m d\u00e2y v\u1ea3i (\u1ea3nh 11)\" \/><\/p>\n","protected":false},"excerpt":{"rendered":"<p>Nhanh h\u01a1n v\u00e0 th\u00f4ng minh h\u01a1n v\u1edbi chip S9 Apple Watch Series 9 GPS + Cellular 45mm l\u00e0 chi\u1ebfc \u0111\u1ed3ng h\u1ed3 nhanh, m\u1ea1nh v\u00e0 gi\u00e0u n\u0103ng l\u01b0\u1ee3ng ch\u01b0a t\u1eebng th\u1ea5y v\u1edbi b\u1ed9 vi x\u1eed l\u00fd S9. \u0110\u00e2y l\u00e0 con chip Apple silicon t\u00f9y ch\u1ec9nh v\u1edbi CPU l\u00f5i k\u00e9p m\u1edbi s\u1edf h\u1eefu t\u1edbi 5,6 t\u1ef7 b\u00f3ng&#8230;<\/p>\n","protected":false},"featured_media":2706,"comment_status":"open","ping_status":"closed","template":"","meta":{"rank_math_lock_modified_date":false},"product_cat":[390,386],"product_tag":[],"class_list":{"0":"post-2705","1":"product","2":"type-product","3":"status-publish","4":"has-post-thumbnail","6":"product_cat-sua-apple-watch","7":"product_cat-apple-watch","9":"first","10":"instock","11":"shipping-taxable","12":"purchasable","13":"product-type-simple"},"_links":{"self":[{"href":"http:\/\/fixmobile.vn\/index.php?rest_route=\/wp\/v2\/product\/2705","targetHints":{"allow":["GET"]}}],"collection":[{"href":"http:\/\/fixmobile.vn\/index.php?rest_route=\/wp\/v2\/product"}],"about":[{"href":"http:\/\/fixmobile.vn\/index.php?rest_route=\/wp\/v2\/types\/product"}],"replies":[{"embeddable":true,"href":"http:\/\/fixmobile.vn\/index.php?rest_route=%2Fwp%2Fv2%2Fcomments&post=2705"}],"wp:featuredmedia":[{"embeddable":true,"href":"http:\/\/fixmobile.vn\/index.php?rest_route=\/wp\/v2\/media\/2706"}],"wp:attachment":[{"href":"http:\/\/fixmobile.vn\/index.php?rest_route=%2Fwp%2Fv2%2Fmedia&parent=2705"}],"wp:term":[{"taxonomy":"product_cat","embeddable":true,"href":"http:\/\/fixmobile.vn\/index.php?rest_route=%2Fwp%2Fv2%2Fproduct_cat&post=2705"},{"taxonomy":"product_tag","embeddable":true,"href":"http:\/\/fixmobile.vn\/index.php?rest_route=%2Fwp%2Fv2%2Fproduct_tag&post=2705"}],"curies":[{"name":"wp","href":"https:\/\/api.w.org\/{rel}","templated":true}]}}