{"id":2701,"date":"2024-10-15T00:55:35","date_gmt":"2024-10-14T17:55:35","guid":{"rendered":"https:\/\/fixmobile.vn\/?post_type=product&#038;p=2701"},"modified":"2025-11-09T08:48:31","modified_gmt":"2025-11-09T01:48:31","slug":"apple-watch-series-10-gps-42mm","status":"publish","type":"product","link":"http:\/\/fixmobile.vn\/?product=apple-watch-series-10-gps-42mm","title":{"rendered":"Apple Watch Series 10 GPS 42mm"},"content":{"rendered":"<h2 style=\"font-weight: inherit;\"><b><strong>M\u00e0n h\u00ecnh OLED l\u1edbn, g\u00f3c nh\u00ecn r\u1ed9ng h\u01a1n<\/strong><\/b><\/h2>\n<p style=\"font-weight: 400;\">Phi\u00ean b\u1ea3n Apple Watch Series 10 \u0111\u01b0\u1ee3c trang b\u1ecb m\u00e0n h\u00ecnh OLED v\u1edbi k\u00edch c\u1ee1 l\u1edbn h\u01a1n t\u1edbi 75% so v\u1edbi phi\u00ean b\u1ea3n Series 3 v\u00e0 30% so v\u1edbi c\u00e1c th\u1ebf h\u1ec7 Series 4, 5, 6, SE, \u0111\u00e1nh d\u1ea5u m\u1ed9t b\u01b0\u1edbc ti\u1ebfn v\u01b0\u1ee3t b\u1eadc trong vi\u1ec7c t\u1ed1i \u01b0u h\u00f3a kh\u00f4ng gian hi\u1ec3n th\u1ecb.<\/p>\n<p style=\"font-weight: 400;\">V\u1edbi m\u00e0n h\u00ecnh c\u1ef1c l\u1edbn, ng\u01b0\u1eddi d\u00f9ng c\u00f3 th\u1ec3 tho\u1ea3i m\u00e1i theo d\u00f5i m\u1ecdi th\u00f4ng s\u1ed1, v\u0103n b\u1ea3n v\u00e0 h\u00ecnh \u1ea3nh \u0111\u01b0\u1ee3c hi\u1ec3n th\u1ecb tr\u00ean m\u1eb7t \u0111\u1ed3ng h\u1ed3. G\u00f3c nh\u00ecn r\u1ed9ng khi\u1ebfn vi\u1ec7c quan s\u00e1t d\u1eef li\u1ec7u tr\u1edf n\u00ean d\u1ec5 d\u00e0ng h\u01a1n, ch\u1ec9 v\u1edbi m\u1ed9t l\u1ea7n li\u1ebfc m\u1eaft ngay c\u1ea3 d\u01b0\u1edbi \u0111i\u1ec1u ki\u1ec7n \u00e1nh s\u00e1ng ngo\u00e0i tr\u1eddi.<\/p>\n<h2 style=\"font-weight: inherit;\"><b><strong>Ki\u1ec3u d\u00e1ng m\u1ecfng nh\u1eb9 v\u00e0 h\u1ebft s\u1ee9c trang nh\u00e3<\/strong><\/b><\/h2>\n<p style=\"font-weight: 400;\">Apple Watch Series 10 \u0111\u01b0\u1ee3c thi\u1ebft k\u1ebf v\u1edbi \u0111\u1ed9 d\u00e0y ch\u1ec9 9.7mm, m\u1ecfng h\u01a1n t\u1edbi 10% so v\u1edbi c\u00e1c th\u1ebf h\u1ec7 tr\u01b0\u1edbc, mang l\u1ea1i c\u1ea3m gi\u00e1c tho\u1ea3i m\u00e1i t\u1ed1i \u0111a tr\u00ean tay. Thi\u1ebft k\u1ebf m\u1ecfng nh\u1eb9 gi\u00fap chi\u1ebfc \u0111\u1ed3ng h\u1ed3 tr\u1edf n\u00ean tinh t\u1ebf v\u00e0 th\u1eddi trang h\u01a1n, \u0111\u1ed3ng th\u1eddi \u0111em l\u1ea1i tr\u1ea3i nghi\u1ec7m linh ho\u1ea1t khi v\u1eadn \u0111\u1ed9ng m\u1ea1nh, h\u1ed7 tr\u1ee3 t\u1ed1t cho ng\u01b0\u1eddi d\u00f9ng trong qu\u00e1 tr\u00ecnh t\u1eadp th\u1ec3 thao h\u00e0ng ng\u00e0y.<\/p>\n<p style=\"font-weight: 400;\">\u0110\u1ec3 \u0111\u1ea1t \u0111\u01b0\u1ee3c \u0111\u1ed9 m\u1ecfng \u1ea5n t\u01b0\u1ee3ng n\u00e0y, Apple \u0111\u00e3 t\u1ed1i \u01b0u h\u00f3a c\u00e1c chi ti\u1ebft trong k\u1ebft c\u1ea5u chi\u1ebfc \u0111\u1ed3ng h\u1ed3, t\u1eeb chip x\u1eed l\u00fd SiP cho \u0111\u1ebfn h\u1ec7 th\u1ed1ng loa, anten, m\u1eb7t tr\u01b0\u1edbc v\u00e0 n\u00fat Digital Crown. Nh\u1eefng \u0111i\u1ec1u ch\u1ec9nh n\u00e0y gi\u00fap thi\u1ebft b\u1ecb tr\u1edf n\u00ean tinh t\u1ebf h\u01a1n, to\u00e1t l\u00ean d\u00e1ng v\u1ebb thanh l\u1ecbch \u0111\u1eadm ch\u1ea5t hi\u1ec7n \u0111\u1ea1i.<\/p>\n<h2 style=\"font-weight: inherit;\"><b><strong>Quan t\u00e2m \u0111\u1ebfn th\u1ec3 tr\u1ea1ng s\u1ee9c kh\u1ecfe c\u1ee7a b\u1ea1n<\/strong><\/b><\/h2>\n<p style=\"font-weight: 400;\">\u0110\u01b0\u1ee3c trang b\u1ecb nh\u1eefng c\u1ea3m bi\u1ebfn v\u00e0 thu\u1eadt to\u00e1n ph\u00e2n t\u00edch ti\u00ean ti\u1ebfn, Apple Watch Series 10 s\u1ebd theo d\u00f5i li\u00ean t\u1ee5c c\u00e1c ch\u1ec9 s\u1ed1 s\u1ee9c kh\u1ecfe quan tr\u1ecdng nh\u01b0: nh\u1ecbp tim, SpO2, t\u1ea7n s\u1ed1 h\u00f4 h\u1ea5p v\u00e0 ch\u1ea5t l\u01b0\u1ee3ng gi\u1ea5c ng\u1ee7 m\u1ed7i \u0111\u00eam. S\u1ea3n ph\u1ea9m kh\u00f4ng ch\u1ec9 gi\u00fap b\u1ea1n n\u1eafm b\u1eaft th\u1ec3 tr\u1ea1ng s\u1ee9c kh\u1ecfe t\u1ed5ng th\u1ec3 m\u00e0 c\u00f2n cung c\u1ea5p nh\u1eefng th\u00f4ng tin chi ti\u1ebft v\u1ec1 t\u00ecnh h\u00ecnh tim m\u1ea1ch.<\/p>\n<p style=\"font-weight: 400;\">\u1ee8ng d\u1ee5ng ECG tr\u00ean Apple Watch Series 10 cung c\u1ea5p k\u1ebft qu\u1ea3 \u0111i\u1ec7n t\u00e2m \u0111\u1ed3 m\u1ed9t \u0111\u1ea1o tr\u00ecnh. H\u1ec7 th\u1ed1ng s\u1ebd t\u1ef1 \u0111\u1ed9ng c\u1ea3nh b\u00e1o khi ph\u00e1t hi\u1ec7n b\u1ea5t k\u1ef3 d\u1ea5u hi\u1ec7u kh\u00e1c th\u01b0\u1eddng n\u00e0o v\u1ec1 nh\u1ecbp tim \u0111\u1ec3 b\u1ea1n ch\u1ee7 \u0111\u1ed9ng ph\u00f2ng ng\u1eeba c\u00e1c v\u1ea5n \u0111\u1ec1 s\u1ee9c kh\u1ecfe tim m\u1ea1ch.<\/p>\n<h2 style=\"font-weight: inherit;\"><b><strong>Tr\u1ee3 th\u1ee7 l\u00fd t\u01b0\u1edfng cho c\u00e1c ho\u1ea1t \u0111\u1ed9ng th\u1ec3 thao<\/strong><\/b><\/h2>\n<p style=\"font-weight: 400;\">Apple Watch Series 10 kh\u00f4ng ch\u1ec9 l\u00e0 c\u00f4ng c\u1ee5 ch\u0103m s\u00f3c s\u1ee9c kh\u1ecfe, m\u00e0 c\u00f2n l\u00e0 ng\u01b0\u1eddi b\u1ea1n \u0111\u1ed3ng h\u00e0nh ho\u00e0n h\u1ea3o cho nh\u1eefng ai \u0111am m\u00ea t\u1eadp luy\u1ec7n. D\u00f9 b\u1ea1n \u0111am m\u00ea ch\u1ea1y b\u1ed9, b\u01a1i l\u1ed9i, Pilates, khi\u00eau v\u0169 hay c\u00e1c b\u1ed9 m\u00f4n kh\u00e1c, s\u1ea3n ph\u1ea9m n\u00e0y \u0111\u1ec1u cung c\u1ea5p c\u00e1c t\u00ednh n\u0103ng h\u1ed7 tr\u1ee3 r\u1ea5t t\u1ed1t. Chi\u1ebfc \u0111\u1ed3ng h\u1ed3 s\u1ebd ph\u00e2n t\u00edch chi ti\u1ebft t\u00e1c \u0111\u1ed9ng c\u1ee7a m\u1ed7i bu\u1ed5i t\u1eadp l\u00ean c\u01a1 th\u1ec3 \u0111\u1ec3 b\u1ea1n \u0111i\u1ec1u ch\u1ec9nh c\u01b0\u1eddng \u0111\u1ed9 v\u00e0 kh\u1ed1i l\u01b0\u1ee3ng t\u1eadp sao cho ph\u00f9 h\u1ee3p nh\u1ea5t.<\/p>\n<p style=\"font-weight: 400;\">Ngo\u00e0i ra, Apple Watch Series 10 c\u00f2n s\u1edf h\u1eefu c\u1ea3m bi\u1ebfn nhi\u1ec7t \u0111\u1ed9 n\u01b0\u1edbc v\u00e0 c\u1ea3m bi\u1ebfn \u0111\u1ed9 s\u00e2u, gi\u00fap b\u1ea1n tho\u1ea3i m\u00e1i tham gia c\u00e1c ho\u1ea1t \u0111\u1ed9ng nh\u01b0 b\u01a1i hay l\u1eb7n. V\u1edbi \u1ee9ng d\u1ee5ng\u00a0<em>Th\u1ee7y Tri\u1ec1u<\/em>, b\u1ea1n c\u00f2n c\u00f3 th\u1ec3 tra c\u1ee9u th\u00f4ng tin v\u1ec1 h\u01a1n 115.000 b\u00e3i bi\u1ec3n tr\u00ean to\u00e0n th\u1ebf gi\u1edbi, h\u1ed7 tr\u1ee3 \u0111\u1eafc l\u1ef1c cho nh\u1eefng chuy\u1ebfn phi\u00eau l\u01b0u d\u01b0\u1edbi n\u01b0\u1edbc.<\/p>\n<h2 style=\"font-weight: inherit;\"><b><strong>Lu\u00f4n gi\u1eef k\u1ebft n\u1ed1i ti\u1ec7n l\u1ee3i m\u1ecdi l\u00fac, m\u1ecdi n\u01a1i<\/strong><\/b><\/h2>\n<p style=\"font-weight: 400;\">V\u1edbi bi\u1ebfn th\u1ec3 Apple Watch Series 10 GPS + Cellular, b\u1ea1n c\u00f3 th\u1ec3 t\u00edch h\u1ee3p eSIM tr\u1ef1c ti\u1ebfp l\u00ean \u0111\u1ed3ng h\u1ed3 \u0111\u1ec3 nh\u1eadn cu\u1ed9c g\u1ecdi v\u00e0 tin nh\u1eafn m\u1ecdi l\u00fac m\u1ecdi n\u01a1i m\u00e0 kh\u00f4ng c\u1ea7n k\u1ebft n\u1ed1i v\u1edbi iPhone. \u0110i\u1ec1u n\u00e0y r\u1ea5t h\u1eefu d\u1ee5ng trong qu\u00e1 tr\u00ecnh di chuy\u1ec3n v\u00e0 t\u1eadp luy\u1ec7n th\u1ec3 thao m\u00e0 kh\u00f4ng ti\u1ec7n mang theo \u0111i\u1ec7n tho\u1ea1i b\u00ean m\u00ecnh. Ngo\u00e0i ra, b\u1ea1n c\u00f3 th\u1ec3 t\u1eadn d\u1ee5ng t\u00ednh n\u0103ng Apple Pay \u0111\u1ec3 thanh to\u00e1n m\u1ed9t c\u00e1ch nhanh ch\u00f3ng v\u00e0 thu\u1eadn ti\u1ec7n.<\/p>\n<p style=\"font-weight: 400;\">T\u00ednh n\u0103ng\u00a0<em>T\u00ecm Ch\u00ednh X\u00e1c<\/em>\u00a0tr\u00ean Apple Watch Series 10 gi\u00fap b\u1ea1n d\u1ec5 d\u00e0ng x\u00e1c \u0111\u1ecbnh v\u1ecb tr\u00ed iPhone khi c\u1ea7n. \u0110\u1eebng qu\u00ean truy c\u1eadp App Store \u0111\u1ec3 t\u1ea3i v\u1ec1 h\u00e0ng ch\u1ee5c ng\u00e0n \u1ee9ng d\u1ee5ng th\u00fa v\u1ecb, t\u1eeb \u0111\u00f3 c\u00e1 nh\u00e2n h\u00f3a tr\u1ea3i nghi\u1ec7m Apple Watch c\u1ee7a ri\u00eang b\u1ea1n.<\/p>\n<h2 style=\"font-weight: inherit;\"><b><strong>Th\u00e2n thi\u1ec7n v\u1edbi m\u00f4i tr\u01b0\u1eddng v\u00e0 b\u1ea3o m\u1eadt tuy\u1ec7t \u0111\u1ed1i<\/strong><\/b><\/h2>\n<p style=\"font-weight: 400;\">Apple lu\u00f4n h\u01b0\u1edbng \u0111\u1ebfn vi\u1ec7c b\u1ea3o v\u1ec7 m\u00f4i tr\u01b0\u1eddng khi nghi\u00ean c\u1ee9u ph\u00e1t tri\u1ec3n c\u00e1c s\u1ea3n ph\u1ea9m c\u1ee7a m\u00ecnh, v\u00e0 Apple Watch Series 10 c\u0169ng kh\u00f4ng ph\u1ea3i ngo\u1ea1i l\u1ec7. Chi\u1ebfc \u0111\u1ed3ng h\u1ed3 \u0111\u01b0\u1ee3c ch\u1ebf t\u1ea1o t\u1eeb nh\u00f4m t\u00e1i ch\u1ebf 100%, gi\u00fap gi\u1ea3m thi\u1ec3u t\u00e1c \u0111\u1ed9ng ti\u00eau c\u1ef1c \u0111\u1ebfn h\u00e0nh tinh xanh c\u1ee7a ch\u00fang ta.<\/p>\n<p style=\"font-weight: 400;\">V\u1ec1 c\u01a1 ch\u1ebf b\u1ea3o m\u1eadt, Apple Watch Series 10 cam k\u1ebft b\u1ea3o v\u1ec7 d\u1eef li\u1ec7u c\u00e1 nh\u00e2n v\u00e0 s\u1ee9c kh\u1ecfe c\u1ee7a b\u1ea1n m\u1ed9t c\u00e1ch an to\u00e0n. To\u00e0n b\u1ed9 th\u00f4ng tin \u0111\u01b0\u1ee3c m\u00e3 h\u00f3a v\u00e0 ch\u1ec9 chia s\u1ebb khi c\u00f3 s\u1ef1 \u0111\u1ed3ng \u00fd t\u1eeb ng\u01b0\u1eddi d\u00f9ng, gi\u00fap duy tr\u00ec t\u00ednh ri\u00eang t\u01b0 \u1edf m\u1ee9c cao nh\u1ea5t.<\/p>\n","protected":false},"excerpt":{"rendered":"<p>M\u00e0n h\u00ecnh OLED l\u1edbn, g\u00f3c nh\u00ecn r\u1ed9ng h\u01a1n Phi\u00ean b\u1ea3n Apple Watch Series 10 \u0111\u01b0\u1ee3c trang b\u1ecb m\u00e0n h\u00ecnh OLED v\u1edbi k\u00edch c\u1ee1 l\u1edbn h\u01a1n t\u1edbi 75% so v\u1edbi phi\u00ean b\u1ea3n Series 3 v\u00e0 30% so v\u1edbi c\u00e1c th\u1ebf h\u1ec7 Series 4, 5, 6, SE, \u0111\u00e1nh d\u1ea5u m\u1ed9t b\u01b0\u1edbc ti\u1ebfn v\u01b0\u1ee3t b\u1eadc trong vi\u1ec7c t\u1ed1i&#8230;<\/p>\n","protected":false},"featured_media":2702,"comment_status":"open","ping_status":"closed","template":"","meta":{"rank_math_lock_modified_date":false},"product_cat":[386,390],"product_tag":[],"class_list":{"0":"post-2701","1":"product","2":"type-product","3":"status-publish","4":"has-post-thumbnail","6":"product_cat-apple-watch","7":"product_cat-sua-apple-watch","9":"first","10":"instock","11":"shipping-taxable","12":"purchasable","13":"product-type-simple"},"_links":{"self":[{"href":"http:\/\/fixmobile.vn\/index.php?rest_route=\/wp\/v2\/product\/2701","targetHints":{"allow":["GET"]}}],"collection":[{"href":"http:\/\/fixmobile.vn\/index.php?rest_route=\/wp\/v2\/product"}],"about":[{"href":"http:\/\/fixmobile.vn\/index.php?rest_route=\/wp\/v2\/types\/product"}],"replies":[{"embeddable":true,"href":"http:\/\/fixmobile.vn\/index.php?rest_route=%2Fwp%2Fv2%2Fcomments&post=2701"}],"wp:featuredmedia":[{"embeddable":true,"href":"http:\/\/fixmobile.vn\/index.php?rest_route=\/wp\/v2\/media\/2702"}],"wp:attachment":[{"href":"http:\/\/fixmobile.vn\/index.php?rest_route=%2Fwp%2Fv2%2Fmedia&parent=2701"}],"wp:term":[{"taxonomy":"product_cat","embeddable":true,"href":"http:\/\/fixmobile.vn\/index.php?rest_route=%2Fwp%2Fv2%2Fproduct_cat&post=2701"},{"taxonomy":"product_tag","embeddable":true,"href":"http:\/\/fixmobile.vn\/index.php?rest_route=%2Fwp%2Fv2%2Fproduct_tag&post=2701"}],"curies":[{"name":"wp","href":"https:\/\/api.w.org\/{rel}","templated":true}]}}