{"id":2699,"date":"2024-10-15T00:28:08","date_gmt":"2024-10-14T17:28:08","guid":{"rendered":"https:\/\/fixmobile.vn\/?post_type=product&#038;p=2699"},"modified":"2025-11-09T08:59:58","modified_gmt":"2025-11-09T01:59:58","slug":"macbook-air-m2-13-inch-2022-8cpu-10gpu-16gb-512gb","status":"publish","type":"product","link":"http:\/\/fixmobile.vn\/?product=macbook-air-m2-13-inch-2022-8cpu-10gpu-16gb-512gb","title":{"rendered":"Macbook Air M2 13 inch 2022 8CPU 10GPU\/16GB\/512GB"},"content":{"rendered":"<h3><strong>Thi\u1ebft k\u1ebf tinh x\u1ea3o v\u00e0 \u0111\u1ed9 m\u1ecfng \u0111\u1eb7c tr\u01b0ng<\/strong><\/h3>\n<p>MacBook Air M2 13 inch khoe v\u1ebb \u0111\u1eb9p mang t\u00ednh th\u01b0\u01a1ng hi\u1ec7u c\u1ee7a d\u00f2ng\u00a0Macbook Air\u00a0th\u00f4ng qua b\u1ed9 khung v\u1ecf kim lo\u1ea1i cao c\u1ea5p c\u00f3 \u0111\u1ed9 m\u1ecfng ch\u1ec9 1.13 cm \u1ea5n t\u01b0\u1ee3ng. V\u1edbi tr\u1ecdng l\u01b0\u1ee3ng t\u1ed5ng th\u1ec3 ch\u1ec9 1.24 kg, \u0111\u00e2y l\u00e0 thi\u1ebft b\u1ecb c\u01a1 \u0111\u1ed9ng h\u00e0ng \u0111\u1ea7u d\u00e0nh cho nh\u1eefng ai th\u01b0\u1eddng mang theo m\u00e1y t\u00ednh \u0111\u1ec3 l\u00e0m vi\u1ec7c, h\u1ecdc t\u1eadp ho\u1eb7c gi\u1ea3i tr\u00ed \u1edf nhi\u1ec1u n\u01a1i.<\/p>\n<p>M\u1ed7i \u0111\u01b0\u1eddng n\u00e9t, m\u1ed7i g\u00f3c c\u1ea1nh c\u1ee7a MacBook Air M2 13 inch \u0111\u1ec1u \u0111\u01b0\u1ee3c ho\u00e0n thi\u1ec7n t\u1ec9 m\u1ec9, \u0111\u1ea3m b\u1ea3o b\u1ec1n b\u1ec9 v\u00e0 cho c\u1ea3m quan cao c\u1ea5p khi c\u1ea7m n\u1eafm v\u00e0 s\u1eed d\u1ee5ng. S\u1ea3n ph\u1ea9m b\u1ea1n \u0111ang theo d\u00f5i c\u00f3 \u0111\u1ea7y \u0111\u1ee7 4 l\u1ef1a ch\u1ecdn m\u00e0u s\u1eafc \u0111a d\u1ea1ng bao g\u1ed3m: X\u00e1m, Xanh \u0111en, V\u00e0ng v\u00e0 B\u1ea1c.<\/p>\n<p><img decoding=\"async\" src=\"https:\/\/cdn2.fptshop.com.vn\/unsafe\/564x0\/filters:quality(80)\/Uploads\/images\/2015\/Tin-Tuc\/11\/4\/macbook-air-m2-13-inch-2022-8cpu-10gpu-16gb-256gb-2.jpg\" alt=\"MacBook Air M2 13 inch 2022 8CPU 10GPU\/16GB\/256GB 2\" \/><\/p>\n<h3><strong>\u1ea4n t\u01b0\u1ee3ng tr\u01b0\u1edbc s\u1ee9c m\u1ea1nh c\u1ee7a chip M2<\/strong><\/h3>\n<p>So v\u1edbi phi\u00ean b\u1ea3n MacBook Air ch\u1ea1y chip M2, bi\u1ebfn th\u1ec3 MacBook Air M2 13 inch \u0111\u01b0\u1ee3c n\u00e2ng c\u1ea5p l\u1edbn v\u1ec1 s\u1ee9c m\u1ea1nh khi s\u1eed d\u1ee5ng b\u1ed9 vi x\u1eed l\u00fd M2 cao c\u1ea5p. V\u1edbi 8 nh\u00e2n CPU c\u00f9ng 10 nh\u00e2n GPU, chip M2 th\u1ec3 hi\u1ec7n kh\u1ea3 n\u0103ng x\u1eed l\u00fd m\u1ea1nh m\u1ebd, ph\u1ea3n h\u1ed3i m\u1ecdi t\u00e1c v\u1ee5 trong ch\u1edbp m\u1eaft v\u00e0 \u0111\u1eb7c bi\u1ec7t hi\u1ec7n qu\u1ea3 trong c\u00e1c t\u00e1c v\u1ee5 \u0111\u1ed3 h\u1ecda.<\/p>\n<p>V\u1ec1 t\u1ed1c \u0111\u1ed9, chip M2 nhanh h\u01a1n 1.4 l\u1ea7n so v\u1edbi chip M1, l\u1ee3i th\u1ebf v\u1ec1 ti\u1ebfn tr\u00ecnh s\u1ea3n xu\u1ea5t gi\u00fap b\u1ed9 vi x\u1eed l\u00fd n\u00e0y s\u1eed d\u1ee5ng \u00edt n\u0103ng l\u01b0\u1ee3ng h\u01a1n, t\u1eeb \u0111\u00f3 k\u00e9o d\u00e0i th\u1eddi l\u01b0\u1ee3ng s\u1eed d\u1ee5ng cho MacBook Air M2 13 inch l\u00ean m\u1ee9c t\u1ed1i \u0111a l\u00e0 18 ti\u1ebfng. Th\u00eam v\u00e0o \u0111\u00f3, d\u00f9 kh\u00f4ng s\u1eed d\u1ee5ng h\u1ec7 th\u1ed1ng t\u1ea3n nhi\u1ec7t nh\u01b0ng h\u1ec7 th\u1ed1ng v\u1eabn cho th\u1ea5y \u0111\u1ed9 \u00eam \u00e1i v\u01b0\u1ee3t tr\u1ed9i khi ho\u1ea1t \u0111\u1ed9ng.<\/p>\n<p><img decoding=\"async\" id=\"MacBook Air M2 13 inch 2022 8CPU 10GPU\/16GB\/256GB 55\" src=\"https:\/\/cdn2.fptshop.com.vn\/unsafe\/564x0\/filters:quality(80)\/Uploads\/images\/2015\/Tin-Tuc\/11\/4\/macbook-air-m2-13-inch-2022-8cpu-10gpu-16gb-256gb-5.jpg\" alt=\"MacBook Air M2 13 inch 2022 8CPU 10GPU\/16GB\/256GB 5\" \/><\/p>\n<h3><strong>macOS m\u01b0\u1ee3t m\u00e0 v\u1edbi kh\u1ea3 n\u0103ng v\u1eadn h\u00e0nh t\u1ed1i \u01b0u<\/strong><\/h3>\n<p>H\u1ec7 \u0111i\u1ec1u h\u00e0nh macOS Ventura m\u00e0 Apple trang b\u1ecb s\u1eb5n cho MacBook Air M2 13 inch s\u1ebd l\u00e0 y\u1ebfu t\u1ed1 t\u1ea1o n\u00ean s\u1ef1 kh\u00e1c bi\u1ec7t l\u1edbn trong tr\u1ea3i nghi\u1ec7m ng\u01b0\u1eddi d\u00f9ng. N\u1ec1n t\u1ea3ng n\u00e0y kh\u00f4ng ch\u1ec9 mang l\u1ea1i giao di\u1ec7n \u0111\u1eb9p m\u1eaft v\u1edbi ng\u00f4n ng\u1eef thi\u1ebft k\u1ebf \u0111\u1eb7c tr\u01b0ng c\u1ee7a c\u00e1c d\u00f2ng m\u00e1y Mac, m\u00e0 c\u00f2n \u0111\u01b0\u1ee3c Apple t\u1ed1i \u01b0u r\u1ea5t t\u1ed1t v\u1edbi m\u1ecdi ph\u1ea7n m\u1ec1m v\u0103n ph\u00f2ng c\u1ea7n cho c\u00f4ng vi\u1ec7c.<\/p>\n<p>MacBook Air M2 13 inch v\u1eadn h\u00e0nh t\u1ed1t b\u1ed9 c\u00f4ng c\u1ee5 Microsoft 365 m\u00e0 c\u00f2n h\u1ed7 tr\u1ee3 t\u1ed1t c\u00e1c ph\u1ea7n m\u1ec1m ch\u1ec9nh s\u1eeda \u1ea3nh v\u00e0 video c\u1ee7a Adobe, ch\u1ea1y m\u01b0\u1ee3t m\u00e0 Canva, Slack, Google Drive&#8230; \u0111\u1ec3 cung c\u1ea5p s\u1ef1 h\u1ed7 tr\u1ee3 t\u1ed1i \u01b0u cho c\u00f4ng vi\u1ec7c. Ngo\u00e0i ra, kh\u1ea3 n\u0103ng h\u1ed7 tr\u1ee3 linh ho\u1ea1t gi\u1eefa c\u00e1c s\u1ea3n ph\u1ea9m n\u1eb1m trong h\u1ec7 sinh th\u00e1i Apple nh\u01b0 iPhone, iPad, Apple Watch v\u1edbi MacBook Air M2 c\u0169ng s\u1ebd khi\u1ebfn b\u1ea1n h\u00e0i l\u00f2ng khi tr\u1ea3i nghi\u1ec7m.<\/p>\n<p><img decoding=\"async\" id=\"MacBook Air M2 13 inch 2022 8CPU 10GPU\/16GB\/256GB 66\" src=\"https:\/\/cdn2.fptshop.com.vn\/unsafe\/564x0\/filters:quality(80)\/Uploads\/images\/2015\/Tin-Tuc\/11\/4\/macbook-air-m2-13-inch-2022-8cpu-10gpu-16gb-256gb-6.jpg\" alt=\"MacBook Air M2 13 inch 2022 8CPU 10GPU\/16GB\/256GB 6\" \/><\/p>\n<h3><strong>\u0110\u1eafm ch\u00ecm trong 1 t\u1ef7 s\u1eafc m\u00e0u c\u1ee7a m\u00e0n h\u00ecnh Retina<\/strong><\/h3>\n<p>M\u00e0n h\u00ecnh Retina 13.6 inch c\u1ee7a MacBook Air M2 mang l\u1ea1i kh\u00f4ng gian hi\u1ec3n th\u1ecb tuy\u1ec7t v\u1eddi \u0111\u1ec3 gi\u1ea3i tr\u00ed v\u00e0 l\u00e0m vi\u1ec7c. T\u1ea5m n\u1ec1n cao c\u1ea5p c\u00f3 kh\u1ea3 n\u0103ng di\u1ec5n \u0111\u1ea1t t\u1edbi 1 t\u1ef7 gam m\u00e0u, t\u1eeb \u0111\u00f3 ph\u00f4 di\u1ec5n n\u0103ng l\u1ef1c hi\u1ec3n th\u1ecb c\u1ef1c k\u1ef3 s\u1ed1ng \u0111\u1ed9ng v\u00e0 ch\u00e2n th\u1ef1c.<\/p>\n<p>S\u1ea3n ph\u1ea9m c\u00f3 th\u1ec3 \u0111\u00e1p \u1ee9ng nhu c\u1ea7u c\u1ee7a nh\u1eefng ng\u01b0\u1eddi l\u00e0m c\u00f4ng vi\u1ec7c \u0111\u00f2i h\u1ecfi cao v\u1ec1 \u0111\u1ed9 ch\u00ednh x\u00e1c m\u00e0u s\u1eafc nh\u01b0 thi\u1ebft k\u1ebf, d\u1ef1ng phim, s\u00e1ng t\u1ea1o n\u1ed9i dung, truy\u1ec1n th\u00f4ng \u0111a ph\u01b0\u01a1ng ti\u1ec7n&#8230; \u0110\u1ed9 t\u01b0\u01a1ng ph\u1ea3n \u1ea5n t\u01b0\u1ee3ng c\u1ee7a m\u00e0n h\u00ecnh MacBook Air M2 c\u0169ng mang t\u1edbi nh\u1eefng ph\u00fat gi\u00e2y gi\u1ea3i tr\u00ed tuy\u1ec7t v\u1eddi th\u00f4ng qua c\u00e1c b\u1ed9 phim bom t\u1ea5n m\u00e3n nh\u00e3n.<\/p>\n<p><img decoding=\"async\" src=\"https:\/\/cdn2.fptshop.com.vn\/unsafe\/564x0\/filters:quality(80)\/Uploads\/images\/2015\/Tin-Tuc\/11\/4\/macbook-air-m2-13-inch-2022-8cpu-10gpu-16gb-256gb-8.jpg\" alt=\"MacBook Air M2 13 inch 2022 8CPU 10GPU\/16GB\/256GB 8\" \/><\/p>\n<h3><strong>Video call ch\u1ea5t l\u01b0\u1ee3ng cao v\u1edbi b\u1ed1n loa ngo\u00e0i<\/strong><\/h3>\n<p>Ngo\u00e0i vi\u1ec7c cung c\u1ea5p tr\u1ea3i nghi\u1ec7m h\u00ecnh \u1ea3nh tuy\u1ec7t v\u1eddi, MacBook Air M2 13 inch c\u00f2n th\u1ec3 hi\u1ec7n ch\u1ea5t l\u01b0\u1ee3ng \u00e2m thanh cao c\u1ea5p khi s\u1edf h\u1eefu h\u1ec7 th\u1ed1ng 4 loa ngo\u00e0i Spatial Audio, cho ph\u00e9p b\u1ea1n ch\u00ecm \u0111\u1eafm trong nh\u1eefng giai \u0111i\u1ec7u m\u01b0\u1ee3t m\u00e0 khi theo d\u00f5i n\u1ed9i dung gi\u1ea3i tr\u00ed.<\/p>\n<p>Ngo\u00e0i ra, s\u1ef1 k\u1ebft h\u1ee3p gi\u1eefa camera FaceTime HD v\u1edbi h\u1ec7 th\u1ed1ng loa ngo\u00e0i to, r\u00f5 c\u00f2n t\u1ea1o \u0111i\u1ec1u ki\u1ec7n t\u1ed1t nh\u1ea5t \u0111\u1ec3 b\u1ea1n h\u1ecdp h\u00e0nh tr\u1ef1c tuy\u1ebfn, video call, h\u1ecdc online v\u00e0 th\u1ef1c hi\u1ec7n m\u1ecdi t\u00e1c v\u1ee5 li\u00ean l\u1ea1c kh\u00e1c.<\/p>\n<p><img decoding=\"async\" src=\"https:\/\/cdn2.fptshop.com.vn\/unsafe\/564x0\/filters:quality(80)\/Uploads\/images\/2015\/Tin-Tuc\/11\/4\/macbook-air-m2-13-inch-2022-8cpu-10gpu-16gb-256gb-9.jpg\" alt=\"MacBook Air M2 13 inch 2022 8CPU 10GPU\/16GB\/256GB 8\" \/><\/p>\n<h3><strong>So\u1ea1n th\u1ea3o m\u01b0\u1ee3t m\u00e0, truy c\u1eadp trong ch\u1edbp m\u1eaft<\/strong><\/h3>\n<p>M\u1edf MacBook Air M2 13 inch ra, b\u1ea1n s\u1ebd t\u00ecm th\u1ea5y h\u1ec7 th\u1ed1ng b\u00e0n ph\u00edm Magic Keyboard \u0111\u1eb7c tr\u01b0ng c\u1ee7a Apple. L\u01b0\u1edbt ng\u00f3n tay tr\u00ean nh\u1eefng ph\u00edm b\u1ea5m, b\u1ea1n s\u1ebd c\u00f3 \u0111\u01b0\u1ee3c tr\u1ea3i nghi\u1ec7m g\u00f5 tho\u1ea3i m\u00e1i v\u1edbi t\u1ed1c \u0111\u1ed9 t\u1ed1i \u0111a, d\u1ec5 d\u00e0ng so\u1ea1n th\u1ea3o nh\u1eefng \u0111o\u1ea1n v\u0103n b\u1ea3n d\u00e0i m\u00e0 v\u1eabn \u0111\u1ea3m b\u1ea3o \u0111\u1ed9 y\u00ean t\u0129nh trong m\u00f4i tr\u01b0\u1eddng v\u0103n ph\u00f2ng chuy\u00ean nghi\u1ec7p.<\/p>\n<p>\u1ede g\u00f3c b\u00e0n ph\u00edm l\u00e0 c\u1ea3m bi\u1ebfn v\u00e2n tay Touch ID, \u0111\u00e2y l\u00e0 gi\u1ea3i ph\u00e1p gi\u00fap ng\u01b0\u1eddi d\u00f9ng d\u1ec5 d\u00e0ng \u0111\u0103ng nh\u1eadp v\u00e0o m\u00e0n h\u00ecnh ch\u00ednh ch\u1ec9 v\u1edbi m\u1ed9t thao t\u00e1c nh\u1ea5n \u0111\u01a1n gi\u1ea3n. B\u00ean d\u01b0\u1edbi b\u00e0n ph\u00edm l\u00e0 kh\u00f4ng gian c\u1ea3m \u1ee9ng Force Touch v\u1edbi \u0111\u1ed9 nh\u1ea1y cao v\u00e0 r\u1ea5t d\u1ec5 thao t\u00e1c.<\/p>\n<p><img decoding=\"async\" src=\"https:\/\/cdn2.fptshop.com.vn\/unsafe\/564x0\/filters:quality(80)\/Uploads\/images\/2015\/Tin-Tuc\/11\/4\/macbook-air-m2-13-inch-2022-8cpu-10gpu-16gb-256gb-a.jpg\" alt=\"MacBook Air M2 13 inch 2022 8CPU 10GPU\/16GB\/256GB 9\" \/><\/p>\n","protected":false},"excerpt":{"rendered":"<p>Thi\u1ebft k\u1ebf tinh x\u1ea3o v\u00e0 \u0111\u1ed9 m\u1ecfng \u0111\u1eb7c tr\u01b0ng MacBook Air M2 13 inch khoe v\u1ebb \u0111\u1eb9p mang t\u00ednh th\u01b0\u01a1ng hi\u1ec7u c\u1ee7a d\u00f2ng\u00a0Macbook Air\u00a0th\u00f4ng qua b\u1ed9 khung v\u1ecf kim lo\u1ea1i cao c\u1ea5p c\u00f3 \u0111\u1ed9 m\u1ecfng ch\u1ec9 1.13 cm \u1ea5n t\u01b0\u1ee3ng. V\u1edbi tr\u1ecdng l\u01b0\u1ee3ng t\u1ed5ng th\u1ec3 ch\u1ec9 1.24 kg, \u0111\u00e2y l\u00e0 thi\u1ebft b\u1ecb c\u01a1 \u0111\u1ed9ng h\u00e0ng&#8230;<\/p>\n","protected":false},"featured_media":2695,"comment_status":"open","ping_status":"closed","template":"","meta":{"rank_math_lock_modified_date":false},"product_cat":[385,389],"product_tag":[],"class_list":{"0":"post-2699","1":"product","2":"type-product","3":"status-publish","4":"has-post-thumbnail","6":"product_cat-macbook","7":"product_cat-sua-macbook","9":"first","10":"instock","11":"shipping-taxable","12":"purchasable","13":"product-type-simple"},"_links":{"self":[{"href":"http:\/\/fixmobile.vn\/index.php?rest_route=\/wp\/v2\/product\/2699","targetHints":{"allow":["GET"]}}],"collection":[{"href":"http:\/\/fixmobile.vn\/index.php?rest_route=\/wp\/v2\/product"}],"about":[{"href":"http:\/\/fixmobile.vn\/index.php?rest_route=\/wp\/v2\/types\/product"}],"replies":[{"embeddable":true,"href":"http:\/\/fixmobile.vn\/index.php?rest_route=%2Fwp%2Fv2%2Fcomments&post=2699"}],"wp:featuredmedia":[{"embeddable":true,"href":"http:\/\/fixmobile.vn\/index.php?rest_route=\/wp\/v2\/media\/2695"}],"wp:attachment":[{"href":"http:\/\/fixmobile.vn\/index.php?rest_route=%2Fwp%2Fv2%2Fmedia&parent=2699"}],"wp:term":[{"taxonomy":"product_cat","embeddable":true,"href":"http:\/\/fixmobile.vn\/index.php?rest_route=%2Fwp%2Fv2%2Fproduct_cat&post=2699"},{"taxonomy":"product_tag","embeddable":true,"href":"http:\/\/fixmobile.vn\/index.php?rest_route=%2Fwp%2Fv2%2Fproduct_tag&post=2699"}],"curies":[{"name":"wp","href":"https:\/\/api.w.org\/{rel}","templated":true}]}}