{"id":2696,"date":"2024-10-15T00:20:10","date_gmt":"2024-10-14T17:20:10","guid":{"rendered":"https:\/\/fixmobile.vn\/?post_type=product&#038;p=2696"},"modified":"2025-11-09T09:01:08","modified_gmt":"2025-11-09T02:01:08","slug":"macbook-air-m3-15-2024-8cpu-10gpu-16gb-512gb","status":"publish","type":"product","link":"http:\/\/fixmobile.vn\/?product=macbook-air-m3-15-2024-8cpu-10gpu-16gb-512gb","title":{"rendered":"Macbook Air M3 15 2024 8CPU 10GPU\/16GB\/512GB"},"content":{"rendered":"<h3><strong>M\u1ed7i s\u1ea3n ph\u1ea9m l\u00e0 m\u1ed9t tuy\u1ec7t t\u00e1c thi\u1ebft k\u1ebf<\/strong><\/h3>\n<p>MacBook Air M3 15 2024 d\u1ec5 d\u00e0ng l\u00f4i cu\u1ed1n \u00e1nh m\u1eaft c\u1ee7a b\u1ea5t c\u1ee9 ai ngay t\u1eeb \u00e1nh nh\u00ecn \u0111\u1ea7u ti\u00ean nh\u1edd c\u1ea5u tr\u00fac khung v\u1ecf c\u1ef1c m\u1ecfng v\u00e0 \u0111\u1ed9 ho\u00e0n thi\u1ec7n ch\u1ec9n chu \u0111\u1ebfn t\u1eebng chi ti\u1ebft nh\u1ecf. S\u1ea3n ph\u1ea9m c\u00f3 \u0111\u1ed9 d\u00e0y ch\u1ec9 1.13 cm r\u1ea5t \u1ea5n t\u01b0\u1ee3ng, tr\u1ecdng l\u01b0\u1ee3ng x\u1ea5p x\u1ec9 1,24 kg gi\u00fap ng\u01b0\u1eddi d\u00f9ng tho\u1ea3i m\u00e1i h\u01a1n m\u1ed7i khi mang theo thi\u1ebft b\u1ecb b\u00ean m\u00ecnh v\u00e0 x\u1ebfp \u0111\u1eb7t g\u1ecdn g\u00e0ng trong h\u00e0nh l\u00fd, balo, t\u00fai x\u00e1ch.<\/p>\n<p>B\u1ed9 khung v\u1ecf kim lo\u1ea1i c\u1ef1c sang c\u1ee7a MacBook Air M3 15 2024 \u0111\u01b0\u1ee3c s\u1ea3n xu\u1ea5t 50% t\u1eeb ch\u1ea5t li\u1ec7u t\u00e1i ch\u1ebf th\u00e2n thi\u1ec7n v\u1edbi m\u00f4i tr\u01b0\u1eddng. S\u1ea3n ph\u1ea9m mang t\u1edbi cho ng\u01b0\u1eddi d\u00f9ng t\u1edbi 4 l\u1ef1a ch\u1ecdn m\u00e0u s\u1eafc bao g\u1ed3m: V\u00e0ng \u00c1nh Sao, \u0110\u00eam Xanh Th\u1eb3m, X\u00e1m Kh\u00f4ng Gian v\u00e0 B\u1ea1c. \u0110i k\u00e8m thi\u1ebft b\u1ecb l\u00e0 b\u1ed9 c\u00e1p ch\u00ednh h\u00e3ng \u0111\u01b0\u1ee3c s\u1ea3n xu\u1ea5t c\u00f9ng tone m\u00e0u v\u1edbi m\u00e1y.<\/p>\n<p><img decoding=\"async\" src=\"https:\/\/cdn2.fptshop.com.vn\/unsafe\/564x0\/filters:quality(80)\/Uploads\/images\/2015\/Tin-Tuc\/10\/22\/macbook-air-m3-13-2024-8cpu-10gpu-8gb-512gb-2.jpg\" alt=\"MacBook Air M3 15 2024 8CPU 10GPU\/16GB\/512GB 2\" \/><\/p>\n<h3><strong>B\u01b0\u1edbc \u0111\u1ed9t ph\u00e1 s\u1ee9c m\u1ea1nh c\u1ee7a chip Apple M3<\/strong><\/h3>\n<p>B\u1ed9 vi x\u1eed l\u00fd M3 trao g\u1eedi ngu\u1ed3n s\u1ee9c m\u1ea1nh \u1ea5n t\u01b0\u1ee3ng \u0111\u1ec3 tho\u1ea3i m\u00e1i th\u1ef1c hi\u1ec7n c\u00e1c t\u00e1c v\u1ee5 n\u1eb7ng v\u00e0 \u0111\u00f2i h\u1ecfi cao v\u1ec1 hi\u1ec7u n\u0103ng \u0111\u1ed3 h\u1ecda d\u00f9 kh\u00f4ng c\u1ea7n \u0111\u1ebfn s\u1ef1 h\u1ed7 tr\u1ee3 c\u1ee7a qu\u1ea1t t\u1ea3n nhi\u1ec7t. Ch\u1ee7 nh\u00e2n c\u1ee7a MacBook Air M3 15 2024 s\u1ebd th\u1ecfa s\u1ee9c render video, ch\u1ec9nh s\u1eeda \u1ea3nh ch\u1ea5t l\u01b0\u1ee3ng cao v\u00e0 ch\u01a1i game m\u00e3n nh\u00e3n tr\u00ean th\u1ebf h\u1ec7\u00a0MacBook Air\u00a0m\u1edbi.<\/p>\n<p>B\u00ean trong b\u1ed9 vi x\u1eed l\u00fd M3, Apple \u0111\u00e3 t\u00edch h\u1ee3p s\u1eb5n c\u1ea5u tr\u00fac l\u00f5i Neural Engine nh\u1eb1m t\u1ed1i \u01b0u hi\u1ec7u su\u1ea5t c\u0169ng nh\u01b0 kh\u1ea3 n\u0103ng h\u1ed7 tr\u1ee3 cho c\u00e1c t\u00e1c v\u1ee5 h\u1ecdc m\u00e1y. L\u1ee3i th\u1ebf c\u1ee7a ti\u1ebfn tr\u00ecnh s\u1ea3n xu\u1ea5t th\u1ebf h\u1ec7 m\u1edbi gi\u00fap con chip c\u00f3 th\u1ec3 cung c\u1ea5p ngu\u1ed3n s\u1ee9c m\u1ea1nh \u0111\u00e1ng n\u1ec3 ch\u1ec9 v\u1edbi m\u1ee9c ti\u00eau th\u1ee5 n\u0103ng l\u01b0\u1ee3ng th\u1ea5p, t\u1eeb \u0111\u00f3 k\u00e9o d\u00e0i th\u1eddi l\u01b0\u1ee3ng pin gi\u1eefa m\u1ed7i l\u1ea7n s\u1ea1c cho MacBook Air M3 15 2024. \u01af\u1edbc t\u00ednh, s\u1ea3n ph\u1ea9m c\u00f3 th\u1ec3 ho\u1ea1t \u0111\u1ed9ng t\u1ed1i \u0111a 18 ti\u1ebfng li\u00ean t\u1ee5c sau khi s\u1ea1c \u0111\u1ea7y.<\/p>\n<p><img decoding=\"async\" src=\"https:\/\/cdn2.fptshop.com.vn\/unsafe\/564x0\/filters:quality(80)\/Uploads\/images\/2015\/Tin-Tuc\/10\/22\/macbook-air-m3-15-2024-8cpu-10gpu-8gb-256gb-1.jpg\" alt=\"MacBook Air M3 15 2024 8CPU 10GPU\/16GB\/512GB 3\" \/><\/p>\n<h3><strong>M\u00e0n h\u00ecnh Liquid Retina cao c\u1ea5p v\u00e0 chuy\u00ean nghi\u1ec7p<\/strong><\/h3>\n<p>V\u1edbi m\u00e0n h\u00ecnh Liquid Retina 15 inch, MacBook Air M3 2024 th\u1ec3 hi\u1ec7n n\u0103ng l\u1ef1c t\u00e1i hi\u1ec7n m\u00e0u s\u1eafc \u1ea5n t\u01b0\u1ee3ng v\u1edbi 1 t\u1ef7 gam m\u00e0u ch\u1ea5t l\u01b0\u1ee3ng cao, c\u00f3 th\u1ec3 di\u1ec5n \u0111\u1ea1t s\u1eafc n\u00e9t t\u1eebng chi ti\u1ebft trong khu\u00f4n h\u00ecnh, tr\u00ecnh di\u1ec5n nh\u1eefng th\u01b0\u1edbc phim\/h\u00ecnh \u1ea3nh \u1ea5n t\u01b0\u1ee3ng v\u00e0 th\u1ecfa m\u00e3n nhu c\u1ea7u chuy\u00ean nghi\u1ec7p c\u1ee7a gi\u1edbi thi\u1ebft k\u1ebf \u0111\u1ed3 h\u1ecda.<\/p>\n<p>M\u00e0n h\u00ecnh c\u1ee7a MacBook Air M3 15 2024 c\u00f3 \u0111\u1ed9 ph\u00e2n gi\u1ea3i cao c\u1ea5p \u0111\u00f4i so v\u1edbi c\u00e1c d\u00f2ng\u00a0laptop\u00a0c\u00f9ng t\u1ea7m gi\u00e1 tr\u00ean th\u1ecb tr\u01b0\u1eddng. Tr\u00ecnh di\u1ec5n \u0111\u1ed9 t\u01b0\u01a1ng ph\u1ea3n phong ph\u00fa, \u0111\u1ed3ng th\u1eddi th\u1ec3 hi\u1ec7n m\u1ecdi bi\u1ec3u \u0111\u1ed3, th\u00f4ng s\u1ed1, v\u0103n b\u1ea3n theo c\u00e1ch r\u00f5 r\u00e0ng v\u00e0 tr\u1ef1c quan nh\u1ea5t.<\/p>\n<p><img decoding=\"async\" src=\"https:\/\/cdn2.fptshop.com.vn\/unsafe\/564x0\/filters:quality(80)\/Uploads\/images\/2015\/Tin-Tuc\/10\/22\/macbook-air-m3-13-2024-8cpu-10gpu-8gb-512gb-5.jpg\" alt=\"MacBook Air M3 15 2024 8CPU 10GPU\/16GB\/512GB 5\" \/><\/p>\n<h3><strong>Nhi\u1ec1u ph\u01b0\u01a1ng th\u1ee9c k\u1ebft n\u1ed1i v\u00e0 t\u01b0\u01a1ng t\u00e1c<\/strong><\/h3>\n<p>Apple \u0111\u00e3 \u0111\u01b0a l\u00ean MacBook Air M3 15 2024 c\u01a1 ch\u1ebf s\u1ea1c t\u1eeb t\u00ednh MagSafe do h\u00e3ng ph\u00e1t tri\u1ec3n \u0111\u1ed9c quy\u1ec1n nh\u1eb1m mang l\u1ea1i tr\u1ea3i nghi\u1ec7m s\u1ea1c d\u1ec5 d\u00e0ng nh\u1ea5t cho ng\u01b0\u1eddi d\u00f9ng. Kh\u1ea3 n\u0103ng t\u1ef1 c\u1ed1 \u0111\u1ecbnh nh\u1edd l\u1ef1c h\u00fat nam ch\u00e2m kh\u00f4ng ch\u1ec9 t\u0103ng t\u00ednh ti\u1ec7n l\u1ee3i, \u0111\u1ed3ng th\u1eddi c\u00f2n gi\u1ea3m nguy c\u01a1 r\u01a1i r\u1edbt thi\u1ebft b\u1ecb khi b\u1ea5t c\u1ea9n v\u01b0\u1edbng ph\u1ea3i d\u00e2y c\u00e1p trong qu\u00e1 tr\u00ecnh s\u1ea1c pin cho m\u00e1y.<\/p>\n<p>MacBook Air M3 15 2024 c\u00f2n h\u1ed7 tr\u1ee3 ng\u01b0\u1eddi d\u00f9ng n\u1ea1p n\u0103ng l\u01b0\u1ee3ng qua hai c\u1ed5ng Thunderbolt ti\u1ec7n l\u1ee3i, \u0111i k\u00e8m \u0111\u00f3 l\u00e0 jack \u00e2m thanh 3.5 mm h\u1ed7 tr\u1ee3 c\u1ea3 c\u00e1c d\u00f2ng tai nghe tr\u1edf kh\u00e1ng cao. V\u1ec1 c\u00e1c ch\u1ebf \u0111\u1ed9 t\u01b0\u01a1ng t\u00e1c kh\u00f4ng d\u00e2y, MacBook Air 15 2024 \u1ee9ng d\u1ee5ng Wi-Fi 6E v\u1edbi t\u1ed1c \u0111\u1ed9 nhanh g\u1ea5p \u0111\u00f4i so v\u1edbi Wi-Fi 6, \u0111\u1ed3ng th\u1eddi cho th\u1ea5y \u0111\u1ed9 \u1ed5n \u0111\u1ecbnh c\u1ef1c cao trong qu\u00e1 tr\u00ecnh k\u1ebft n\u1ed1i, t\u01b0\u01a1ng t\u00e1c.<\/p>\n<p><img decoding=\"async\" src=\"https:\/\/cdn2.fptshop.com.vn\/unsafe\/564x0\/filters:quality(80)\/Uploads\/images\/2015\/Tin-Tuc\/10\/22\/macbook-air-m3-13-2024-8cpu-10gpu-16gb-512gb-3.jpg\" alt=\"MacBook Air M3 15 2024 8CPU 10GPU\/16GB\/512GB 10\" \/><\/p>\n<h3><strong>So\u1ea1n th\u1ea3o m\u01b0\u1ee3t m\u00e0, b\u1ea3o m\u1eadt t\u1ed1i \u0111a<\/strong><\/h3>\n<p>C\u1ea5u tr\u00fac b\u00e0n ph\u00edm Magic Keyboard c\u1ee7a MacBook Air M3 15 2024 \u0111\u01b0\u1ee3c c\u0103n ch\u1ec9nh nh\u1eb1m t\u1ed1i \u01b0u h\u00f3a tr\u1ea3i nghi\u1ec7m g\u00f5 ph\u00edm v\u00e0 so\u1ea1n th\u1ea3o v\u0103n b\u1ea3n cho ng\u01b0\u1eddi d\u00f9ng. Kh\u00f4ng ch\u1ec9 mang l\u1ea1i c\u1ea3m nh\u1eadn g\u00f5 t\u1ed1t nh\u1edd kho\u1ea3ng c\u00e1ch ph\u00edm v\u00e0 h\u00e0nh tr\u00ecnh ph\u00edm h\u1ee3p l\u00fd, Magic Keyboard c\u00f2n t\u1ea1o \u0111\u01b0\u1ee3c \u0111i\u1ec3m nh\u1ea5n v\u1ec1 th\u1ea9m m\u1ef9 nh\u1edd c\u1ea5u tr\u00fac \u0111\u00e8n n\u1ec1n \u1ea9n d\u01b0\u1edbi m\u1ed7i ph\u00edm b\u1ea5m.<\/p>\n<p>\u0110\u1eb7c bi\u1ec7t, Apple \u0111\u00e3 t\u00edch h\u1ee3p th\u00eam c\u1ea3m bi\u1ebfn v\u00e2n tay Touch ID \u1edf g\u00f3c nh\u1eb1m h\u1ed7 tr\u1ee3 ng\u01b0\u1eddi d\u00f9ng r\u00fat g\u1ecdn thao t\u00e1c g\u00f5 m\u1eadt kh\u1ea9u r\u01b0\u1eddm r\u00e0 khi m\u1edf m\u00e1y ho\u1eb7c \u0111\u0103ng nh\u1eadp v\u00e0o c\u00e1c website trong qu\u00e1 tr\u00ecnh duy\u1ec7t web.<\/p>\n<p><img decoding=\"async\" src=\"https:\/\/cdn2.fptshop.com.vn\/unsafe\/564x0\/filters:quality(80)\/Uploads\/images\/2015\/Tin-Tuc\/10\/22\/macbook-air-m3-15-2024-8cpu-10gpu-8gb-256gb-6.jpg\" alt=\"MacBook Air M3 15 2024 8CPU 10GPU\/16GB\/512GB 39\" \/><\/p>\n","protected":false},"excerpt":{"rendered":"<p>M\u1ed7i s\u1ea3n ph\u1ea9m l\u00e0 m\u1ed9t tuy\u1ec7t t\u00e1c thi\u1ebft k\u1ebf MacBook Air M3 15 2024 d\u1ec5 d\u00e0ng l\u00f4i cu\u1ed1n \u00e1nh m\u1eaft c\u1ee7a b\u1ea5t c\u1ee9 ai ngay t\u1eeb \u00e1nh nh\u00ecn \u0111\u1ea7u ti\u00ean nh\u1edd c\u1ea5u tr\u00fac khung v\u1ecf c\u1ef1c m\u1ecfng v\u00e0 \u0111\u1ed9 ho\u00e0n thi\u1ec7n ch\u1ec9n chu \u0111\u1ebfn t\u1eebng chi ti\u1ebft nh\u1ecf. S\u1ea3n ph\u1ea9m c\u00f3 \u0111\u1ed9 d\u00e0y ch\u1ec9 1.13&#8230;<\/p>\n","protected":false},"featured_media":2692,"comment_status":"open","ping_status":"closed","template":"","meta":{"rank_math_lock_modified_date":false},"product_cat":[385,389],"product_tag":[],"class_list":{"0":"post-2696","1":"product","2":"type-product","3":"status-publish","4":"has-post-thumbnail","6":"product_cat-macbook","7":"product_cat-sua-macbook","9":"first","10":"instock","11":"shipping-taxable","12":"purchasable","13":"product-type-simple"},"_links":{"self":[{"href":"http:\/\/fixmobile.vn\/index.php?rest_route=\/wp\/v2\/product\/2696","targetHints":{"allow":["GET"]}}],"collection":[{"href":"http:\/\/fixmobile.vn\/index.php?rest_route=\/wp\/v2\/product"}],"about":[{"href":"http:\/\/fixmobile.vn\/index.php?rest_route=\/wp\/v2\/types\/product"}],"replies":[{"embeddable":true,"href":"http:\/\/fixmobile.vn\/index.php?rest_route=%2Fwp%2Fv2%2Fcomments&post=2696"}],"wp:featuredmedia":[{"embeddable":true,"href":"http:\/\/fixmobile.vn\/index.php?rest_route=\/wp\/v2\/media\/2692"}],"wp:attachment":[{"href":"http:\/\/fixmobile.vn\/index.php?rest_route=%2Fwp%2Fv2%2Fmedia&parent=2696"}],"wp:term":[{"taxonomy":"product_cat","embeddable":true,"href":"http:\/\/fixmobile.vn\/index.php?rest_route=%2Fwp%2Fv2%2Fproduct_cat&post=2696"},{"taxonomy":"product_tag","embeddable":true,"href":"http:\/\/fixmobile.vn\/index.php?rest_route=%2Fwp%2Fv2%2Fproduct_tag&post=2696"}],"curies":[{"name":"wp","href":"https:\/\/api.w.org\/{rel}","templated":true}]}}