{"id":2690,"date":"2024-10-15T00:14:56","date_gmt":"2024-10-14T17:14:56","guid":{"rendered":"https:\/\/fixmobile.vn\/?post_type=product&#038;p=2690"},"modified":"2025-11-09T09:00:37","modified_gmt":"2025-11-09T02:00:37","slug":"macbook-air-m3-13-2024-8cpu-10gpu-16gb-256gb","status":"publish","type":"product","link":"http:\/\/fixmobile.vn\/?product=macbook-air-m3-13-2024-8cpu-10gpu-16gb-256gb","title":{"rendered":"Macbook Air M3 13 2024 8CPU 10GPU\/16GB\/256GB"},"content":{"rendered":"<div class=\"description-container overflow-hidden\">\n<h3><strong>Tinh t\u1ebf, thanh l\u1ecbch v\u00e0 c\u1ef1c k\u1ef3 c\u01a1 \u0111\u1ed9ng<\/strong><\/h3>\n<p>V\u1ec1 m\u1eb7t ki\u1ec3u d\u00e1ng, MacBook Air M3 13 2024 ph\u00e1t huy t\u1ed1i \u0111a th\u1ebf m\u1ea1nh v\u1ec1 thi\u1ebft k\u1ebf t\u1eebng gi\u00fap c\u00e1c th\u1ebf h\u1ec7\u00a0MacBook Air\u00a0l\u00e0m n\u00ean t\u00ean tu\u1ed5i. S\u1ea3n ph\u1ea9m kho\u00e1c l\u00ean b\u1ed9 khung v\u1ecf kim lo\u1ea1i sang tr\u1ecdng v\u1edbi \u0111\u1ed9 m\u1ecfng x\u1ea5p x\u1ec9 1.13 cm c\u00f9ng tr\u1ecdng l\u01b0\u1ee3ng th\u00e2n m\u00e1y 1.24 kg d\u1ec5 d\u00e0ng di chuy\u1ec3n.<\/p>\n<p>S\u1ea3n ph\u1ea9m c\u00f3 nh\u1eefng gam m\u00e0u tuy\u1ec7t \u0111\u1eb9p l\u00e0 \u0110en Xanh Th\u1eb3m, V\u00e0ng \u00c1nh Sao, X\u00e1m Kh\u00f4ng Gian v\u00e0 B\u1ea1c. Apple \u0111\u00e3 kh\u00e9o l\u00e9o \u1ee9ng d\u1ee5ng ch\u1ea5t li\u1ec7u nh\u00f4m t\u00e1i ch\u1ebf \u0111\u1ec3 ch\u1ebf t\u00e1c 50% c\u1ea5u tr\u00fac khung v\u1ecf c\u1ee7a MacBook Air M3 13 2024, \u0111\u1ea3m b\u1ea3o m\u1ed7i thi\u1ebft b\u1ecb t\u1edbi tay ng\u01b0\u1eddi d\u00f9ng \u0111\u1ec1u l\u00e0 m\u1ed9t s\u1ea3n ph\u1ea9m c\u00f3 \u0111\u1ed9 ho\u00e0n thi\u1ec7n cao, th\u00e2n thi\u1ec7n v\u1edbi m\u00f4i tr\u01b0\u1eddng m\u00e0 v\u1eabn to\u00e1t l\u00ean v\u1ebb sang tr\u1ecdng, \u0111\u1eb3ng c\u1ea5p, gi\u00fap ng\u01b0\u1eddi d\u00f9ng ghi \u0111i\u1ec3m trong m\u1eaft \u0111\u1ed3ng nghi\u1ec7p v\u00e0 \u0111\u1ed1i t\u00e1c trong c\u00e1c bu\u1ed5i h\u1ecdp.<\/p>\n<p><img decoding=\"async\" src=\"https:\/\/cdn2.fptshop.com.vn\/unsafe\/564x0\/filters:quality(80)\/Uploads\/images\/2015\/Tin-Tuc\/10\/22\/macbook-air-m3-13-2024-8cpu-10gpu-8gb-512gb-1.jpg\" alt=\"MacBook Air M3 13 2024 8CPU 10GPU\/16GB\/512GB 2\" \/><\/p>\n<h3><strong>Apple M3 m\u1ea1nh m\u1ebd v\u00e0 c\u1ef1c k\u1ef3 \u1ea5n t\u01b0\u1ee3ng<\/strong><\/h3>\n<p>V\u1edbi ki\u1ebfn tr\u00fac GPU th\u1ebf h\u1ec7 m\u1edbi, chip x\u1eed l\u00fd M3 mang t\u1edbi cho MacBook Air M3 13 2024 kh\u1ea3 n\u0103ng hi\u1ec3n th\u1ecb ch\u1ea5t l\u01b0\u1ee3ng \u0111\u1ed3 h\u1ecda c\u1ef1c \u0111\u1eb9p. T\u00ednh n\u0103ng Dynamic Caching k\u1ebft h\u1ee3p c\u00f9ng c\u01a1 ch\u1ebf d\u00f2 tia t\u1ed1c \u0111\u1ed9 cao qua ph\u1ea7n c\u1ee9ng gi\u00fap t\u0103ng c\u01b0\u1eddng hi\u1ec7u su\u1ea5t v\u1edbi nh\u1eefng \u1ee9ng d\u1ee5ng \u0111\u1ed3 h\u1ecda chuy\u00ean d\u1ee5ng, \u0111\u1ed3ng th\u1eddi t\u1ed1i \u01b0u tr\u1ea3i nghi\u1ec7m game.<\/p>\n<p>Nh\u1edd chip M3 m\u1ea1nh m\u1ebd, MacBook Air M3 13 2024 th\u1ec3 hi\u1ec7n hi\u1ec7u n\u0103ng v\u01b0\u1ee3t tr\u1ed9i g\u1ea5p hai l\u1ea7n so v\u1edbi c\u00e1c d\u00f2ng\u00a0laptop\u00a0ch\u1ea1y chip Intel Core i7, s\u1ea3n ph\u1ea9m th\u1ec3 hi\u1ec7n t\u1ed1c \u0111\u1ed9 duy\u1ec7t web nhanh h\u01a1n 50% v\u00e0 k\u00e9o d\u00e0i th\u1eddi l\u01b0\u1ee3ng tr\u1ea3i nghi\u1ec7m gi\u1eefa m\u1ed7i l\u1ea7n s\u1ea1c h\u01a1n 40%.<\/p>\n<p><img decoding=\"async\" src=\"https:\/\/cdn2.fptshop.com.vn\/unsafe\/564x0\/filters:quality(80)\/Uploads\/images\/2015\/Tin-Tuc\/10\/22\/macbook-air-m3-13-2024-8cpu-10gpu-16gb-512gb-6.jpg\" alt=\"MacBook Air M3 13 2024 8CPU 10GPU\/16GB\/512GB 3\" \/><\/p>\n<h3><strong>Ng\u1eafm nh\u00ecn m\u00e0n h\u00ecnh cao c\u1ea5p v\u00e0 trung th\u1ef1c nh\u1ea5t<\/strong><\/h3>\n<p>MacBook Air M3 13 2024 c\u00f3 m\u00e0n h\u00ecnh Liquid Retina \u0111\u1eb9p m\u1ed9t c\u00e1ch \u1ea5n t\u01b0\u1ee3ng. Kh\u00f4ng hi\u1ec3n th\u1ecb c\u1ee7a s\u1ea3n ph\u1ea9m di\u1ec5n \u0111\u1ea1t \u0111\u01b0\u1ee3c t\u1edbi 1 t\u1ef7 gam m\u00e0u. D\u1ea3i m\u00e0u r\u1ed9ng P3 gi\u00fap ng\u01b0\u1eddi d\u00f9ng s\u1ea3n ph\u1ea9m d\u1ec5 d\u00e0ng quan s\u00e1t v\u00e0 ch\u1ec9nh s\u1eeda video theo c\u00e1ch chuy\u00ean nghi\u1ec7p t\u1ed1i \u0111a.<\/p>\n<p>Th\u00eam v\u00e0o \u0111\u00f3, c\u00f4ng ngh\u1ec7 True Tone t\u1ef1 \u0111\u1ed9ng \u0111o \u0111\u1ea1c c\u01b0\u1eddng \u0111\u1ed9 \u00e1nh s\u00e1ng t\u1eeb m\u00f4i tr\u01b0\u1eddng \u0111\u1ec3 tinh ch\u1ec9nh \u0111\u1ed9 \u1ea5m c\u1ee7a m\u00e0n h\u00ecnh, mang t\u1edbi tr\u1ea3i nghi\u1ec7m nh\u00ecn ng\u1eafm ch\u00e2n th\u1eadt v\u00e0 t\u1ef1 nhi\u00ean nh\u1ea5t. \u0110\u1ed9 s\u00e1ng 500 nit c\u1ee7a kh\u00f4ng gian hi\u1ec3n th\u1ecb gi\u00fap ng\u01b0\u1eddi d\u00f9ng l\u00e0m vi\u1ec7c tho\u1ea3i m\u00e1i trong c\u00e1c \u0111i\u1ec1u ki\u1ec7n \u00e1nh s\u00e1ng kh\u00e1c bi\u1ec7t.<\/p>\n<p><img decoding=\"async\" src=\"https:\/\/cdn2.fptshop.com.vn\/unsafe\/564x0\/filters:quality(80)\/Uploads\/images\/2015\/Tin-Tuc\/10\/22\/macbook-air-m3-2.jpg\" alt=\"MacBook Air M3 13 2024 8CPU 10GPU\/16GB\/512GB 5\" \/><\/p>\n<h3><strong>Camera FaceTime HD v\u00e0 \u00e2m thanh Dolby Atmos<\/strong><\/h3>\n<p>S\u1ea3n ph\u1ea9m s\u1ebd mang \u0111\u1ebfn s\u1ef1 h\u1ed7 tr\u1ee3 tuy\u1ec7t v\u1eddi trong qu\u00e1 tr\u00ecnh video call khi s\u1edf h\u1eefu camera FaceTime HD 1080p k\u1ebft h\u1ee3p c\u00f9ng b\u1ed9 ba micro ph\u1ed1i h\u1ee3p thu \u00e2m qua thu\u1eadt to\u00e1n \u0111i\u1ec1u h\u01b0\u1edbng ch\u00f9m tia cao c\u1ea5p nh\u1eb1m t\u1ed1i \u01b0u ch\u1ea5t l\u01b0\u1ee3ng thu \u00e2m khi g\u1ecdi \u0111i\u1ec7n v\u00e0 FaceTime.<\/p>\n<p>H\u1ec7 th\u1ed1ng loa c\u1ee7a MacBook Air M3 13 2024 \u0111\u01b0\u1ee3c h\u1ed7 tr\u1ee3 ch\u1ebf \u0111\u1ed9 \u00c2m Thanh Kh\u00f4ng Gian v\u1edbi c\u00f4ng ngh\u1ec7 Dolby Atmos, kh\u00f4ng ch\u1ec9 mang l\u1ea1i c\u1ea3m nh\u1eadn r\u00f5 n\u00e9t khi \u0111\u00e0m tho\u1ea1i m\u00e0 c\u00f2n gi\u00fap ng\u01b0\u1eddi d\u00f9ng t\u1eadn h\u01b0\u1edfng kh\u00f4ng gian \u00e2m nh\u1ea1c v\u00e0 gi\u1ea3i tr\u00ed c\u1ef1c k\u1ef3 \u0111\u00e3 tai.<\/p>\n<p><img decoding=\"async\" src=\"https:\/\/cdn2.fptshop.com.vn\/unsafe\/564x0\/filters:quality(80)\/Uploads\/images\/2015\/Tin-Tuc\/10\/22\/macbook-air-m3-15-2024-8cpu-10gpu-8gb-256gb-7.jpg\" alt=\"MacBook Air M3 13 2024 8CPU 10GPU\/16GB\/512GB 8\" \/><\/p>\n<h3><strong>S\u1ea1c MagSafe \u0111\u1ed9c quy\u1ec1n, c\u1ed5ng k\u1ebft n\u1ed1i \u0111a n\u0103ng<\/strong><\/h3>\n<p>Apple trang b\u1ecb cho MacBook Air M3 13 2024 c\u1ed5ng MagSafe nam ch\u00e2m \u0111\u1ec3 k\u1ebft n\u1ed1i v\u00e0 r\u00fat ra d\u1ec5 d\u00e0ng th\u00f4ng qua c\u01a1 ch\u1ebf t\u01b0\u01a1ng t\u00e1c t\u1eeb t\u00ednh, tr\u00e1nh hi\u1ec7n t\u01b0\u1ee3ng v\u01b0\u1edbng d\u00e2y v\u00e0 r\u01a1i v\u1ee1 khi \u0111ang s\u1ea1c thi\u1ebft b\u1ecb. Th\u00eam v\u00e0o \u0111\u00f3, hai c\u1ed5ng Thunderbolt cho ph\u00e9p ng\u01b0\u1eddi d\u00f9ng k\u1ebft n\u1ed1i ph\u1ee5 ki\u1ec7n t\u1ed1c \u0111\u1ed9 cao cho thi\u1ebft b\u1ecb.<\/p>\n<p>So v\u1edbi phi\u00ean b\u1ea3n tr\u01b0\u1edbc, MacBook Air M3 13 2024 \u0111\u01b0\u1ee3c n\u00e2ng c\u1ea5p v\u1ec1 c\u00f4ng ngh\u1ec7 k\u1ebft n\u1ed1i kh\u00f4ng d\u00e2y khi s\u1eed d\u1ee5ng Wi-Fi 6E v\u1edbi th\u00f4ng l\u01b0\u1ee3ng nhanh h\u01a1n g\u1ea5p \u0111\u00f4i so v\u1edbi Wi-Fi 6. Ngo\u00e0i ra, Bluetooth 5.3 c\u0169ng \u0111\u1ea3m b\u1ea3o c\u01a1 ch\u1ebf truy\u1ec1n t\u1ea3i v\u00e0 \u0111\u1ed3ng b\u1ed9 d\u1eef li\u1ec7u th\u00f4ng tin lu\u00f4n \u1ed5n \u0111\u1ecbnh, nhanh nh\u1ea1y \u1edf kho\u1ea3ng c\u00e1ch xa.<\/p>\n<p><img decoding=\"async\" src=\"https:\/\/cdn2.fptshop.com.vn\/unsafe\/564x0\/filters:quality(80)\/Uploads\/images\/2015\/Tin-Tuc\/10\/22\/macbook-air-m3-13-2024-8cpu-10gpu-16gb-512gb-3.jpg\" alt=\"MacBook Air M3 13 2024 8CPU 10GPU\/16GB\/512GB 10\" \/><\/p>\n<h3><strong>B\u00e0n ph\u00edm Magic Keyboard v\u1edbi b\u1ea3o m\u1eadt Touch ID<\/strong><\/h3>\n<p>H\u1ec7 th\u1ed1ng b\u00e0n ph\u00edm Magic Keyboard tr\u00ean MacBook Air M3 13 2024 mang l\u1ea1i c\u1ea3m gi\u00e1c g\u00f5 t\u0129nh l\u1eb7ng, \u00eam \u00e1i v\u00e0 tho\u1ea3i m\u00e1i t\u1ed1i \u0111a trong qu\u00e1 tr\u00ecnh so\u1ea1n th\u1ea3o v\u0103n b\u1ea3n. \u0110\u00e2y l\u00e0 y\u1ebfu t\u1ed1 \u0111\u1ea3m b\u1ea3o t\u00ednh chuy\u00ean nghi\u1ec7p khi ch\u00fang ta l\u00e0m vi\u1ec7c trong nh\u1eefng m\u00f4i tr\u01b0\u1eddng c\u00f4ng s\u1edf, v\u0103n ph\u00f2ng v\u00e0 n\u01a1i \u0111\u00f4ng ng\u01b0\u1eddi. \u0110\u00e8n n\u1ec1n b\u00e0n ph\u00edm t\u1ea1o \u0111i\u1ec1u ki\u1ec7n \u0111\u1ec3 ng\u01b0\u1eddi d\u00f9ng nh\u00ecn r\u00f5 v\u00e0 g\u00f5 d\u1ec5 d\u00e0ng trong \u0111\u00eam.<\/p>\n<p>Tr\u00ean h\u00e0ng ph\u00edm ch\u1ee9c n\u0103ng v\u1edbi chi\u1ec1u cao ti\u00eau chu\u1ea9n l\u00e0 ph\u00edm Touch ID, cho ph\u00e9p \u1edf kh\u00f3a m\u00e1y Mac trong ch\u1edbp m\u1eaft khi \u0111\u0103ng nh\u1eadp v\u00e0o m\u00e0n h\u00ecnh ch\u00ednh v\u00e0 c\u00e1c website \u0111\u00f2i h\u1ecfi c\u01a1 ch\u1ebf b\u1ea3o m\u1eadt.<\/p>\n<p><img decoding=\"async\" src=\"https:\/\/cdn2.fptshop.com.vn\/unsafe\/564x0\/filters:quality(80)\/Uploads\/images\/2015\/Tin-Tuc\/10\/22\/macbook-air-m3-7.jpg\" alt=\"MacBook Air M3 13 2024 8CPU 10GPU\/16GB\/512GB 16\" \/><\/p>\n<\/div>\n<div class=\"flex justify-center\"><button class=\"Button_root__LQsbl Button_btnSmall__aXxTy Button_whiteSecondary__RDYi_ mt-1 px-7\">R\u00fat g\u1ecdn<\/button><\/div>\n","protected":false},"excerpt":{"rendered":"<p>Tinh t\u1ebf, thanh l\u1ecbch v\u00e0 c\u1ef1c k\u1ef3 c\u01a1 \u0111\u1ed9ng V\u1ec1 m\u1eb7t ki\u1ec3u d\u00e1ng, MacBook Air M3 13 2024 ph\u00e1t huy t\u1ed1i \u0111a th\u1ebf m\u1ea1nh v\u1ec1 thi\u1ebft k\u1ebf t\u1eebng gi\u00fap c\u00e1c th\u1ebf h\u1ec7\u00a0MacBook Air\u00a0l\u00e0m n\u00ean t\u00ean tu\u1ed5i. S\u1ea3n ph\u1ea9m kho\u00e1c l\u00ean b\u1ed9 khung v\u1ecf kim lo\u1ea1i sang tr\u1ecdng v\u1edbi \u0111\u1ed9 m\u1ecfng x\u1ea5p x\u1ec9 1.13 cm c\u00f9ng&#8230;<\/p>\n","protected":false},"featured_media":2692,"comment_status":"open","ping_status":"closed","template":"","meta":{"rank_math_lock_modified_date":false},"product_cat":[385,389],"product_tag":[],"class_list":{"0":"post-2690","1":"product","2":"type-product","3":"status-publish","4":"has-post-thumbnail","6":"product_cat-macbook","7":"product_cat-sua-macbook","9":"first","10":"instock","11":"shipping-taxable","12":"purchasable","13":"product-type-simple"},"_links":{"self":[{"href":"http:\/\/fixmobile.vn\/index.php?rest_route=\/wp\/v2\/product\/2690","targetHints":{"allow":["GET"]}}],"collection":[{"href":"http:\/\/fixmobile.vn\/index.php?rest_route=\/wp\/v2\/product"}],"about":[{"href":"http:\/\/fixmobile.vn\/index.php?rest_route=\/wp\/v2\/types\/product"}],"replies":[{"embeddable":true,"href":"http:\/\/fixmobile.vn\/index.php?rest_route=%2Fwp%2Fv2%2Fcomments&post=2690"}],"wp:featuredmedia":[{"embeddable":true,"href":"http:\/\/fixmobile.vn\/index.php?rest_route=\/wp\/v2\/media\/2692"}],"wp:attachment":[{"href":"http:\/\/fixmobile.vn\/index.php?rest_route=%2Fwp%2Fv2%2Fmedia&parent=2690"}],"wp:term":[{"taxonomy":"product_cat","embeddable":true,"href":"http:\/\/fixmobile.vn\/index.php?rest_route=%2Fwp%2Fv2%2Fproduct_cat&post=2690"},{"taxonomy":"product_tag","embeddable":true,"href":"http:\/\/fixmobile.vn\/index.php?rest_route=%2Fwp%2Fv2%2Fproduct_tag&post=2690"}],"curies":[{"name":"wp","href":"https:\/\/api.w.org\/{rel}","templated":true}]}}