{"id":2681,"date":"2024-10-14T23:44:25","date_gmt":"2024-10-14T16:44:25","guid":{"rendered":"https:\/\/fixmobile.vn\/?post_type=product&#038;p=2681"},"modified":"2025-11-09T08:52:35","modified_gmt":"2025-11-09T01:52:35","slug":"ipad-pro-12-9-2022-m2-wifi-5g-128gb","status":"publish","type":"product","link":"http:\/\/fixmobile.vn\/?product=ipad-pro-12-9-2022-m2-wifi-5g-128gb","title":{"rendered":"iPad Pro 12.9 2022 M2 WiFi 5G 128GB"},"content":{"rendered":"<div class=\"description-container overflow-hidden\">\n<h3><b>Chip x\u1eed l\u00fd M2 &#8211; \u0110\u1ec9nh cao c\u1ee7a s\u1ee9c m\u1ea1nh<\/b><\/h3>\n<p>iPad Pro 12.9 2022 \u0111\u01b0\u1ee3c trang b\u1ecb chip x\u1eed l\u00fd M2 \u0111\u00ecnh \u0111\u00e1m t\u1eeb Apple, v\u1edbi 8 nh\u00e2n CPU nhanh h\u01a1n 15%, 10 nh\u00e2n GPU v\u01b0\u1ee3t tr\u1ed9i 35%, l\u00f5i Neural Engine c\u1ea3i ti\u1ebfn 40% t\u1ed1c \u0111\u1ed9 v\u00e0 b\u0103ng th\u00f4ng b\u1ed9 nh\u1edb n\u00e2ng c\u1ea5p 50%, con chip n\u00e0y gi\u00fap iPad Pro 2022 5G 12.9 \u0111\u1ea1t \u0111\u1ebfn s\u1ef1 th\u0103ng hoa \u0111\u00e1ng kinh ng\u1ea1c v\u1ec1 hi\u1ec7u su\u1ea5t. B\u1ea1n s\u1ebd d\u1ec5 d\u00e0ng tr\u1ea3i nghi\u1ec7m c\u00e1c \u1ee9ng d\u1ee5ng AR ph\u1ee9c t\u1ea1p v\u00e0 ch\u01a1i nh\u1eefng t\u1ef1a game c\u00f3 m\u1ee9c \u0111\u1ed3 h\u1ecda n\u1eb7ng nh\u1ea5t th\u1ecb tr\u01b0\u1eddng tr\u00ean s\u1ea3n ph\u1ea9m n\u00e0y.<\/p>\n<p><img decoding=\"async\" src=\"https:\/\/cdn2.fptshop.com.vn\/unsafe\/564x0\/filters:quality(80)\/Uploads\/images\/2015\/Tin-Tuc\/DuyLe\/thang11\/ipad-pro-12-9-2022-m2-wi-fi-5g-8.jpg\" alt=\"Video call xu\u1ea5t s\u1eafc, gi\u1eef b\u1ea1n \u1edf ti\u00eau \u0111i\u1ec3m khung h\u00ecnh\" \/><\/p>\n<h3><b>Thi\u1ebft b\u1ecb trong m\u01a1 d\u00e0nh cho gi\u1edbi s\u00e1ng t\u1ea1o<\/b><\/h3>\n<p>Ch\u1eb3ng c\u1ea7n \u0111\u1ebfn s\u1ef1 h\u1ed7 tr\u1ee3 c\u1ee7a nh\u1eefng laptop c\u1ed3ng k\u1ec1nh, iPad Pro M2 12.9 inch 5G s\u1ebd gi\u00fap gi\u1edbi s\u00e1ng t\u1ea1o l\u00e0m vi\u1ec7c linh ho\u1ea1t m\u00e0 v\u1eabn hi\u1ec7u qu\u1ea3 ch\u1ec9 v\u1edbi m\u1ed9t chi\u1ebfc tablet c\u01a1 \u0111\u1ed9ng. C\u1ed9i ngu\u1ed3n s\u1ee9c m\u1ea1nh t\u1eeb chip M2 gi\u00fap t\u1ed1i \u01b0u t\u1ed1c \u0111\u1ed9 m\u00e3 h\u00f3a v\u00e0 gi\u1ea3i m\u00e3 \u0111\u1ecbnh d\u1ea1ng ProRes nhanh g\u1ea5p 3 l\u1ea7n tr\u01b0\u1edbc \u0111\u00e2y. N\u1ebfu b\u1ea1n mu\u1ed1n quay video tr\u1ef1c ti\u1ebfp b\u1eb1ng iPad Pro, h\u1ec7 th\u1ed1ng 5 micro v\u00e0 4 loa Dolby Atmos ph\u00e2n b\u1ed5 kh\u1eafp th\u00e2n m\u00e1y s\u1ebd mang l\u1ea1i tr\u1ea3i nghi\u1ec7m nh\u01b0 th\u1ef1c hi\u1ec7n b\u1edfi studio chuy\u00ean nghi\u1ec7p.<\/p>\n<p><img decoding=\"async\" src=\"https:\/\/cdn2.fptshop.com.vn\/unsafe\/564x0\/filters:quality(80)\/Uploads\/images\/2015\/Tin-Tuc\/DuyLe\/thang11\/ipad-pro-12-9-2022-m2-wi-fi-5g-5.jpg\" alt=\"Chip x\u1eed l\u00fd M2 - \u0110\u1ec9nh cao c\u1ee7a s\u1ee9c m\u1ea1nh\" \/><\/p>\n<h3><b>M\u00e0n h\u00ecnh Liquid Retina XDR r\u1ef1c r\u1ee1, ch\u00e2n th\u1ef1c<\/b><\/h3>\n<p>B\u1ea1n s\u1ebd kh\u00f4ng t\u00ecm th\u1ea5y chi\u1ebfc tablet n\u00e0o kh\u00e1c c\u00f3 m\u00e0n h\u00ecnh xu\u1ea5t s\u1eafc nh\u01b0 iPad Pro 12.9 M2 5G. Kh\u00f4ng gian hi\u1ec3n th\u1ecb r\u1ed9ng l\u1edbn \u0111\u01b0\u1ee3c x\u00e2y d\u1ef1ng t\u1eeb c\u00f4ng ngh\u1ec7 mini-LED s\u1ebd t\u00e1i hi\u1ec7n c\u00e1c th\u01b0\u1edbc phim, khu\u00f4n h\u00ecnh s\u1ed1ng \u0111\u1ed9ng v\u1edbi \u0111\u1ed9 t\u01b0\u01a1ng ph\u1ea3n l\u00ean \u0111\u1ebfn 1.000.000:1, c\u1ef1c k\u1ef3 tuy\u1ec7t v\u1eddi \u0111\u1ec3 t\u1eadn h\u01b0\u1edfng c\u00e1c n\u1ed9i dung gi\u1ea3i tr\u00ed v\u00e0 xem video HDR. \u0110\u1ed9 s\u00e1ng t\u1ed1i \u0111a \u0111\u1ea9y l\u00ean ng\u01b0\u1ee1ng 1.600 nits v\u00e0 c\u00e1c c\u00f4ng ngh\u1ec7 h\u00e0ng \u0111\u1ea7u nh\u01b0 d\u1ea3i m\u00e0u r\u1ed9ng P3, True Tone v\u00e0 ProMotion l\u00e0 ch\u00eca kh\u00f3a \u0111\u1ec3 b\u1ea1n t\u1eadn h\u01b0\u1edfng m\u1ecdi s\u1eafc th\u00e1i \u1ea5n t\u01b0\u1ee3ng nh\u1ea5t tr\u00ean iPad Pro.<\/p>\n<p><img decoding=\"async\" src=\"https:\/\/cdn2.fptshop.com.vn\/unsafe\/564x0\/filters:quality(80)\/Uploads\/images\/2015\/Tin-Tuc\/DuyLe\/thang11\/ipad-pro-12-9-2022-m2-wi-fi-5g-6.jpg\" alt=\"Thi\u1ebft b\u1ecb trong m\u01a1 d\u00e0nh cho gi\u1edbi s\u00e1ng t\u1ea1o\" \/><\/p>\n<h3><b>Khai ph\u00e1 m\u1ecdi ti\u1ec1m n\u0103ng \u1ea9n ch\u1ee9a c\u00f9ng iPadOS<\/b><\/h3>\n<p>N\u1ec1n t\u1ea3ng iPadOS s\u1ebd l\u00e0 ch\u00eca kh\u00f3a \u0111\u1ec3 b\u1ea1n l\u00e0m vi\u1ec7c hi\u1ec7u qu\u1ea3 t\u1ed1i \u0111a v\u00e0 ph\u00e1t huy to\u00e0n b\u1ed9 ti\u1ec1m n\u0103ng \u1ea9n ch\u1ee9a c\u1ee7a chip M2 v\u00e0 m\u00e0n h\u00ecnh 12.9 inch kh\u1ed5ng l\u1ed3. H\u1ec7 \u0111i\u1ec1u h\u00e0nh n\u00e0y \u0111\u00e3 \u0111\u01b0\u1ee3c Apple t\u1ed1i \u01b0u h\u00f3a gi\u00fap v\u1eadn h\u00e0nh m\u01b0\u1ee3t m\u00e0 m\u1ecdi c\u00f4ng c\u1ee5 b\u1ea1n c\u1ea7n thi\u1ebft trong qu\u00e1 tr\u00ecnh l\u00e0m vi\u1ec7c, \u0111\u1ed3ng th\u1eddi cho ph\u00e9p kh\u1edfi ch\u1ea1y song song \u0111a t\u00e1c v\u1ee5 c\u1ef1c k\u1ef3 hi\u1ec7u qu\u1ea3. \u0110a nhi\u1ec7m h\u01a1n, chuy\u00ean nghi\u1ec7p h\u01a1n v\u00e0 m\u1edf ra m\u1ecdi ti\u1ec1m n\u0103ng s\u00e1ng t\u1ea1o c\u00f9ng iPad Pro M2 2022 5G.<\/p>\n<p><img decoding=\"async\" src=\"https:\/\/cdn2.fptshop.com.vn\/unsafe\/564x0\/filters:quality(80)\/Uploads\/images\/2015\/Tin-Tuc\/DuyLe\/thang11\/ipad-pro-12-9-2022-m2-wi-fi-5g-e.jpg\" alt=\"M\u00e0n h\u00ecnh Liquid Retina XR r\u1ef1c r\u1ee1, ch\u00e2n th\u1ef1c\" \/><\/p>\n<h3><b>Video call xu\u1ea5t s\u1eafc, gi\u1eef b\u1ea1n \u1edf ti\u00eau \u0111i\u1ec3m khung h\u00ecnh<\/b><\/h3>\n<p>V\u1edbi camera 12MP g\u00f3c ch\u1ee5p si\u00eau r\u1ed9ng 122 \u0111\u1ed9 tr\u00ean m\u1eb7t tr\u01b0\u1edbc, iPad Pro M2 12.9 inch 5G c\u00f3 th\u1ec3 b\u1eaft \u0111\u01b0\u1ee3c nh\u1eefng khung h\u00ecnh c\u1ee7a b\u1ea1n v\u00e0 nhi\u1ec1u ng\u01b0\u1eddi xung quanh trong khi g\u1ecdi video call, selfie ho\u1eb7c livestream, h\u1ecdc h\u00e0nh, h\u1ecdc t\u1eadp tr\u1ef1c tuy\u1ebfn. \u0110\u1eb7c bi\u1ec7t, t\u00e1c v\u1ee5\u00a0<i>M\u00e0n H\u00ecnh Trung T\u00e2m<\/i>\u00a0s\u1ebd t\u1ef1 t\u1eadp trung khung h\u00ecnh v\u00e0 ghi \u00e2m gi\u1ecdng c\u1ee7a ng\u01b0\u1eddi \u0111ang n\u00f3i, qu\u00e1 tr\u00ecnh chuy\u1ec3n \u0111\u1ed5i g\u00f3c nh\u00ecn di\u1ec5n ra r\u1ea5t m\u01b0\u1ee3t, kh\u00f4ng h\u1ec1 gi\u1eadt hay c\u00f3 \u0111\u1ed9 kh\u1ef1ng n\u00e0o.<\/p>\n<p><img decoding=\"async\" src=\"https:\/\/cdn2.fptshop.com.vn\/unsafe\/564x0\/filters:quality(80)\/Uploads\/images\/2015\/Tin-Tuc\/DuyLe\/thang11\/ipad-pro-12-9-2022-m2-wi-fi-5g-g.jpg\" alt=\"Ch\u1ee5p \u1ea3nh v\u00e0 quay phim \u0111\u1ec1u ho\u00e0n h\u1ea3o\" \/><\/p>\n<h3><b>Ch\u1ee5p \u1ea3nh v\u00e0 quay phim \u0111\u1ec1u ho\u00e0n h\u1ea3o<\/b><\/h3>\n<p>iPad Pro 2022 12.9 inch 5G h\u1ed9i t\u1ee5 nh\u1eefng c\u00f4ng ngh\u1ec7 quay ch\u1ee5p h\u00e0ng \u0111\u1ea7u t\u1eeb Apple. S\u1ea3n ph\u1ea9m s\u1edf h\u1eefu camera ch\u00ednh 12MP k\u1ebft h\u1ee3p v\u1edbi camera 10MP g\u00f3c si\u00eau r\u1ed9ng v\u00e0 c\u1ea3m bi\u1ebfn LiDAR trong module tr\u00ean m\u1eb7t l\u01b0ng. B\u1ea1n c\u00f3 th\u1ec3 quay video v\u1edbi \u0111\u1ecbnh d\u1ea1ng n\u00e9n ProRes cho ch\u1ea5t l\u01b0\u1ee3ng cao nh\u1ea5t, s\u1eed d\u1ee5ng thi\u1ebft b\u1ecb nh\u01b0 m\u1ed9t studio video c\u01a1 \u0111\u1ed9ng v\u00e0 ho\u00e0n ch\u1ec9nh. B\u1ed9 x\u1eed l\u00fd t\u00edn hi\u1ec7u h\u00ecnh \u1ea3nh ISP trong chip M2 c\u0169ng l\u00e0 b\u00ed quy\u1ebft t\u1ea1o n\u00ean nh\u1eefng th\u01b0\u1edbc phim, khu\u00f4n h\u00ecnh tuy\u1ec7t v\u1eddi.<\/p>\n<p><img decoding=\"async\" src=\"https:\/\/cdn2.fptshop.com.vn\/unsafe\/564x0\/filters:quality(80)\/Uploads\/images\/2015\/Tin-Tuc\/DuyLe\/thang11\/ipad-pro-12-9-2022-m2-wi-fi-5g-f.jpg\" alt=\"Ti\u1ec1m n\u0103ng l\u00e0m vi\u1ec7c v\u00f4 h\u1ea1n v\u1edbi b\u00e0n ph\u00edm v\u00e0 b\u00fat c\u1ea3m \u1ee9ng\" \/><\/p>\n<h3><b>Wi-Fi 6E v\u00e0 k\u1ebft n\u1ed1i 5G: Si\u00eau t\u1ed1c, \u1ed5n \u0111\u1ecbnh, hi\u1ec7u qu\u1ea3<\/b><\/h3>\n<p>Apple cho bi\u1ebft t\u1ed1c \u0111\u1ed9 t\u01b0\u01a1ng t\u00e1c, truy\u1ec1n t\u1ea3i d\u1eef li\u1ec7u c\u1ee7a iPad Pro M2 12.9 inch 2022 5G l\u00e0 g\u1ea5p \u0111\u00f4i th\u1ebf h\u1ec7 tr\u01b0\u1edbc v\u00e0 nhanh nh\u1ea5t trong l\u1ecbch s\u1eed d\u00f2ng\u00a0<a href=\"https:\/\/fptshop.com.vn\/may-tinh-bang\/apple-ipad\" target=\"_blank\" rel=\"noopener\">iPad<\/a>. Ngo\u00e0i vi\u1ec7c k\u1ebf th\u1eeba c\u00f4ng ngh\u1ec7 5G t\u1eeb phi\u00ean b\u1ea3n ch\u1ea1y chip M1, iPad Pro M2 gi\u1edd \u0111\u00e2y c\u00f2n c\u00f3 Wi-Fi 6E, cho t\u1ed1c \u0111\u1ed9 t\u1ea3i v\u1ec1 v\u00e0 upload c\u00e1c t\u1ec7p d\u1eef li\u1ec7u l\u1edbn c\u1ef1c nhanh, \u0111\u1ea3m b\u1ea3o s\u1ebd khi\u1ebfn b\u1ea1n h\u00e0i l\u00f2ng.<\/p>\n<p><img decoding=\"async\" src=\"https:\/\/cdn2.fptshop.com.vn\/unsafe\/564x0\/filters:quality(80)\/Uploads\/images\/2015\/Tin-Tuc\/DuyLe\/thang11\/ipad-pro-12-9-2022-m2-wi-fi-5g-3.jpg\" alt=\"Ch\u1ee5p \u1ea3nh v\u00e0 quay phim \u0111\u1ec1u ho\u00e0n h\u1ea3o 123\" \/><\/p>\n<h3><b>Ti\u1ec1m n\u0103ng l\u00e0m vi\u1ec7c v\u00f4 h\u1ea1n v\u1edbi b\u00e0n ph\u00edm v\u00e0 b\u00fat c\u1ea3m \u1ee9ng<\/b><\/h3>\n<p>\u0110\u1ec3 bi\u1ebfn iPad Pro 2022 12.9 wifi 5G th\u00e0nh c\u00f4ng c\u1ee5 l\u00e0m vi\u1ec7c c\u00f3 th\u1ec3 thay th\u1ebf laptop trong t\u01b0\u01a1ng lai, \u201cT\u00e1o khuy\u1ebft\u201d \u0111\u00e3 t\u1ea1o n\u00ean nh\u1eefng ph\u1ee5 ki\u1ec7n chuy\u00ean d\u1ee5ng t\u01b0\u01a1ng th\u00edch tuy\u1ec7t \u0111\u1ed1i v\u1edbi s\u1ea3n ph\u1ea9m nh\u01b0 b\u00fat Apple Pencil, b\u00e0n ph\u00edm Magic Keyboard v\u00e0 Smart Keyboard Folio. H\u00e3y th\u1ecfa s\u1ee9c ph\u00e1c h\u1ecda nh\u1eefng \u00fd t\u01b0\u1edfng, l\u1eadp k\u1ebf ho\u1ea1ch, l\u00e0m b\u00e1o c\u00e1o, so\u1ea1n th\u1ea3o v\u0103n b\u1ea3n, ch\u1ec9nh s\u1eeda h\u00ecnh \u1ea3nh, d\u1ef1ng video v\u00e0 l\u00e0m m\u1ecdi \u0111i\u1ec1u kh\u00e1c v\u1edbi s\u1ef1 h\u1ed7 tr\u1ee3 c\u1ee7a nh\u1eefng ph\u1ee5 ki\u1ec7n chuy\u00ean d\u1ee5ng n\u00e0y.<\/p>\n<p><i>*L\u01b0u \u00fd: Apple Pencil, Magic Keyboard v\u00e0 Smart Keyboard Folio l\u00e0 nh\u1eefng ph\u1ee5 ki\u1ec7n b\u00e1n r\u1eddi, kh\u00f4ng \u0111i k\u00e8m m\u00e1y.<\/i><\/p>\n<p><img decoding=\"async\" src=\"https:\/\/cdn2.fptshop.com.vn\/unsafe\/564x0\/filters:quality(80)\/Uploads\/images\/2015\/Tin-Tuc\/DuyLe\/thang11\/ipad-pro-12-9-2022-m2-wi-fi-5g-c.jpg\" alt=\"Apple Pencil ch\u01b0a bao gi\u1edd linh ho\u1ea1t \u0111\u1ebfn th\u1ebf\" \/><\/p>\n<h3><b>Apple Pencil ch\u01b0a bao gi\u1edd linh ho\u1ea1t \u0111\u1ebfn th\u1ebf<\/b><\/h3>\n<p>Phi\u00ean b\u1ea3n iPad Pro M2 2022 Wi-Fi + 5G \u0111\u01b0\u1ee3c x\u00e2y d\u1ef1ng \u0111\u1ec3 t\u01b0\u01a1ng th\u00edch v\u1edbi b\u00fat Apple Pencil th\u1ebf h\u1ec7 2. V\u1edbi nh\u1eefng c\u1ea3i ti\u1ebfn m\u00e0 iPadOS \u0111em l\u1ea1i, gi\u1edd \u0111\u00e2y, b\u1ea1n c\u00f3 th\u1ec3 t\u01b0\u01a1ng t\u00e1c linh ho\u1ea1t h\u01a1n nhi\u1ec1u khi c\u00f3 Apple Pencil 2 trong tay. B\u1ea1n ch\u1ec9 c\u1ea7n \u0111\u01b0a ng\u00f2i b\u00fat c\u00e1ch m\u00e0n h\u00ecnh m\u1ed9t kho\u1ea3ng 12mm l\u00e0 thi\u1ebft b\u1ecb \u0111\u00e3 t\u1ef1 nh\u1eadn di\u1ec7n \u0111\u1ec3 k\u00edch ho\u1ea1t b\u1ea3n xem tr\u01b0\u1edbc c\u1ee7a \u1ee9ng d\u1ee5ng. Vi\u1ec7c vi\u1ebft v\u1ebd, ghi ch\u00fa, ph\u00e1c th\u1ea3o gi\u1edd \u0111\u00e2y tr\u1edf n\u00ean m\u01b0\u1ee3t m\u00e0 h\u01a1n v\u00e0 chuy\u00ean nghi\u1ec7p h\u01a1n nhi\u1ec1u.<\/p>\n<p><img decoding=\"async\" src=\"https:\/\/cdn2.fptshop.com.vn\/unsafe\/564x0\/filters:quality(80)\/Uploads\/images\/2015\/Tin-Tuc\/DuyLe\/thang11\/ipad-pro-12-9-2022-m2-wi-fi-5g-1.jpg\" alt=\"Kho \u1ee9ng d\u1ee5ng tuy\u1ec7t v\u1eddi lu\u00f4n s\u1eb5n s\u00e0ng h\u1ed7 tr\u1ee3 b\u1ea1n\" \/><\/p>\n<h3><b>Kho \u1ee9ng d\u1ee5ng tuy\u1ec7t v\u1eddi lu\u00f4n s\u1eb5n s\u00e0ng h\u1ed7 tr\u1ee3 b\u1ea1n<\/b><\/h3>\n<p>Apple cho bi\u1ebft n\u1ec1n t\u1ea3ng iPadOS gi\u1edd \u0111\u00e2y c\u00f3 m\u1ed9t tri\u1ec7u \u1ee9ng d\u1ee5ng \u0111\u01b0\u1ee3c thi\u1ebft k\u1ebf t\u01b0\u01a1ng th\u00edch v\u1edbi iPad Pro M2 12.9 inch 5G\u00a0lu\u00f4n s\u1eb5n s\u00e0ng ph\u1ee5c v\u1ee5 tr\u00ean AppStore. T\u1ea5t c\u1ea3 \u0111\u1ec1u \u0111\u01b0\u1ee3c x\u00e2y d\u1ef1ng \u0111\u1ec3 t\u01b0\u01a1ng th\u00edch c\u1ef1c t\u1ed1t v\u1edbi iPadOS v\u00e0 h\u1ee9a h\u1eb9n nh\u1eefng tr\u1ea3i nghi\u1ec7m tuy\u1ec7t v\u1eddi nh\u1ea5t, chuy\u00ean nghi\u1ec7p nh\u1ea5t, gi\u00fap b\u1ea1n t\u1eadn h\u01b0\u1edfng tr\u1ecdn v\u1eb9n c\u00e1c l\u1ee3i th\u1ebf c\u1ee7a thi\u1ebft b\u1ecb.<\/p>\n<p><img decoding=\"async\" src=\"https:\/\/cdn2.fptshop.com.vn\/unsafe\/564x0\/filters:quality(80)\/Uploads\/images\/2015\/Tin-Tuc\/DuyLe\/thang11\/ipad-pro-12-9-2022-m2-wi-fi-5g-b.jpg\" alt=\"Kho \u1ee9ng d\u1ee5ng tuy\u1ec7t v\u1eddi lu\u00f4n s\u1eb5n s\u00e0ng h\u1ed7 tr\u1ee3 b\u1ea1n 567\" \/><\/p>\n<\/div>\n<div class=\"flex justify-center\"><button class=\"Button_root__LQsbl Button_btnSmall__aXxTy Button_whiteSecondary__RDYi_ mt-1 px-7\">R\u00fat g\u1ecdn<\/button><\/div>\n","protected":false},"excerpt":{"rendered":"<p>Chip x\u1eed l\u00fd M2 &#8211; \u0110\u1ec9nh cao c\u1ee7a s\u1ee9c m\u1ea1nh iPad Pro 12.9 2022 \u0111\u01b0\u1ee3c trang b\u1ecb chip x\u1eed l\u00fd M2 \u0111\u00ecnh \u0111\u00e1m t\u1eeb Apple, v\u1edbi 8 nh\u00e2n CPU nhanh h\u01a1n 15%, 10 nh\u00e2n GPU v\u01b0\u1ee3t tr\u1ed9i 35%, l\u00f5i Neural Engine c\u1ea3i ti\u1ebfn 40% t\u1ed1c \u0111\u1ed9 v\u00e0 b\u0103ng th\u00f4ng b\u1ed9 nh\u1edb n\u00e2ng c\u1ea5p 50%, con&#8230;<\/p>\n","protected":false},"featured_media":2682,"comment_status":"open","ping_status":"closed","template":"","meta":{"rank_math_lock_modified_date":false},"product_cat":[384,388],"product_tag":[],"class_list":{"0":"post-2681","1":"product","2":"type-product","3":"status-publish","4":"has-post-thumbnail","6":"product_cat-ipad","7":"product_cat-sua-ipad","9":"first","10":"instock","11":"shipping-taxable","12":"purchasable","13":"product-type-simple"},"_links":{"self":[{"href":"http:\/\/fixmobile.vn\/index.php?rest_route=\/wp\/v2\/product\/2681","targetHints":{"allow":["GET"]}}],"collection":[{"href":"http:\/\/fixmobile.vn\/index.php?rest_route=\/wp\/v2\/product"}],"about":[{"href":"http:\/\/fixmobile.vn\/index.php?rest_route=\/wp\/v2\/types\/product"}],"replies":[{"embeddable":true,"href":"http:\/\/fixmobile.vn\/index.php?rest_route=%2Fwp%2Fv2%2Fcomments&post=2681"}],"wp:featuredmedia":[{"embeddable":true,"href":"http:\/\/fixmobile.vn\/index.php?rest_route=\/wp\/v2\/media\/2682"}],"wp:attachment":[{"href":"http:\/\/fixmobile.vn\/index.php?rest_route=%2Fwp%2Fv2%2Fmedia&parent=2681"}],"wp:term":[{"taxonomy":"product_cat","embeddable":true,"href":"http:\/\/fixmobile.vn\/index.php?rest_route=%2Fwp%2Fv2%2Fproduct_cat&post=2681"},{"taxonomy":"product_tag","embeddable":true,"href":"http:\/\/fixmobile.vn\/index.php?rest_route=%2Fwp%2Fv2%2Fproduct_tag&post=2681"}],"curies":[{"name":"wp","href":"https:\/\/api.w.org\/{rel}","templated":true}]}}