{"id":2604,"date":"2024-10-14T23:30:55","date_gmt":"2024-10-14T16:30:55","guid":{"rendered":"https:\/\/fixmobile.vn\/?post_type=product&#038;p=2604"},"modified":"2025-11-09T08:50:51","modified_gmt":"2025-11-09T01:50:51","slug":"ipad-air-11-inch-m2-2024-wifi-256gb","status":"publish","type":"product","link":"http:\/\/fixmobile.vn\/?product=ipad-air-11-inch-m2-2024-wifi-256gb","title":{"rendered":"IPad Air 11 inch M2 2024 Wifi 256GB"},"content":{"rendered":"<p><b>V\u1edbi k\u00edch c\u1ee1 11 inch g\u1ecdn g\u00e0ng,\u00a0iPad Air M2 2024\u00a0cung c\u1ea5p tr\u1ea3i nghi\u1ec7m tuy\u1ec7t v\u1eddi nh\u1edd chip M2 m\u1ea1nh m\u1ebd, c\u00f4ng ngh\u1ec7 hi\u1ec3n th\u1ecb Liquid Retina s\u1eafc n\u00e9t, kh\u1ea3 n\u0103ng x\u1eed l\u00fd AI t\u1ed1c \u0111\u1ed9 cao v\u00e0 tr\u1ea3i nghi\u1ec7m \u0111\u1ed3 h\u1ecda m\u01b0\u1ee3t m\u00e0. Phi\u00ean b\u1ea3n b\u1ea1n \u0111ang theo d\u00f5i s\u1eed d\u1ee5ng k\u1ebft n\u1ed1i Wi-Fi v\u00e0 c\u00f3 dung l\u01b0\u1ee3ng b\u1ed9 nh\u1edb 128GB v\u1edbi gi\u00e1 th\u00e0nh c\u1ef1c h\u1ea5p d\u1eabn.<\/b><\/p>\n<p><img decoding=\"async\" id=\"iPad Air 11 inch M2 2024 Wi-Fi 128GB 11\" src=\"https:\/\/cdn2.fptshop.com.vn\/unsafe\/564x0\/filters:quality(80)\/Uploads\/images\/2015\/Tin-Tuc\/11\/4\/ipad-air-11-inch-m2-2024-wi-fi-128gb-1.jpg\" alt=\"iPad Air 11 inch M2 2024 Wi-Fi 128GB 1\" \/><\/p>\n<h3><b>M\u00e0n h\u00ecnh tuy\u1ec7t v\u1eddi cho m\u1ecdi tr\u1ea3i nghi\u1ec7m<\/b><\/h3>\n<p>M\u00e0n h\u00ecnh 11 inch c\u1ee7a iPad Air M2 s\u1eed d\u1ee5ng c\u00f4ng ngh\u1ec7 Liquid Retina \u0111\u1ed9c quy\u1ec1n c\u1ee7a Apple, c\u00f3 \u0111\u1ed9 ph\u00e2n gi\u1ea3i 1.640 x 2.360 pixels. C\u00e1ch thi\u1ebft k\u1ebf t\u1ed1i gi\u1ea3n m\u00e0 thanh l\u1ecbch v\u1edbi vi\u1ec1n bao quanh r\u1ea5t m\u1ecfng gi\u00fap s\u1ea3n ph\u1ea9m \u0111\u1ea1t t\u1ec9 l\u1ec7 m\u00e0n h\u00ecnh tr\u00ean th\u00e2n m\u00e1y x\u1ea5p x\u1ec9 80,9%.<\/p>\n<p>S\u1ea3n ph\u1ea9m \u0111em l\u1ea1i tr\u1ea3i nghi\u1ec7m h\u00ecnh \u1ea3nh s\u1eafc n\u00e9t, d\u1ecbu m\u1eaft \u1edf m\u1ecdi \u0111i\u1ec1u ki\u1ec7n \u00e1nh s\u00e1ng kh\u00e1c nhau nh\u1edd s\u1eed d\u1ee5ng l\u1edbp ph\u1ee7 ch\u1ed1ng ch\u00f3i k\u1ebft h\u1ee3p c\u00f9ng c\u00f4ng ngh\u1ec7 True Tone \u2013 t\u1ef1 hi\u1ec7u ch\u1ec9nh tone m\u00e0u sao cho ph\u00f9 h\u1ee3p v\u1edbi m\u00f4i tr\u01b0\u1eddng b\u00ean ngo\u00e0i. Nh\u1edd d\u1ea3i m\u00e0u r\u1ed9ng P3, iPad Air M2 2024 tr\u00ecnh di\u1ec5n tr\u01b0\u1edbc m\u1eaft ng\u01b0\u1eddi d\u00f9ng nh\u1eefng khu\u00f4n h\u00ecnh l\u1ed9ng l\u1eaby v\u00e0 \u0111\u1ea7y t\u00ednh ngh\u1ec7 thu\u1eadt.<\/p>\n<p><img decoding=\"async\" src=\"https:\/\/cdn2.fptshop.com.vn\/unsafe\/564x0\/filters:quality(80)\/Uploads\/images\/2015\/Tin-Tuc\/11\/4\/ipad-air-11-inch-m2-2024-wi-fi-128gb-2.jpg\" alt=\"iPad Air 11 inch M2 2024 Wi-Fi 128GB 2\" \/><\/p>\n<h3><b>Chip M2 c\u1ef1c nhanh v\u1edbi hi\u1ec7u n\u0103ng \u0111\u1ed9t ph\u00e1<\/b><\/h3>\n<p>B\u1ed9 vi x\u1eed l\u00fd M2 b\u00ean trong iPad Air 2024 n\u00e2ng c\u1ea5p t\u1ed1c \u0111\u1ed9 CPU th\u00eam 15%, t\u1ed1c \u0111\u1ed9 GPU th\u00eam 25%, \u0111\u1ed3ng th\u1eddi gia t\u0103ng th\u00eam 50% b\u0103ng th\u00f4ng b\u1ed9 nh\u1edb so v\u1edbi chip tr\u00ean iPad Air th\u1ebf h\u1ec7 tr\u01b0\u1edbc. \u0110\u00e2y l\u00e0 ch\u00eca kh\u00f3a gi\u00fap iPad Air M2 \u0111\u1ea1t hi\u1ec7u su\u1ea5t \u1ea5n t\u01b0\u1ee3ng c\u1ea3 v\u1ec1 c\u00e1c t\u00e1c v\u1ee5 l\u00e0m vi\u1ec7c, s\u00e1ng t\u1ea1o, s\u1ea3n xu\u1ea5t n\u1ed9i dung c\u0169ng nh\u01b0 ch\u01a1i game \u0111\u1ed3 h\u1ecda n\u1eb7ng.<\/p>\n<p>\u0110\u1eb7c bi\u1ec7t, iPad Air M2 \u0111\u00e3 h\u00f3a th\u00e2n th\u00e0nh thi\u1ebft b\u1ecb AI chuy\u00ean d\u1ee5ng nh\u1edd s\u1edf h\u1eefu c\u1ea5u tr\u00fac l\u00f5i Neural Engine gia t\u0103ng 40% t\u1ed1c \u0111\u1ed9. S\u1ea3n ph\u1ea9m th\u1ec3 hi\u1ec7n t\u1ed1c \u0111\u1ed9 x\u1eed l\u00fd c\u00e1c t\u00e1c v\u1ee5 h\u1ecdc m\u00e1y c\u1ef1c nhanh, g\u00f3p ph\u1ea7n t\u1ed1i \u01b0u c\u00e1c tr\u1ea3i nghi\u1ec7m \u0111\u1eb7c th\u00f9 nh\u01b0: Tra C\u1ee9u H\u00ecnh \u1ea2nh, Nh\u1ea5c Ch\u1ee7 Th\u1ec3 v\u00e0 Ch\u1ee5p V\u0103n B\u1ea3n Tr\u1ef1c Ti\u1ebfp. Apple cho bi\u1ebft h\u1ec7 th\u1ed1ng Neural Engine c\u1ee7a s\u1ea3n ph\u1ea9m c\u00f3 th\u1ec3 x\u1eed l\u00fd t\u1edbi 15,8 ng\u00e0n t\u1ec9 ph\u00e9p t\u00ednh m\u1ed7i gi\u00e2y.<\/p>\n<p><img decoding=\"async\" src=\"https:\/\/cdn2.fptshop.com.vn\/unsafe\/564x0\/filters:quality(80)\/Uploads\/images\/2015\/Tin-Tuc\/11\/4\/ipad-air-11-inch-m2-2024-wi-fi-128gb-3.jpg\" alt=\"iPad Air 11 inch M2 2024 Wi-Fi 128GB 3\" \/><\/p>\n<h3><b>Tr\u1ea3i nghi\u1ec7m chuy\u00ean s\u00e2u c\u00f9ng n\u1ec1n t\u1ea3ng iPadOS<\/b><\/h3>\n<p>iPad Air 11 inch M2 2024 s\u1eed d\u1ee5ng h\u1ec7 \u0111i\u1ec1u h\u00e0nh iPadOS \u2013 n\u1ec1n t\u1ea3ng \u0111\u01b0\u1ee3c thi\u1ebft k\u1ebf chuy\u00ean d\u1ee5ng cho c\u00e1c d\u00f2ng iPad c\u1ee7a Apple nh\u1eb1m ph\u00e1t huy t\u1ed1i \u0111a l\u1ee3i th\u1ebf m\u00e0n h\u00ecnh l\u1edbn tr\u00ean lo\u1ea1t s\u1ea3n ph\u1ea9m n\u00e0y.<\/p>\n<p>V\u1edbi iPadOS, ng\u01b0\u1eddi d\u00f9ng iPad Air M2 c\u00f3 th\u1ec3 \u0111a nhi\u1ec7m nhi\u1ec1u \u1ee9ng d\u1ee5ng song song tr\u00ean c\u00f9ng m\u1ed9t m\u00e0n h\u00ecnh, h\u00f3a th\u00e2n th\u00e0nh thi\u1ebft b\u1ecb l\u00e0m vi\u1ec7c chuy\u00ean d\u1ee5ng khi k\u1ebft h\u1ee3p c\u00f9ng Magic Keyboard ho\u1eb7c Apple Pencil. Tr\u00ean iPadOS, b\u1ea1n s\u1ebd t\u00ecm th\u1ea5y lo\u1ea1t \u1ee9ng d\u1ee5ng h\u1eefu \u00edch h\u1ed7 tr\u1ee3 tuy\u1ec7t v\u1eddi cho tr\u1ea3i nghi\u1ec7m s\u00e1ng t\u1ea1o, k\u1ebft n\u1ed1i, duy\u1ec7t web, ch\u1ec9nh s\u1eeda \u1ea3nh v\u00e0 video.<\/p>\n<p><img decoding=\"async\" src=\"https:\/\/cdn2.fptshop.com.vn\/unsafe\/564x0\/filters:quality(80)\/Uploads\/images\/2015\/Tin-Tuc\/11\/4\/ipad-air-11-inch-m2-2024-wi-fi-128gb-5.jpg\" alt=\"iPad Air 11 inch M2 2024 Wi-Fi 128GB 5\" \/><\/p>\n<h3><b>Thi\u1ebft k\u1ebf camera m\u1edbi h\u1ed7 tr\u1ee3 t\u00e1c v\u1ee5 video call<\/b><\/h3>\n<p>Tr\u00ean th\u1ebf h\u1ec7 iPad Air M2 2024, camera tr\u01b0\u1edbc \u0111\u00e3 \u0111\u01b0\u1ee3c chuy\u1ec3n t\u1eeb c\u1ea1nh d\u1ecdc sang c\u1ea1nh ngang c\u1ee7a thi\u1ebft b\u1ecb, h\u1ed7 tr\u1ee3 t\u1ed1t h\u01a1n khi ch\u00fang ta xoay ngang m\u00e1y \u0111\u1ec3 video call, h\u1ecdp h\u00e0nh online v\u00e0 h\u1ecdc t\u1eadp tr\u1ef1c tuy\u1ebfn. Camera selfie c\u1ee7a thi\u1ebft b\u1ecb c\u00f3 g\u00f3c quay c\u1ef1c r\u1ed9ng, \u0111\u1ea1t \u0111\u1ed9 ph\u00e2n gi\u1ea3i 12MP, \u0111\u1ed3ng th\u1eddi h\u1ed7 tr\u1ee3 t\u00ednh n\u0103ng Trung T\u00e2m M\u00e0n H\u00ecnh \u2013 lu\u00f4n \u0111\u1ea3m b\u1ea3o ch\u1ee7 th\u1ec3 n\u1eb1m \u1edf trung t\u00e2m c\u1ee7a khu\u00f4n h\u00ecnh.<\/p>\n<p>Camera sau g\u00f3c r\u1ed9ng 12MP c\u00f3 kh\u1ea3 n\u0103ng ch\u1ee5p \u1ea3nh ch\u1ea5t l\u01b0\u1ee3ng cao, \u0111\u01b0\u1ee3c trang b\u1ecb t\u00ednh n\u0103ng ch\u1ee5p HDR th\u00f4ng minh v\u00e0 quay video 4K c\u1ef1c s\u1eafc n\u00e9t, \u0111em l\u1ea1i s\u1ef1 h\u1ed7 tr\u1ee3 tuy\u1ec7t v\u1eddi cho ng\u01b0\u1eddi d\u00f9ng khi scan t\u00e0i li\u1ec7u trong qu\u00e1 tr\u00ecnh l\u00e0m vi\u1ec7c.<\/p>\n<p><img decoding=\"async\" src=\"https:\/\/cdn2.fptshop.com.vn\/unsafe\/564x0\/filters:quality(80)\/Uploads\/images\/2015\/Tin-Tuc\/11\/4\/ipad-air-11-inch-m2-2024-wi-fi-128gb-6.jpg\" alt=\"iPad Air 11 inch M2 2024 Wi-Fi 128GB 8\" \/><\/p>\n<h3><b>K\u1ebft n\u1ed1i nhanh nh\u1ea1y, d\u1ec5 d\u00e0ng v\u00e0 thu\u1eadn ti\u1ec7n<\/b><\/h3>\n<p>Phi\u00ean b\u1ea3n iPad Air M2 b\u1ea1n \u0111ang quan t\u00e2m s\u1eed d\u1ee5ng k\u1ebft n\u1ed1i Wi-Fi 6E, cho t\u1ed1c \u0111\u1ed9 t\u01b0\u01a1ng t\u00e1c c\u1ef1c nhanh \u2013 g\u1ea5p \u0111\u00f4i so v\u1edbi th\u1ebf h\u1ec7 c\u0169. Nh\u1edd v\u1eady, b\u1ea1n c\u00f3 th\u1ec3 theo d\u00f5i video v\u00e0 t\u1ea3i xu\u1ed1ng c\u00e1c file d\u1eef li\u1ec7u l\u1edbn v\u1edbi t\u1ed1c \u0111\u1ed9 c\u1ef1c nhanh, t\u1ed1i \u01b0u tr\u1ea3i nghi\u1ec7m khi gi\u1ea3i tr\u00ed v\u00e0 trong c\u00f4ng vi\u1ec7c.<\/p>\n<p>Ngo\u00e0i ra, iPad Air 11 inch M2 2024 c\u00f2n s\u1eed d\u1ee5ng c\u00f4ng ngh\u1ec7 Bluetooth 5.3 \u2013 duy tr\u00ec k\u1ebft n\u1ed1i r\u1ea5t \u1ed5n \u0111\u1ecbnh v\u1edbi tai nghe True Wireless v\u00e0 c\u00e1c thi\u1ebft b\u1ecb th\u00f4ng minh kh\u00e1c. C\u1ed5ng k\u1ebft n\u1ed1i USB-C gi\u00fap s\u1ea3n ph\u1ea9m k\u1ebft n\u1ed1i d\u1ec5 d\u00e0ng v\u1edbi m\u00e0n h\u00ecnh ngo\u00e0i, dock, \u1ed5 \u0111\u0129a v\u00e0 camera, cho ph\u00e9p \u0111\u1ed3ng b\u1ed9 d\u1eef li\u1ec7u c\u1ef1c nhanh.<\/p>\n<p><img decoding=\"async\" src=\"https:\/\/cdn2.fptshop.com.vn\/unsafe\/564x0\/filters:quality(80)\/Uploads\/images\/2015\/Tin-Tuc\/11\/4\/ipad-air-11-inch-m2-2024-wi-fi-128gb-8.jpg\" alt=\"iPad Air 11 inch M2 2024 Wi-Fi 128GB 9\" \/><\/p>\n<h3><b>M\u1ecfng nh\u1eb9, b\u1ec1n b\u1ec9, thanh l\u1ecbch v\u00e0 kh\u00e1c bi\u1ec7t<\/b><\/h3>\n<p>S\u1edf h\u1eefu ng\u00f4n ng\u1eef thi\u1ebft k\u1ebf t\u1ed1i gi\u1ea3n v\u1edbi b\u1ed9 khung v\u1ecf r\u1ea5t m\u1ecfng, g\u1ecdn g\u00e0ng, kh\u1ecfe v\u1ebb thanh l\u1ecbch v\u00e0 c\u01a1 \u0111\u1ed9ng, iPad Air phi\u00ean b\u1ea3n 2024 \u0111\u01b0\u1ee3c ch\u1ebf t\u00e1c 100% t\u1eeb ch\u1ea5t li\u1ec7u nh\u00f4m t\u00e1i ch\u1ebf, kh\u00f4ng ch\u1ec9 \u0111\u1ea3m b\u1ea3o \u0111\u1ed9 b\u1ec1n b\u1ec9 m\u00e0 c\u00f2n c\u1ef1c k\u1ef3 th\u00e2n thi\u1ec7n v\u1edbi m\u00f4i tr\u01b0\u1eddng.<\/p>\n<p>V\u1edbi nhi\u1ec1u s\u1eafc m\u00e0u m\u1edbi m\u1ebb v\u00e0 tr\u1ebb trung c\u1ee7a iPad Air M2 2024 nh\u01b0 Xanh D\u01b0\u01a1ng, T\u00edm, V\u00e0ng \u00c1nh Sao, v\u00e0 X\u00e1m Kh\u00f4ng Gian, b\u1ea1n s\u1ebd d\u1ec5 d\u00e0ng l\u1ef1a ch\u1ecdn \u0111\u01b0\u1ee3c phi\u00ean b\u1ea3n m\u00e0u s\u1eafc m\u00ecnh y\u00eau th\u00edch.<\/p>\n<p><img decoding=\"async\" src=\"https:\/\/cdn2.fptshop.com.vn\/unsafe\/564x0\/filters:quality(80)\/Uploads\/images\/2015\/Tin-Tuc\/11\/4\/ipad-air-11-inch-m2-2024-wi-fi-128gb-9.jpg\" alt=\"iPad Air 11 inch M2 2024 Wi-Fi 128GB 10\" \/><\/p>\n<h3><b>T\u01b0\u01a1ng th\u00edch Apple Pencil Pro v\u00e0 Magic Keyboard<\/b><\/h3>\n<p>Trang b\u1ecb th\u00eam cho iPad Air M2 2024 c\u1ee7a b\u1ea1n nh\u1eefng ph\u1ee5 ki\u1ec7n ch\u00ednh h\u00e3ng do Apple ph\u00e2n ph\u1ed1i nh\u01b0 Apple Pencil Pro v\u00e0 Magic Keyboard, b\u1ea1n c\u00f3 th\u1ec3 t\u1ed1i \u01b0u tr\u1ea3i nghi\u1ec7m thi\u1ebft b\u1ecb l\u00ean m\u1ee9c c\u1ef1c k\u1ef3 chuy\u00ean nghi\u1ec7p. Trong \u0111\u00f3, Apple Pencil Pro c\u00f3 th\u1ec3 vi\u1ebft v\u1ebd, ghi ch\u00fa chuy\u00ean nghi\u1ec7p v\u00e0 h\u1ed7 tr\u1ee3 c\u00e1c thao t\u00e1c c\u1eed ch\u1ec9 \u0111\u1ed9c \u0111\u00e1o nh\u01b0 b\u00f3p v\u00e0 xoay th\u00e2n b\u00fat, ch\u1ea1m hai l\u1ea7n v\u00e0o th\u00e2n b\u00fat, hi\u1ec3n th\u1ecb v\u1ecb tr\u00ed ph\u1ea3n h\u1ed3i tr\u01b0\u1edbc khi \u0111\u1eb7t b\u00fat xu\u1ed1ng m\u00e0n h\u00ecnh.<\/p>\n<p>V\u1ec1 ph\u1ea7n Magic Keyboard, b\u1ed9 \u1ed1p l\u01b0ng ki\u00eam b\u00e0n ph\u00edm n\u00e0y s\u1ebd h\u1ed7 tr\u1ee3 so\u1ea1n th\u1ea3o m\u1ecdi l\u00fac m\u1ecdi n\u01a1i, gi\u00fap ng\u01b0\u1eddi d\u00f9ng g\u00f5 v\u0103n b\u1ea3n ti\u1ec7n l\u1ee3i, ch\u1ec9nh s\u1eeda b\u1ea3ng t\u00ednh d\u1ec5 d\u00e0ng \u1edf b\u1ea5t c\u1ee9 n\u01a1i n\u00e0o. Thi\u1ebft k\u1ebf tr\u1ee5c \u0111\u1ee1 \u0111\u1ed9c \u0111\u00e1o c\u1ee7a Magic Keyboard cho ph\u00e9p ng\u01b0\u1eddi d\u00f9ng m\u1edf iPad Air M2 \u1edf g\u00f3c \u0111\u1ed9 l\u00fd t\u01b0\u1edfng cho vi\u1ec7c quan s\u00e1t h\u00ecnh \u1ea3nh v\u00e0 g\u00f5 ph\u00edm.<\/p>\n<p>&nbsp;<\/p>\n<p><img decoding=\"async\" src=\"https:\/\/cdn2.fptshop.com.vn\/unsafe\/564x0\/filters:quality(80)\/Uploads\/images\/2015\/Tin-Tuc\/11\/4\/ipad-air-11-inch-m2-2024-wi-fi-128gb-a.jpg\" alt=\"iPad Air 11 inch M2 2024 Wi-Fi 128GB 39\" \/><\/p>\n","protected":false},"excerpt":{"rendered":"<p>V\u1edbi k\u00edch c\u1ee1 11 inch g\u1ecdn g\u00e0ng,\u00a0iPad Air M2 2024\u00a0cung c\u1ea5p tr\u1ea3i nghi\u1ec7m tuy\u1ec7t v\u1eddi nh\u1edd chip M2 m\u1ea1nh m\u1ebd, c\u00f4ng ngh\u1ec7 hi\u1ec3n th\u1ecb Liquid Retina s\u1eafc n\u00e9t, kh\u1ea3 n\u0103ng x\u1eed l\u00fd AI t\u1ed1c \u0111\u1ed9 cao v\u00e0 tr\u1ea3i nghi\u1ec7m \u0111\u1ed3 h\u1ecda m\u01b0\u1ee3t m\u00e0. Phi\u00ean b\u1ea3n b\u1ea1n \u0111ang theo d\u00f5i s\u1eed d\u1ee5ng k\u1ebft n\u1ed1i Wi-Fi v\u00e0&#8230;<\/p>\n","protected":false},"featured_media":2670,"comment_status":"open","ping_status":"closed","template":"","meta":{"rank_math_lock_modified_date":false},"product_cat":[15,384,388],"product_tag":[],"class_list":{"0":"post-2604","1":"product","2":"type-product","3":"status-publish","4":"has-post-thumbnail","6":"product_cat-dien-thoai","7":"product_cat-ipad","8":"product_cat-sua-ipad","10":"first","11":"instock","12":"shipping-taxable","13":"purchasable","14":"product-type-variable"},"_links":{"self":[{"href":"http:\/\/fixmobile.vn\/index.php?rest_route=\/wp\/v2\/product\/2604","targetHints":{"allow":["GET"]}}],"collection":[{"href":"http:\/\/fixmobile.vn\/index.php?rest_route=\/wp\/v2\/product"}],"about":[{"href":"http:\/\/fixmobile.vn\/index.php?rest_route=\/wp\/v2\/types\/product"}],"replies":[{"embeddable":true,"href":"http:\/\/fixmobile.vn\/index.php?rest_route=%2Fwp%2Fv2%2Fcomments&post=2604"}],"wp:featuredmedia":[{"embeddable":true,"href":"http:\/\/fixmobile.vn\/index.php?rest_route=\/wp\/v2\/media\/2670"}],"wp:attachment":[{"href":"http:\/\/fixmobile.vn\/index.php?rest_route=%2Fwp%2Fv2%2Fmedia&parent=2604"}],"wp:term":[{"taxonomy":"product_cat","embeddable":true,"href":"http:\/\/fixmobile.vn\/index.php?rest_route=%2Fwp%2Fv2%2Fproduct_cat&post=2604"},{"taxonomy":"product_tag","embeddable":true,"href":"http:\/\/fixmobile.vn\/index.php?rest_route=%2Fwp%2Fv2%2Fproduct_tag&post=2604"}],"curies":[{"name":"wp","href":"https:\/\/api.w.org\/{rel}","templated":true}]}}