{"id":2598,"date":"2024-10-09T20:39:18","date_gmt":"2024-10-09T13:39:18","guid":{"rendered":"https:\/\/fixmobile.vn\/?post_type=product&#038;p=2598"},"modified":"2025-11-09T08:55:01","modified_gmt":"2025-11-09T01:55:01","slug":"iphone-13-pro-256gbchinh-hang-vn-a","status":"publish","type":"product","link":"http:\/\/fixmobile.vn\/?product=iphone-13-pro-256gbchinh-hang-vn-a","title":{"rendered":"Iphone 13 Pro 256GB|Ch\u00ednh h\u00e3ng VN\/A"},"content":{"rendered":"<h1 style=\"text-align: center;\">Iphone 13 Pro<\/h1>\n<h3>Th\u1ec3 hi\u1ec7n \u0111\u1eb3ng c\u1ea5p trong t\u1eebng \u0111\u01b0\u1eddng n\u00e9t<\/h3>\n<p>S\u1ef1 cao c\u1ea5p to\u00e1t l\u00ean \u1edf m\u1ecdi chi ti\u1ebft l\u00e0 \u0111i\u1ec1u m\u00e0 b\u1ea1n c\u00f3 th\u1ec3 d\u1ec5 d\u00e0ng c\u1ea3m nh\u1eadn \u0111\u01b0\u1ee3c tr\u00ean iPhone 13 Pro. \u0110\u01b0\u1ee3c ch\u1ebf t\u00e1c t\u1eeb khung th\u00e9p kh\u00f4ng g\u1ec9 c\u1ee9ng c\u00e1p, b\u1ea3o v\u1ec7 m\u00e0n h\u00ecnh l\u00e0 m\u1eb7t g\u1ed1m Ceramic Shield si\u00eau c\u1ee9ng c\u00f9ng ng\u00f4n ng\u1eef thi\u1ebft k\u1ebf ph\u1eb3ng hi\u1ec7n \u0111\u1ea1i, iPhone 13 Pro c\u00f3 v\u1ebb \u0111\u1eb9p tr\u01b0\u1eddng t\u1ed3n theo n\u0103m th\u00e1ng.<\/p>\n<p>\u0110i\u1ec7n tho\u1ea1i c\u00f2n \u0111\u1ea1t chu\u1ea9n ch\u1ed1ng n\u01b0\u1edbc IP68, tr\u00e1nh \u0111\u01b0\u1ee3c m\u1ecdi nguy c\u01a1 t\u1eeb n\u01b0\u1edbc trong cu\u1ed9c s\u1ed1ng th\u01b0\u1eddng ng\u00e0y. B\u00ean c\u1ea1nh 3 m\u00e0u s\u1eafc quen thu\u1ed9c l\u00e0 X\u00e1m, V\u00e0ng, Tr\u1eafng, iPhone 13 Pro n\u0103m nay c\u00f3 th\u00eam m\u00e0u Xanh Sierra \u0111\u1eb9p theo xu h\u01b0\u1edbng thanh l\u1ecbch v\u00e0 \u0111\u1ed9c \u0111\u00e1o.<\/p>\n<h3>iPhone 13 Pro xanh l\u00e1 Alpine Green b\u00ed \u1ea9n m\u00e0 sang tr\u1ecdng<\/h3>\n<p><img loading=\"lazy\" decoding=\"async\" class=\"size-full wp-image-2579 aligncenter\" src=\"http:\/\/fixmobile.vn\/wp-content\/uploads\/2024\/10\/ip_13pro.jpg\" alt=\"\" width=\"384\" height=\"384\" \/><\/p>\n<p>V\u1edbi vi\u1ec7c b\u1ed5 sung th\u00eam t\u00f9y ch\u1ecdn Alpine Green v\u00e0o c\u00e1c phi\u00ean b\u1ea3n m\u00e0u s\u1eafc, iPhone 13 Pro m\u00e0u xanh l\u00e1 gi\u1edd \u0111\u00e2y cho th\u1ea5y v\u1ebb \u0111\u1eb9p kh\u00e1c bi\u1ec7t, ph\u00f4 di\u1ec5n n\u00e9t \u0111\u1eb9p tr\u1ea7m m\u1eb7c v\u00e0 di\u1ec7n m\u1ea1o th\u1ef1c s\u1ef1 cao c\u1ea5p. Apple \u0111\u00e3 nghi\u00ean c\u1ee9u k\u1ef9 l\u01b0\u1ee1ng \u0111\u1ec3 ch\u1ecdn ra s\u1eafc m\u00e0u th\u00e0nh ph\u1ea9m sau c\u00f9ng cho chi\u1ebfc\u00a0\u0111i\u1ec7n tho\u1ea1i\u00a0nh\u1eb1m truy\u1ec1n t\u1ea3i r\u00f5 n\u00e9t tinh th\u1ea7n sang tr\u1ecdng v\u1ed1n c\u00f3 c\u1ee7a s\u1ea3n ph\u1ea9m.<\/p>\n<h3>Camera n\u00e2ng c\u1ea5p nhi\u1ec1u nh\u1ea5t t\u1eeb tr\u01b0\u1edbc \u0111\u1ebfn nay<\/h3>\n<p>H\u1ec7 th\u1ed1ng camera Pro v\u1edbi 3 camera \u0111\u01b0\u1ee3c n\u00e2ng c\u1ea5p m\u1ea1nh m\u1ebd, v\u1edbi ph\u1ea7n c\u1ee9ng \u1ed1ng k\u00ednh ch\u1ea5t l\u01b0\u1ee3ng h\u01a1n, ph\u1ea7n m\u1ec1m th\u00f4ng minh h\u01a1n v\u00e0 con chip x\u1eed l\u00fd h\u00ecnh \u1ea3nh t\u1ed1c \u0111\u1ed9 nhanh h\u01a1n.<\/p>\n<p>iPhone 13 Pro s\u1edf h\u1eefu camera ch\u00ednh kh\u1ea9u \u0111\u1ed9 f\/1.5, \u0111i\u1ec3m \u1ea3nh 1.9 um, l\u1edbn nh\u1ea5t trong th\u1ebf gi\u1edbi smartphone cho kh\u1ea3 n\u0103ng thu s\u00e1ng v\u01b0\u1ee3t tr\u1ed9i; camera g\u00f3c si\u00eau r\u1ed9ng kh\u1ea9u \u0111\u1ed9 f\/1.8, c\u1ea3m bi\u1ebfn nhanh h\u01a1n, l\u1ea5y n\u00e9t t\u1eebng \u0111i\u1ec3m \u1ea3nh v\u00e0 camera tele c\u00f3 kh\u1ea3 n\u0103ng zoom quang h\u1ecdc 3x. H\u00e3y c\u00f9ng \u0111\u00f3n ch\u1edd nh\u1eefng \u0111i\u1ec1u k\u1ef3 di\u1ec7u \u0111ang ch\u1edd \u0111\u00f3n b\u1ea1n \u1edf camera iPhone 13 Pro.<\/p>\n<h3>Ch\u1ee5p \u1ea3nh v\u00e0 quay video macro<\/h3>\n<p><img loading=\"lazy\" decoding=\"async\" class=\"size-full wp-image-2573 aligncenter\" src=\"http:\/\/fixmobile.vn\/wp-content\/uploads\/2024\/10\/iphone_13_pro4.jpg\" alt=\"\" width=\"564\" height=\"317\" \/><\/p>\n<p>V\u1edbi iPhone 13 Pro, nh\u1eefng chi ti\u1ebft nh\u1ecf nh\u1ea5t c\u0169ng c\u00f3 th\u1ec3 bi\u1ebfn th\u00e0nh t\u00e1c ph\u1ea9m ngh\u1ec7 thu\u1eadt. Kh\u1ea3 n\u0103ng l\u1ea5y n\u00e9t \u1edf kho\u1ea3ng c\u00e1ch si\u00eau g\u1ea7n ch\u1ec9 2cm gi\u00fap c\u00e1c v\u1eadt th\u1ec3 nh\u1ecf nh\u01b0 chi\u1ebfc l\u00e1, c\u00f4n tr\u00f9ng hay th\u1eadm ch\u00ed gi\u1ecdt s\u01b0\u01a1ng \u0111\u1ec1u \u0111\u01b0\u1ee3c t\u00e1i hi\u1ec7n s\u1eafc n\u00e9t.<\/p>\n<p>Kh\u00f4ng ch\u1ec9 ch\u1ee5p \u1ea3nh, iPhone 13 Pro c\u00f2n l\u00e0 chi\u1ebfc \u0111i\u1ec7n tho\u1ea1i \u0111\u1ea7u ti\u00ean c\u00f3 th\u1ec3 quay video macro, t\u00edch h\u1ee3p c\u1ea3 t\u00ednh n\u0103ng chuy\u1ec3n \u0111\u1ed9ng ch\u1eadm v\u00e0 tua nhanh khi quay, mang \u0111\u1ebfn nh\u1eefng th\u01b0\u1edbc phim macro m\u00ea ho\u1eb7c.<\/p>\n<h3>Th\u00e1ch th\u1ee9c m\u00e0n \u0111\u00eam<\/h3>\n<p><img loading=\"lazy\" decoding=\"async\" class=\"size-full wp-image-2572 aligncenter\" src=\"http:\/\/fixmobile.vn\/wp-content\/uploads\/2024\/10\/iphone_13_pro3.jpg\" alt=\"\" width=\"564\" height=\"317\" \/><\/p>\n<p>iPhone 13 Pro l\u00e0 chi\u1ebfc \u0111i\u1ec7n tho\u1ea1i chuy\u00ean d\u1ee5ng cho \u0111i\u1ec1u ki\u1ec7n \u00e1nh s\u00e1ng y\u1ebfu. V\u1edbi \u1ed1ng k\u00ednh camera kh\u1ea9u \u0111\u1ed9 r\u1ed9ng h\u01a1n, k\u00edch th\u01b0\u1edbc c\u1ea3m bi\u1ebfn l\u1edbn h\u01a1n v\u00e0 s\u1ef1 h\u1ed7 tr\u1ef1 \u0111\u1eafc l\u1ef1c c\u1ee7a m\u00e1y qu\u00e9t LiDAR, iPhone 13 Pro kh\u00f4ng ch\u1ec9 ch\u1ee5p c\u1ea3nh \u0111\u00eam ho\u00e0n h\u1ea3o m\u00e0 c\u00f2n c\u00f3 th\u1ec3 ch\u1ee5p ch\u00e2n dung \u0111\u00eam \u0111\u1ea7y \u1ea5n t\u01b0\u1ee3ng.<\/p>\n<p>So v\u1edbi th\u1ebf h\u1ec7\u00a0iPhone\u00a0tr\u01b0\u1edbc, camera ch\u00ednh cho \u00e1nh s\u00e1ng nhi\u1ec1u h\u01a1n t\u1edbi 2,2 l\u1ea7n, camera si\u00eau r\u1ed9ng s\u00e1ng h\u01a1n 92%. Ch\u1ebf \u0111\u1ed9 ch\u1ee5p \u0111\u00eam gi\u1edd \u0111\u00e2y c\u0169ng c\u00f3 m\u1eb7t \u1edf camera si\u00eau r\u1ed9ng v\u00e0 camera tele \u0111\u1ec3 \u1ea3nh ch\u1ee5p \u0111\u00eam s\u1eafc n\u00e9t, gi\u00e0u chi ti\u1ebft, m\u00e0u s\u1eafc ch\u00ednh x\u00e1c trong m\u1ecdi ho\u00e0n c\u1ea3nh.<\/p>\n<h3>Zoom quang 3x v\u00e0 h\u01a1n th\u1ebf n\u1eefa v\u1edbi camera Tele<\/h3>\n<p>Camera Tele m\u1edbi tr\u00ean\u00a0\u0111i\u1ec7n tho\u1ea1i iPhone 13 Pro\u00a0c\u00f3 ti\u00eau c\u1ef1 77mm v\u00e0 kh\u1ea3 n\u0103ng zoom quang 3x, l\u00fd t\u01b0\u1edfng cho \u1ea3nh ch\u1ee5p ch\u00e2n dung ho\u1eb7c ph\u00f3ng to \u1ea3nh, video m\u00e0 kh\u00f4ng h\u1ec1 gi\u1ea3m ch\u1ea5t l\u01b0\u1ee3ng.<\/p>\n<p>\u0110\u1ed1i v\u1edbi \u1ea3nh ch\u00e2n dung, hi\u1ec7u \u1ee9ng x\u00f3a ph\u00f4ng v\u00e0 t\u00e1ch bi\u1ec7t ph\u00f4ng n\u1ec1n r\u1ea5t m\u01b0\u1ee3t m\u00e0, t\u1ef1 nhi\u00ean. B\u1ea1n c\u0169ng c\u00f3 nh\u1eefng hi\u1ec7u \u1ee9ng \u00e1nh s\u00e1ng chu\u1ea9n studio \u0111\u1ec3 h\u00ecnh \u1ea3nh th\u00eam ph\u1ea7n ngh\u1ec7 thu\u1eadt.<\/p>\n<h3>Quay video x\u00f3a ph\u00f4ng chu\u1ea9n \u0111i\u1ec7n \u1ea3nh<\/h3>\n<p>Ch\u1ebf \u0111\u1ed9 \u0111i\u1ec7n \u1ea3nh Cinematic tr\u00ean iPhone 13 Pro c\u00f3 th\u1ec3 quay video x\u00f3a ph\u00f4ng v\u00e0 chuy\u1ec3n \u0111\u1ed5i l\u1ea5y n\u00e9t m\u01b0\u1ee3t m\u00e0 trong khung h\u00ecnh, cho s\u1ef1 s\u00e1ng t\u1ea1o tr\u1edf n\u00ean chuy\u00ean nghi\u1ec7p h\u01a1n bao gi\u1edd h\u1ebft. B\u1ea1n c\u00f3 th\u1ec3 thay \u0111\u1ed5i, \u0111i\u1ec1u ch\u1ec9nh \u0111\u1ed9 l\u00e0m m\u1edd ph\u00f4ng n\u1ec1n c\u1ea3 tr\u01b0\u1edbc v\u00e0 sau khi quay video.<\/p>\n<p>Ch\u1ebf \u0111\u1ed9 Cinematic h\u1ed7 tr\u1ee3 t\u1ea5t c\u1ea3 camera bao g\u1ed3m 3 camera sau v\u00e0 camera tr\u01b0\u1edbc, t\u01b0\u01a1ng th\u00edch h\u00ecnh \u1ea3nh Dolby Vision HDR. V\u1edbi iPhone 13 Pro, b\u1ea1n s\u1ebd \u0111\u00f3ng vai tr\u00f2 \u0111\u1ea1o di\u1ec5n, quay phim v\u00e0 t\u1ef1 m\u00ecnh s\u00e1ng t\u1ea1o nh\u1eefng \u0111o\u1ea1n phim hi\u1ec7u \u1ee9ng chi\u1ec1u s\u00e2u th\u00fa v\u1ecb chu\u1ea9n \u0111i\u1ec7n \u1ea3nh m\u1ed9t c\u00e1ch d\u1ec5 d\u00e0ng.<\/p>\n<h3>B\u1ed9 l\u1ecdc m\u00e0u th\u00f4ng minh<\/h3>\n<p>Tr\u00ean iPhone 13 Pro c\u00f3 r\u1ea5t nhi\u1ec1u b\u1ed9 l\u1ecdc m\u00e0u, \u0111i\u1ec1u ch\u1ec9nh t\u00f4ng m\u00e0u m\u1ed9t c\u00e1ch t\u1ef1 nhi\u00ean cho phong c\u1ea3nh b\u1ea1n \u0111ang ch\u1ee5p. B\u1ea1n c\u00f3 th\u1ec3 nhanh ch\u00f3ng \u00e1p d\u1ee5ng nh\u1eefng b\u1ed9 l\u1ecdc m\u00e0u s\u1eb5n, ho\u1eb7c tinh ch\u1ec9nh s\u00e2u h\u01a1n \u0111\u1ec3 c\u00f3 \u0111\u01b0\u1ee3c b\u1ee9c \u1ea3nh ho\u00e0n to\u00e0n \u01b0ng \u00fd. Ch\u1ec9 c\u1ea7n v\u00e0i thao t\u00e1c \u0111\u01a1n gi\u1ea3n, nh\u1eefng b\u1ee9c \u1ea3nh c\u1ee7a b\u1ea1n s\u1ebd s\u1ed1ng \u0111\u1ed9ng h\u01a1n r\u1ea5t nhi\u1ec1u, nh\u01b0 ch\u1ee5p v\u00e0 ch\u1ec9nh s\u1eeda b\u1edfi c\u00e1c nhi\u1ebfp \u1ea3nh gia th\u1ee9 thi\u1ec7t.<\/p>\n<h3>Ch\u1ebf \u0111\u1ed9 ch\u1ec9nh s\u1eeda video chuy\u00ean nghi\u1ec7p<\/h3>\n<p>iPhone 13 Pro l\u00e0 chi\u1ebfc \u0111i\u1ec7n tho\u1ea1i \u0111\u1ea7u ti\u00ean c\u00f3 kh\u1ea3 n\u0103ng s\u1ea3n xu\u1ea5t video chuy\u00ean nghi\u1ec7p t\u1eeb quay, d\u1ef1ng v\u00e0 ch\u1ec9nh s\u1eeda trong ch\u1ebf \u0111\u1ed9 ProRes. \u0110\u00e2y l\u00e0 ch\u1ebf \u0111\u1ed9 cho ph\u00e9p b\u1ea1n th\u1ef1c hi\u1ec7n nh\u1eefng d\u1ef1 \u00e1n video ph\u1ee9c t\u1ea1p v\u1edbi nhi\u1ec1u t\u00ednh n\u0103ng chuy\u00ean s\u00e2u, d\u1ec5 d\u00e0ng ch\u1ec9nh s\u1eeda tr\u00ean \u1ee9ng d\u1ee5ng Final Cut Pro c\u1ee7a m\u00e1y t\u00ednh Mac. Ch\u1ec9 m\u1ed9t chi\u1ebfc \u0111i\u1ec7n tho\u1ea1i nh\u1ecf g\u1ecdn, b\u1ea1n c\u00f3 th\u1ec3 t\u1ea1o ra c\u00e1c \u0111o\u1ea1n phim, vlog ch\u1ea5t l\u01b0\u1ee3ng chuy\u00ean nghi\u1ec7p.<\/p>\n<h3>Camera selfie \u0111\u1ec9nh cao<\/h3>\n<p>Camera tr\u01b0\u1edbc c\u1ee7a iPhone 13 Pro c\u0169ng kh\u00f4ng k\u00e9m ph\u1ea7n \u201cPro\u201d v\u1edbi \u0111\u1ed9 ph\u00e2n gi\u1ea3i cao 12MP v\u00e0 h\u1ed7 tr\u1ee3 to\u00e0n b\u1ed9 t\u00ednh n\u0103ng c\u00f3 m\u1eb7t tr\u00ean camera ch\u00ednh. T\u1eeb ch\u1ee5p \u1ea3nh ch\u00e2n dung, ch\u1ebf \u0111\u1ed9 ch\u1ee5p \u0111\u00eam, Smart HDR 4, Apple ProRAW cho \u0111\u1ebfn quay video 4K HDR Dolby Vision, video \u0111i\u1ec7n \u1ea3nh Cinematic hay c\u1ea3 video ProRes, t\u1ea5t c\u1ea3 \u0111\u1ec1u xu\u1ea5t hi\u1ec7n tr\u00ean camera tr\u01b0\u1edbc iPhone 13 Pro.<\/p>\n<p>Ngo\u00e0i ra c\u00f4ng ngh\u1ec7 TrueDepth c\u0169ng h\u1ed7 tr\u1ee3 t\u00ednh n\u0103ng nh\u1eadn di\u1ec7n khu\u00f4n m\u1eb7t Face ID, ph\u01b0\u01a1ng th\u1ee9c x\u00e1c th\u1ef1c sinh tr\u1eafc h\u1ecdc an to\u00e0n nh\u1ea5t tr\u00ean smartphone hi\u1ec7n nay.<\/p>\n<h3>M\u00e0n h\u00ecnh ProMotion 120Hz thay \u0111\u1ed5i cu\u1ed9c ch\u01a1i<\/h3>\n<p><img loading=\"lazy\" decoding=\"async\" class=\"size-full wp-image-2574 aligncenter\" src=\"http:\/\/fixmobile.vn\/wp-content\/uploads\/2024\/10\/iphone_13_pro5.jpg\" alt=\"\" width=\"564\" height=\"317\" \/><\/p>\n<p>M\u1ed9t tr\u1ea3i nghi\u1ec7m ho\u00e0n to\u00e0n m\u1edbi tr\u00ean iPhone 13 Pro v\u1edbi m\u00e0n h\u00ecnh Super Retina XDR c\u00f4ng ngh\u1ec7 ProMotion. M\u00e0n h\u00ecnh s\u1ebd c\u00f3 t\u1ea7n s\u1ed1 l\u00e0m t\u01b0\u01a1i linh ho\u1ea1t t\u1eeb 10 \u0111\u1ebfn 120Hz t\u00f9y thu\u1ed9c v\u00e0o t\u00e1c v\u1ee5 b\u1ea1n \u0111ang s\u1eed d\u1ee5ng, mang t\u1edbi tr\u1ea3i nghi\u1ec7m m\u01b0\u1ee3t m\u00e0 h\u01a1n bao gi\u1edd h\u1ebft.<\/p>\n<p>T\u1ed1c \u0111\u1ed9 m\u00e0n h\u00ecnh s\u1ebd t\u0103ng l\u00ean khi ch\u01a1i nh\u1eefng t\u1ef1a game \u0111\u1ed3 h\u1ecda cao v\u00e0 gi\u1ea3m xu\u1ed1ng \u0111\u1ec3 ti\u1ebft ki\u1ec7m n\u0103ng l\u01b0\u1ee3ng trong c\u00e1c t\u00e1c v\u1ee5 th\u00f4ng th\u01b0\u1eddng. M\u00e0n h\u00ecnh n\u00e0y th\u1eadm ch\u00ed c\u00f2n th\u00f4ng minh \u0111\u1ebfn m\u1ee9c \u0111\u1ec3 hi\u1ec7u \u1ee9ng m\u01b0\u1ee3t m\u00e0 d\u1ef1a theo t\u1ed1c \u0111\u1ed9 ng\u00f3n tay cu\u1ed9n trang c\u1ee7a b\u1ea1n. T\u1eebng thao t\u00e1c vu\u1ed1t ch\u1ea1m c\u1ee7a b\u1ea1n \u0111\u1ec1u tr\u1edf n\u00ean kh\u00e1c bi\u1ec7t tr\u00ean iPhone 13 Pro v\u00e0 m\u1ecdi th\u1ee9 c\u00f2n tuy\u1ec7t v\u1eddi h\u01a1n n\u1eefa khi ch\u01a1i game.<\/p>\n<h3>Ch\u1ea5t l\u01b0\u1ee3ng hi\u1ec3n th\u1ecb \u0111\u1eb9p m\u00e3n nh\u00e3n<\/h3>\n<p>M\u00e0n h\u00ecnh c\u1ee7a m\u1ed9t chi\u1ebfc iPhone Pro ch\u01b0a bao gi\u1edd l\u00e0m b\u1ea1n ph\u1ea3i th\u1ea5t v\u1ecdng. iPhone 13 Pro s\u1edf h\u1eefu m\u00e0n h\u00ecnh c\u00f4ng ngh\u1ec7 OLED t\u00f9y ch\u1ec9nh c\u1ee7a Apple, cho \u0111\u1ed9 ph\u00e2n gi\u1ea3i si\u00eau cao v\u00e0 m\u00e0u s\u1eafc ch\u00ednh x\u00e1c, ch\u00e2n th\u1ef1c \u0111\u1ebfn kh\u00f3 tin.<\/p>\n<p>\u0110\u1ed9 s\u00e1ng m\u00e0n h\u00ecnh \u0111\u01b0\u1ee3c t\u0103ng l\u00ean 25%, \u0111\u1ea1t t\u1edbi 1200 nits cho h\u00ecnh \u1ea3nh v\u00e0 n\u1ed9i dung HDR. \u0110\u1ed9 s\u00e2u m\u00e0u \u0111en v\u00e0 \u0111\u1ed9 s\u1eafc n\u00e9t tuy\u1ec7t v\u1eddi, gi\u00fap m\u1ecdi th\u1ee9 \u0111\u1ec1u tr\u1edf n\u00ean s\u1ed1ng \u0111\u1ed9ng, d\u00f9 l\u00e0 khi xem phim, ch\u01a1i game hay ch\u1ec9 l\u00e0 \u0111\u1ecdc v\u0103n b\u1ea3n. H\u1ec7 th\u1ed1ng camera TrueDepth tr\u00ean iPhone 13 Pro \u0111\u01b0\u1ee3c thu nh\u1ecf h\u01a1n th\u1ebf h\u1ec7 tr\u01b0\u1edbc, mang \u0111\u1ebfn nhi\u1ec1u kh\u00f4ng gian hi\u1ec3n th\u1ecb h\u01a1n.<\/p>\n<h3>Chi\u1ebfc \u0111i\u1ec7n tho\u1ea1i nhanh nh\u1ea5t th\u1ebf gi\u1edbi<\/h3>\n<p>Apple A15 Bionic tr\u00ean iPhone 13 Pro l\u00e0 b\u1ed9 vi x\u1eed l\u00fd nhanh nh\u1ea5t trong th\u1ebf gi\u1edbi smartphone hi\u1ec7n nay. CPU m\u1edbi cho hi\u1ec7u su\u1ea5t \u0111\u1ee7 \u0111\u1ec3 ch\u1ea1y nh\u1eefng t\u00e1c v\u1ee5 ph\u1ee9c t\u1ea1p trong ch\u1edbp m\u1eaft, \u0111\u1ed3ng th\u1eddi ti\u1ebft ki\u1ec7m n\u0103ng l\u01b0\u1ee3ng h\u01a1n. Hi\u1ec7u su\u1ea5t \u0111\u1ed3 h\u1ecda GPU nhanh h\u01a1n t\u1edbi 50% khi \u0111\u1eb7t c\u1ea1nh b\u1ea5t k\u1ef3 \u0111\u1ed1i th\u1ee7 n\u00e0o kh\u00e1c tr\u00ean th\u1ecb tr\u01b0\u1eddng.<\/p>\n<p>A15 Bionic c\u00f3 th\u1ec3 th\u1ef1c hi\u1ec7n t\u1edbi 15,8 ngh\u00ecn t\u1ec9 ph\u00e9p t\u00ednh m\u1ed7i gi\u00e2y, x\u1eed l\u00fd ch\u1ebf \u0111\u1ed9 Cinematic hay Smart HDR 4 m\u1ed9t c\u00e1ch m\u01b0\u1ee3t m\u00e0. B\u1ed9 x\u1eed l\u00fd h\u00ecnh \u1ea3nh m\u1edbi ISP gi\u00fap gi\u1ea3m nhi\u1ec5u, t\u0103ng c\u01b0\u1eddng \u0111\u1ed9 chi ti\u1ebft. A15 Bionic c\u00f2n t\u00edch h\u1ee3p c\u00e1c th\u00f4ng tin c\u00e1 nh\u00e2n nh\u01b0 d\u1eef li\u1ec7u Face ID, danh b\u1ea1 c\u1ee7a b\u1ea1n v\u00e0 b\u1ea3o v\u1ec7 m\u1ed9t c\u00e1ch an to\u00e0n tuy\u1ec7t \u0111\u1ed1i.<\/p>\n<h3>Th\u1eddi l\u01b0\u1ee3ng pin kh\u00f3 tin<\/h3>\n<p>iPhone 13 Pro l\u00e0 m\u1ed9t b\u01b0\u1edbc \u0111\u1ed9t ph\u00e1 v\u1ec1 th\u1eddi l\u01b0\u1ee3ng pin v\u1edbi kh\u1ea3 n\u0103ng xem video li\u00ean t\u1ee5c l\u00ean t\u1edbi 22 gi\u1edd \u0111\u1ed3ng h\u1ed3. S\u1ef1 k\u1ebft h\u1ee3p gi\u1eefa b\u1ed9 vi x\u1eed l\u00fd A15 m\u1edbi, vi\u00ean pin dung l\u01b0\u1ee3ng cao h\u01a1n v\u00e0 t\u1ea5m n\u1ec1n m\u00e0n h\u00ecnh ti\u1ebft ki\u1ec7m n\u0103ng l\u01b0\u1ee3ng h\u01a1n cho th\u1eddi l\u01b0\u1ee3ng pin xu\u1ea5t s\u1eafc nh\u1ea5t t\u1eeb tr\u01b0\u1edbc \u0111\u1ebfn nay.<\/p>\n<p>B\u1ea1n c\u00f3 th\u1ec3 tho\u1ea3i m\u00e1i tr\u1ea3i nghi\u1ec7m trong hai ng\u00e0y m\u1edbi c\u1ea7n ph\u1ea3i s\u1ea1c. Qu\u00e1 tr\u00ecnh s\u1ea1c pin c\u0169ng r\u1ea5t nhanh ch\u00f3ng v\u1edbi c\u00f4ng ngh\u1ec7 s\u1ea1c nhanh, ch\u1ec9 m\u1ea5t 30 ph\u00fat \u0111\u1ec3 s\u1ea1c \u0111\u1ea7y 50% pin.<\/p>\n<h3>M\u1ea1ng 5G si\u00eau t\u1ed1c<\/h3>\n<p>H\u1ea7u h\u1ebft nh\u1eefng smartphone cao c\u1ea5p hi\u1ec7n nay \u0111\u1ec1u trang b\u1ecb k\u1ebft n\u1ed1i m\u1ea1ng 5G, nh\u01b0ng iPhone 13 Pro m\u1edbi l\u00e0 chi\u1ebfc \u0111i\u1ec7n tho\u1ea1i c\u00f3 t\u1ed1c \u0111\u1ed9 m\u1ea1ng 5G nhanh nh\u1ea5t. Nh\u1edd trang b\u1ecb nhi\u1ec1u b\u0103ng t\u1ea7n 5G h\u01a1n, t\u01b0\u01a1ng th\u00edch v\u1edbi nhi\u1ec1u nh\u00e0 m\u1ea1ng h\u01a1n, iPhone 13 Pro lu\u00f4n cho t\u1ed1c \u0111\u1ed9 5G t\u1ed1i \u0111a. B\u1ea1n c\u00f3 th\u1ec3 t\u1ea3i nh\u1eefng t\u1ec7p tin n\u1eb7ng, xem phim 4K, truy\u1ec1n ph\u00e1t tr\u1ef1c ti\u1ebfp hay ch\u01a1i game tr\u1ef1c tuy\u1ebfn m\u00e0 kh\u00f4ng h\u1ec1 c\u00f3 \u0111\u1ed9 tr\u1ec5.<\/p>\n<p>&nbsp;<\/p>\n","protected":false},"excerpt":{"rendered":"<p>Iphone 13 Pro Th\u1ec3 hi\u1ec7n \u0111\u1eb3ng c\u1ea5p trong t\u1eebng \u0111\u01b0\u1eddng n\u00e9t S\u1ef1 cao c\u1ea5p to\u00e1t l\u00ean \u1edf m\u1ecdi chi ti\u1ebft l\u00e0 \u0111i\u1ec1u m\u00e0 b\u1ea1n c\u00f3 th\u1ec3 d\u1ec5 d\u00e0ng c\u1ea3m nh\u1eadn \u0111\u01b0\u1ee3c tr\u00ean iPhone 13 Pro. \u0110\u01b0\u1ee3c ch\u1ebf t\u00e1c t\u1eeb khung th\u00e9p kh\u00f4ng g\u1ec9 c\u1ee9ng c\u00e1p, b\u1ea3o v\u1ec7 m\u00e0n h\u00ecnh l\u00e0 m\u1eb7t g\u1ed1m Ceramic Shield si\u00eau&#8230;<\/p>\n","protected":false},"featured_media":2579,"comment_status":"open","ping_status":"closed","template":"","meta":{"rank_math_lock_modified_date":false},"product_cat":[15,383,387],"product_tag":[],"class_list":{"0":"post-2598","1":"product","2":"type-product","3":"status-publish","4":"has-post-thumbnail","6":"product_cat-dien-thoai","7":"product_cat-iphone","8":"product_cat-sua-iphone","10":"first","11":"instock","12":"shipping-taxable","13":"product-type-variable"},"_links":{"self":[{"href":"http:\/\/fixmobile.vn\/index.php?rest_route=\/wp\/v2\/product\/2598","targetHints":{"allow":["GET"]}}],"collection":[{"href":"http:\/\/fixmobile.vn\/index.php?rest_route=\/wp\/v2\/product"}],"about":[{"href":"http:\/\/fixmobile.vn\/index.php?rest_route=\/wp\/v2\/types\/product"}],"replies":[{"embeddable":true,"href":"http:\/\/fixmobile.vn\/index.php?rest_route=%2Fwp%2Fv2%2Fcomments&post=2598"}],"wp:featuredmedia":[{"embeddable":true,"href":"http:\/\/fixmobile.vn\/index.php?rest_route=\/wp\/v2\/media\/2579"}],"wp:attachment":[{"href":"http:\/\/fixmobile.vn\/index.php?rest_route=%2Fwp%2Fv2%2Fmedia&parent=2598"}],"wp:term":[{"taxonomy":"product_cat","embeddable":true,"href":"http:\/\/fixmobile.vn\/index.php?rest_route=%2Fwp%2Fv2%2Fproduct_cat&post=2598"},{"taxonomy":"product_tag","embeddable":true,"href":"http:\/\/fixmobile.vn\/index.php?rest_route=%2Fwp%2Fv2%2Fproduct_tag&post=2598"}],"curies":[{"name":"wp","href":"https:\/\/api.w.org\/{rel}","templated":true}]}}