{"id":2569,"date":"2024-10-09T19:40:51","date_gmt":"2024-10-09T12:40:51","guid":{"rendered":"https:\/\/fixmobile.vn\/?post_type=product&#038;p=2569"},"modified":"2025-11-09T08:55:28","modified_gmt":"2025-11-09T01:55:28","slug":"iphone-13-pro-max-128gb-chinh-hang-vn-a","status":"publish","type":"product","link":"http:\/\/fixmobile.vn\/?product=iphone-13-pro-max-128gb-chinh-hang-vn-a","title":{"rendered":"Iphone 13 Pro Max 128GB |Ch\u00ednh h\u00e3ng VN\/A"},"content":{"rendered":"<div class=\"description-container overflow-hidden\">\n<h1 style=\"text-align: center;\">Iphone 13 pro max<\/h1>\n<h3>\u0110\u1eafm ch\u00ecm trong kh\u00f4ng gian m\u00e0n h\u00ecnh l\u1edbn c\u1ef1c \u0111\u00e3<\/h3>\n<p><img loading=\"lazy\" decoding=\"async\" class=\"size-full wp-image-2570 aligncenter\" src=\"http:\/\/fixmobile.vn\/wp-content\/uploads\/2024\/10\/iphone_13_pro1.jpg\" alt=\"\" width=\"564\" height=\"317\" \/><\/p>\n<p>D\u00f9 l\u00e0 gi\u1ea3i tr\u00ed khi xem phim, ch\u01a1i game hay ki\u1ec3m tra email, \u0111\u1ecdc t\u00e0i li\u1ec7u th\u00ec m\u00e0n h\u00ecnh l\u1edbn t\u1edbi 6,7 inch c\u1ee7a iPhone 13 Pro Max c\u0169ng lu\u00f4n cho tr\u1ea3i nghi\u1ec7m tuy\u1ec7t v\u1eddi nh\u1ea5t.<\/p>\n<p>Kh\u00f4ng ch\u1ec9 l\u1edbn, \u0111\u00e2y c\u00f2n l\u00e0 m\u00e0n h\u00ecnh ch\u1ea5t l\u01b0\u1ee3ng h\u00e0ng \u0111\u1ea7u th\u1ebf gi\u1edbi smartphone v\u1edbi t\u1ea5m n\u1ec1n OLED tuy\u1ec7t \u0111\u1eb9p, c\u00f4ng ngh\u1ec7 Super Retina XDR si\u00eau n\u00e9t v\u00e0 \u0111\u1ed9 s\u00e1ng t\u1ed1i \u0111a \u0111\u1ea1t m\u1ee9c kh\u00f3 tin, l\u00ean t\u1edbi 1200 nits cho n\u1ed9i dung HDR. Tr\u01b0\u1edbc m\u1eaft b\u1ea1n l\u00e0 m\u1ed9t kh\u00f4ng gian gi\u1ea3i tr\u00ed m\u00e3n nh\u00e3n, m\u1ed9t thi\u1ebft b\u1ecb di \u0111\u1ed9ng l\u00fd t\u01b0\u1edfng \u0111\u1ec3 gi\u1ea3i quy\u1ebft nhanh c\u00f4ng vi\u1ec7c v\u1edbi m\u00e0n h\u00ecnh th\u1ef1c s\u1ef1 xu\u1ea5t s\u1eafc.<\/p>\n<h3>iPhone 13 Pro Max xanh l\u00e1 sang tr\u1ecdng, b\u00ed \u1ea9n<\/h3>\n<p>iPhone 13 Pro Max gi\u1edd \u0111\u00e2y \u0111\u00e3 kho\u00e1c l\u00ean m\u00e0u xanh l\u00e1 Alpine Green b\u00ed \u1ea9n m\u00e0 kh\u00f4ng k\u00e9m ph\u1ea7n sang tr\u1ecdng. S\u1eafc m\u00e0u m\u1edbi \u0111em l\u1ea1i c\u1ea3m nh\u1eadn m\u1edbi m\u1ebb m\u00e0 gi\u00fap b\u1ea1n c\u00f3 th\u00eam nhi\u1ec1u l\u1ef1a ch\u1ecdn khi s\u1eafm s\u1eeda cho b\u1ea3n th\u00e2n m\u1ed9t chi\u1ebfc iPhone cao c\u1ea5p th\u1ebf h\u1ec7 m\u1edbi. C\u1ea7m iPhone 13 Pro Max m\u00e0u xanh l\u00e1\u00a0tr\u00ean tay, b\u1ea1n s\u1ebd c\u00f3 c\u1ea3m gi\u00e1c nh\u01b0 \u0111ang s\u1eed d\u1ee5ng phi\u00ean b\u1ea3n gi\u1edbi h\u1ea1n c\u1ee7a s\u1ea3n ph\u1ea9m n\u00e0y.<\/p>\n<h3>B\u01b0\u1edbc nh\u1ea3y v\u1ecdt v\u1ec1 th\u1eddi l\u01b0\u1ee3ng pin<\/h3>\n<p>D\u00f2ng iPhone Pro Max lu\u00f4n \u0111\u01b0\u1ee3c ng\u01b0\u1eddi d\u00f9ng y\u00eau th\u00edch nh\u1edd th\u1eddi l\u01b0\u1ee3ng pin si\u00eau d\u00e0i, tuy nhi\u00ean iPhone 13 Pro Max c\u00f2n l\u00e0m \u0111\u01b0\u1ee3c nhi\u1ec1u h\u01a1n th\u1ebf. Dung l\u01b0\u1ee3ng pin l\u1edbn h\u01a1n, m\u00e0n h\u00ecnh m\u1edbi v\u00e0 b\u1ed9 vi x\u1eed l\u00fd Apple A15 Bionic ti\u1ebft ki\u1ec7m \u0111i\u1ec7n h\u01a1n gi\u00fap n\u00f3\u00a0tr\u1edf th\u00e0nh chi\u1ebfc\u00a0iPhone\u00a0c\u00f3 th\u1eddi l\u01b0\u1ee3ng pin t\u1ed1t nh\u1ea5t t\u1eeb tr\u01b0\u1edbc \u0111\u1ebfn nay.<\/p>\n<p>So v\u1edbi\u00a0iPhone 12 Pro Max, iPhone 13 Pro Max c\u00f3 th\u1eddi gian s\u1eed d\u1ee5ng d\u00e0i h\u01a1n 2,5 gi\u1edd. B\u1ea1n s\u1ebd c\u1ea3m nh\u1eadn r\u00f5 s\u1ef1 kh\u00e1c bi\u1ec7t khi s\u1eed d\u1ee5ng th\u1ef1c t\u1ebf, th\u1eddi l\u01b0\u1ee3ng pin iPhone 13 Pro Max th\u1eadm ch\u00ed c\u00f2n c\u00f3 th\u1ec3 k\u00e9o d\u00e0i \u0111\u1ebfn ng\u00e0y th\u1ee9 3 v\u1edbi nhu c\u1ea7u s\u1eed d\u1ee5ng th\u00f4ng th\u01b0\u1eddng.<\/p>\n<h3>Sang tr\u1ecdng, l\u1ecbch l\u00e3m v\u00e0 qu\u00fd ph\u00e1i<\/h3>\n<p>iPhone 13 Pro Max c\u00f3 ki\u1ec3u d\u00e1ng sang tr\u1ecdng, th\u1eddi th\u01b0\u1ee3ng v\u00e0 s\u1ef1 tinh x\u1ea3o \u0111\u1ebfn t\u1eebng \u0111\u01b0\u1eddng n\u00e9t. Ph\u1ea7n khung m\u00e1y c\u1ee9ng c\u00e1p l\u00e0m t\u1eeb th\u00e9p kh\u00f4ng g\u1ec9 n\u1eb1m gi\u1eefa hai m\u1eb7t k\u00ednh cao c\u1ea5p, trong \u0111\u00f3 ph\u1ea7n k\u00ednh b\u1ea3o v\u1ec7 m\u00e0n h\u00ecnh c\u00f3 ch\u1ea5t li\u1ec7u g\u1ed1m si\u00eau c\u1ee9ng, v\u1eeba tuy\u1ec7t \u0111\u1eb9p, l\u1ea1i v\u1eeba v\u00f4 c\u00f9ng b\u1ec1n b\u1ec9.<\/p>\n<p><img loading=\"lazy\" decoding=\"async\" class=\"size-full wp-image-2571 aligncenter\" src=\"http:\/\/fixmobile.vn\/wp-content\/uploads\/2024\/10\/iphone_13_pro2.jpg\" alt=\"\" width=\"564\" height=\"377\" \/><\/p>\n<p>H\u01a1n n\u1eefa, \u0111i\u1ec7n tho\u1ea1i c\u00f2n c\u00f3 kh\u1ea3 n\u0103ng ch\u1ed1ng n\u01b0\u1edbc chu\u1ea9n IP68, cho ph\u00e9p b\u1ea1n s\u1eed d\u1ee5ng m\u00e0 kh\u00f4ng s\u1ee3 c\u00e1c nguy c\u01a1 nh\u01b0 \u0111\u1ed5 n\u01b0\u1edbc hay g\u1eb7p tr\u1eddi m\u01b0a. S\u1ebd c\u00f3 4 l\u1ef1a ch\u1ecdn m\u00e0u s\u1eafc d\u00e0nh cho iPhone 13 Pro Max l\u00e0 X\u00e1m, V\u00e0ng, Tr\u1eafng v\u00e0 Xanh Sierra, t\u1ea5t c\u1ea3 c\u00e1c m\u00e0u \u0111\u1ec1u c\u00f3 kh\u00ed ch\u1ea5t ri\u00eang bi\u1ec7t, \u0111\u1eb3ng c\u1ea5p.<\/p>\n<h3>S\u1ee9c m\u1ea1nh c\u1ee7a h\u1ec7 th\u1ed1ng camera Pro m\u1edbi<\/h3>\n<p>C\u1ea3 3 camera tr\u00ean iPhone 13 Pro Max \u0111\u1ec1u s\u1eed d\u1ee5ng c\u1ea3m bi\u1ebfn m\u1edbi v\u1edbi ch\u1ea5t l\u01b0\u1ee3ng \u1ed1ng k\u00ednh h\u00e0ng \u0111\u1ea7u hi\u1ec7n nay. N\u1ed5i b\u1eadt nh\u1ea5t l\u00e0 camera ch\u00ednh c\u00f3 kh\u1ea9u \u0111\u1ed9 l\u00ean t\u1edbi f\/1.5, k\u00edch th\u01b0\u1edbc \u0111i\u1ec3m \u1ea3nh 1.9um, nh\u1eefng con s\u1ed1 kh\u00f3 tin \u0111\u1ed1i v\u1edbi m\u1ed9t chi\u1ebfc\u00a0\u0111i\u1ec7n tho\u1ea1i di \u0111\u1ed9ng, cho h\u00ecnh \u1ea3nh v\u00e0 video thi\u1ebfu s\u00e1ng t\u1ed1t h\u01a1n bao gi\u1edd h\u1ebft.<\/p>\n<p>Camera g\u00f3c si\u00eau r\u1ed9ng c\u0169ng \u0111\u01b0\u1ee3c n\u00e2ng c\u1ea5p v\u1edbi kh\u1ea9u \u0111\u1ed9 f\/1.8, c\u1ea3m bi\u1ebfn nhanh h\u01a1n, mang t\u1edbi nh\u1eefng b\u1ee9c \u1ea3nh g\u00f3c si\u00eau r\u1ed9ng t\u1ef1 nhi\u00ean v\u00e0 ch\u00e2n th\u1ef1c. Cu\u1ed1i c\u00f9ng l\u00e0 camera Tele h\u1ed7 tr\u1ee3 zoom quang h\u1ecdc 3x. \u0110\u1eb7c bi\u1ec7t, h\u1ec7 th\u1ed1ng ch\u1ed1ng rung quang h\u1ecdc k\u00e9p c\u00f3 m\u1eb7t tr\u00ean c\u1ea3 camera ch\u00ednh v\u00e0 camera Tele.<\/p>\n<h3>\u0110i\u1ec7n tho\u1ea1i \u0111\u1ea7u ti\u00ean tr\u00ean th\u1ebf gi\u1edbi c\u00f3 kh\u1ea3 n\u0103ng quay video macro<\/h3>\n<p>Camera g\u00f3c si\u00eau r\u1ed9ng c\u1ee7a si\u00eau ph\u1ea9m n\u00e0y\u00a0kh\u00f4ng ch\u1ec9 ch\u1ee5p \u0111\u01b0\u1ee3c nh\u1eefng h\u00ecnh \u1ea3nh khung h\u00ecnh r\u1ed9ng m\u00e0 c\u00f2n c\u00f3 kh\u1ea3 n\u0103ng l\u1ea5y n\u00e9t \u1edf kho\u1ea3ng c\u00e1ch ch\u1ec9 2cm, mang \u0111\u1ebfn t\u00ednh n\u0103ng macro \u0111\u1ea7y th\u00fa v\u1ecb. B\u1ea1n c\u00f3 th\u1ec3 nh\u00ecn r\u00f5 t\u1eebng chi ti\u1ebft nh\u1ecf nh\u01b0 nh\u1ee5y hoa, c\u00f4n tr\u00f9ng, \u0111\u1ed3ng xu, m\u1eb7t \u0111\u1ed3ng h\u1ed3,&#8230;<\/p>\n<p>\u1ea4n t\u01b0\u1ee3ng h\u01a1n n\u1eefa khi iPhone 13 Pro Max c\u00f2n c\u00f3 th\u1ec3 quay video macro, \u0111\u1ec3 b\u1ea1n c\u00f3 nh\u1eefng th\u01b0\u1edbc phim nh\u01b0 ch\u01b0\u01a1ng tr\u00ecnh truy\u1ec1n h\u00ecnh Discovery, l\u01b0u l\u1ea1i c\u1ea3nh thi\u00ean nhi\u00ean \u1edf g\u00f3c nh\u00ecn g\u1ea7n nh\u1ea5t.<\/p>\n<h3>Ch\u1ee5p \u0111\u00eam s\u00e1ng r\u00f5 nh\u01b0 ban ng\u00e0y<\/h3>\n<p><img loading=\"lazy\" decoding=\"async\" class=\"size-full wp-image-2572 aligncenter\" src=\"http:\/\/fixmobile.vn\/wp-content\/uploads\/2024\/10\/iphone_13_pro3.jpg\" alt=\"\" width=\"564\" height=\"317\" \/><\/p>\n<p>iPhone 13 Pro Max h\u1ed9i t\u1ee5 \u0111\u1ee7 nh\u1eefng y\u1ebfu t\u1ed1 \u0111\u1ec3 tr\u1edf th\u00e0nh chi\u1ebfc \u0111i\u1ec7n tho\u1ea1i ch\u1ee5p \u0111\u00eam xu\u1ea5t s\u1eafc nh\u1ea5t hi\u1ec7n nay. Kh\u1ea9u \u0111\u1ed9 v\u00e0 k\u00edch th\u01b0\u1edbc c\u1ea3m bi\u1ebfn si\u00eau l\u1edbn; m\u00e1y qu\u00e9t LiDAR chuy\u00ean d\u1ee5ng \u0111i c\u00f9ng chip x\u1eed l\u00fd h\u00ecnh \u1ea3nh ISP m\u1edbi t\u00edch h\u1ee3p tr\u00ean\u00a0Apple A15 Bionic\u00a0v\u00e0 thu\u1eadt to\u00e1n ph\u1ea7n m\u1ec1m th\u00f4ng minh gi\u00fap thu s\u00e1ng t\u1ed1t h\u01a1n t\u1edbi 2,2 l\u1ea7n \u1edf camera ch\u00ednh, h\u01a1n 92% \u1edf camera g\u00f3c si\u00eau r\u1ed9ng. H\u01a1n n\u1eefa, t\u1ea5t c\u1ea3 c\u00e1c camera tr\u00ean \u0111i\u1ec7n tho\u1ea1i\u00a0\u0111\u1ec1u c\u00f3 ch\u1ebf \u0111\u1ed9 ch\u1ee5p \u0111\u00eam, cho h\u00ecnh \u1ea3nh lu\u00f4n r\u00f5 n\u00e9t trong \u0111\u00eam t\u1ed1i.<\/p>\n<h3>\u0110i\u1ec1u k\u1ef3 di\u1ec7u t\u1eeb camera Tele<\/h3>\n<p>Camera Tele ch\u1ec9 c\u00f3 m\u1eb7t tr\u00ean d\u00f2ng iPhone Pro. V\u1edbi iPhone 13 Pro Max, camera Tele c\u00f3 th\u1ec3 zoom quang h\u1ecdc 3x, ph\u00f3ng to h\u00ecnh \u1ea3nh v\u00e0 video g\u1ea5p 3 l\u1ea7n nh\u01b0ng v\u1eabn gi\u1eef nguy\u00ean ch\u1ea5t l\u01b0\u1ee3ng. Camera Tele c\u00f2n tham gia v\u00e0o t\u00ednh n\u0103ng ch\u1ee5p \u1ea3nh ch\u00e2n dung x\u00f3a ph\u00f4ng, cho kh\u1ea3 n\u0103ng t\u00e1ch ph\u00f4ng n\u1ec1n m\u01b0\u1ee3t m\u00e0, n\u1ed5i b\u1eadt ch\u1ee7 th\u1ec3 m\u1ed9t c\u00e1ch t\u1ef1 nhi\u00ean, ch\u1ebf \u0111\u1ed9 ch\u00e2n dung \u0111\u00eam \u0111\u1ed9c \u0111\u00e1o. C\u00e1c hi\u1ec7u \u1ee9ng \u00e1nh s\u00e1ng chu\u1ea9n studio c\u00f3 s\u1eb5n c\u00f2n l\u00e0m b\u1ee9c \u1ea3nh c\u1ee7a b\u1ea1n tr\u1edf n\u00ean ngh\u1ec7 thu\u1eadt h\u01a1n.<\/p>\n<h3>Ch\u1ebf \u0111\u1ed9 quay video x\u00f3a ph\u00f4ng \u0111i\u1ec7n \u1ea3nh Cinematic<\/h3>\n<p>Gi\u1edd \u0111\u00e2y b\u1ea1n \u0111\u00e3 c\u00f3 th\u1ec3 s\u00e1ng t\u1ea1o nh\u1eefng th\u01b0\u1edbc phim ch\u1ea5t l\u01b0\u1ee3ng t\u01b0\u01a1ng \u0111\u01b0\u01a1ng c\u00e1c bom t\u1ea5n \u0111i\u1ec7n \u1ea3nh tr\u00ean chi\u1ebfc \u0111i\u1ec7n tho\u1ea1i iPhone 13 Pro Max. Ch\u1ebf \u0111\u1ed9\u00a0quay phim \u0111i\u1ec7n \u1ea3nh Cinemactic\u00a0c\u00f3 th\u1ec3 l\u1ea5y n\u00e9t v\u00e0o ch\u1ee7 th\u1ec3, \u0111\u1ed3ng th\u1eddi l\u00e0m m\u1edd h\u1eadu c\u1ea3nh v\u00e0 nh\u1eefng nh\u00e2n v\u1eadt kh\u00e1c trong khung h\u00ecnh. Th\u1eadm ch\u00ed c\u1ea3 trong v\u00e0 sau khi quay, b\u1ea1n c\u00f2n c\u00f3 th\u1ec3 \u0111\u1ed5i ch\u1ee7 th\u1ec3 l\u1ea5y n\u00e9t m\u1ed9t c\u00e1ch d\u1ec5 d\u00e0ng. Hi\u1ec7u \u1ee9ng chi\u1ec1u s\u00e2u c\u00f9ng h\u00ecnh \u1ea3nh n\u1ed5i b\u1eadt t\u1ea1o th\u00e0nh nh\u1eefng \u0111o\u1ea1n video \u0111\u1ea7y th\u00fa v\u1ecb v\u00e0 s\u1ed1ng \u0111\u1ed9ng.<\/p>\n<h3>Nhi\u1ebfp \u1ea3nh ch\u01b0a bao gi\u1edd d\u1ec5 d\u00e0ng \u0111\u1ebfn th\u1ebf<\/h3>\n<p><img loading=\"lazy\" decoding=\"async\" class=\"size-full wp-image-2573 aligncenter\" src=\"http:\/\/fixmobile.vn\/wp-content\/uploads\/2024\/10\/iphone_13_pro4.jpg\" alt=\"\" width=\"564\" height=\"317\" \/><\/p>\n<p>Ngo\u00e0i vi\u1ec7c ch\u1ee5p \u1ea3nh s\u1eafc n\u00e9t, flagship n\u00e0y\u00a0c\u00f2n c\u00f3 nh\u1eefng c\u00f4ng c\u1ee5 ch\u1ec9nh s\u1eeda \u1ea3nh \u0111\u01a1n gi\u1ea3n v\u00e0 hi\u1ec7u qu\u1ea3. Tr\u00ean \u0111i\u1ec7n tho\u1ea1i c\u00f3 s\u1eb5n r\u1ea5t nhi\u1ec1u b\u1ed9 l\u1ecdc m\u00e0u, \u0111\u01a1n gi\u1ea3n b\u1ea1n ch\u1ec9 c\u1ea7n vu\u1ed1t \u0111\u1ec3 xem tr\u01b0\u1edbc v\u00e0 \u00e1p d\u1ee5ng nh\u1eefng b\u1ed9 l\u1ecdc m\u00e0u kh\u00e1c nhau \u0111\u1ec3 c\u00f3 \u0111\u01b0\u1ee3c b\u1ee9c \u1ea3nh \u0111\u00fang nh\u01b0 \u00fd mu\u1ed1n. D\u00f9 l\u00e0 ch\u1ec9nh s\u1eeda \u0111\u01a1n gi\u1ea3n hay chuy\u00ean s\u00e2u, \u0111i\u1ec7n tho\u1ea1i\u00a0c\u0169ng \u0111\u00e1p \u1ee9ng m\u1ed9t c\u00e1ch ho\u00e0n h\u1ea3o \u0111\u1ec3 b\u1ea1n t\u1eadn h\u01b0\u1edfng c\u1ea3m gi\u00e1c nh\u01b0 l\u00e0 m\u1ed9t nhi\u1ebfp \u1ea3nh gia chuy\u00ean nghi\u1ec7p.<\/p>\n<h3>Quay, d\u1ef1ng, bi\u00ean t\u1eadp video ProRes<\/h3>\n<p>B\u1ea1n c\u00f3 th\u1ec3 s\u1ea3n xu\u1ea5t nh\u1eefng b\u1ed9 phim hay d\u1ef1 \u00e1n \u0111i\u1ec7n \u1ea3nh ch\u1ec9 b\u1eb1ng chi\u1ebfc iPhone 13 Pro Max. Ph\u1ea7n c\u1ee9ng m\u1ea1nh m\u1ebd, \u1ed1ng k\u00ednh camera h\u00e0ng \u0111\u1ea7u, nhi\u1ec1u t\u00ednh n\u0103ng v\u00e0 ch\u1ebf \u0111\u1ed9 ProRes ho\u00e0n to\u00e0n m\u1edbi cho ph\u00e9p b\u1ea1n quay, d\u1ef1ng, bi\u00ean t\u1eadp video hi\u1ec7u qu\u1ea3. Ch\u1ebf \u0111\u1ed9 ProRes v\u1edbi nhi\u1ec1u thi\u1ebft l\u1eadp chuy\u00ean s\u00e2u, c\u00f3 th\u1ec3 ch\u1ec9nh s\u1eeda \u1edf \u1ee9ng d\u1ee5ng Final Cut Pro tr\u00ean m\u00e1y t\u00ednh Mac, t\u1ea1o n\u00ean nh\u1eefng th\u01b0\u1edbc phim ch\u1ea5t l\u01b0\u1ee3ng \u0111\u00e1ng kinh ng\u1ea1c.<\/p>\n<h3>Selfie \u0111\u1eb3ng c\u1ea5p Pro Max<\/h3>\n<p>Kh\u00f4ng ch\u1ec9 \u0111\u01a1n thu\u1ea7n \u0111\u00f3ng vai tr\u00f2 selfie, camera tr\u01b0\u1edbc c\u1ee7a iPhone 13 Pro Max c\u00f2n t\u00edch h\u1ee3p \u0111\u1ea7y \u0111\u1ee7 nh\u1eefng t\u00ednh n\u0103ng cao c\u1ea5p c\u00f3 m\u1eb7t tr\u00ean camera ch\u00ednh. B\u1ea1n c\u00f3 th\u1ec3 ch\u1ee5p \u1ea3nh ch\u00e2n dung x\u00f3a ph\u00f4ng, ch\u1ebf \u0111\u1ed9 ch\u1ee5p \u0111\u00eam, Smart HDR 4, Apple ProRAW, quay video 4K HDR Dolby Vison, ch\u1ebf \u0111\u1ed9 \u0111i\u1ec7n \u1ea3nh Cinematic, video ProRes tr\u00ean camera tr\u01b0\u1edbc \u0111\u1ed9 ph\u00e2n gi\u1ea3i 12MP. C\u0169ng kh\u00f4ng th\u1ec3 kh\u00f4ng nh\u1eafc \u0111\u1ebfn t\u00ednh n\u0103ng nh\u1eadn di\u1ec7n khu\u00f4n m\u1eb7t Face ID an to\u00e0n v\u00e0 ti\u1ec7n l\u1ee3i b\u1eadc nh\u1ea5t th\u1ebf gi\u1edbi smartphone.<\/p>\n<h3>C\u1ea3m nh\u1eadn \u0111\u1ed9 m\u01b0\u1ee3t tr\u00ean t\u1eebng ng\u00f3n tay<\/h3>\n<p>iPhone 13 Pro Max l\u1ea7n \u0111\u1ea7u ti\u00ean tr\u00ecnh di\u1ec5n m\u00e0n h\u00ecnh ProMotion 120Hz si\u00eau m\u01b0\u1ee3t v\u1edbi t\u1ed1c \u0111\u1ed9 l\u00e0m t\u01b0\u01a1i nhanh g\u1ea5p \u0111\u00f4i c\u00e1c th\u1ebf h\u1ec7 tr\u01b0\u1edbc. T\u1ea5t c\u1ea3 nh\u1eefng g\u00ec tr\u00ean \u0111i\u1ec7n tho\u1ea1i, t\u1eeb hi\u1ec7u \u1ee9ng chuy\u1ec3n c\u1ea3nh cho \u0111\u1ebfn thao t\u00e1c vu\u1ed1t ch\u1ea1m \u0111\u1ec1u m\u01b0\u1ee3t m\u00e0 h\u01a1n bao gi\u1edd h\u1ebft.<\/p>\n<p>B\u1ea1n c\u00f3 th\u1ec3 c\u1ea3m nh\u1eadn r\u00f5 r\u1ec7t k\u1ec3 c\u1ea3 khi s\u1eed d\u1ee5ng nh\u1eefng t\u00e1c v\u1ee5 th\u00f4ng th\u01b0\u1eddng hay ch\u01a1i game n\u1eb7ng. Th\u1eadm ch\u00ed m\u00e0n h\u00ecnh c\u1ee7a n\u00f3\u00a0c\u00f2n t\u1ef1 \u0111\u1ed9ng \u0111i\u1ec1u ch\u1ec9nh t\u1ea7n s\u1ed1 qu\u00e9t linh ho\u1ea1t t\u1eeb 10 \u0111\u1ebfn 120Hz d\u1ef1a theo t\u00e1c v\u1ee5 b\u1ea1n \u0111ang s\u1eed d\u1ee5ng, hi\u1ec7u \u1ee9ng chuy\u1ec3n c\u1ea3nh d\u1ef1a theo t\u1ed1c \u0111\u1ed9 ng\u00f3n tay cu\u1ed9n trang c\u1ee7a b\u1ea1n \u0111\u1ec3 m\u1ecdi th\u1ee9 m\u01b0\u1ee3t m\u00e0 \u0111\u1ebfn kh\u00f3 tin.<\/p>\n<h3>Hi\u1ec7u n\u0103ng kh\u00f4ng \u0111\u1ed1i th\u1ee7<\/h3>\n<p>Apple A14 Bionic cho \u0111\u1ebfn nay v\u1eabn l\u00e0 con chip m\u1ea1nh nh\u1ea5t th\u1ebf gi\u1edbi smartphone, v\u00ec th\u1ebf b\u1ea1n c\u00f3 th\u1ec3 h\u00ecnh dung \u0111\u01b0\u1ee3c Apple A15 Bionic\u00a0v\u1edbi nh\u1eefng n\u00e2ng c\u1ea5p \u0111\u1ed9t ph\u00e1 m\u1ea1nh m\u1ebd \u0111\u1ebfn m\u1ee9c n\u00e0o. So v\u1edbi c\u00e1c \u0111\u1ed1i th\u1ee7 hi\u1ec7n t\u1ea1i tr\u00ean th\u1ecb tr\u01b0\u1eddng, iPhone 13 Pro Max m\u1ea1nh h\u01a1n v\u1ec1 50% \u1edf c\u1ea3 CPU v\u00e0 GPU, m\u1ecdi t\u00e1c v\u1ee5 ph\u1ee9c t\u1ea1p \u0111\u1ec1u \u0111\u01b0\u1ee3c x\u1eed l\u00fd trong ch\u1edbp m\u1eaft, m\u1ecdi game n\u1eb7ng \u0111\u1ec1u \u0111\u01b0\u1ee3c t\u00e1i hi\u1ec7n v\u1edbi \u0111\u1ed3 h\u1ecda s\u1ed1ng \u0111\u1ed9ng v\u00e0 m\u01b0\u1ee3t m\u00e0.<\/p>\n<p><img loading=\"lazy\" decoding=\"async\" class=\"size-full wp-image-2574 aligncenter\" src=\"http:\/\/fixmobile.vn\/wp-content\/uploads\/2024\/10\/iphone_13_pro5.jpg\" alt=\"\" width=\"564\" height=\"317\" \/><\/p>\n<p>Kh\u00f4ng ch\u1ec9 mang \u0111\u1ebfn t\u1ed1c \u0111\u1ed9 cao, Apple A15 Bionic c\u00f2n t\u00edch h\u1ee3p b\u1ed9 x\u1eed l\u00fd h\u00ecnh \u1ea3nh m\u1edbi ISP; b\u1ea3o m\u1eadt an to\u00e0n d\u1eef li\u1ec7u Face ID, c\u00e1c th\u00f4ng tin c\u00e1 nh\u00e2n; h\u1ed7 tr\u1ee3 tr\u00ed tu\u1ec7 nh\u00e2n t\u1ea1o v\u1edbi 15,8 ngh\u00ecn t\u1ec9 ph\u00e9p t\u00ednh m\u1ed7i gi\u00e2y, cho ph\u00e9p ch\u1ea1y c\u00e1c t\u00ednh n\u0103ng nh\u01b0 Cinematic hay Smart HDR 4 tr\u01a1n tru v\u00e0 \u1ed5n \u0111\u1ecbnh.<\/p>\n<h3>T\u1ed1c \u0111\u1ed9 m\u1ea1ng 5G nhanh nh\u1ea5t<\/h3>\n<p>Th\u00eam m\u1ed9t c\u00e1i nh\u1ea5t n\u1eefa d\u00e0nh cho si\u00eau ph\u1ea9m n\u00e0y, \u0111\u00e2y l\u00e0 chi\u1ebfc \u0111i\u1ec7n tho\u1ea1i c\u00f3 t\u1ed1c \u0111\u1ed9 m\u1ea1ng 5G nhanh nh\u1ea5t th\u1ebf gi\u1edbi hi\u1ec7n t\u1ea1i. V\u1edbi vi\u1ec7c trang b\u1ecb nhi\u1ec1u b\u0103ng t\u1ea7n 5G, t\u01b0\u01a1ng th\u00edch v\u1edbi nhi\u1ec1u nh\u00e0 m\u1ea1ng \u1edf c\u00e1c qu\u1ed1c gia kh\u00e1c nhau, iPhone 13 Pro Max lu\u00f4n cho t\u1ed1c \u0111\u1ed9 m\u1ea1ng t\u1ed1i \u0111a. B\u1ea1n c\u00f3 th\u1ec3 xem phim 4K m\u01b0\u1ee3t m\u00e0, t\u1ea3i t\u1ec7p tin trong ch\u1edbp m\u1eaft, ch\u01a1i game online kh\u00f4ng \u0111\u1ed9 tr\u1ec5 \u1edf b\u1ea5t c\u1ee9 \u0111\u00e2u.<\/p>\n<p>&nbsp;<\/p>\n<\/div>\n<div class=\"flex justify-center\"><\/div>\n","protected":false},"excerpt":{"rendered":"<p>Iphone 13 pro max \u0110\u1eafm ch\u00ecm trong kh\u00f4ng gian m\u00e0n h\u00ecnh l\u1edbn c\u1ef1c \u0111\u00e3 D\u00f9 l\u00e0 gi\u1ea3i tr\u00ed khi xem phim, ch\u01a1i game hay ki\u1ec3m tra email, \u0111\u1ecdc t\u00e0i li\u1ec7u th\u00ec m\u00e0n h\u00ecnh l\u1edbn t\u1edbi 6,7 inch c\u1ee7a iPhone 13 Pro Max c\u0169ng lu\u00f4n cho tr\u1ea3i nghi\u1ec7m tuy\u1ec7t v\u1eddi nh\u1ea5t. Kh\u00f4ng ch\u1ec9 l\u1edbn, \u0111\u00e2y c\u00f2n&#8230;<\/p>\n","protected":false},"featured_media":2579,"comment_status":"open","ping_status":"closed","template":"","meta":{"rank_math_lock_modified_date":false},"product_cat":[15,383,387],"product_tag":[],"class_list":{"0":"post-2569","1":"product","2":"type-product","3":"status-publish","4":"has-post-thumbnail","6":"product_cat-dien-thoai","7":"product_cat-iphone","8":"product_cat-sua-iphone","10":"first","11":"instock","12":"shipping-taxable","13":"product-type-variable"},"_links":{"self":[{"href":"http:\/\/fixmobile.vn\/index.php?rest_route=\/wp\/v2\/product\/2569","targetHints":{"allow":["GET"]}}],"collection":[{"href":"http:\/\/fixmobile.vn\/index.php?rest_route=\/wp\/v2\/product"}],"about":[{"href":"http:\/\/fixmobile.vn\/index.php?rest_route=\/wp\/v2\/types\/product"}],"replies":[{"embeddable":true,"href":"http:\/\/fixmobile.vn\/index.php?rest_route=%2Fwp%2Fv2%2Fcomments&post=2569"}],"wp:featuredmedia":[{"embeddable":true,"href":"http:\/\/fixmobile.vn\/index.php?rest_route=\/wp\/v2\/media\/2579"}],"wp:attachment":[{"href":"http:\/\/fixmobile.vn\/index.php?rest_route=%2Fwp%2Fv2%2Fmedia&parent=2569"}],"wp:term":[{"taxonomy":"product_cat","embeddable":true,"href":"http:\/\/fixmobile.vn\/index.php?rest_route=%2Fwp%2Fv2%2Fproduct_cat&post=2569"},{"taxonomy":"product_tag","embeddable":true,"href":"http:\/\/fixmobile.vn\/index.php?rest_route=%2Fwp%2Fv2%2Fproduct_tag&post=2569"}],"curies":[{"name":"wp","href":"https:\/\/api.w.org\/{rel}","templated":true}]}}