{"id":2542,"date":"2024-10-05T22:55:25","date_gmt":"2024-10-05T15:55:25","guid":{"rendered":"https:\/\/fixmobile.vn\/?post_type=product&#038;p=2542"},"modified":"2025-11-09T08:56:52","modified_gmt":"2025-11-09T01:56:52","slug":"iphone-14-plus-256gb-chinh-hang-vn-a","status":"publish","type":"product","link":"http:\/\/fixmobile.vn\/?product=iphone-14-plus-256gb-chinh-hang-vn-a","title":{"rendered":"Iphone 14 Plus 256GB| Ch\u00ednh h\u00e3ng VN\/A"},"content":{"rendered":"<h1 style=\"text-align: center;\">Iphone 14 Plus<\/h1>\n<h3>Thi\u1ebft k\u1ebf cao c\u1ea5p v\u00e0 b\u1ec1n b\u1ec9<\/h3>\n<p>iPhone 14 Plus \u0111\u01b0\u1ee3c ho\u00e0n thi\u1ec7n cao c\u1ea5p v\u1edbi khung nh\u00f4m v\u00e0 k\u00ednh Ceramic Shield ch\u1eafc ch\u1eafn c\u00f3 kh\u1ea3 n\u0103ng ch\u1ed1ng tr\u1ea7y x\u01b0\u1edbc, va \u0111\u1eadp c\u1ef1c t\u1ed1t. K\u1ebft h\u1ee3p \u0111\u00f3 l\u00e0 thi\u1ebft k\u1ebf vu\u00f4ng v\u1ee9c h\u1ee3p xu h\u01b0\u1edbng, cho t\u1ed5ng th\u1ec3 hi\u1ec7n \u0111\u1ea1i. \u0110\u1ed3ng th\u1eddi, b\u1ea1n c\u0169ng ho\u00e0n to\u00e0n y\u00ean t\u00e2m s\u1eed d\u1ee5ng \u0111i\u1ec7n tho\u1ea1i trong nhi\u1ec1u \u0111i\u1ec1u ki\u1ec7n m\u00f4i tr\u01b0\u1eddng khi iPhone 14 Plus c\u00f3 s\u1ef1 g\u00f3p m\u1eb7t c\u1ee7a chu\u1ea9n ch\u1ed1ng n\u01b0\u1edbc\/ b\u1ee5i IP68, c\u00f3 th\u1ec3 ng\u00e2m n\u01b0\u1edbc \u1edf \u0111\u1ed9 s\u00e2u t\u1ed1i \u0111a 6m trong v\u00f2ng 30 ph\u00fat.<\/p>\n<p><img loading=\"lazy\" decoding=\"async\" class=\"size-full wp-image-2529 aligncenter\" src=\"http:\/\/fixmobile.vn\/wp-content\/uploads\/2024\/10\/ip_14_plus.jpg\" alt=\"\" width=\"564\" height=\"376\" \/><\/p>\n<h3>N\u00e9t \u0111\u1eb9p t\u1eeb s\u1eafc m\u00e0u th\u1eddi th\u01b0\u1ee3ng<\/h3>\n<p>Mang t\u1edbi nh\u1eefng s\u1eafc m\u00e0u trendy nh\u01b0ng kh\u00f4ng k\u00e9m ph\u1ea7n sang tr\u1ecdng v\u00e0 tinh t\u1ebf, iPhone 14 Plus th\u1ec3 hi\u1ec7n n\u00e9t \u0111\u1eb9p c\u00f4ng ngh\u1ec7 \u1ea5n t\u01b0\u1ee3ng, d\u1ec5 d\u00e0ng chinh ph\u1ee5c b\u1ea5t c\u1ee9 ng\u01b0\u1eddi d\u00f9ng n\u00e0o. Trong \u0111\u00f3 hai phi\u00ean b\u1ea3n m\u00e0u m\u1edbi l\u00e0 xanh d\u01b0\u01a1ng v\u00e0 t\u00edm, b\u00ean c\u1ea1nh c\u00e1c m\u00e0u \u0111\u01b0\u1ee3c y\u00eau th\u00edch tr\u01b0\u1edbc \u0111\u00e2y l\u00e0 tr\u1eafng, \u0111en v\u00e0 \u0111\u1ecf. N\u0103m m\u00e0u s\u1eafc &#8211; n\u0103m c\u00e1 t\u00ednh, iPhone 14 Plus l\u00e0 tuy\u00ean ng\u00f4n s\u1eafc m\u00e0u, gi\u00fap b\u1ea1n th\u1ec3 hi\u1ec7n phong c\u00e1ch mang \u0111\u1eadm d\u1ea5u \u1ea5n c\u00e1 nh\u00e2n. H\u00e3y ch\u1ecdn m\u00e0u y\u00eau th\u00edch v\u00e0 s\u1eb5n s\u00e0ng khoe c\u00e1 t\u00ednh.<\/p>\n<p><img loading=\"lazy\" decoding=\"async\" class=\"size-full wp-image-2524 aligncenter\" src=\"http:\/\/fixmobile.vn\/wp-content\/uploads\/2024\/10\/ip_14_plus1.jpg\" alt=\"\" width=\"564\" height=\"376\" \/><\/p>\n<h3>Chi\u1ebfc iPhone m\u00e0n h\u00ecnh l\u1edbn nh\u1ea5t<\/h3>\n<p>T\u1eadn h\u01b0\u1edfng chi\u1ebfc iPhone m\u00e0n h\u00ecnh l\u1edbn nh\u1ea5t 6.7 inch, nhi\u1ec1u h\u01a1n 21% so v\u1edbi b\u1ea3n ti\u00eau chu\u1ea9n\u00a0iPhone 14, smartphone cho m\u1ecdi thao t\u00e1c di\u1ec5n ra d\u1ec5 d\u00e0ng v\u00e0 tho\u1ea3i m\u00e1i.<\/p>\n<p>Tr\u1ea3i nghi\u1ec7m c\u00f2n \u1ea5n t\u01b0\u1ee3ng v\u00e0 s\u1eafc n\u00e9t khi \u0111\u00e2y l\u00e0 m\u00e0n h\u00ecnh Super Retina XDR, gi\u00fap b\u1ea1n ch\u00ecm \u0111\u1eafm v\u00e0o kh\u00f4ng gian gi\u1ea3i tr\u00ed \u0111\u1ec9nh cao, c\u00e1c b\u1ed9 phim bom t\u1ea5n m\u00e3n nh\u00e3n v\u00e0 nh\u1eefng tr\u1eadn game b\u00f9ng n\u1ed5, \u0111\u00e1p \u1ee9ng tr\u1ecdn v\u1eb9n m\u1ecdi nhu c\u1ea7u c\u1ee7a ng\u01b0\u1eddi d\u00f9ng. Thi\u1ebft k\u1ebf c\u00f2n ch\u1ec9n chu v\u1edbi m\u00e0n h\u00ecnh si\u00eau m\u1ecfng v\u00e0 g\u1ecdn g\u00e0ng. C\u00f4ng ngh\u1ec7 True Tone c\u0169ng gi\u00fap b\u1ea3o v\u1ec7 m\u1eaft khi c\u00f3 kh\u1ea3 n\u0103ng \u0111i\u1ec1u ch\u1ec9nh m\u00e0n h\u00ecnh theo \u00e1nh s\u00e1ng c\u1ee7a m\u00f4i tr\u01b0\u1eddng hi\u1ec7n t\u1ea1i.<\/p>\n<h3>Th\u1eddi l\u01b0\u1ee3ng pin t\u1ed1t nh\u1ea5t t\u1eeb tr\u01b0\u1edbc \u0111\u1ebfn nay<\/h3>\n<p>iPhone 14 Plus c\u00f3 vi\u00ean pin t\u1ed1t nh\u1ea5t t\u1eeb tr\u01b0\u1edbc \u0111\u1ebfn nay, cho b\u1ea1n s\u1eed d\u1ee5ng tho\u1ea3i m\u00e1i. B\u1ea1n s\u1ebd kh\u00f4ng l\u1eafng lo v\u1ec1 vi\u1ec7c c\u1ea1n pin, m\u1ea5t k\u1ebft n\u1ed1i gi\u1eefa ng\u00e0y. M\u1ecdi tr\u1ea3i nghi\u1ec7m \u0111\u1ec1u li\u1ec1n m\u1ea1ch, n\u00e2ng cao hi\u1ec7u su\u1ea5t c\u00f4ng vi\u1ec7c l\u1eabn h\u1ecdc t\u1eadp cho b\u1ea1n.<\/p>\n<h3>Ch\u1ee5p \u1ea3nh \u0111\u00eam\u00a0xu\u1ea5t s\u1eafc<\/h3>\n<p>Camera 12MP + 12MP tr\u00ean iPhone 14 Plus v\u1edbi c\u1ea3i ti\u1ebfn s\u00e1ng gi\u00e1 v\u1ec1 kh\u1ea3 n\u0103ng ch\u1ee5p thi\u1ebfu s\u00e1ng, cho ph\u00e9p b\u1ea1n s\u1edf h\u1eefu nh\u1eefng t\u1ea5m \u1ea3nh s\u1eafc n\u00e9t, r\u00f5 r\u00e0ng v\u00e0 ch\u00e2n th\u1ef1c trong m\u1ecdi \u0111i\u1ec1u ki\u1ec7n.<\/p>\n<p>Theo \u0111\u00f3, camera ch\u00ednh c\u00f3 kh\u1ea9u \u0111\u1ed9 f\/1.5, k\u00edch th\u01b0\u1edbc \u0111i\u1ec3m \u1ea3nh 1.9 micromet v\u00e0 c\u00f3 ch\u1ed1ng rung quang h\u1ecdc OIS, cho ph\u00e9p thu s\u00e1ng h\u01a1n 49%. \u0110\u1ed1i v\u1edbi camera g\u00f3c si\u00eau r\u1ed9ng l\u00e0 kh\u1ea3 n\u0103ng ch\u1ee5p thi\u1ebfu s\u00e1ng h\u01a1n g\u1ea5p 2 l\u1ea7n.<\/p>\n<p><img loading=\"lazy\" decoding=\"async\" class=\"size-full wp-image-2525 aligncenter\" src=\"http:\/\/fixmobile.vn\/wp-content\/uploads\/2024\/10\/ip_14_plus2.jpg\" alt=\"\" width=\"564\" height=\"376\" \/><\/p>\n<p>Ch\u01b0a d\u1eebng l\u1ea1i, iPhone 14 Plus v\u1edbi c\u00f4ng ngh\u1ec7 Photonic Engine cho ph\u00e9p Deep Fusion, c\u1ea3i thi\u1ec7n hi\u1ec7u su\u1ea5t \u00e1nh s\u00e1ng v\u00e0 t\u00e1i t\u1ea1o m\u00e0u chu\u1ea9n x\u00e1c b\u1eb1ng c\u00e1ch k\u1ebft h\u1ee3p c\u00e1c pixel t\u1ed1t nh\u1ea5t t\u1eeb nhi\u1ec1u l\u1ea7n ph\u01a1i s\u00e1ng, gi\u00fap c\u00e1c t\u1ea5m \u1ea3nh \u0111\u1ea1t \u0111\u01b0\u1ee3c chi ti\u1ebft t\u1ed1t nh\u1ea5t.<\/p>\n<p>\u0110\u1ed3ng th\u1eddi, iPhone 14 Plus c\u00f2n c\u00f3 Ch\u1ebf \u0111\u1ed9 ban \u0111\u00eam t\u1ef1 \u0111\u1ed9ng s\u1ebd t\u1ef1 \u0111\u1ed9ng b\u1eadt khi ch\u1ee5p c\u00e1c \u1ea3nh v\u00e0o bu\u1ed5i t\u1ed1i khi c\u1ea7n thi\u1ebft, \u0111\u1ea3m b\u1ea3o \u1ea3nh \u0111\u1eb9p nh\u1ea5t c\u00f3 th\u1ec3.<\/p>\n<p>S\u1ef1 k\u1ebft h\u1ee3p ho\u00e0n h\u1ea3o c\u1ee7a b\u1ed9 \u0111\u00f4i camera v\u01b0\u1ee3t tr\u1ed9i v\u00e0 c\u00f4ng ngh\u1ec7 ti\u00ean ti\u1ebfn h\u00e0ng \u0111\u1ea7u, iPhone 14 Plus s\u1ebd gi\u00fap b\u1ea1n c\u00f3 t\u1ea5m \u1ea3nh xu\u1ea5t s\u1eafc d\u00f9 \u1edf b\u1ea5t k\u1ef3 \u0111\u00e2u, t\u1eeb t\u1ea5m \u1ea3nh trong nh\u1eefng bu\u1ed5i party s\u00f4i \u0111\u1ed9ng hay \u0111\u01b0\u1eddng ph\u1ed1 v\u1ec1 \u0111\u00eam huy\u1ec1n \u1ea3o.<\/p>\n<h3>Smart HDR 4 \u2013 b\u1ea1n v\u00e0 b\u1ea1n b\u00e8 \u0111\u1ec1u r\u1ea1ng ng\u1eddi<\/h3>\n<p>V\u1edbi Smart HDR 4, iPhone 14 Plus c\u00f3 th\u1ec3 nh\u1eadn di\u1ec7n t\u1ed1i \u0111a b\u1ed1n ng\u01b0\u1eddi trong \u1ea3nh \u0111\u1ec3 l\u1ea5y n\u00e9t v\u00e0 t\u1ef1 \u0111\u1ed9ng \u0111i\u1ec1u ch\u1ec9nh \u0111\u1ed9 t\u01b0\u01a1ng ph\u1ea3n, t\u00f4ng m\u00e0u da cho t\u1eebng ng\u01b0\u1eddi. B\u1ea1n v\u00e0 b\u1ea1n c\u1ee7a b\u1ea1n \u0111\u1ec1u s\u1ebd r\u1ea1ng ng\u1eddi trong khung h\u00ecnh.<\/p>\n<p><img loading=\"lazy\" decoding=\"async\" class=\"size-full wp-image-2526 aligncenter\" src=\"http:\/\/fixmobile.vn\/wp-content\/uploads\/2024\/10\/ip_14_plus3.jpg\" alt=\"\" width=\"564\" height=\"376\" \/><\/p>\n<h3>\u1ea2nh ch\u00e2n dung chuy\u00ean nghi\u1ec7p<\/h3>\n<p>Ch\u1ebf \u0111\u1ed9 ch\u00e2n dung tr\u00ean iPhone 14 Plus kh\u00f4ng ch\u1ec9 gi\u00fap b\u1ea1n t\u1ecfa s\u00e1ng v\u00e0 l\u00e0 t\u00e2m \u0111i\u1ec3m c\u1ee7a khung h\u00ecnh m\u00e0 \u1edf c\u00f2n mang t\u1edbi ch\u1ea5t \u1ea3nh chuy\u00ean nghi\u1ec7p. Theo \u0111\u00f3, iPhone 14 Plus c\u00f3 kh\u1ea3 n\u0103ng x\u00f3a ph\u00f4ng chu\u1ea9n x\u00e1c, l\u00e0m m\u1edd h\u1eadu c\u1ea3nh ngh\u1ec7 thu\u1eadt.<\/p>\n<h3>Th\u01b0\u1edbc phim m\u01b0\u1ee3t m\u00e0, chuy\u00ean nghi\u1ec7p trong t\u1ea7m tay<\/h3>\n<p>Th\u1ecfa s\u1ee9c s\u00e1ng t\u1ea1o n\u1ed9i dung video tr\u00ean iPhone 14 Plus v\u1edbi ch\u1ed1ng rung OIS v\u00e0 t\u00ednh n\u0103ng Action Mode. \u0110i\u1ec7n tho\u1ea1i cho nh\u1eefng th\u01b0\u1edbc phim chuy\u00ean nghi\u1ec7p s\u1eafc n\u00e9t, d\u00f9 b\u1ea1n \u0111ang di chuy\u1ec3n hay quay nh\u1eefng khung h\u00ecnh \u201cnh\u1ecdc nh\u1eb1n\u201d nhi\u1ec1u thao t\u00e1c.<\/p>\n<p>\u0110\u1ec3 c\u00f3 \u0111\u01b0\u1ee3c \u0111i\u1ec1u n\u00e0y, s\u1ef1 c\u00f3 m\u1eb7t c\u1ee7a OIS s\u1ebd c\u1ed1 \u0111\u1ecbnh khung h\u00ecnh v\u00e0 Action Mode t\u0103ng c\u01b0\u1eddng c\u01a1 ch\u1ebf ch\u1ed1ng rung. T\u1eeb \u0111\u00f3, iPhone 14 Plus d\u1ec5 d\u00e0ng h\u1ed7 tr\u1ee3 b\u1ea1n th\u1ef1c hi\u1ec7n nh\u1eefng video y\u00eau th\u00edch m\u1ed9t c\u00e1ch chuy\u00ean nghi\u1ec7p, ti\u1ec7n l\u1ee3i m\u00e0 kh\u00f4ng c\u1ea7n \u0111\u1ebfn c\u00e1c thi\u1ebft b\u1ecb c\u1ed3ng k\u1ec1nh kh\u00e1c.<\/p>\n<p>Kh\u00f4ng nh\u1eefng v\u1eady, Ch\u1ebf \u0111\u1ed9 \u0111i\u1ec7n \u1ea3nh c\u00f2n cho ph\u00e9p t\u1ef1 \u0111\u1ed9ng chuy\u1ec3n ti\u00eau \u0111i\u1ec3m, l\u1ea5y n\u00e9t ch\u1ee7 th\u1ec3 quan tr\u1ecdng nh\u1ea5t trong m\u1ed9t khung c\u1ea3nh. C\u00f3 th\u1ec3 n\u00f3i, m\u1ecdi chuy\u1ec3n \u0111\u1ed9ng c\u1ee7a b\u1ea1n \u0111\u1ec1u \u0111\u01b0\u1ee3c iPhone 14 Plus hi\u1ec3u r\u00f5 \u0111\u1ec3 mang t\u1edbi video \u01b0ng \u00fd, m\u00e0 kh\u00f4ng khi\u1ebfn b\u1ea1n b\u1eadn t\u00e2m qu\u00e1 nhi\u1ec1u \u0111\u1ec3 ch\u1ecdn l\u1ea5y n\u00e9t t\u1eebng ch\u1ee7 th\u1ec3 cho t\u1eebng khung h\u00ecnh. \u0110\u1eb7c bi\u1ec7t, b\u1ea1n c\u0169ng c\u00f3 th\u1ec3 quay video 4K \u1edf t\u1ed1c \u0111\u1ed9 24 khung h\u00ecnh\/gi\u00e2y \u2013 t\u1ed1c \u0111\u1ed9 khung h\u00ecnh chu\u1ea9n c\u1ee7a c\u00e1c c\u00e1c nh\u00e0 l\u00e0m phim.<\/p>\n<h3>Ch\u1ee5p selfie ho\u00e0n h\u1ea3o<\/h3>\n<p>D\u00f9 ch\u1ee5p c\u1eadn c\u1ea3nh hay ch\u1ee5p c\u00f9ng m\u1ecdi ng\u01b0\u1eddi, d\u00f9 ch\u1ee5p \u0111\u1ee7 s\u00e1ng hay thi\u1ebfu s\u00e1ng, iPhone 14 Plus \u0111\u1ec1u mang t\u1edbi t\u1ea5m \u1ea3nh selfie r\u1ea1ng ng\u1eddi v\u00e0 s\u1eafc n\u00e9t. \u0110\u1ec3 l\u00e0m \u0111\u01b0\u1ee3c \u0111i\u1ec1u n\u00e0y, Apple \u0111\u00e3 s\u1eed d\u1ee5ng camera tr\u01b0\u1edbc TrueDepth m\u1edbi, t\u00edch h\u1ee3p t\u00ednh n\u0103ng Autofocus (t\u1ef1 \u0111\u1ed9ng l\u1ea5y n\u00e9t) v\u00e0 kh\u1ea9u \u0111\u1ed9 l\u1edbn (f\/1.9) cho kh\u1ea3 n\u0103ng thu s\u00e1ng v\u00e0 chi ti\u1ebft nhi\u1ec1u h\u01a1n. Theo \u0111\u00f3, kh\u1ea3 n\u0103ng ch\u1ee5p thi\u1ebfu s\u00e1ng \u0111\u00e3 \u0111\u01b0\u1ee3c t\u1ed1t h\u01a1n, c\u1ee5 th\u1ec3 l\u00e0 hi\u1ec7u su\u1ea5t thu s\u00e1ng t\u1ed1t h\u01a1n 38%. T\u1eeb \u0111\u00f3, b\u1ea1n s\u1ebd s\u1edf h\u1eefu t\u1ea5m \u1ea3nh selfie r\u1ea1ng r\u1ee1 v\u1edbi nhi\u1ec1u chi ti\u1ebft, \u00edt nhi\u1ec5u v\u00e0 d\u1ec5 d\u00e0ng h\u1eadu k\u00ec.<\/p>\n<p><img loading=\"lazy\" decoding=\"async\" class=\"size-full wp-image-2527 aligncenter\" src=\"http:\/\/fixmobile.vn\/wp-content\/uploads\/2024\/10\/ip_14_plus4.jpg\" alt=\"\" width=\"564\" height=\"376\" \/><\/p>\n<p>Camera TrueDepth c\u0169ng h\u1ed7 tr\u1ee3 FaceID, gi\u00fap m\u1edf kh\u00f3a khu\u00f4n m\u1eb7t nhanh ch\u00f3ng v\u00e0 an to\u00e0n nh\u1ea5t tr\u00ean smartphone, gi\u00fap b\u1ea1n tr\u1ea3i nghi\u1ec7m \u0111i\u1ec7n tho\u1ea1i ti\u1ec7n l\u1ee3i nh\u1ea5t.<\/p>\n<h3>N\u1ed9i l\u1ef1c c\u1ef1c k\u00ec m\u1ea1nh m\u1ebd<\/h3>\n<p>iPhone 14 Plus s\u1edf h\u1eefu con chip si\u00eau c\u1ea5p Apple A15 Bionic, cho s\u1ee9c m\u1ea1nh v\u01b0\u1ee3t tr\u1ed9i, d\u1ec5 d\u00e0ng x\u1eed l\u00fd m\u1ecdi t\u00e1c v\u1ee5. Kh\u1ea3 n\u0103ng \u0111\u1ed3 h\u1ecda \u1ea5n t\u01b0\u1ee3ng h\u01a1n khi A15 Bionic tr\u00ean iPhone 14 Plus c\u00f3 5 l\u00f5i GPU, b\u1ea3n c\u0169 tr\u01b0\u1edbc \u0111\u00e2y l\u00e0 4 l\u00f5i GPU. T\u1eadn h\u01b0\u1edfng nh\u1eefng m\u00e0n game m\u00e3n nh\u00e3n v\u1edbi \u0111\u1ed3 h\u1ecda t\u1ed1t hay c\u00e1c \u1ee9ng AR tr\u1edf n\u00ean si\u00eau m\u01b0\u1ee3t h\u01a1n, b\u1ea1n s\u1ebd th\u1ea5y s\u1ef1 kh\u00e1c bi\u1ec7t tr\u00ean th\u1ebf h\u1ec7 iPhone 14. \u0110\u1ed3ng th\u1eddi, Apple c\u00f2n t\u1ed1i \u01b0u chip \u0111\u1ec3 t\u1ea3n nhi\u1ec7t t\u1ed1t h\u01a1n, gi\u00fap b\u1ea1n s\u1eed d\u1ee5ng tho\u1ea3i m\u00e1i trong th\u1eddi gian d\u00e0i.<\/p>\n<p><img loading=\"lazy\" decoding=\"async\" class=\"size-full wp-image-2528 aligncenter\" src=\"http:\/\/fixmobile.vn\/wp-content\/uploads\/2024\/10\/ip_14_plus5.jpg\" alt=\"\" width=\"564\" height=\"376\" \/><\/p>\n","protected":false},"excerpt":{"rendered":"<p>Iphone 14 Plus Thi\u1ebft k\u1ebf cao c\u1ea5p v\u00e0 b\u1ec1n b\u1ec9 iPhone 14 Plus \u0111\u01b0\u1ee3c ho\u00e0n thi\u1ec7n cao c\u1ea5p v\u1edbi khung nh\u00f4m v\u00e0 k\u00ednh Ceramic Shield ch\u1eafc ch\u1eafn c\u00f3 kh\u1ea3 n\u0103ng ch\u1ed1ng tr\u1ea7y x\u01b0\u1edbc, va \u0111\u1eadp c\u1ef1c t\u1ed1t. K\u1ebft h\u1ee3p \u0111\u00f3 l\u00e0 thi\u1ebft k\u1ebf vu\u00f4ng v\u1ee9c h\u1ee3p xu h\u01b0\u1edbng, cho t\u1ed5ng th\u1ec3 hi\u1ec7n \u0111\u1ea1i. \u0110\u1ed3ng th\u1eddi,&#8230;<\/p>\n","protected":false},"featured_media":2535,"comment_status":"open","ping_status":"closed","template":"","meta":{"rank_math_lock_modified_date":false},"product_cat":[15,383,387],"product_tag":[],"class_list":{"0":"post-2542","1":"product","2":"type-product","3":"status-publish","4":"has-post-thumbnail","6":"product_cat-dien-thoai","7":"product_cat-iphone","8":"product_cat-sua-iphone","10":"first","11":"instock","12":"shipping-taxable","13":"purchasable","14":"product-type-variable"},"_links":{"self":[{"href":"http:\/\/fixmobile.vn\/index.php?rest_route=\/wp\/v2\/product\/2542","targetHints":{"allow":["GET"]}}],"collection":[{"href":"http:\/\/fixmobile.vn\/index.php?rest_route=\/wp\/v2\/product"}],"about":[{"href":"http:\/\/fixmobile.vn\/index.php?rest_route=\/wp\/v2\/types\/product"}],"replies":[{"embeddable":true,"href":"http:\/\/fixmobile.vn\/index.php?rest_route=%2Fwp%2Fv2%2Fcomments&post=2542"}],"wp:featuredmedia":[{"embeddable":true,"href":"http:\/\/fixmobile.vn\/index.php?rest_route=\/wp\/v2\/media\/2535"}],"wp:attachment":[{"href":"http:\/\/fixmobile.vn\/index.php?rest_route=%2Fwp%2Fv2%2Fmedia&parent=2542"}],"wp:term":[{"taxonomy":"product_cat","embeddable":true,"href":"http:\/\/fixmobile.vn\/index.php?rest_route=%2Fwp%2Fv2%2Fproduct_cat&post=2542"},{"taxonomy":"product_tag","embeddable":true,"href":"http:\/\/fixmobile.vn\/index.php?rest_route=%2Fwp%2Fv2%2Fproduct_tag&post=2542"}],"curies":[{"name":"wp","href":"https:\/\/api.w.org\/{rel}","templated":true}]}}