{"id":2508,"date":"2024-10-04T16:20:13","date_gmt":"2024-10-04T09:20:13","guid":{"rendered":"https:\/\/fixmobile.vn\/?post_type=product&#038;p=2508"},"modified":"2024-11-29T21:41:06","modified_gmt":"2024-11-29T14:41:06","slug":"iphone-14-pro-256gbchinh-hang-vn-a","status":"publish","type":"product","link":"http:\/\/fixmobile.vn\/?product=iphone-14-pro-256gbchinh-hang-vn-a","title":{"rendered":"Iphone 14 Pro 256GB|Ch\u00ednh h\u00e3ng VN\/A"},"content":{"rendered":"<h1 style=\"text-align: center;\">Iphone 14 Pro<\/h1>\n<h3>Thi\u1ebft k\u1ebf m\u1edbi v\u1edbi Dynamic Island<\/h3>\n<p>Sau 5 n\u0103m, Apple \u0111\u00e3 n\u00f3i l\u1eddi t\u1ea1m bi\u1ec7t v\u1edbi thi\u1ebft k\u1ebf m\u00e0n h\u00ecnh \u201ctai th\u1ecf\u201d \u0111\u1ec3 gi\u1edbi thi\u1ec7u notch Dynamic Island &#8211; \u0111\u00e2y l\u00e0 m\u1ed9t s\u1ef1 thay \u0111\u1ed5i ngo\u1ea1n m\u1ee5c. iPhone 14 Pro thu h\u1eb9p ph\u1ea7n c\u1ea3m bi\u1ebfn Face ID v\u00e0 camera tr\u01b0\u1edbc th\u00e0nh h\u00ecnh d\u1ea1ng nh\u01b0 m\u1ed9t vi\u00ean thu\u1ed1c. Khu v\u1ef1c n\u00e0y s\u1ebd t\u00f9y bi\u1ebfn v\u00e0 l\u00e0m n\u1ed5i b\u1eadt khi c\u00f3 cu\u1ed9c g\u1ecdi \u0111\u1ebfn, c\u00e1c th\u00f4ng b\u00e1o c\u1ee7a \u1ee9ng d\u1ee5ng, \u00e2m nh\u1ea1c v\u00e0 h\u01a1n th\u1ebf n\u1eefa. B\u1ea1n ch\u1eafc ch\u1eafn s\u1ebd c\u1ea3m nh\u1eadn \u0111\u01b0\u1ee3c s\u1ef1 th\u00fa v\u1ecb c\u1ee7a Dynamic Island khi s\u1eed d\u1ee5ng iPhone 14 Pro.<\/p>\n<p><img loading=\"lazy\" decoding=\"async\" class=\"size-full wp-image-2471 aligncenter\" src=\"http:\/\/fixmobile.vn\/wp-content\/uploads\/2024\/10\/ip_14.jpg\" alt=\"\" width=\"564\" height=\"317\" \/><\/p>\n<h3>Th\u00e9p kh\u00f4ng g\u1ec9 si\u00eau b\u1ec1n, c\u1ef1c sang tr\u1ecdng<\/h3>\n<p>iPhone 14 Pro c\u00f3 ki\u1ec3u d\u00e1ng t\u01b0\u01a1ng t\u1ef1 ng\u01b0\u1eddi ti\u1ec1n nhi\u1ec7m v\u1edbi m\u1ed9t v\u1ebb ngo\u00e0i sang tr\u1ecdng l\u00e0m t\u1eeb khung th\u00e9p kh\u00f4ng g\u1ec9 k\u1ebft h\u1ee3p hai m\u1eb7t c\u1ee9ng c\u01b0\u1eddng l\u1ef1c ph\u1ee7 g\u1ed1m si\u00eau b\u1ec1n. T\u1ea5t nhi\u00ean iPhone 14 Pro s\u1ebd c\u00f3 kh\u1ea3 n\u0103ng ch\u1ed1ng n\u01b0\u1edbc\/ch\u1ed1ng b\u1ee5i v\u1edbi chu\u1ea9n IP68. Tuy nhi\u00ean do c\u1ee5m camera \u0111\u01b0\u1ee3c n\u00e2ng c\u1ea5p l\u1edbn h\u01a1n, n\u00ean b\u1ea1n s\u1ebd kh\u00f4ng th\u1ec3 s\u1eed d\u1ee5ng chung \u1ed1p l\u01b0ng v\u1edbi d\u00f2ng\u00a0iPhone 13 Pro\u00a0tr\u01b0\u1edbc \u0111\u00e2y.<\/p>\n<h3>4 l\u1ef1a ch\u1ecdn m\u00e0u s\u1eafc v\u1edbi phi\u00ean b\u1ea3n m\u00e0u T\u00edm c\u1ef1c ch\u1ea5t<\/h3>\n<p>C\u0169ng gi\u1ed1ng nh\u01b0 nh\u1eefng g\u00ec \u0111\u00e3 di\u1ec5n ra c\u00e1ch \u0111\u00e2y 1 n\u0103m, iPhone 14 Pro s\u1ebd c\u00f3 4 phi\u00ean b\u1ea3n m\u00e0u nh\u01b0ng n\u00f3 s\u1ebd c\u00f3 \u0111\u00f4i ch\u00fat kh\u00e1c bi\u1ec7t. B\u00ean c\u1ea1nh nh\u1eefng m\u00e0u quen thu\u1ed9c nh\u01b0 \u0110en Space Black, B\u1ea1c Silver, V\u00e0ng Gold, kh\u00e1 b\u1ea5t ng\u1edd khi m\u00e0u s\u1eafc ch\u1ee7 \u0111\u1ea1o c\u1ee7a iPhone 14 Pro n\u0103m nay s\u1ebd l\u00e0 m\u00e0u T\u00edm Deep Purple. V\u1edbi vi\u1ec7c kho\u00e1c l\u00ean m\u00ecnh thi\u1ebft k\u1ebf tinh x\u1ea3o, iPhone 14 Pro c\u00e0ng tr\u1edf n\u00ean b\u00f3ng b\u1ea9y v\u00e0 l\u1ea1 m\u1eaft h\u01a1n khi k\u1ebft h\u1ee3p v\u1edbi m\u00e0u T\u00edm m\u1edbi n\u00e0y.<\/p>\n<p><img loading=\"lazy\" decoding=\"async\" class=\"size-full wp-image-2470 aligncenter\" src=\"http:\/\/fixmobile.vn\/wp-content\/uploads\/2024\/10\/ip_148.jpg\" alt=\"\" width=\"564\" height=\"317\" \/><\/p>\n<h3>Hi\u1ec3n th\u1ecb s\u1eafc n\u00e9t v\u00e0 m\u01b0\u1ee3t m\u00e0 trong t\u1eebng \u0111i\u1ec3m ch\u1ea1m<\/h3>\n<p>V\u1edbi t\u1ea5m n\u1ec1n OLED Super Retina XDR, m\u1eadt \u0111\u1ed9 \u0111i\u1ec3m \u1ea3nh 460 ppi c\u00f9ng vi\u1ec7c \u0111\u01b0\u1ee3c h\u1ed7 tr\u1ee3 lo\u1ea1t t\u00ednh n\u0103ng h\u00e0ng \u0111\u1ea7u, iPhone 14 Pro s\u1ebd th\u1ec3 hi\u1ec7n xu\u1ea5t s\u1eafc kh\u1ea3 n\u0103ng c\u1ee7a m\u00ecnh khi lu\u00f4n s\u1eafc n\u00e9t cho m\u1ecdi \u00e1nh nh\u00ecn. H\u01a1n n\u1eefa, k\u00edch th\u01b0\u1edbc 6.1 inch k\u1ebft h\u1ee3p v\u1edbi \u0111\u1ed9 s\u00e1ng l\u00ean \u0111\u1ebfn 2000 nits \u1edf \u0111i\u1ec1u ki\u1ec7n ngo\u00e0i tr\u1eddi s\u1ebd gi\u00fap cho b\u1ea1n d\u1ec5 d\u00e0ng t\u01b0\u01a1ng t\u00e1c h\u01a1n v\u1edbi m\u00e0n h\u00ecnh d\u00f9 s\u1eed d\u1ee5ng b\u1ea5t c\u1ee9 \u0111\u00e2u. Ngo\u00e0i ra m\u00e0n h\u00ecnh n\u00e0y c\u0169ng h\u1ed7 tr\u1ee3 t\u1ea7n s\u1ed1 l\u00e0m m\u1edbi 120Hz v\u00e0 c\u00f4ng ngh\u1ec7 ProMotion, c\u00f3 th\u1ec3 thay \u0111\u1ed5i t\u1ea7n s\u1ed1 t\u1eeb 1-120Hz \u0111\u1ec3 v\u1eeba m\u01b0\u1ee3t m\u00e0, v\u1eeba ti\u1ebft ki\u1ec7m pin.<\/p>\n<h3>Always-On cu\u1ed1i c\u00f9ng c\u0169ng \u0111\u00e3 \u0111\u1ebfn<\/h3>\n<p>Sau th\u1eddi gian d\u00e0i ch\u1edd \u0111\u1ee3i, t\u00ednh n\u0103ng M\u00e0n h\u00ecnh lu\u00f4n b\u1eadt (Always-On) \u0111\u00e3 \u0111\u01b0\u1ee3c gi\u1edbi thi\u1ec7u c\u00f9ng v\u1edbi iPhone 14 Pro. Kh\u00e1c v\u1edbi Always-On tr\u00ean Android v\u1edbi m\u00e0u \u0111en \u0111\u01a1n thu\u1ea7n, m\u00e0n h\u00ecnh lu\u00f4n b\u1eadt tr\u00ean\u00a0iPhone\u00a0v\u1eabn s\u1ebd gi\u1eef nguy\u00ean m\u00e0u s\u1eafc c\u1ee7a m\u00e0n h\u00ecnh kh\u00f3a v\u00e0 b\u1ea1n c\u00f3 th\u1ec3 xem b\u1ea5t c\u1ee9 khi n\u00e0o. Khi b\u1ea1n b\u1ecf \u0111i\u1ec7n tho\u1ea1i v\u00e0o t\u00fai ho\u1eb7c \u00fap m\u00e0n h\u00ecnh xu\u1ed1ng, m\u00e0n h\u00ecnh s\u1ebd t\u1ef1 \u0111\u1ed9ng t\u1ed1i \u0111i \u0111\u1ec3 ti\u1ebft ki\u1ec7m pin.<\/p>\n<p><img loading=\"lazy\" decoding=\"async\" class=\"size-full wp-image-2502 aligncenter\" src=\"http:\/\/fixmobile.vn\/wp-content\/uploads\/2024\/10\/iphone_14_pro5.jpg\" alt=\"\" width=\"564\" height=\"288\" \/><\/p>\n<h3>T\u00f9y ch\u1ec9nh m\u00e0n h\u00ecnh kh\u00f3a theo \u00fd th\u00edch<\/h3>\n<p>V\u1edbi iOS 16 khi ra m\u1eaft, iPhone 14 Pro s\u1ebd c\u00f3 kh\u1ea3 n\u0103ng t\u00f9y ch\u1ec9nh m\u00e0n h\u00ecnh kh\u00f3a m\u1ed9t c\u00e1ch kh\u00e1 \u0111\u1ed9c \u0111\u00e1o m\u00e0 t\u1eeb tr\u01b0\u1edbc \u0111\u1ebfn nay ch\u01b0a c\u00f3. B\u1ea1n c\u00f3 th\u1ec3 t\u00f9y ch\u1ec9nh M\u00e0n h\u00ecnh kh\u00f3a c\u1ee7a m\u00ecnh v\u1edbi c\u00e1c thao t\u00e1c nh\u01b0 x\u1ebfp m\u1ed9t b\u1ee9c \u1ea3nh l\u00ean bi\u1ec3u t\u01b0\u1ee3ng \u0111\u1ed3ng h\u1ed3, theo d\u00f5i ho\u1ea1t \u0111\u1ed9ng c\u1ee7a b\u1ea1n v\u00e0 c\u00f3 th\u1ec3 xem \u0111\u01b0\u1ee3c th\u1eddi l\u01b0\u1ee3ng pin c\u1ee7a c\u00e1c thi\u1ebft b\u1ecb \u0111\u01b0\u1ee3c k\u1ebft n\u1ed1i qua bluetooth\u2026<\/p>\n<p><img loading=\"lazy\" decoding=\"async\" class=\"size-full wp-image-2501 aligncenter\" src=\"http:\/\/fixmobile.vn\/wp-content\/uploads\/2024\/10\/iphone_14_pro4.png\" alt=\"\" width=\"564\" height=\"379\" \/><\/p>\n<h3>Th\u00eam t\u00ednh n\u0103ng ph\u00e1t hi\u1ec7n s\u1ef1 c\u1ed1<\/h3>\n<p>Apple c\u0169ng \u0111\u00e3 t\u00edch h\u1ee3p nh\u1eefng t\u00ednh n\u0103ng ph\u00e1t hi\u1ec7n s\u1ef1 c\u1ed1 \u1ea5n t\u01b0\u1ee3ng l\u00ean iPhone 14 Pro, bao g\u1ed3m t\u00ednh n\u0103ng SOS th\u00f4ng qua v\u1ec7 tinh v\u00e0 ph\u00e1t hi\u1ec7n s\u1ef1 c\u1ed1 tai n\u1ea1n \u00f4 t\u00f4. N\u1ebfu b\u1ea1n kh\u00f4ng c\u00f3 m\u1ea1ng di \u0111\u1ed9ng ho\u1eb7c Wi-Fi, iPhone cho ph\u00e9p b\u1ea1n ph\u00e1t th\u00f4ng b\u00e1o kh\u1ea9n c\u1ea5p qua v\u1ec7 tinh v\u00e0 n\u00f3 s\u1ebd ph\u00e1t hi\u1ec7n ra tai n\u1ea1n \u00f4 t\u00f4 nghi\u00eam tr\u1ecdng \u0111\u1ec3 k\u1ecbp th\u1eddi th\u00f4ng b\u00e1o cho li\u00ean h\u1ec7 kh\u1ea9n c\u1ea5p c\u1ee7a b\u1ea1n.<\/p>\n<p><img loading=\"lazy\" decoding=\"async\" class=\"size-full wp-image-2500 aligncenter\" src=\"http:\/\/fixmobile.vn\/wp-content\/uploads\/2024\/10\/iphone_14_pro3.png\" alt=\"\" width=\"564\" height=\"384\" \/><\/p>\n<h3>H\u1ec7 th\u1ed1ng camera \u0111\u1eadm ch\u1ea5t \u201cPro\u201d<\/h3>\n<p>iPhone 14 Pro \u0111\u00e3 c\u00f3 s\u1ef1 n\u00e2ng c\u1ea5p v\u01b0\u1ee3t b\u1eadc v\u1ec1 camera khi camera ch\u00ednh \u0111\u01b0\u1ee3c n\u00e2ng l\u00ean \u0111\u1ed9 ph\u00e2n gi\u1ea3i 48MP. Nh\u1edd v\u1eady b\u1ea1n s\u1ebd c\u00f3 \u1ea3nh chi ti\u1ebft h\u01a1n t\u1edbi 4 l\u1ea7n trong khi ch\u1ec9nh s\u1eeda \u1ea3nh ProRAW kh\u00f4ng lo \u1ea3nh b\u1ecb gi\u1ea3m ch\u1ea5t l\u01b0\u1ee3ng. K\u00edch th\u01b0\u1edbc c\u1ea3m bi\u1ebfn c\u0169ng l\u1edbn h\u01a1n t\u1edbi 65% v\u00e0 t\u0103ng kh\u1ea3 n\u0103ng ch\u1ee5p \u1ea3nh thi\u1ebfu s\u00e1ng.<\/p>\n<h3>Ch\u1ee5p \u1ea3nh linh ho\u1ea1t v\u1edbi nhi\u1ec1u ch\u1ebf \u0111\u1ed9<\/h3>\n<p>Ch\u1ea5t l\u01b0\u1ee3ng quang h\u1ecdc tr\u00ean camera tele \u0111\u01b0\u1ee3c t\u0103ng l\u00ean g\u1ea5p \u0111\u00f4i th\u1ebf h\u1ec7 tr\u01b0\u1edbc, c\u00f3 th\u1ec3 thu ph\u00f3ng 2x v\u00e0 3x r\u00f5 n\u00e9t. Camera iPhone 14 Pro t\u1eadp trung ch\u1ee7 y\u1ebfu v\u00e0o ch\u1ee5p \u1ea3nh thi\u1ebfu s\u00e1ng khi camera g\u00f3c si\u00eau r\u1ed9ng Ultra Wide ch\u1ee5p \u1ea3nh thi\u1ebfu s\u00e1ng t\u1ed1t h\u01a1n 3 l\u1ea7n, 2 camera c\u00f2n l\u1ea1i t\u1ed1t h\u01a1n g\u1ea5p \u0111\u00f4i so v\u1edbi th\u1ebf h\u1ec7 iPhone 13 Pro.<\/p>\n<p><img loading=\"lazy\" decoding=\"async\" class=\"size-full wp-image-2499 aligncenter\" src=\"http:\/\/fixmobile.vn\/wp-content\/uploads\/2024\/10\/iphone_14_pro2.jpg\" alt=\"\" width=\"564\" height=\"377\" \/><\/p>\n<h3>Quay phim v\u1edbi ch\u1ea5t l\u01b0\u1ee3ng \u0111\u00e1ng kinh ng\u1ea1c<\/h3>\n<p>iPhone 14 Pro ti\u1ebfp t\u1ee5c th\u1ec3 hi\u1ec7n s\u1ef1 chuy\u00ean nghi\u1ec7p khi quay video v\u1edbi kh\u1ea3 n\u0103ng quay video 4K HDR 24fps ho\u1eb7c 30fps \u0111\u1ea1t ti\u00eau chu\u1ea9n \u0111i\u1ec7n \u1ea3nh. \u1ea4n t\u01b0\u1ee3ng h\u01a1n h\u1ebft ch\u00ednh l\u00e0 ch\u1ebf \u0111\u1ed9 Action, quay chuy\u1ec3n \u0111\u1ed9ng kh\u00f4ng thua k\u00e9m g\u00ec GoPro.<\/p>\n<p><img loading=\"lazy\" decoding=\"async\" class=\"size-full wp-image-2498 aligncenter\" src=\"http:\/\/fixmobile.vn\/wp-content\/uploads\/2024\/10\/iphone_14_pro1.jpg\" alt=\"\" width=\"564\" height=\"267\" \/><\/p>\n<h3>Selfie c\u1ef1c n\u00e9t v\u1edbi t\u00ednh n\u0103ng AutoFocus<\/h3>\n<p>Sau khi \u0111em \u0111\u1ebfn Dynamic Island, iPhone 14 Pro c\u0169ng \u0111\u01b0\u1ee3c n\u00e2ng c\u1ea5p cho camera tr\u01b0\u1edbc. Nh\u1eefng b\u1ee9c \u1ea3nh selfie gi\u1edd \u0111\u00e2y s\u1ebd c\u1ef1c k\u1ef3 r\u00f5 n\u00e9t, l\u1ea5y n\u00e9t ch\u00ednh x\u00e1c h\u01a1n v\u1edbi AutoFocus v\u00e0 ch\u1ee5p thi\u1ebfu s\u00e1ng t\u1ed1t h\u01a1n g\u1ea5p \u0111\u00f4i, gi\u00fap b\u1ea1n ghi l\u1ea1i m\u1ecdi kho\u1ea3nh kh\u1eafc s\u1ed1ng \u0111\u1ed9ng c\u00f9ng b\u1ea1n b\u00e8 v\u00e0 ng\u01b0\u1eddi th\u00e2n.<\/p>\n<p><img loading=\"lazy\" decoding=\"async\" class=\"size-full wp-image-2503 aligncenter\" src=\"http:\/\/fixmobile.vn\/wp-content\/uploads\/2024\/10\/iphone_14_pro.jpg\" alt=\"\" width=\"564\" height=\"290\" \/><\/p>\n<h3>Apple A16 Bionic &#8211; k\u1ebb th\u00e1ch th\u1ee9c hi\u1ec7u n\u0103ng<\/h3>\n<p>iPhone 14 Pro \u0111\u00e3 kh\u00f4ng khi\u1ebfn ng\u01b0\u1eddi d\u00f9ng ph\u1ea3i th\u1ea5t v\u1ecdng v\u1edbi b\u1ed9 vi x\u1eed l\u00fd Apple A16 Bionic m\u1edbi. CPU n\u00e0y c\u00f3 t\u1edbi 16 t\u1ef7 b\u00f3ng b\u00e1n d\u1eabn, c\u00f3 6 l\u00f5i nhanh h\u01a1n, s\u1ea3n xu\u1ea5t tr\u00ean ti\u1ebfn tr\u00ecnh 4nm, Neural Engine th\u1ef1c hi\u1ec7n 17 ngh\u00ecn t\u1ef7 ho\u1ea1t \u0111\u1ed9ng m\u1ed7i gi\u00e2y, GPU 5 l\u00f5i th\u00eam 50% b\u0103ng th\u00f4ng b\u1ed9 nh\u1edb, c\u1ea3m bi\u1ebfn x\u1eed l\u00fd h\u00ecnh \u1ea3nh ISP \u0111\u01b0\u1ee3c n\u00e2ng c\u1ea5p v\u00e0 r\u1ea5t ti\u1ebft ki\u1ec7m \u0111i\u1ec7n. Apple A16 Bionic m\u1ea1nh h\u01a1n t\u1edbi 40% khi so s\u00e1nh v\u1edbi c\u00e1c \u0111\u1ed1i th\u1ee7 m\u1edbi \u0111\u01b0\u1ee3c ra m\u1eaft g\u1ea7n \u0111\u00e2y. Qu\u00e1 kh\u1ee7ng khi\u1ebfp!<\/p>\n<p><img loading=\"lazy\" decoding=\"async\" class=\"size-full wp-image-2469 aligncenter\" src=\"http:\/\/fixmobile.vn\/wp-content\/uploads\/2024\/10\/ip_147.jpg\" alt=\"\" width=\"564\" height=\"317\" \/><\/p>\n<h3>Th\u1eddi l\u01b0\u1ee3ng pin c\u1ea3 ng\u00e0y<\/h3>\n<p>D\u00f9 t\u00edch h\u1ee3p th\u00eam r\u1ea5t nhi\u1ec1u t\u00ednh n\u0103ng m\u1edbi nh\u01b0ng th\u1eddi l\u01b0\u1ee3ng pin c\u1ee7a iPhone 14 Pro v\u1eabn r\u1ea5t tuy\u1ec7t v\u1eddi. iPhone 14 Pro c\u00f3 th\u1ec3 xem video trong t\u1edbi 29 gi\u1edd li\u00ean t\u1ee5c, t\u01b0\u01a1ng \u0111\u01b0\u01a1ng v\u1edbi kho\u1ea3ng 2 ng\u00e0y s\u1eed d\u1ee5ng b\u00ecnh th\u01b0\u1eddng. T\u1ea5t nhi\u00ean r\u1eb1ng chi\u1ebfc iPhone n\u00e0y c\u0169ng s\u1ebd h\u1ed7 tr\u1ee3 v\u1edbi b\u1ed9 s\u1ea1c MagSafe, gi\u00fap qu\u00e1 tr\u00ecnh s\u1ea1c kh\u00f4ng d\u00e2y \u0111\u01b0\u1ee3c nhanh h\u01a1n.<\/p>\n<p>&nbsp;<\/p>\n","protected":false},"excerpt":{"rendered":"<p>Iphone 14 Pro Thi\u1ebft k\u1ebf m\u1edbi v\u1edbi Dynamic Island Sau 5 n\u0103m, Apple \u0111\u00e3 n\u00f3i l\u1eddi t\u1ea1m bi\u1ec7t v\u1edbi thi\u1ebft k\u1ebf m\u00e0n h\u00ecnh \u201ctai th\u1ecf\u201d \u0111\u1ec3 gi\u1edbi thi\u1ec7u notch Dynamic Island &#8211; \u0111\u00e2y l\u00e0 m\u1ed9t s\u1ef1 thay \u0111\u1ed5i ngo\u1ea1n m\u1ee5c. iPhone 14 Pro thu h\u1eb9p ph\u1ea7n c\u1ea3m bi\u1ebfn Face ID v\u00e0 camera tr\u01b0\u1edbc th\u00e0nh h\u00ecnh&#8230;<\/p>\n","protected":false},"featured_media":2475,"comment_status":"open","ping_status":"closed","template":"","meta":{"rank_math_lock_modified_date":false},"product_cat":[15,383,387],"product_tag":[],"class_list":{"0":"post-2508","1":"product","2":"type-product","3":"status-publish","4":"has-post-thumbnail","6":"product_cat-dien-thoai","7":"product_cat-iphone","8":"product_cat-sua-iphone","10":"first","11":"instock","12":"shipping-taxable","13":"purchasable","14":"product-type-variable"},"_links":{"self":[{"href":"http:\/\/fixmobile.vn\/index.php?rest_route=\/wp\/v2\/product\/2508","targetHints":{"allow":["GET"]}}],"collection":[{"href":"http:\/\/fixmobile.vn\/index.php?rest_route=\/wp\/v2\/product"}],"about":[{"href":"http:\/\/fixmobile.vn\/index.php?rest_route=\/wp\/v2\/types\/product"}],"replies":[{"embeddable":true,"href":"http:\/\/fixmobile.vn\/index.php?rest_route=%2Fwp%2Fv2%2Fcomments&post=2508"}],"wp:featuredmedia":[{"embeddable":true,"href":"http:\/\/fixmobile.vn\/index.php?rest_route=\/wp\/v2\/media\/2475"}],"wp:attachment":[{"href":"http:\/\/fixmobile.vn\/index.php?rest_route=%2Fwp%2Fv2%2Fmedia&parent=2508"}],"wp:term":[{"taxonomy":"product_cat","embeddable":true,"href":"http:\/\/fixmobile.vn\/index.php?rest_route=%2Fwp%2Fv2%2Fproduct_cat&post=2508"},{"taxonomy":"product_tag","embeddable":true,"href":"http:\/\/fixmobile.vn\/index.php?rest_route=%2Fwp%2Fv2%2Fproduct_tag&post=2508"}],"curies":[{"name":"wp","href":"https:\/\/api.w.org\/{rel}","templated":true}]}}