{"id":2492,"date":"2024-10-04T15:15:35","date_gmt":"2024-10-04T08:15:35","guid":{"rendered":"https:\/\/fixmobile.vn\/?post_type=product&#038;p=2492"},"modified":"2024-11-27T22:44:14","modified_gmt":"2024-11-27T15:44:14","slug":"iphone-14-pro-max-256gb-chinh-hang-vn-a","status":"publish","type":"product","link":"http:\/\/fixmobile.vn\/?product=iphone-14-pro-max-256gb-chinh-hang-vn-a","title":{"rendered":"Iphone 14 Pro Max 256GB| Ch\u00ednh h\u00e3ng VN\/A"},"content":{"rendered":"<h1 style=\"text-align: center;\">Iphone 14 Pro Max<\/h1>\n<h3>\u0110\u1ec9nh cao thi\u1ebft k\u1ebf sang tr\u1ecdng v\u00e0 b\u1ec1n b\u1ec9<\/h3>\n<p>R\u1ea5t kh\u00f3 \u0111\u1ec3 t\u00ecm ra chi\u1ebfc \u0111i\u1ec7n tho\u1ea1i n\u00e0o sang tr\u1ecdng\u00a0nh\u01b0 iPhone 14 Pro Max tr\u00ean th\u1ecb tr\u01b0\u1eddng. Th\u1eeba h\u01b0\u1edfng thi\u1ebft k\u1ebf v\u00e1t ph\u1eb3ng t\u1eeb th\u1ebf h\u1ec7 tr\u01b0\u1edbc, th\u1ee7 l\u0129nh iPhone 14 series kho\u00e1c l\u00ean b\u1ed9 khung v\u1ecf th\u00e9p, \u0111\u1ea7m tay v\u00e0 ch\u1eafc ch\u1eafn. B\u1ea1n s\u1ebd l\u1eadp t\u1ee9c b\u1ecb l\u00f4i cu\u1ed1n b\u1edfi v\u1ebb ngo\u00e0i cao c\u1ea5p v\u1edbi th\u00e2n m\u00e1y b\u00f3ng b\u1ea9y c\u1ee7a s\u1ea3n ph\u1ea9m.<\/p>\n<p>Nh\u1edd k\u1ef9 ngh\u1ec7 ho\u00e0n thi\u1ec7n xu\u1ea5t s\u1eafc, thi\u1ebft k\u1ebf iPhone 14 Pro Max \u0111\u1ea1t chu\u1ea9n ch\u1ed1ng n\u01b0\u1edbc IP68 cao nh\u1ea5t c\u00f3 th\u1ec3 tr\u00ean smartphone. Apple \u0111\u00e3 ph\u1ee7 l\u00ean m\u00e0n h\u00ecnh thi\u1ebft b\u1ecb\u00a0ch\u1ea5t li\u1ec7u k\u00ednh Ceramic Shield si\u00eau b\u1ec1n, t\u1ed1i \u01b0u kh\u1ea3 n\u0103ng kh\u00e1ng l\u1ef1c v\u00e0 ch\u1ed1ng x\u01b0\u1edbc c\u1ef1c t\u1ed1t\u00a0su\u1ed1t v\u00f2ng \u0111\u1eddi s\u1eed d\u1ee5ng.<\/p>\n<p><img loading=\"lazy\" decoding=\"async\" class=\"size-full wp-image-2471 aligncenter\" src=\"http:\/\/fixmobile.vn\/wp-content\/uploads\/2024\/10\/ip_14.jpg\" alt=\"\" width=\"564\" height=\"317\" \/><\/p>\n<p>iPhone 14 Pro Max\u00a0c\u00f3 ki\u1ec3u d\u00e1ng t\u01b0\u01a1ng t\u1ef1 ng\u01b0\u1eddi ti\u1ec1n nhi\u1ec7m v\u1edbi m\u1ed9t v\u1ebb ngo\u00e0i sang tr\u1ecdng l\u00e0m t\u1eeb khung th\u00e9p kh\u00f4ng g\u1ec9 k\u1ebft h\u1ee3p hai m\u1eb7t c\u1ee9ng c\u01b0\u1eddng l\u1ef1c ph\u1ee7 g\u1ed1m si\u00eau b\u1ec1n. Tuy nhi\u00ean do c\u1ee5m camera \u0111\u01b0\u1ee3c n\u00e2ng c\u1ea5p l\u1edbn h\u01a1n, n\u00ean b\u1ea1n s\u1ebd kh\u00f4ng th\u1ec3 s\u1eed d\u1ee5ng chung \u1ed1p l\u01b0ng v\u1edbi d\u00f2ng\u00a0iPhone 13 Pro\u00a0tr\u01b0\u1edbc \u0111\u00e2y. T\u1ea5t nhi\u00ean iPhone 14 Pro v\u00e0 iPhone 14 Pro Max s\u1ebd c\u00f3 kh\u1ea3 n\u0103ng ch\u1ed1ng n\u01b0\u1edbc\/ch\u1ed1ng b\u1ee5i chu\u1ea9n IP68.<\/p>\n<h3>L\u1ef1a ch\u1ecdn gi\u1eefa c\u00e1c m\u00e0u s\u1eafc cao c\u1ea5p<\/h3>\n<p>V\u1edbi iPhone 14 Pro Max, b\u1ea1n s\u1ebd c\u00f3 b\u1ed1n l\u1ef1a ch\u1ecdn m\u00e0u s\u1eafc s\u00e1ng gi\u00e1 g\u1ed3m T\u00edm (Deep Purple), V\u00e0ng (Gold), B\u1ea1c (Silver) v\u00e0 \u0110en kh\u00f4ng gian (Space Black). Ri\u00eang phi\u00ean b\u1ea3n T\u00edm \u0111\u00e3 \u0111\u01b0\u1ee3c c\u0103n ch\u1ec9nh v\u1edbi tone m\u00e0u \u0111\u1eadm, r\u1ea5t \u0111\u1eb9p, n\u1ec1n n\u00e3 v\u00e0 ph\u00e1t huy \u0111\u01b0\u1ee3c tinh th\u1ea7n sang tr\u1ecdng v\u1ed1n c\u00f3 c\u1ee7a thi\u1ebft b\u1ecb.<\/p>\n<p><img loading=\"lazy\" decoding=\"async\" class=\"size-full wp-image-2470 aligncenter\" src=\"http:\/\/fixmobile.vn\/wp-content\/uploads\/2024\/10\/ip_148.jpg\" alt=\"\" width=\"564\" height=\"317\" \/><\/p>\n<p>B\u00ean c\u1ea1nh nh\u1eefng m\u00e0u quen thu\u1ed9c, kh\u00e1 b\u1ea5t ng\u1edd khi m\u00e0u s\u1eafc ch\u1ee7 \u0111\u1ea1o c\u1ee7a d\u00f2ng iPhone 14 Pro Max\u00a0n\u0103m nay s\u1ebd l\u00e0 m\u00e0u T\u00edm Deep Purple. V\u1edbi m\u1ed9t s\u1ea3n ph\u1ea9m c\u00f3 thi\u1ebft k\u1ebf tinh x\u1ea3o nh\u01b0 iPhone 14 Pro Max\u00a0th\u00ec m\u00e0u t\u00edm s\u1ebd tr\u1edf n\u00ean r\u1ea5t \u0111\u1eb9p, b\u00f3ng b\u1ea9y v\u00e0 sang tr\u1ecdng. iPhone 14 Pro Max\u00a0mang h\u01a1i h\u01b0\u1edbng sang tr\u1ecdng, tinh t\u1ebf v\u1edbi 4 phi\u00ean b\u1ea3n m\u00e0u s\u1eafc:<\/p>\n<p id=\"507045318520\"><strong>iPhone 14\u00a0Pro Max m\u00e0u t\u00edm<\/strong><\/p>\n<p>Phi\u00ean b\u1ea3n m\u00e0u t\u00edm c\u1ee7a iPhone 14 Pro Max kh\u00e1c v\u1edbi m\u00e0u t\u00edm c\u1ee7a iPhone 14 v\u00e0 iPhone 14 Plus khi c\u00f3 s\u1eafc t\u00edm \u0111\u1eadm h\u01a1n. K\u1ebft h\u1ee3p v\u1edbi khung th\u00e9p cao c\u1ea5p, t\u00f4n l\u00ean n\u00e9t \u0111\u1eb9p cao c\u1ea5p v\u00e0 sang tr\u1ecdng.<\/p>\n<p id=\"788539221413\"><strong>iPhone 14 Pro Max m\u00e0u \u0111en<\/strong><\/p>\n<p>iPhone 14 Pro Max c\u0169ng c\u00f3 m\u00e0u \u0111en. \u0110\u00e2y l\u00e0 m\u00e0u ph\u1ed5 bi\u1ebfn d\u00e0nh cho t\u1ea5t c\u1ea3 m\u1ecdi ng\u01b0\u1eddi v\u1edbi s\u1eafc m\u00e0u trung t\u00ednh, d\u1ec5 d\u00e0ng ph\u1ed1i v\u1edbi nhi\u1ec1u outfit l\u1eabn ph\u1ee5 ki\u1ec7n. \u0110i\u1ec3m \u0111\u1eb7c bi\u1ec7t c\u1ee7a m\u00e0u \u0111en c\u00f2n l\u00e0 n\u00e9t \u0111\u1eb9p v\u01b0\u1ee3t th\u1eddi gian, v\u00ec m\u1ecdi phi\u00ean b\u1ea3n c\u1eadp nh\u1eadt m\u00e0u \u0111\u1ec1u c\u00f3 m\u00e0u \u0111en. Ch\u00ednh v\u00ec th\u1ebf, m\u00e0u \u0111en s\u1ebd kh\u00f4ng b\u1ecb l\u1ed7i th\u1eddi, d\u00f9 cho c\u00f3 nhi\u1ec1u phi\u00ean b\u1ea3n kh\u00e1c \u0111\u00e3 ra m\u1eaft.<\/p>\n<p id=\"462870807693\"><strong>iPhone 14 Pro Max m\u00e0u b\u1ea1c<\/strong><\/p>\n<p>M\u00e0u b\u1ea1c thanh l\u1ecbch, r\u1ea5t ph\u00f9 h\u1ee3p v\u1edbi thi\u1ebft k\u1ebf sang tr\u1ecdng m\u00e0 iPhone 14 Pro Max \u0111ang theo \u0111u\u1ed5i. \u0110\u00e2y c\u0169ng l\u00e0 m\u00e0u qu\u1ed1c d\u00e2n tr\u00ean th\u1ebf h\u1ec7 iPhone cao c\u1ea5p, khi xu\u1ea5t hi\u1ec7n r\u1ea5t \u0111\u1ec1u \u0111\u1eb7n qua t\u1eebng n\u0103m. M\u1eb7c d\u00f9 kh\u00f4ng qu\u00e1 n\u1ed5i b\u1eadt nh\u01b0ng khi c\u1ea7m iPhone 14 Pro Max m\u00e0u b\u1ea1c tr\u00ean tay, b\u1ea1n s\u1ebd hi\u1ec3u \u0111\u01b0\u1ee3c v\u00ec sao Apple lu\u00f4n gi\u1eef phi\u00ean b\u1ea3n m\u00e0u n\u00e0y \u2013 m\u00e0u h\u1ed9i t\u1ee5 \u0111\u1ea7y y\u1ebfu t\u1ed1 sang tr\u1ecdng, l\u1ecbch l\u00e3m \u0111\u1eb7c tr\u01b0ng c\u1ee7a d\u00f2ng iPhone.<\/p>\n<p id=\"704878554102\"><strong>iPhone 14 Pro Max m\u00e0u v\u00e0ng<\/strong><\/p>\n<p>Phi\u00ean b\u1ea3n iPhone 14 Pro Max\u00a0m\u00e0u v\u00e0ng g\u1ea7n nh\u01b0 \u0111\u01b0\u1ee3c r\u1ea5t nhi\u1ec1u ng\u01b0\u1eddi d\u00f9ng n\u1eef \u01b0a chu\u1ed9ng. S\u1eafc m\u00e0u t\u1ef1a nh\u01b0 trang s\u1ee9c l\u1ea5p l\u00e1nh, sang ch\u1ea3nh, qu\u00fd ph\u00e1i nh\u01b0ng c\u1ef1c k\u00ec cao c\u1ea5p v\u1edbi t\u1ed5ng th\u1ec3 \u0111\u01b0\u1ee3c ho\u00e0n thi\u1ec7n t\u1eeb khung th\u00e9p v\u00e0 \u0111\u01b0\u1ee3c b\u1ea3o v\u1ec7 b\u1edfi k\u00ednh Ceramic Shield.<\/p>\n<h3>M\u00e0n h\u00ecnh Dynamic Island l\u1ea7n \u0111\u1ea7u xu\u1ea5t hi\u1ec7n<\/h3>\n<p>L\u1ea7n \u0111\u1ea7u ti\u00ean sau nhi\u1ec1u n\u0103m, Apple \u0111\u00e3 n\u00f3i l\u1eddi \u201ct\u1ea1m bi\u1ec7t\u201d v\u1edbi ph\u1ea7n m\u00e0n h\u00ecnh \u201ctai th\u1ecf\u201d m\u1eb7t tr\u01b0\u1edbc. B\u1ea1n s\u1ebd c\u00f3 m\u00e0n h\u00ecnh kh\u00f4ng gian hi\u1ec3n th\u1ecb nhi\u1ec1u h\u01a1n khi iPhone 14 Pro Max \u0111\u01b0\u1ee3c thu h\u1eb9p ph\u1ea7n c\u1ea3m bi\u1ebfn Face ID v\u00e0 camera tr\u01b0\u1edbc g\u1ecdn nh\u1ea5t c\u00f3 th\u1ec3, th\u00e0nh h\u00ecnh d\u1ea1ng nh\u01b0 m\u1ed9t vi\u00ean thu\u1ed1c (hay ch\u1eef i).<\/p>\n<p>Apple g\u1ecdi ph\u1ea7n n\u00e0y l\u00e0 Dynamic Island v\u00ec n\u00f3 th\u1ef1c s\u1ef1 th\u00fa v\u1ecb. Nh\u1edd\u00a0m\u00e0n h\u00ecnh OLED, Apple \u0111\u00e3 t\u00f9y bi\u1ebfn khu v\u1ef1c \u201cvi\u00ean thu\u1ed1c\u201d th\u00e0nh c\u00e1c bi\u1ec3u t\u01b0\u1ee3ng g\u1ecdi t\u1eaft, c\u00e1c th\u00f4ng b\u00e1o c\u1ee7a \u1ee9ng d\u1ee5ng v\u1edbi hi\u1ec7u \u1ee9ng chuy\u1ec3n c\u1ea3nh m\u01b0\u1ee3t m\u00e0 v\u00e0 li\u1ec1n m\u1ea1ch. B\u1ea1n ch\u1eafc ch\u1eafn s\u1ebd c\u1ea3m nh\u1eadn \u0111\u01b0\u1ee3c s\u1ef1 th\u00fa v\u1ecb c\u1ee7a Dynamic Island khi s\u1eed d\u1ee5ng iPhone 14 Pro Max tr\u1ef1c ti\u1ebfp.<\/p>\n<p>iPhone 14 Pro Max s\u1edf h\u1eefu m\u00e0n h\u00ecnh 6.7 inch LTPO hi\u1ec7n \u0111\u1ea1i, c\u00f3 kh\u1ea3 n\u0103ng \u0111i\u1ec1u ti\u1ebft t\u1ea7n s\u1ed1 qu\u00e9t t\u1ef1 \u0111\u1ed9ng t\u1eeb 1Hz \u0111\u1ebfn 120Hz linh ho\u1ea1t nh\u1eb1m t\u0103ng \u0111\u1ed9 m\u01b0\u1ee3t m\u00e0 v\u00e0 v\u1eabn ti\u1ebft ki\u1ec7m pin. \u0110i\u1ec3m nh\u1ea5n tr\u00ean m\u00e0n h\u00ecnh l\u00e0 vi\u1ec7c chuy\u1ec3n t\u1eeb phong c\u00e1ch tai th\u1ecf sang d\u1ea1ng \u201cvi\u00ean thu\u1ed1c\u201d c\u00f3 ph\u1ea7n c\u1eaft nh\u1ecf nh\u1eafn h\u01a1n nhi\u1ec1u.<\/p>\n<p>\u0110\u1eb7c bi\u1ec7t, Apple c\u00f2n t\u1eadn d\u1ee5ng kh\u00f4ng gian n\u00e0y \u0111\u1ec3 t\u1ea1o hi\u1ec7u \u1ee9ng bi\u1ebfn h\u00f3a linh ho\u1ea1t t\u00f9y theo t\u00e1c v\u1ee5 b\u1ea1n tr\u1ea3i nghi\u1ec7m. V\u1edbi t\u00ean g\u1ecdi Dynamic Island, c\u1ea5u tr\u00fac \u201cvi\u00ean thu\u1ed1c\u201d tr\u00ean m\u00e0n h\u00ecnh iPhone 14 Pro Max gi\u1edd \u0111\u00e2y tr\u1edf th\u00e0nh \u0111i\u1ec3m nh\u1ea5n \u0111\u00e1ng tr\u1ea3i nghi\u1ec7m nh\u1ea5t.<\/p>\n<h3>T\u00ednh n\u0103ng Always On \u0111\u00e3 s\u1eb5n s\u00e0ng<\/h3>\n<p>T\u1eadn d\u1ee5ng \u0111\u1eb7c t\u00ednh c\u1ee7a c\u00f4ng ngh\u1ec7 OLED, iPhone 14 Pro Max \u0111em \u0111\u1ebfn ch\u1ebf \u0111\u1ed9 Always On Display, cho ph\u00e9p ng\u01b0\u1eddi d\u00f9ng xem nh\u1eefng th\u00f4ng tin c\u1ea7n thi\u1ebft nh\u01b0 th\u00f4ng b\u00e1o, th\u1eddi gian, ng\u00e0y th\u00e1ng, th\u1eddi ti\u1ebft hay nhi\u1ec7t \u0111\u1ed9 sau khi m\u00e0n h\u00ecnh chuy\u1ec3n qua tr\u1ea1ng th\u00e1i ngh\u1ec9.<\/p>\n<p>Gi\u1edd \u0111\u00e2y, ng\u01b0\u1eddi d\u00f9ng kh\u00f4ng c\u1ea7n ph\u1ea3i ch\u1ea1m v\u00e0o thi\u1ebft b\u1ecb khi m\u00e0n h\u00ecnh iPhone 14 Pro Max \u0111ang t\u1eaft m\u00e0 v\u1eabn c\u00f3 th\u1ec3 n\u1eafm \u0111\u01b0\u1ee3c nh\u1eefng th\u00f4ng tin c\u1ea7n thi\u1ebft. \u0110\u00e1ng n\u00f3i h\u01a1n, Always On Display s\u1ebd t\u1ef1 t\u1eaft khi \u00fap m\u00e0n h\u00ecnh xu\u1ed1ng ho\u1eb7c \u0111\u1eb7t m\u00e1y trong t\u00fai qu\u1ea7n, t\u00fai \u00e1o nh\u1eb1m ti\u1ebft ki\u1ec7m pin.<\/p>\n<p><img loading=\"lazy\" decoding=\"async\" class=\"size-full wp-image-2467 aligncenter\" src=\"http:\/\/fixmobile.vn\/wp-content\/uploads\/2024\/10\/ip_143.jpg\" alt=\"\" width=\"564\" height=\"317\" \/><\/p>\n<p>M\u00e0n h\u00ecnh b\u1ed9 \u0111\u00f4i iPhone 14 Pro Max c\u1ef1c \u0111\u1ec9nh v\u1edbi t\u1ea5m n\u1ec1n OLED Super Retina XDR, m\u1eadt \u0111\u1ed9 \u0111i\u1ec3m \u1ea3nh 460 ppi h\u1ed7 tr\u1ee3 lo\u1ea1t t\u00ednh n\u0103ng h\u00e0ng \u0111\u1ea7u nh\u01b0 HDR, True Tone, Wide Color (P3). M\u00e0n h\u00ecnh iPhone 14 Pro c\u00f3 k\u00edch th\u01b0\u1edbc 6,1 inch \u0111\u1ed9 ph\u00e2n gi\u1ea3i 2556 x 1179 pixels, trong khi \u0111\u00f3 iPhone 14 Pro Max l\u00e0 6,7 inch \u0111\u1ed9 ph\u00e2n gi\u1ea3i 2796 x 1290 pixels. \u0110\u1ed9 t\u01b0\u01a1ng ph\u1ea3n v\u00e0 \u0111\u1ed9 s\u00e1ng c\u0169ng r\u1ea5t \u1ea5n t\u01b0\u1ee3ng v\u1edbi \u0111\u1ed9 t\u01b0\u01a1ng ph\u1ea3n 2.000.000:1 v\u00e0 \u0111\u1ed9 s\u00e1ng t\u1ed1i \u0111a l\u00ean t\u1edbi 2000 nits \u1edf \u0111i\u1ec1u ki\u1ec7n ngo\u00e0i tr\u1eddi. Ngo\u00e0i ra m\u00e0n h\u00ecnh n\u00e0y c\u0169ng h\u1ed7 tr\u1ee3 t\u1ea7n s\u1ed1 l\u00e0m m\u1edbi 120Hz v\u00e0 c\u00f4ng ngh\u1ec7 ProMotion, c\u00f3 th\u1ec3 thay \u0111\u1ed5i t\u1ea7n s\u1ed1 t\u1eeb 1-120 Hz \u0111\u1ec3 v\u1eeba m\u01b0\u1ee3t m\u00e0, v\u1eeba ti\u1ebft ki\u1ec7m pin.<\/p>\n<h3>Super Retina XDR r\u1ef1c r\u1ee1 v\u00e0 m\u00e3n nh\u00e3n<\/h3>\n<p>D\u00f9 trong \u00e1nh n\u1eafng ch\u00f3i chang nh\u1ea5t, m\u00e0n h\u00ecnh iPhone 14 Pro Max v\u1eabn lu\u00f4n s\u1eafc n\u00e9t v\u00e0 ch\u00e2n th\u1ef1c. T\u1ea5m n\u1ec1n Super Retina XDR v\u1edbi \u0111\u1ed9 s\u00e1ng 2.000 nits s\u00e1ng g\u1ea5p \u0111\u00f4i tr\u01b0\u1edbc \u0111\u00e2y khi\u1ebfn kh\u1ea3 n\u0103ng hi\u1ec3n th\u1ecb c\u1ee7a s\u1ea3n ph\u1ea9m v\u01b0\u1ee3t tr\u1ed9i b\u1ea5t c\u1ee9 m\u1eabu iPhone n\u00e0o trong l\u1ecbch s\u1eed.<\/p>\n<p>Apple t\u1eadp trung r\u1ea5t nhi\u1ec1u v\u00e0o tr\u1ea3i nghi\u1ec7m n\u1ed9i dung HDR khi \u0111\u1ea9y \u0111\u1ed9 s\u00e1ng t\u1ed1i \u0111a l\u00ean m\u1ee9c 1.600 nits \u2013 ngang ng\u1eeda v\u1edbi m\u00e0n h\u00ecnh Pro Display XDR chuy\u00ean d\u1ee5ng c\u1ee7a h\u00e3ng. B\u1ea1n s\u1ebd c\u1ea3m nh\u1eadn r\u00f5 r\u00e0ng t\u00ednh ch\u00e2n th\u1ef1c t\u1eeb m\u1ed7i h\u00ecnh \u1ea3nh, th\u01b0\u1edbc phim.<\/p>\n<p>&nbsp;<\/p>\n<h3>Camera 48MP l\u1ea7n \u0111\u1ea7u g\u00f3p m\u1eb7t<\/h3>\n<p>iPhone 14 Pro Max \u0111\u01b0\u1ee3c \u01b0u \u00e1i trang b\u1ecb camera ch\u00ednh 48MP ho\u00e0n to\u00e0n m\u1edbi, v\u1edbi c\u1ea3m bi\u1ebfn quad-pixel t\u00e2n ti\u1ebfn. Vi\u1ec7c n\u00e2ng c\u1ea5p \u0111\u1ed9 ph\u00e2n gi\u1ea3i g\u1ea5p b\u1ed1n l\u1ea7n iPhone 13 Pro Max v\u00e0 s\u1eed d\u1ee5ng c\u1ea3m bi\u1ebfn \u1ea3nh l\u1edbn h\u01a1n 65% gi\u00fap h\u00ecnh \u1ea3nh tr\u1edf n\u00ean s\u1eafc n\u00e9t ch\u01b0a t\u1eebng th\u1ea5y.<\/p>\n<p>C\u1ea3m bi\u1ebfn m\u1edbi s\u1ebd g\u1ed9p m\u1ed7i nh\u00f3m b\u1ed1n pixel th\u00e0nh m\u1ed9t pixel l\u1edbn, t\u1eeb \u0111\u00f3 gia t\u0103ng kh\u1ea3 n\u0103ng thu s\u00e1ng g\u1ea5p b\u1ed1n l\u1ea7n v\u00e0 t\u1ea1o ra nh\u1eefng khu\u00f4n h\u00ecnh s\u1eafc n\u00e9t v\u01b0\u1ee3t xa nh\u1eefng chi\u1ebfc \u0111i\u1ec7n tho\u1ea1i camera 12MP th\u00f4ng th\u01b0\u1eddng tr\u00ean th\u1ecb tr\u01b0\u1eddng. Nh\u1edd v\u1eady b\u1ea1n s\u1ebd c\u00f3 \u1ea3nh chi ti\u1ebft h\u01a1n t\u1edbi 4 l\u1ea7n trong khi ch\u1ec9nh s\u1eeda \u1ea3nh ProRAW \u0111\u1ec3 tho\u1ea3i m\u00e1i crop \u1ea3nh m\u00e0 kh\u00f4ng lo gi\u1ea3m ch\u1ea5t l\u01b0\u1ee3ng.<\/p>\n<p>K\u00edch th\u01b0\u1edbc c\u1ea3m bi\u1ebfn c\u0169ng l\u1edbn h\u01a1n t\u1edbi 65% so v\u1edbi iPhone 13 Pro, t\u0103ng kh\u1ea3 n\u0103ng ch\u1ee5p \u1ea3nh thi\u1ebfu s\u00e1ng. Trong \u0111i\u1ec1u ki\u1ec7n b\u00ecnh th\u01b0\u1eddng, Apple s\u1ebd gh\u00e9p 4 \u0111i\u1ec3m \u1ea3nh l\u00e0m 1 \u0111\u1ec3 b\u1ee9c \u1ea3nh cu\u1ed1i c\u00f9ng v\u1eabn c\u00f3 \u0111\u1ed9 ph\u00e2n gi\u1ea3i 12MP nh\u01b0ng \u0111\u1ed9 s\u00e1ng v\u00e0 \u0111\u1ed9 chi ti\u1ebft v\u01b0\u1ee3t tr\u1ed9i.<\/p>\n<p><img loading=\"lazy\" decoding=\"async\" class=\"size-full wp-image-2468 aligncenter\" src=\"http:\/\/fixmobile.vn\/wp-content\/uploads\/2024\/10\/ip_144.jpg\" alt=\"\" width=\"564\" height=\"317\" \/><\/p>\n<p>Camera Tele c\u0169ng \u0111\u01b0\u1ee3c n\u00e2ng c\u1ea5p khi c\u00f3 ch\u1ea5t l\u01b0\u1ee3ng quang h\u1ecdc g\u1ea5p \u0111\u00f4i th\u1ebf h\u1ec7 tr\u01b0\u1edbc, c\u00f3 th\u1ec3 thu ph\u00f3ng 2x v\u00e0 3x r\u00f5 n\u00e9t. Camera iPhone 14 Pro t\u1eadp trung ch\u1ee7 y\u1ebfu v\u00e0o ch\u1ee5p \u1ea3nh thi\u1ebfu s\u00e1ng khi Apple cho bi\u1ebft camera g\u00f3c si\u00eau r\u1ed9ng Ultra Wide ch\u1ee5p \u1ea3nh thi\u1ebfu s\u00e1ng t\u1ed1t h\u01a1n 3 l\u1ea7n, 2 camera c\u00f2n l\u1ea1i t\u1ed1t h\u01a1n g\u1ea5p \u0111\u00f4i so v\u1edbi th\u1ebf h\u1ec7 iPhone 13 Pro.<\/p>\n<p>iPhone 14 Pro Max ti\u1ebfp t\u1ee5c th\u1ec3 hi\u1ec7n s\u1ef1 chuy\u00ean nghi\u1ec7p khi quay video v\u1edbi kh\u1ea3 n\u0103ng quay video 4K HDR 24fps ho\u1eb7c 30fps chu\u1ea9n \u0111i\u1ec7n \u1ea3nh. \u1ea4n t\u01b0\u1ee3ng h\u01a1n l\u00e0 t\u00ednh n\u0103ng quay chuy\u1ec3n \u0111\u1ed9ng kh\u00f4ng thua k\u00e9m g\u00ec GoPro.<\/p>\n<p>V\u1ec1 camera tr\u01b0\u1edbc TrueDepth, b\u1ea1n s\u1ebd c\u00f3 t\u00ednh n\u0103ng t\u1ef1 \u0111\u1ed9ng l\u1ea5y n\u00e9t v\u00e0 kh\u1ea9u \u0111\u1ed9 l\u1edbn h\u01a1n. Nh\u1eefng b\u1ee9c \u1ea3nh selfie s\u1ebd r\u00f5 n\u00e9t, l\u1ea5y n\u00e9t ch\u00ednh x\u00e1c h\u01a1n v\u00e0 ch\u1ee5p thi\u1ebfu s\u00e1ng t\u1ed1t h\u01a1n g\u1ea5p \u0111\u00f4i.<\/p>\n<h3>N\u00e2ng t\u1ea7m quay ch\u1ee5p l\u00ean \u0111\u1eb3ng c\u1ea5p chuy\u00ean nghi\u1ec7p<\/h3>\n<p>Ch\u01b0a khi n\u00e0o tr\u1ea3i nghi\u1ec7m quay ch\u1ee5p tr\u00ean iPhone chuy\u00ean nghi\u1ec7p \u0111\u1ebfn th\u1ebf! iPhone 14 Pro Max \u0111em \u0111\u1ebfn r\u1ea5t nhi\u1ec1u t\u00ednh n\u0103ng h\u1ed7 tr\u1ee3 chuy\u00ean s\u00e2u cho ng\u01b0\u1eddi d\u00f9ng. Tr\u1ea3i nghi\u1ec7m ch\u1ee5p ProRAW \u1edf \u0111\u1ed9 ph\u00e2n gi\u1ea3i 48MP s\u1ebd gi\u00fap b\u1ea1n t\u1ed1i \u01b0u h\u00f3a \u0111\u1ed9 chi ti\u1ebft c\u1ee7a h\u00ecnh \u1ea3nh v\u00e0 kh\u1ea3 n\u0103ng can thi\u1ec7p h\u1eadu k\u1ef3 linh ho\u1ea1t h\u01a1n nhi\u1ec1u, d\u1ec5 d\u00e0ng l\u00e0m h\u00e0i l\u00f2ng nh\u1eefng ng\u01b0\u1eddi d\u00f9ng kh\u00f3 t\u00ednh nh\u1ea5t.<\/p>\n<h3>Thu ph\u00f3ng tuy\u1ec7t h\u1ea3o nh\u1edd camera tele 2X<\/h3>\n<p>Tr\u00ean m\u1eb7t l\u01b0ng iPhone 14 Pro Max, b\u1ea1n s\u1ebd t\u00ecm th\u1ea5y m\u1ed9t camera tele 2X ti\u00eau c\u1ef1 quy \u0111\u1ed5i 48mm, \u0111\u1ea1t kh\u1ea9u \u0111\u1ed9 F\/1.78 v\u00e0 t\u00edch h\u1ee3p k\u00e8m c\u1ea3m bi\u1ebfn ch\u1ed1ng rung OIS th\u1ebf h\u1ec7 hai. S\u1ef1 gi\u00fap s\u1ee9c c\u1ee7a camera \u0111\u1eb7c bi\u1ec7t n\u00e0y gi\u00fap iPhone 14 Pro Max \u0111em \u0111\u1ebfn c\u00e1c t\u00f9y ch\u1ecdn zoom \u0111a d\u1ea1ng nh\u01b0 0.5x, 1x, 2x v\u00e0 3x.<\/p>\n<p><img loading=\"lazy\" decoding=\"async\" class=\"size-full wp-image-2464 aligncenter\" src=\"http:\/\/fixmobile.vn\/wp-content\/uploads\/2024\/10\/ip-166.jpg\" alt=\"\" width=\"564\" height=\"317\" \/><\/p>\n<h3>Kh\u1ea3 n\u0103ng ch\u1ee5p \u1ea3nh thi\u1ebfu s\u00e1ng c\u1ef1c k\u1ef3 xu\u1ea5t s\u1eafc<\/h3>\n<p>C\u1ea3 ba camera c\u1ee7a iPhone 14 Pro Max \u0111\u1ec1u \u0111\u01b0\u1ee3c t\u1ed1i \u01b0u \u0111\u1ec3 n\u00e2ng cao kh\u1ea3 n\u0103ng ch\u1ee5p \u1ea3nh thi\u1ebfu s\u00e1ng so v\u1edbi\u00a0iPhone\u00a0c\u0169. C\u1ee5 th\u1ec3, camera Ultra Wide c\u00f3 th\u1ec3 ch\u1ee5p \u1ea3nh thi\u1ebfu s\u00e1ng t\u1ed1t h\u01a1n g\u1ea5p ba l\u1ea7n, trong khi camera ch\u00ednh v\u00e0 camera tele ch\u1ee5p thi\u1ebfu s\u00e1ng t\u1ed1t g\u1ea5p \u0111\u00f4i.<\/p>\n<p>S\u1ef1 gi\u00fap s\u1ee9c c\u1ee7a con chip A16 Bionic si\u00eau m\u1ea1nh g\u00f3p ph\u1ea7n n\u00e2ng cao ch\u1ea5t l\u01b0\u1ee3ng \u1ea3nh ch\u1ee5p nh\u1edd th\u1ef1c hi\u1ec7n t\u1edbi 4 ng\u00e0n t\u1ec9 t\u00e1c v\u1ee5 h\u1eadu k\u1ef3 tr\u01b0\u1edbc khi t\u1ea1o ra b\u1ee9c \u1ea3nh th\u00e0nh ph\u1ea9m cu\u1ed1i c\u00f9ng \u2013 m\u1ed9t con s\u1ed1 c\u1ef1c k\u1ef3 \u1ea5n t\u01b0\u1ee3ng.<\/p>\n<h3>Chip A16 Bionic v\u1edbi 16 t\u1ef7 b\u00f3ng b\u00e1n d\u1eabn<\/h3>\n<p>\u0110\u1ee9ng sau m\u1ecdi ho\u1ea1t \u0111\u1ed9ng c\u1ee7a iPhone 14 Pro Max l\u00e0 chip A16 Bionic. Con chip \u0111\u1ec9nh cao th\u1ebf h\u1ec7 m\u1edbi t\u1eadp h\u1ee3p t\u1edbi 16 t\u1ef7 b\u00f3ng b\u00e1n d\u1eabn, bao g\u1ed3m 6 l\u00f5i CPU v\u00e0 5 l\u00f5i GPU gi\u00fap s\u1ea3n ph\u1ea9m x\u1eed l\u00fd \u0111\u01b0\u1ee3c kh\u1ed1i l\u01b0\u1ee3ng th\u00f4ng tin kh\u1ed5ng l\u1ed3 m\u1ed9t c\u00e1ch chuy\u00ean nghi\u1ec7p. Ngo\u00e0i ra, A16 Bionic gi\u00fap thi\u1ebft b\u1ecb ti\u1ebft ki\u1ec7m pin t\u1ed1i \u0111a, th\u1ef1c hi\u1ec7n c\u00e1c t\u00e1c v\u1ee5 \u0111\u1ed3 h\u1ecda ph\u1ee9c t\u1ea1p \u0111\u1ec3 ch\u1ea1y m\u01b0\u1ee3t m\u1ecdi t\u1ef1a game.<\/p>\n<p>C\u00e1c l\u00f5i Neural Engine tr\u00ean A16 Bionic th\u1ef1c hi\u1ec7n 17 ngh\u00ecn t\u1ef7 ph\u00e9p t\u00ednh m\u1ed7i gi\u00e2y s\u1ebd ph\u00e2n t\u00edch t\u1eebng pixel trong \u1ea3nh v\u00e0 t\u1ed1i \u01b0u h\u00f3a nh\u1eb1m cho ra nh\u1eefng b\u1ee9c \u1ea3nh ch\u1ea5t l\u01b0\u1ee3ng nh\u1ea5t.<\/p>\n<p><img loading=\"lazy\" decoding=\"async\" class=\"size-full wp-image-2469 aligncenter\" src=\"http:\/\/fixmobile.vn\/wp-content\/uploads\/2024\/10\/ip_147.jpg\" alt=\"\" width=\"564\" height=\"317\" \/><\/p>\n<h3>Pin iPhone 14 Pro Max s\u1ebd khi\u1ebfn b\u1ea1n kinh ng\u1ea1c<\/h3>\n<p>iPhone 14 Pro Max s\u1ebd \u0111em \u0111\u1ebfn tr\u1ea3i nghi\u1ec7m pin khi\u1ebfn b\u1ea1n th\u1ef1c s\u1ef1 kinh ng\u1ea1c. Ch\u1ec9 v\u1edbi m\u1ed9t l\u1ea7n s\u1ea1c, th\u1ee7 l\u0129nh d\u00f2ng iPhone 14 c\u00f3 th\u1ec3 ph\u00e1t video li\u00ean t\u1ee5c trong 29 ti\u1ebfng kh\u00f4ng ngh\u1ec9. Ngo\u00e0i ra, c\u00f4ng ngh\u1ec7 s\u1ea1c kh\u00f4ng d\u00e2y \u0111\u00e3 \u0111\u01b0\u1ee3c n\u00e2ng c\u1ea5p \u0111\u1ec3 r\u00fat ng\u1eafn th\u1eddi gian ch<\/p>\n","protected":false},"excerpt":{"rendered":"<p>Iphone 14 Pro Max \u0110\u1ec9nh cao thi\u1ebft k\u1ebf sang tr\u1ecdng v\u00e0 b\u1ec1n b\u1ec9 R\u1ea5t kh\u00f3 \u0111\u1ec3 t\u00ecm ra chi\u1ebfc \u0111i\u1ec7n tho\u1ea1i n\u00e0o sang tr\u1ecdng\u00a0nh\u01b0 iPhone 14 Pro Max tr\u00ean th\u1ecb tr\u01b0\u1eddng. Th\u1eeba h\u01b0\u1edfng thi\u1ebft k\u1ebf v\u00e1t ph\u1eb3ng t\u1eeb th\u1ebf h\u1ec7 tr\u01b0\u1edbc, th\u1ee7 l\u0129nh iPhone 14 series kho\u00e1c l\u00ean b\u1ed9 khung v\u1ecf th\u00e9p, \u0111\u1ea7m tay v\u00e0&#8230;<\/p>\n","protected":false},"featured_media":2475,"comment_status":"open","ping_status":"closed","template":"","meta":{"rank_math_lock_modified_date":false},"product_cat":[15,383,387],"product_tag":[],"class_list":{"0":"post-2492","1":"product","2":"type-product","3":"status-publish","4":"has-post-thumbnail","6":"product_cat-dien-thoai","7":"product_cat-iphone","8":"product_cat-sua-iphone","10":"first","11":"instock","12":"shipping-taxable","13":"purchasable","14":"product-type-variable"},"_links":{"self":[{"href":"http:\/\/fixmobile.vn\/index.php?rest_route=\/wp\/v2\/product\/2492","targetHints":{"allow":["GET"]}}],"collection":[{"href":"http:\/\/fixmobile.vn\/index.php?rest_route=\/wp\/v2\/product"}],"about":[{"href":"http:\/\/fixmobile.vn\/index.php?rest_route=\/wp\/v2\/types\/product"}],"replies":[{"embeddable":true,"href":"http:\/\/fixmobile.vn\/index.php?rest_route=%2Fwp%2Fv2%2Fcomments&post=2492"}],"wp:featuredmedia":[{"embeddable":true,"href":"http:\/\/fixmobile.vn\/index.php?rest_route=\/wp\/v2\/media\/2475"}],"wp:attachment":[{"href":"http:\/\/fixmobile.vn\/index.php?rest_route=%2Fwp%2Fv2%2Fmedia&parent=2492"}],"wp:term":[{"taxonomy":"product_cat","embeddable":true,"href":"http:\/\/fixmobile.vn\/index.php?rest_route=%2Fwp%2Fv2%2Fproduct_cat&post=2492"},{"taxonomy":"product_tag","embeddable":true,"href":"http:\/\/fixmobile.vn\/index.php?rest_route=%2Fwp%2Fv2%2Fproduct_tag&post=2492"}],"curies":[{"name":"wp","href":"https:\/\/api.w.org\/{rel}","templated":true}]}}