{"id":1478,"date":"2024-08-16T04:02:26","date_gmt":"2024-08-15T21:02:26","guid":{"rendered":"http:\/\/localhost\/xtmobile\/?post_type=product&#038;p=1478"},"modified":"2025-11-09T08:53:08","modified_gmt":"2025-11-09T01:53:08","slug":"iphone-11-i-chinh-hang-vn-a","status":"publish","type":"product","link":"http:\/\/fixmobile.vn\/?product=iphone-11-i-chinh-hang-vn-a","title":{"rendered":"iPhone 11 I Ch\u00ednh h\u00e3ng VN\/A"},"content":{"rendered":"<h3><strong>Thi\u1ebft k\u1ebf cao c\u1ea5p, hi\u1ec7n \u0111\u1ea1i v\u00e0 t\u01b0\u01a1i tr\u1ebb<\/strong><\/h3>\n<p>Th\u1eadt d\u1ec5 d\u00e0ng \u0111\u1ec3 th\u1ec3 hi\u1ec7n c\u00e1 t\u00ednh ri\u00eang c\u1ee7a m\u00ecnh tr\u00ean iPhone 11 128GB. B\u1ea1n s\u1ebd c\u00f3 6 l\u1ef1a ch\u1ecdn m\u00e0u s\u1eafc T\u00edm, V\u00e0ng, Xanh l\u1ee5c, \u0110en, Tr\u1eafng v\u00e0 \u0110\u1ecf \u0111\u1ea7y phong c\u00e1ch. V\u1ebb \u0111\u1eb9p c\u1ee7a iPhone 11 \u0111\u1ebfn t\u1eeb thi\u1ebft k\u1ebf cao c\u1ea5p khi \u0111\u01b0\u1ee3c l\u00e0m t\u1eeb khung nh\u00f4m nguy\u00ean kh\u1ed1i v\u00e0 m\u1eb7t l\u01b0ng li\u1ec1n l\u1ea1c v\u1edbi m\u1ed9t t\u1ea5m k\u00ednh duy nh\u1ea5t. \u1ede m\u1eb7t tr\u01b0\u1edbc, b\u1ea1n s\u1ebd \u0111\u01b0\u1ee3c chi\u00eam ng\u01b0\u1ee1ng m\u00e0n h\u00ecnh Liquid Retina l\u1edbn 6,1 inch, m\u00e0u s\u1eafc v\u00f4 c\u00f9ng ch\u00e2n th\u1ef1c. Tr\u00ean tay b\u1ea1n l\u00e0 m\u1ed9t chi\u1ebfc\u00a0iPhone\u00a0v\u1eeba v\u1eb7n, cao c\u1ea5p v\u00e0 r\u1ea5t tr\u1ebb trung.<\/p>\n<p><img decoding=\"async\" src=\"https:\/\/cdn2.fptshop.com.vn\/unsafe\/564x0\/filters:quality(80)\/Uploads\/images\/2015\/Tin-Tuc\/QuanLNH2\/iphone-11-2.jpg\" alt=\"iPhone 11 m\u00e0u s\u1eafc \" \/><\/p>\n<h3><strong>\u0110\u1ed9 b\u1ec1n \u0111\u00e1ng kinh ng\u1ea1c<\/strong><\/h3>\n<p>D\u00f9 c\u00f3 thi\u1ebft k\u1ebf h\u1ea5p d\u1eabn nh\u01b0ng iPhone 11 128GB c\u0169ng \u0111\u01b0\u1ee3c \u0111\u00e1nh gi\u00e1 r\u1ea5t cao v\u1ec1 \u0111\u1ed9 b\u1ec1n. \u0110i\u1ec7n tho\u1ea1i s\u1eed d\u1ee5ng k\u00ednh c\u01b0\u1eddng l\u1ef1c c\u1ee9ng nh\u1ea5t trong th\u1ebf gi\u1edbi\u00a0smartphone\u00a0c\u00f9ng khung nh\u00f4m ch\u1eafc ch\u1eafn. N\u01b0\u1edbc c\u0169ng kh\u00f4ng ph\u1ea3i l\u00e0 v\u1ea5n \u0111\u1ec1 khi v\u1edbi kh\u1ea3 n\u0103ng\u00a0ch\u1ed1ng n\u01b0\u1edbc chu\u1ea9n IP68, cho ph\u00e9p b\u1ea1n ng\u00e2m iPhone 11 d\u01b0\u1edbi 2m trong v\u00f2ng 30 ph\u00fat, m\u00e1y v\u1eabn ho\u00e0n to\u00e0n s\u1ed1ng kh\u1ecfe d\u01b0\u1edbi n\u01b0\u1edbc. Ngo\u00e0i ra, t\u1ea5t c\u1ea3 v\u1eadt li\u1ec7u ch\u1ebf t\u1ea1o n\u00ean iPhone 11 \u0111\u1ec1u c\u00f3 kh\u1ea3 n\u0103ng t\u00e1i ch\u1ebf, c\u1ef1c k\u1ef3 th\u00e2n thi\u1ec7n v\u1edbi m\u00f4i tr\u01b0\u1eddng. Apple v\u1eabn lu\u00f4n nh\u01b0 v\u1eady, lu\u00f4n \u0111\u1ec1 cao t\u1ea5t c\u1ea3 c\u00e1c gi\u00e1 tr\u1ecb \u0111\u00edch th\u1ef1c trong cu\u1ed9c s\u1ed1ng.<\/p>\n<p><img decoding=\"async\" src=\"https:\/\/cdn2.fptshop.com.vn\/unsafe\/564x0\/filters:quality(80)\/Uploads\/images\/2015\/Tin-Tuc\/QuanLNH2\/iphone-11-9.jpg\" alt=\"iPhone 11 ch\u1ed1ng n\u01b0\u1edbc\" \/><\/p>\n<h3><strong>Hi\u1ec3n th\u1ecb c\u1ef1c ch\u1ea5t tr\u00ean m\u00e0n h\u00ecnh Liquid Retina<\/strong><\/h3>\n<p>D\u00f9 thi\u1ebft k\u1ebf nh\u1ecf g\u1ecdn nh\u01b0ng b\u1ea1n v\u1eabn c\u00f3 m\u00e0n h\u00ecnh l\u1edbn v\u1edbi k\u00edch th\u01b0\u1edbc 6,1 inch. C\u00f4ng ngh\u1ec7 m\u00e0n h\u00ecnh Liquid Retina c\u1ee7a iPhone 11 128GB mang c\u1ea3 th\u1ebf gi\u1edbi \u0111\u1ebfn tr\u01b0\u1edbc m\u1eaft b\u1ea1n khi m\u1ecdi th\u1ee9 \u0111\u1ec1u ch\u00e2n th\u1ef1c m\u1ed9t c\u00e1ch tuy\u1ec7t v\u1eddi. C\u00e2n b\u1eb1ng tr\u1eafng \u0111\u01b0\u1ee3c \u0111i\u1ec1u ch\u1ec9nh d\u1ef1a theo \u00e1nh s\u00e1ng xung quanh, \u0111\u1ec3 nhi\u1ec7t \u0111\u1ed9 m\u00e0u lu\u00f4n lu\u00f4n d\u1ec5 ch\u1ecbu. 3D Touch \u0111\u00e3 l\u00e0 qu\u00e1 kh\u1ee9, gi\u1edd \u0111\u00e2y c\u1ea3m \u1ee9ng x\u00fac gi\u00e1c Haptic Touch ho\u00e0n to\u00e0n m\u1edbi s\u1ebd gi\u00fap b\u1ea1n thao t\u00e1c nhanh v\u00e0 ti\u1ec7n l\u1ee3i h\u01a1n.<\/p>\n<p><img decoding=\"async\" src=\"https:\/\/cdn2.fptshop.com.vn\/unsafe\/564x0\/filters:quality(80)\/Uploads\/images\/2015\/Tin-Tuc\/QuanLNH2\/iphone-11-10.jpg\" alt=\"iPhone 11 liquid retina\" \/><\/p>\n<h3><strong>Camera k\u00e9p \u0111\u1eb3ng c\u1ea5p, ch\u1ee5p g\u00f3c r\u1ed9ng si\u00eau t\u01b0\u1edfng<\/strong><\/h3>\n<p>Tha h\u1ed3 ch\u1ee5p nh\u1eefng b\u1ee9c \u1ea3nh xu\u1ea5t s\u1eafc b\u1eb1ng camera g\u00f3c r\u1ed9ng v\u00e0 g\u00f3c si\u00eau r\u1ed9ng tr\u00ean iPhone 11 128GB. C\u1ea3m bi\u1ebfn camera g\u00f3c r\u1ed9ng 12MP c\u00f3 kh\u1ea3 n\u0103ng l\u1ea5y n\u00e9t t\u1ef1 \u0111\u1ed9ng nhanh g\u1ea5p 3 l\u1ea7n trong \u0111i\u1ec1u ki\u1ec7n thi\u1ebfu s\u00e1ng. B\u00ean c\u1ea1nh \u0111\u00f3 c\u1ea3m bi\u1ebfn g\u00f3c si\u00eau r\u1ed9ng cho kh\u1ea3 n\u0103ng ch\u1ee5p c\u1ea3nh r\u1ed9ng g\u1ea5p 4 l\u1ea7n, l\u00e0 ph\u01b0\u01a1ng ti\u1ec7n ghi h\u00ecnh tuy\u1ec7t v\u1eddi cho nh\u1eefng chuy\u1ebfn du l\u1ecbch, ch\u1ee5p h\u00ecnh nh\u00f3m. Ngo\u00e0i vi\u1ec7c ch\u1ee5p \u1ea3nh t\u1ed1t, iPhone c\u00f2n l\u00e0 thi\u1ebft b\u1ecb ch\u1ec9nh s\u1eeda r\u1ea5t d\u1ec5 d\u00e0ng v\u1edbi tr\u00ecnh ch\u1ec9nh s\u1eeda t\u00edch h\u1ee3p s\u1eb5n, \u0111\u1ec3 b\u1ea1n nhanh ch\u00f3ng ch\u1ec9nh h\u1eadu k\u1ef3 v\u00e0 chia s\u1ebb ngay tr\u00ean chi\u1ebfc iPhone 11 128GB.<\/p>\n<p><img decoding=\"async\" src=\"https:\/\/cdn2.fptshop.com.vn\/unsafe\/564x0\/filters:quality(80)\/Uploads\/images\/2015\/Tin-Tuc\/QuanLNH2\/iphone-11-3.jpg\" alt=\"iPhone 11 camera k\u00e9p\" \/><\/p>\n<h3><strong>Quay video 4K 60fps c\u1ef1c ch\u1ea5t<\/strong><\/h3>\n<p>Kh\u1ea3 n\u0103ng quay video \u0111\u01b0\u1ee3c n\u00e2ng t\u1ea7m r\u00f5 r\u1ec7t tr\u00ean iPhone 11 128GB. Gi\u1edd \u0111\u00e2y b\u1ea1n \u0111\u00e3 c\u00f3 th\u1ec3 quay \u0111\u01b0\u1ee3c nh\u1eefng \u0111o\u1ea1n phim \u0111\u1ed9 ph\u00e2n gi\u1ea3i 4K 60fps si\u00eau s\u1eafc n\u00e9t. Camera g\u00f3c si\u00eau r\u1ed9ng mang \u0111\u1ebfn nhi\u1ec1u khung c\u1ea3nh h\u01a1n, \u0111\u1ed3ng th\u1eddi kh\u1ea3 n\u0103ng quay chuy\u1ec3n \u0111\u1ed9ng c\u1ef1c \u1ea5n t\u01b0\u1ee3ng s\u1ebd t\u1ea1o n\u00ean nh\u1eefng th\u01b0\u1edbc phim ho\u00e0n h\u1ea3o. Ngo\u00e0i ra b\u1ea1n c\u00f2n c\u00f3 th\u1ec3 t\u1eadp trung thu \u00e2m v\u00e0o m\u1ed9t ch\u1ee7 th\u1ec3 khi quay video b\u1eb1ng c\u00e1ch ph\u00f3ng to, zoom h\u00ecnh \u1ea3nh \u2013 \u0111\u1ed3ng th\u1eddi zoom \u00e2m thanh h\u1ebft s\u1ee9c th\u00fa v\u1ecb. C\u0169ng gi\u1ed1ng nh\u01b0 ch\u1ee5p \u1ea3nh, sau khi ho\u00e0n th\u00e0nh \u0111o\u1ea1n phim b\u1ea1n c\u00f3 th\u1ec3 ch\u1ec9nh s\u1eeda v\u00e0 xu\u1ea5t b\u1ea3n ngay tr\u00ean iPhone 11 v\u1edbi nh\u1eefng c\u00f4ng c\u1ee5 chuy\u00ean nghi\u1ec7p, d\u1ec5 d\u00e0ng s\u1eed d\u1ee5ng.<\/p>\n<p><img decoding=\"async\" src=\"https:\/\/cdn2.fptshop.com.vn\/unsafe\/564x0\/filters:quality(80)\/Uploads\/images\/2015\/Tin-Tuc\/QuanLNH2\/iphone-11-4.jpg\" alt=\"video iPhone 11\" \/><\/p>\n<h3><strong>Ch\u1ebf \u0111\u1ed9 chuy\u00ean d\u1ee5ng cho ch\u1ee5p \u0111\u00eam<\/strong><\/h3>\n<p>iPhone 11 c\u00f3 kh\u1ea3 n\u0103ng ch\u1ee5p \u1ea3nh thi\u1ebfu s\u00e1ng \u1ea5n t\u01b0\u1ee3ng h\u01a1n bao gi\u1edd h\u1ebft. V\u1edbi ch\u1ebf \u0111\u1ed9 ch\u1ee5p \u0111\u00eam chuy\u00ean d\u1ee5ng Night Mode ho\u00e0n to\u00e0n m\u1edbi, m\u00e1y \u1ea3nh s\u1ebd nh\u00ecn th\u1ea5y r\u00f5 r\u00e0ng t\u1eebng chi ti\u1ebft trong \u0111\u00eam t\u1ed1i. Kh\u00f4ng c\u1ea7n ph\u1ea3i b\u1eadt \u0111\u00e8n flash, h\u00ecnh \u1ea3nh v\u1eabn tr\u1edf n\u00ean s\u1ed1ng \u0111\u1ed9ng nh\u1edd \u00e1nh s\u00e1ng t\u1ef1 nhi\u00ean, m\u00e0u s\u1eafc ch\u00ednh x\u00e1c v\u00e0 ch\u1ea5t \u1ea3nh s\u00e1ng r\u00f5.<\/p>\n<p><img decoding=\"async\" src=\"https:\/\/cdn2.fptshop.com.vn\/unsafe\/564x0\/filters:quality(80)\/Uploads\/images\/2015\/Tin-Tuc\/QuanLNH2\/iphone-11-5.jpg\" alt=\"iPhone 11 night mode\" \/><\/p>\n<h3><strong>N\u00e2ng t\u1ea7m ch\u1ee5p \u1ea3nh x\u00f3a ph\u00f4ng<\/strong><\/h3>\n<p>V\u1edbi c\u01a1 ch\u1ebf x\u00f3a ph\u00f4ng v\u00e0 \u00e1nh s\u00e1ng m\u1edbi, gi\u1edd \u0111\u00e2y b\u1ea1n c\u00f3 th\u1ec3 ch\u1ee5p \u1ea3nh x\u00f3a ph\u00f4ng \u201c\u1ea3o di\u1ec7u\u201d h\u01a1n b\u1eb1ng iPhone 11 128GB. Hi\u1ec7u \u1ee9ng x\u00f3a ph\u00f4ng c\u00f3 th\u1ec3 \u00e1p d\u1ee5ng ngay c\u1ea3 khi b\u1ea1n ch\u1ee5p c\u00f9ng ng\u01b0\u1eddi b\u1ea1n th\u00e2n. C\u1ea3 tr\u01b0\u1edbc v\u00e0 sau khi ch\u1ee5p ch\u00fang ta \u0111\u1ec1u c\u00f3 th\u1ec3 th\u00eam hi\u1ec7u \u1ee9ng \u00e1nh s\u00e1ng Studio; thay \u0111\u1ed5i \u0111\u1ed9 m\u1edd ph\u00f4ng n\u1ec1n. C\u00e1c b\u1ee9c \u1ea3nh x\u00f3a ph\u00f4ng s\u1ebd c\u00f3 \u0111\u1ed9 l\u00e0m m\u1edd tuy\u1ec7t h\u1ea3o, ph\u00e2n t\u00e1ch ch\u1ee7 th\u1ec3 ch\u00ednh x\u00e1c v\u00e0 \u00e1nh s\u00e1ng \u0111\u1eb9p m\u1eaft.<\/p>\n<p>&nbsp;<\/p>\n<h3><strong>Ch\u1ea5t \u1ea3nh c\u00f3 h\u1ed3n h\u01a1n nh\u1edd t\u00ednh n\u0103ng Smart HDR<\/strong><\/h3>\n<p>HDR lu\u00f4n l\u00e0 t\u00ednh n\u0103ng r\u1ea5t quan tr\u1ecdng trong nhi\u1ebfp \u1ea3nh. Nh\u1edd tr\u00ed tu\u1ec7 nh\u00e2n t\u1ea1o Machine Learning, t\u00ednh n\u0103ng Smart HDR tr\u00ean camera iPhone 11 th\u00f4ng minh h\u01a1n bao gi\u1edd h\u1ebft. Camera s\u1ebd t\u1ef1 \u0111\u1ed9ng nh\u1eadn di\u1ec7n ng\u01b0\u1eddi v\u00e0 c\u1ea3nh, sau \u0111\u00f3 \u0111\u01b0a ra c\u00e1c tinh ch\u1ec9nh ri\u00eang bi\u1ec7t. Trong c\u00f9ng m\u1ed9t b\u1ee9c \u1ea3nh, khu\u00f4n m\u1eb7t s\u1ebd c\u00f3 \u0111i\u1ec3m nh\u1ea5n \u0111\u1eb9p h\u01a1n, t\u00f4ng m\u00e0u da t\u1ef1 nhi\u00ean \u2013 trong khi \u0111\u00f3 ph\u1ea7n khung c\u1ea3nh n\u1ec1n ho\u00e0ng h\u00f4n v\u1eabn tuy\u1ec7t \u0111\u1eb9p theo m\u1ed9t c\u00e1ch kh\u00e1c. Smart HDR s\u1ebd gi\u00fap \u0111i\u1ec7n tho\u1ea1i x\u1eed l\u00fd b\u1ee9c \u1ea3nh xu\u1ea5t s\u1eafc, \u0111\u1eb7c bi\u1ec7t l\u00e0 trong \u0111i\u1ec1u ki\u1ec7n \u00e1nh s\u00e1ng ph\u1ee9c t\u1ea1p.<\/p>\n<p><img decoding=\"async\" src=\"https:\/\/cdn2.fptshop.com.vn\/unsafe\/564x0\/filters:quality(80)\/Uploads\/images\/2015\/Tin-Tuc\/QuanLNH2\/iphone-11-7.jpg\" alt=\"iPhone 11 smart HDR\" \/><\/p>\n<h3><strong>\u1ea2nh selfie ch\u1ea5t l\u01b0\u1ee3ng ch\u01b0a t\u1eebng th\u1ea5y b\u1eb1ng camera tr\u01b0\u1edbc 12MP<\/strong><\/h3>\n<p>\u0110\u1ed9 ph\u00e2n gi\u1ea3i camera tr\u01b0\u1edbc c\u1ee7a iPhone 11 128GB gi\u1edd \u0111\u00e2y \u0111\u00e3 \u0111\u01b0\u1ee3c n\u00e2ng l\u00ean 12MP, mang \u0111\u1ebfn nh\u1eefng b\u1ee9c \u1ea3nh selfie s\u1eafc n\u00e9t v\u00e0 ch\u1ea5t l\u01b0\u1ee3ng cao h\u01a1n. Apple c\u00f2n \u0111\u01b0a ra m\u1ed9t kh\u00e1i ni\u1ec7m m\u1edbi mang t\u00ean slofie \u2013 quay m\u1ed9t \u0111o\u1ea1n video chuy\u1ec3n \u0111\u1ed9ng si\u00eau ch\u1eadm 120 fps b\u1eb1ng ch\u00ednh camera tr\u01b0\u1edbc. L\u01b0u gi\u1eef nh\u1eefng kho\u1ea3nh kh\u1eafc th\u00fa v\u1ecb theo c\u00e1ch c\u1ee7a ri\u00eang b\u1ea1n.<\/p>\n<p>&nbsp;<\/p>\n<h3><strong>Apple A13 Bionic, b\u1ed9 vi x\u1eed l\u00fd m\u1ea1nh nh\u1ea5t th\u1ebf gi\u1edbi smartphone<\/strong><\/h3>\n<p>iPhone 11 128GB s\u1edf h\u1eefu b\u1ed9 vi x\u1eed l\u00fd m\u1ea1nh nh\u1ea5t th\u1ebf gi\u1edbi smartphone hi\u1ec7n t\u1ea1i. Apple A13 Bionic mang \u0111\u1ebfn hi\u1ec7u n\u0103ng \u0111\u1eb3ng c\u1ea5p kh\u00e1c bi\u1ec7t, m\u1ecdi th\u1ee9 \u0111\u1ec1u di\u1ec5n ra nhanh ch\u00f3ng, m\u01b0\u1ee3t m\u00e0 m\u1ed9t c\u00e1ch ho\u00e0n h\u1ea3o. K\u1ec3 c\u1ea3 nh\u1eefng t\u1ef1a game n\u1eb7ng nh\u1ea5t, c\u00f3 \u0111\u1ed3 h\u1ecda ch\u00e2n th\u1ef1c \u0111\u1ebfn kh\u00f3 tin v\u1eabn \u0111\u01b0\u1ee3c th\u1ec3 hi\u1ec7n c\u1ef1c \u0111\u1ec9nh tr\u00ean iPhone 11. iPhone 11 128 GB \u0111\u1ea3m b\u1ea3o hi\u1ec7u n\u0103ng \u0111\u1ec3 b\u1ea1n c\u00f3 th\u1ec3 d\u00f9ng t\u1ed1t v\u00e0 \u1ed5n \u0111\u1ecbnh trong th\u1eddi gian d\u00e0i.<\/p>\n<p><img decoding=\"async\" src=\"https:\/\/cdn2.fptshop.com.vn\/unsafe\/564x0\/filters:quality(80)\/Uploads\/images\/2015\/Tin-Tuc\/QuanLNH2\/iphone-11-11.jpg\" alt=\"iPhone 11 chip\" \/><\/p>\n<h3><strong>Face ID nhanh ch\u00f3ng v\u00e0 ti\u1ec7n l\u1ee3i h\u01a1n c\u1ea3 Touch ID<\/strong><\/h3>\n<p>Tr\u00ean iPhone 11 128GB, nh\u1eadn di\u1ec7n khu\u00f4n m\u1eb7t Face ID \u0111\u01b0\u1ee3c c\u1ea3i ti\u1ebfn cho ph\u00e9p b\u1ea1n m\u1edf kh\u00f3a iPhone nhanh ch\u00f3ng v\u00e0 d\u1ec5 d\u00e0ng h\u01a1n bao gi\u1edd h\u1ebft. Th\u1eadm ch\u00ed Face ID c\u00f2n ti\u1ec7n l\u1ee3i v\u00e0 b\u1ea3o m\u1eadt h\u01a1n c\u1ea3 ph\u01b0\u01a1ng th\u1ee9c truy\u1ec1n th\u1ed1ng l\u00e0 c\u1ea3m bi\u1ebfn v\u00e2n tay Touch ID. B\u1ea1n c\u00f3 th\u1ec3 d\u00f9ng Face ID \u0111\u1ec3 \u0111\u0103ng nh\u1eadp v\u00e0o \u1ee9ng d\u1ee5ng, t\u00e0i kho\u1ea3n, ng\u00e2n h\u00e0ng v\u00e0 thanh to\u00e1n v\u1edbi Apple Pay. Apple \u0111\u1ea3m b\u1ea3o t\u1ea5t c\u1ea3 th\u00f4ng tin c\u1ee7a b\u1ea1n \u0111\u1ec1u \u0111\u01b0\u1ee3c m\u00e3 h\u00f3a v\u00e0 b\u1ea3o m\u1eadt tuy\u1ec7t \u0111\u1ed1i, kh\u00f4ng \u0111\u01b0\u1ee3c l\u01b0u tr\u1eef tr\u00ean b\u1ea5t k\u1ef3 kho d\u1eef li\u1ec7u \u0111i\u1ec7n to\u00e1n \u0111\u00e1m m\u00e2y n\u00e0o.<\/p>\n<p><img decoding=\"async\" src=\"https:\/\/cdn2.fptshop.com.vn\/unsafe\/564x0\/filters:quality(80)\/Uploads\/images\/2015\/Tin-Tuc\/QuanLNH2\/iphone-11-13.jpg\" alt=\"iPhone 11 khu\u00f4n m\u1eb7t\" \/><\/p>\n<h3><strong>T\u0103ng c\u01b0\u1eddng th\u1eddi l\u01b0\u1ee3ng pin<\/strong><\/h3>\n<p>Th\u1eddi l\u01b0\u1ee3ng pin c\u1ee7a iPhone 11 t\u1ed1t h\u01a1n h\u1eb3n so v\u1edbi c\u00e1c th\u1ebf h\u1ec7 iPhone tr\u01b0\u1edbc \u0111\u00e2y, cho ph\u00e9p b\u1ea1n s\u1eed d\u1ee5ng tho\u1ea3i m\u00e1i trong c\u1ea3 ng\u00e0y d\u00e0i. \u0110\u00e2y l\u00e0 k\u1ebft qu\u1ea3 c\u1ee7a s\u1ef1 t\u01b0\u01a1ng th\u00edch tuy\u1ec7t \u0111\u1ed1i gi\u1eefa ph\u1ea7n c\u1ee9ng v\u00e0 ph\u1ea7n m\u1ec1m. H\u01a1n n\u1eefa, iPhone 11 128GB c\u00f2n h\u1ed7 tr\u1ee3 t\u00ednh n\u0103ng s\u1ea1c nhanh, ch\u1ec9 c\u1ea7n 30 ph\u00fat cho 50% pin, \u0111\u1ec3 b\u1ea1n lu\u00f4n s\u1eb5n s\u00e0ng trong c\u1ea3 ng\u00e0y d\u00e0i.<\/p>\n<p>&nbsp;<\/p>\n","protected":false},"excerpt":{"rendered":"<p>Thi\u1ebft k\u1ebf cao c\u1ea5p, hi\u1ec7n \u0111\u1ea1i v\u00e0 t\u01b0\u01a1i tr\u1ebb Th\u1eadt d\u1ec5 d\u00e0ng \u0111\u1ec3 th\u1ec3 hi\u1ec7n c\u00e1 t\u00ednh ri\u00eang c\u1ee7a m\u00ecnh tr\u00ean iPhone 11 128GB. B\u1ea1n s\u1ebd c\u00f3 6 l\u1ef1a ch\u1ecdn m\u00e0u s\u1eafc T\u00edm, V\u00e0ng, Xanh l\u1ee5c, \u0110en, Tr\u1eafng v\u00e0 \u0110\u1ecf \u0111\u1ea7y phong c\u00e1ch. V\u1ebb \u0111\u1eb9p c\u1ee7a iPhone 11 \u0111\u1ebfn t\u1eeb thi\u1ebft k\u1ebf cao c\u1ea5p khi&#8230;<\/p>\n","protected":false},"featured_media":1504,"comment_status":"open","ping_status":"closed","template":"","meta":{"rank_math_lock_modified_date":false},"product_cat":[15,393,383,387],"product_tag":[],"class_list":{"0":"post-1478","1":"product","2":"type-product","3":"status-publish","4":"has-post-thumbnail","6":"product_cat-dien-thoai","7":"product_cat-hot-sale","8":"product_cat-iphone","9":"product_cat-sua-iphone","11":"first","12":"instock","13":"sale","14":"shipping-taxable","15":"purchasable","16":"product-type-variable","17":"has-default-attributes"},"_links":{"self":[{"href":"http:\/\/fixmobile.vn\/index.php?rest_route=\/wp\/v2\/product\/1478","targetHints":{"allow":["GET"]}}],"collection":[{"href":"http:\/\/fixmobile.vn\/index.php?rest_route=\/wp\/v2\/product"}],"about":[{"href":"http:\/\/fixmobile.vn\/index.php?rest_route=\/wp\/v2\/types\/product"}],"replies":[{"embeddable":true,"href":"http:\/\/fixmobile.vn\/index.php?rest_route=%2Fwp%2Fv2%2Fcomments&post=1478"}],"wp:featuredmedia":[{"embeddable":true,"href":"http:\/\/fixmobile.vn\/index.php?rest_route=\/wp\/v2\/media\/1504"}],"wp:attachment":[{"href":"http:\/\/fixmobile.vn\/index.php?rest_route=%2Fwp%2Fv2%2Fmedia&parent=1478"}],"wp:term":[{"taxonomy":"product_cat","embeddable":true,"href":"http:\/\/fixmobile.vn\/index.php?rest_route=%2Fwp%2Fv2%2Fproduct_cat&post=1478"},{"taxonomy":"product_tag","embeddable":true,"href":"http:\/\/fixmobile.vn\/index.php?rest_route=%2Fwp%2Fv2%2Fproduct_tag&post=1478"}],"curies":[{"name":"wp","href":"https:\/\/api.w.org\/{rel}","templated":true}]}}