{"id":2105,"date":"2022-04-26T09:38:40","date_gmt":"2022-04-26T02:38:40","guid":{"rendered":"http:\/\/cellphones.maugiaodien.com\/?page_id=2105"},"modified":"2024-08-22T22:39:07","modified_gmt":"2024-08-22T15:39:07","slug":"dia-chi-cua-hang","status":"publish","type":"page","link":"http:\/\/fixmobile.vn\/?page_id=2105","title":{"rendered":"\u0110\u1ecba ch\u1ec9 c\u1eeda h\u00e0ng"},"content":{"rendered":"<div class=\"row\"  id=\"row-1624546580\">\n\n\t<div id=\"col-961858391\" class=\"col medium-8 small-12 large-8\"  >\n\t\t\t\t<div class=\"col-inner\"  >\n\t\t\t\n\t\t\t\n\t<div class=\"img has-hover x md-x lg-x y md-y lg-y\" id=\"image_1031972139\">\n\t\t\t\t\t\t\t\t<div class=\"img-inner dark\" >\n\t\t\t<img loading=\"lazy\" decoding=\"async\" width=\"800\" height=\"404\" src=\"http:\/\/fixmobile.vn\/wp-content\/uploads\/2022\/04\/banner_dcch.png\" class=\"attachment-large size-large\" alt=\"\" \/>\t\t\t\t\t\t\n\t\t\t\t\t<\/div>\n\t\t\t\t\t\t\t\t\n<style>\n#image_1031972139 {\n  width: 100%;\n}\n<\/style>\n\t<\/div>\n\t\n<h3 style=\"text-align: center;\">TI\u1ec6N \u00cdCH T\u1ea0I H\u1ec6 TH\u1ed0NG C\u1eecA H\u00c0NG FIXMOBILE<\/h3>\n<p><strong>FixMobile<\/strong> lu\u00f4n n\u1ed7 l\u1ef1c <strong>\u201cT\u1eadn t\u00e2m v\u1edbi kh\u00e1ch h\u00e0ng\u201c<\/strong>\u00a0mang \u0111\u1ebfn d\u1ecbch v\u1ee5 v\u00e0 tr\u1ea3i nghi\u1ec7m t\u1ed1t nh\u1ea5t:<\/p>\n<ul>\n<li>\n<div class=\"col-md-12 col-xs-12\">\n<p><strong>FixMobile l\u00e0 h\u1ec7 th\u1ed1ng b\u00e1n l\u1ebb u\u1ef7 quy\u1ec1n ch\u00ednh h\u00e3ng c\u1ee7a Apple Vi\u1ec7t Nam (AAR &#8211; Apple Authorized Reseller).<\/strong><\/p>\n<p><strong>\u0110i\u1ec7n Tho\u1ea1i Vui ASP\u00a0l\u00e0 h\u1ec7 th\u1ed1ng b\u1ea3o h\u00e0nh ch\u00ednh h\u00e3ng u\u1ef7 quy\u1ec1n c\u1ee7a Apple t\u1ea1i Vi\u1ec7t Nam<\/strong><\/p>\n<\/div>\n<\/li>\n<li>\n<div class=\"col-md-12 col-xs-12\">\n<p>Nh\u00e2n vi\u00ean nhi\u1ec7t t\u00ecnh, th\u00e2n thi\u1ec7n, g\u1eedi xe &amp; Wifi mi\u1ec5n ph\u00ed<\/p>\n<\/div>\n<\/li>\n<li>\n<div class=\"col-md-12 col-xs-12\">\n<p>Tr\u1ea3i nghi\u1ec7m tr\u1ef1c ti\u1ebfp, v\u00e0 d\u00f9ng th\u1eed s\u1ea3n ph\u1ea9m mi\u1ec5n ph\u00ed<\/p>\n<\/div>\n<\/li>\n<li>\n<div class=\"col-md-12 col-xs-12\">\n<p>Gi\u00e1 b\u00e1n, khuy\u1ebfn m\u00e3i lu\u00f4n t\u1ed1t nh\u1ea5t th\u1ecb tr\u01b0\u1eddng<\/p>\n<\/div>\n<\/li>\n<li>\n<div class=\"col-md-12 col-xs-12\">\n<p>D\u1ecbch v\u1ee5 b\u00e1n h\u00e0ng doanh nghi\u1ec7p\u00a0: gi\u00e1 t\u1ed1t nh\u1ea5t &#8211; c\u00f3 hoa h\u1ed3ng<\/p>\n<\/div>\n<\/li>\n<li>\n<div class=\"col-md-12 col-xs-12\">\n<p>B\u1ea3o h\u00e0nh ch\u00ednh h\u00e3ng, \u0111\u1ed5i m\u1edbi mi\u1ec5n ph\u00ed 1 th\u00e1ng<\/p>\n<\/div>\n<\/li>\n<li>\n<div class=\"col-md-12 col-xs-12\">\n<p>Thu c\u0169 \u0111\u1ed5i m\u1edbi s\u1ea3n ph\u1ea9m tr\u1ee3 gi\u00e1 t\u1ed1t nh\u1ea5t<\/p>\n<\/div>\n<\/li>\n<li>\n<div class=\"col-md-12 col-xs-12\">\n<p>Ti\u1ebfp nh\u1eadn b\u1ea3o h\u00e0nh ch\u00ednh h\u00e3ng &amp; s\u1eeda ch\u1eefa \u0111i\u1ec7n tho\u1ea1i &#8211; laptop t\u1ea1i h\u1ec7 th\u1ed1ng\u00a0<strong>\u0110i\u1ec7n Tho\u1ea1i Vui<\/strong><\/p>\n<\/div>\n<\/li>\n<li>\n<div class=\"col-md-12 col-xs-12\">\n<p>Mi\u1ec5n ph\u00ed c\u00e0 th\u1ebb (ngo\u1ea1i tr\u1eeb AMEX, UnionPay &amp; JCB)<\/p>\n<\/div>\n<\/li>\n<li>\n<div class=\"col-md-12 col-xs-12\">\n<p>Tr\u1ea3 g\u00f3p t\u1eeb 0% qua th\u1ebb t\u00edn d\u1ee5ng qu\u1ed1c t\u1ebf v\u1edbi tr\u00ean 20 ng\u00e2n h\u00e0ng &amp; c\u00f4ng ty t\u00e0i ch\u00ednh: Home Credit, Fe Credit, HD Saison, Mirae Asset<\/p>\n<\/div>\n<\/li>\n<li>\n<div class=\"col-md-12 col-xs-12\">\n<p>Nhi\u1ec1u \u01b0u \u0111\u00e3i thanh to\u00e1n t\u1eeb VnpayQR, Momo, Mpos&#8230; v\u00e0 c\u00e1c ng\u00e2n h\u00e0ng BIDV, Shinhan, Vietcombank&#8230;<\/p>\n<\/div>\n<\/li>\n<li>\n<div class=\"col-md-12 col-xs-12\">\n<p>Thanh to\u00e1n h\u00f3a \u0111\u01a1n tr\u1ea3 g\u00f3p, \u0111i\u1ec7n, n\u01b0\u1edbc, internet (<strong>thanh to\u00e1n b\u1eb1ng ti\u1ec1n m\u1eb7t ho\u1eb7c c\u00e0 th\u1ebb ATM<\/strong>)<\/p>\n<\/div>\n<\/li>\n<li>\n<div class=\"col-md-12 col-xs-12\">\n<p>N\u1ea1p ti\u1ec1n \u0111i\u1ec7n tho\u1ea1i ti\u1ebft ki\u1ec7m t\u1edbi 5%<\/p>\n<\/div>\n<\/li>\n<li>Giao h\u00e0ng mi\u1ec5n ph\u00ed, thanh to\u00e1n t\u1ea1i nh\u00e0 tr\u00ean To\u00e0n qu\u1ed1c<\/li>\n<\/ul>\n\t\t<\/div>\n\t\t\t\t\t<\/div>\n\n\t\n\n\t<div id=\"col-731746969\" class=\"col medium-4 small-12 large-4\"  >\n\t\t\t\t<div class=\"col-inner box-shadow-1 box-shadow-1-hover\"  >\n\t\t\t\n\t\t\t\n\t<div id=\"text-3656727692\" class=\"text\">\n\t\t\n<h3 style=\"text-align: left;\"><strong>C\u00e1c c\u01a1 s\u1edf ho\u1ea1t \u0111\u1ed9ng :<\/strong><\/h3>\n<div style=\"text-align: left;\">\ud83c\udfe0FixMobile : s\u1ed1 7 Ng\u00f5 470 \u0111\u01b0\u1eddng L\u00e1ng &#8211; L\u00e1ng H\u1ea1 &#8211; \u0110\u1ed1ng \u0110a &#8211; H\u00e0 N\u1ed9i<\/div>\n<div style=\"text-align: left;\">\u00a0<\/div>\n<div style=\"text-align: left;\">\u260e Hotline: <a href=\"tel:0971188336\">0971188336<\/a>\u00a0<\/div>\n<div style=\"text-align: left;\">Google Map : <a href=\"https:\/\/goo.gl\/maps\/nZMrx8wG6pXwpsqZ8\" target=\"_blank\" rel=\"noopener\">https:\/\/goo.gl\/maps\/nZMrx8wG6pXwpsqZ8<\/a><\/div>\n<div style=\"text-align: left;\">Website: <a href=\"http:\/\/www.fixmobile.vn\">www.fixmobile.vn<\/a><\/div>\n<div style=\"text-align: left;\">\u00a0<\/div>\n<div style=\"text-align: left;\">\ud83c\udfe0 Japan Shop : Ph\u1ed1 kh\u00e1m &#8211; TX Thu\u1eadn Th\u00e0nh &#8211; T\u1ec9nh B\u1eafc Ninh ( \u0110\u1ed1i Di\u1ec7n B\u1ec7nh Vi\u1ec7n Thu\u1eadn Th\u00e0nh )<\/div>\n<div style=\"text-align: left;\">\u00a0<\/div>\n<div style=\"text-align: left;\">\u260e Hotline : <a href=\"tel:0901733383\">0901733383\u00a0<\/a><\/div>\n<div style=\"text-align: left;\">\u00a0<\/div>\n<div style=\"text-align: left;\">Google Map : <a href=\"https:\/\/goo.gl\/maps\/LrWAntpUkhUPsubZ9\" target=\"_blank\" rel=\"noopener\">https:\/\/goo.gl\/maps\/LrWAntpUkhUPsubZ9<\/a><\/div>\n<div style=\"text-align: left;\">\u00a0<\/div>\n<div style=\"text-align: left;\">\ud83c\udfe0 Japan Shop : LK8-287 K\u0110T \u0110\u1ee9c Vi\u1ec7t &#8211; TX Thu\u1eadn Th\u00e0nh &#8211; T\u1ec9nh B\u1eafc Ninh<\/div>\n<div style=\"text-align: left;\">( \u0110\u1ed1i Di\u1ec7n C\u00e2y X\u0103ng Tam \u00c1 )<\/div>\n<div style=\"text-align: left;\">\u00a0<\/div>\n<div style=\"text-align: left;\">\u260e Hotline : <a href=\"tel:0823168886\">0823168886<\/a><\/div>\n<div style=\"text-align: left;\">Google Map : <a href=\"https:\/\/maps.app.goo.gl\/V4Fh9BpbKSkXUy8U7?g_st=com.google.maps.preview.copy\" target=\"_blank\" rel=\"noopener\">https:\/\/maps.app.goo.gl\/V4Fh9BpbKSkXUy8U7?g_st=com.google.maps.preview.copy<\/a><\/div>\n\t\t\n<style>\n#text-3656727692 {\n  text-align: center;\n}\n<\/style>\n\t<\/div>\n\t\n\t\t<\/div>\n\t\t\t\t\n<style>\n#col-731746969 > .col-inner {\n  padding: 15px 10px 10px 10px;\n  border-radius: 10px;\n}\n<\/style>\n\t<\/div>\n\n\t\n<\/div>\n","protected":false},"excerpt":{"rendered":"","protected":false},"author":2,"featured_media":0,"parent":0,"menu_order":0,"comment_status":"closed","ping_status":"closed","template":"","meta":{"rank_math_lock_modified_date":false,"footnotes":""},"class_list":["post-2105","page","type-page","status-publish","hentry"],"_links":{"self":[{"href":"http:\/\/fixmobile.vn\/index.php?rest_route=\/wp\/v2\/pages\/2105","targetHints":{"allow":["GET"]}}],"collection":[{"href":"http:\/\/fixmobile.vn\/index.php?rest_route=\/wp\/v2\/pages"}],"about":[{"href":"http:\/\/fixmobile.vn\/index.php?rest_route=\/wp\/v2\/types\/page"}],"author":[{"embeddable":true,"href":"http:\/\/fixmobile.vn\/index.php?rest_route=\/wp\/v2\/users\/2"}],"replies":[{"embeddable":true,"href":"http:\/\/fixmobile.vn\/index.php?rest_route=%2Fwp%2Fv2%2Fcomments&post=2105"}],"version-history":[{"count":8,"href":"http:\/\/fixmobile.vn\/index.php?rest_route=\/wp\/v2\/pages\/2105\/revisions"}],"predecessor-version":[{"id":2235,"href":"http:\/\/fixmobile.vn\/index.php?rest_route=\/wp\/v2\/pages\/2105\/revisions\/2235"}],"wp:attachment":[{"href":"http:\/\/fixmobile.vn\/index.php?rest_route=%2Fwp%2Fv2%2Fmedia&parent=2105"}],"curies":[{"name":"wp","href":"https:\/\/api.w.org\/{rel}","templated":true}]}}